{"id":2826,"date":"2021-10-13T18:34:38","date_gmt":"2021-10-13T16:34:38","guid":{"rendered":"https:\/\/antcube.shop\/produkt\/schaumstoffwischer-150x18x25mm-5er-pack\/"},"modified":"2026-04-15T17:09:38","modified_gmt":"2026-04-15T15:09:38","slug":"schaumstoffwischer-150x18x25mm-5er-pack","status":"publish","type":"product","link":"https:\/\/antcube.shop\/hu\/termek\/schaumstoffwischer-150x18x25mm-5er-pack\/","title":{"rendered":"Habt\u00f6rl\u0151 150x18x2,5mm - 5 darabos csomagban"},"content":{"rendered":"<p><strong>M\u00e9retek:<\/strong> 150mm hossz\u00fa, habszivacs fej 40x40x20mm.<\/p>\n<p><strong>Mennyis\u00e9g:<\/strong> 5 db.<\/p>\n<p><strong>Anyag:<\/strong> hab, PS<\/p>\n<p><strong>Le\u00edr\u00e1s:<\/strong><br \/>\nHabt\u00f6rl\u0151 sz\u00f6gletes fejjel k\u00fcl\u00f6nb\u00f6z\u0151 alkalmaz\u00e1sokhoz.<br \/>\nP\u00e9ld\u00e1k:<br \/>\n1.) ablakok tiszt\u00edt\u00e1sa.<\/p>\n<p>2.) Mint m\u00e9zszivacs<\/p>\n<p>3.) Iv\u00f3v\u00e1ly\u00fak\u00e9nt, mivel vizet sz\u00edv.<\/p>\n<p>4.) a kit\u00f6r\u00e9sg\u00e1tl\u00f3 olaj felvitele<\/p>\n<p>&nbsp;<\/p>","protected":false},"excerpt":{"rendered":"<p>M\u00e9retek: 40x40x20mm. Mennyis\u00e9g: Mennyis\u00e9g: 5 db. Anyag: hab, PS: Habt\u00f6rl\u0151 sz\u00f6gletes fejjel k\u00fcl\u00f6nb\u00f6z\u0151 alkalmaz\u00e1sokhoz. P\u00e9ld\u00e1k: 1.) ablakok tiszt\u00edt\u00e1s\u00e1ra. 2.) M\u00e9zes szivacsk\u00e9nt 3.) Iv\u00f3v\u00e1ly\u00fak\u00e9nt, mivel vizet sz\u00edv 4.) a kit\u00f6r\u00e9sg\u00e1tl\u00f3 olaj felvitel\u00e9hez. &nbsp;<\/p>","protected":false},"featured_media":307,"comment_status":"open","ping_status":"closed","template":"","meta":{"_acf_changed":false,"content-type":"","_monsterinsights_skip_tracking":false,"_monsterinsights_sitenote_active":false,"_monsterinsights_sitenote_note":"","_monsterinsights_sitenote_category":0},"product_brand":[],"product_cat":[237],"product_tag":[],"class_list":{"0":"post-2826","1":"product","2":"type-product","3":"status-publish","4":"has-post-thumbnail","6":"product_cat-tools","8":"first","9":"instock","10":"taxable","11":"shipping-taxable","12":"purchasable","13":"product-type-simple"},"acf":[],"aioseo_notices":[],"jetpack_sharing_enabled":true,"_links":{"self":[{"href":"https:\/\/antcube.shop\/hu\/wp-json\/wp\/v2\/product\/2826","targetHints":{"allow":["GET"]}}],"collection":[{"href":"https:\/\/antcube.shop\/hu\/wp-json\/wp\/v2\/product"}],"about":[{"href":"https:\/\/antcube.shop\/hu\/wp-json\/wp\/v2\/types\/product"}],"replies":[{"embeddable":true,"href":"https:\/\/antcube.shop\/hu\/wp-json\/wp\/v2\/comments?post=2826"}],"wp:featuredmedia":[{"embeddable":true,"href":"https:\/\/antcube.shop\/hu\/wp-json\/wp\/v2\/media\/307"}],"wp:attachment":[{"href":"https:\/\/antcube.shop\/hu\/wp-json\/wp\/v2\/media?parent=2826"}],"wp:term":[{"taxonomy":"product_brand","embeddable":true,"href":"https:\/\/antcube.shop\/hu\/wp-json\/wp\/v2\/product_brand?post=2826"},{"taxonomy":"product_cat","embeddable":true,"href":"https:\/\/antcube.shop\/hu\/wp-json\/wp\/v2\/product_cat?post=2826"},{"taxonomy":"product_tag","embeddable":true,"href":"https:\/\/antcube.shop\/hu\/wp-json\/wp\/v2\/product_tag?post=2826"}],"curies":[{"name":"wp","href":"https:\/\/api.w.org\/{rel}","templated":true}]}}