{"id":2825,"date":"2021-10-13T18:33:32","date_gmt":"2021-10-13T16:33:32","guid":{"rendered":"https:\/\/antcube.shop\/produkt\/ytongnest-20x20\/"},"modified":"2026-04-16T20:25:13","modified_gmt":"2026-04-16T18:25:13","slug":"ytongnest-20x20","status":"publish","type":"product","link":"https:\/\/antcube.shop\/hu\/termek\/ytongnest-20x20\/","title":{"rendered":"Ytongnest - 20\u00d720"},"content":{"rendered":"<p><strong>Anyag:<\/strong> p\u00f3rusbeton, \u00fcveg, m\u0171anyag PMMA \u00e9s PVC<\/p>\n<p><strong>Csatlakoz\u00e1s:<\/strong> 2x 14mm lyukak<\/p>\n<p><strong>Tartalom:<\/strong><br \/>\n1x p\u00f3rusbetonblokk 20x20x5 cm, 20 mm m\u00e9ly kamr\u00e1kkal.<br \/>\n1x 20\u00d720 cm-es \u00fcveglap 50 mm-es ny\u00edl\u00e1ssal<br \/>\n1x 50mm-es gy\u0171r\u0171 27mm-es ny\u00edl\u00e1ssal<br \/>\n2x Formicarium dug\u00f3 13mm<br \/>\n1x Formicarium dug\u00f3 27mm<\/p>\n<p><strong>Le\u00edr\u00e1s:<\/strong><br \/>\nAz Ytong egy m\u00e1rkan\u00e9v, mag\u00e1t az anyagot p\u00f3rusbetonnak h\u00edvj\u00e1k.<br \/>\nV\u00edzmegtart\u00f3 tulajdons\u00e1ga miatt az anyag j\u00f3l alkalmazhat\u00f3 hangyatart\u00e1sra.<br \/>\nNagysz\u00e1m\u00fa, sz\u00e1raz \u00e9s nedves \u00e9l\u0151helyr\u0151l sz\u00e1rmaz\u00f3, \u00e1s\u00f3 faj tarthat\u00f3 benne.<br \/>\nA hangyafajt\u00f3l f\u00fcgg\u0151en aj\u00e1nlott a kamr\u00e1k alj\u00e1t talajszubsztr\u00e1tummal fedni. Egyes fajok \u00edgy jobban \u00e9rzik magukat, \u00e9s p\u00e9ld\u00e1ul a Ponerinae hangyafajoknak talajra van sz\u00fcks\u00e9g\u00fck ahhoz, hogy l\u00e1rv\u00e1ik megfelel\u0151en beb\u00e1boz\u00f3dhassanak.<br \/>\nJavasoljuk, hogy a f\u00e9szekhez csatoljon egy ar\u00e9n\u00e1t, hogy teljes formik\u00e1riumk\u00e9nt haszn\u00e1lhassa.<\/p>\n<p><strong>Tipp:<\/strong><br \/>\nAnnak megakad\u00e1lyoz\u00e1s\u00e1ra, hogy a v\u00edz a f\u00e9szek ter\u00fclet\u00e9nek nedves\u00edt\u00e9se ut\u00e1n kifolyjon az Ytongb\u00f3l \u00e9s \u00f6sszegy\u0171lj\u00f6n az alatta l\u00e9v\u0151 b\u00fatorok fel\u00fclet\u00e9n, vagy hogy a durva anyag megkarcolja a fel\u00fcleteket, javasoljuk, hogy rendeljen az Ytong f\u00e9szkekhez ill\u0151 \u00fcvegk\u00e1dak egyik\u00e9t. Ezek v\u00edz\u00e1ll\u00f3ak, \u00edgy hat\u00e9konyan v\u00e9dik az alatta l\u00e9v\u0151 fel\u00fcleteket a v\u00edz \u00e9s a karcol\u00e1sok okozta k\u00e1rokt\u00f3l.<\/p>\n<p><strong>Haszn\u00e1lat:<\/strong><br \/>\n<strong>M - L m\u00e9ret\u0171 hangyafajok eset\u00e9ben.<\/strong><br \/>\nA p\u00f3rusbeton nagyon t\u00f6r\u00e9keny \u00e9s t\u00f6r\u00e9keny anyag. Ez\u00e9rt a gy\u00e1rt\u00e1si folyamat miatt nem lehet megakad\u00e1lyozni, hogy a sarkok \u00e9s \u00e9lek ne mutassanak enyhe t\u00f6r\u00e9seket \u00e9s egyenetlens\u00e9geket.<br \/>\nEmiatt az Ytong-f\u00e9szkek nem alkalmasak az S m\u00e9ret\u0171, nagyon kicsi hangyafajok sz\u00e1m\u00e1ra, mivel ezek a fajok itt k\u00f6nnyen kit\u00f6rhetnek.<\/p>","protected":false},"excerpt":{"rendered":"<p>Csatlakoz\u00e1s: 2x 14 mm-es ny\u00edl\u00e1s<br \/>\nM\u00e9ret: <strong><span style=\"color: #339966;\">M<\/span><\/strong><strong> &#8211; <span style=\"color: #0000ff;\">L<\/span><\/strong><\/p>","protected":false},"featured_media":3010,"comment_status":"open","ping_status":"closed","template":"","meta":{"_acf_changed":false,"content-type":"","_monsterinsights_skip_tracking":false,"_monsterinsights_sitenote_active":false,"_monsterinsights_sitenote_note":"","_monsterinsights_sitenote_category":0},"product_brand":[],"product_cat":[80,86],"product_tag":[],"class_list":{"0":"post-2825","1":"product","2":"type-product","3":"status-publish","4":"has-post-thumbnail","6":"product_cat-antfarms","7":"product_cat-formicariums","9":"first","10":"instock","11":"taxable","12":"shipping-taxable","13":"purchasable","14":"product-type-simple"},"acf":[],"aioseo_notices":[],"jetpack_sharing_enabled":true,"_links":{"self":[{"href":"https:\/\/antcube.shop\/hu\/wp-json\/wp\/v2\/product\/2825","targetHints":{"allow":["GET"]}}],"collection":[{"href":"https:\/\/antcube.shop\/hu\/wp-json\/wp\/v2\/product"}],"about":[{"href":"https:\/\/antcube.shop\/hu\/wp-json\/wp\/v2\/types\/product"}],"replies":[{"embeddable":true,"href":"https:\/\/antcube.shop\/hu\/wp-json\/wp\/v2\/comments?post=2825"}],"wp:featuredmedia":[{"embeddable":true,"href":"https:\/\/antcube.shop\/hu\/wp-json\/wp\/v2\/media\/3010"}],"wp:attachment":[{"href":"https:\/\/antcube.shop\/hu\/wp-json\/wp\/v2\/media?parent=2825"}],"wp:term":[{"taxonomy":"product_brand","embeddable":true,"href":"https:\/\/antcube.shop\/hu\/wp-json\/wp\/v2\/product_brand?post=2825"},{"taxonomy":"product_cat","embeddable":true,"href":"https:\/\/antcube.shop\/hu\/wp-json\/wp\/v2\/product_cat?post=2825"},{"taxonomy":"product_tag","embeddable":true,"href":"https:\/\/antcube.shop\/hu\/wp-json\/wp\/v2\/product_tag?post=2825"}],"curies":[{"name":"wp","href":"https:\/\/api.w.org\/{rel}","templated":true}]}}