{"id":2824,"date":"2021-10-13T18:33:13","date_gmt":"2021-10-13T16:33:13","guid":{"rendered":"https:\/\/antcube.shop\/produkt\/food-mix-set-fur-kornersammler\/"},"modified":"2026-04-17T16:46:43","modified_gmt":"2026-04-17T14:46:43","slug":"food-mix-set-fur-kornersammler","status":"publish","type":"product","link":"https:\/\/antcube.shop\/hu\/termek\/food-mix-set-fur-kornersammler\/","title":{"rendered":"\u00c9lelmiszerkever\u00e9k-k\u00e9szlet - gabonagy\u0171jt\u0151 hangy\u00e1knak"},"content":{"rendered":"<p><strong>Tartalom:<\/strong> 2ml adagol\u00f3cs\u00f6venk\u00e9nt<br \/>\n2x gabonatakarm\u00e1ny Minor (Mi)<br \/>\n1x gabonat\u00e1p Media (Me)<br \/>\n1x gabonaeledel Major (Ma)<br \/>\n1x vir\u00e1gpor (B)<br \/>\n1x sz\u00e9nhidr\u00e1ttartalm\u00fa takarm\u00e1ny (K)<br \/>\n2x Feh\u00e9rjetakarm\u00e1ny (PP)<br \/>\n1x feh\u00e9rjetakarm\u00e1ny FD rovarok Pi)<br \/>\n1x gy\u00fcm\u00f6lcst\u00e1p (F)<\/p>\n<p><span data-text-color=\"alert\"><strong>Figyelem!<\/strong> <\/span>K\u00e9rj\u00fck, hogy a port egy csepp v\u00edzzel keverje \u00f6ssze, mert sz\u00e1razon nem fogadj\u00e1k el az \u00e1llatok!<\/p>\n<p><strong>Le\u00edr\u00e1s:<\/strong> Ez a t\u00e1pl\u00e1l\u00e9kk\u00e9szlet gabonagy\u0171jt\u0151 fajok, p\u00e9ld\u00e1ul a Messor nemzets\u00e9g sz\u00e1m\u00e1ra k\u00e9sz\u00fclt, \u00e9s feh\u00e9rj\u00e9ket, sz\u00e9nhidr\u00e1tokat \u00e9s szemeket\/magvakat tartalmaz minden munk\u00e1sbox sz\u00e1m\u00e1ra. Mivel az egyes t\u00e1pl\u00e1l\u00e9kadagok k\u00fcl\u00f6n cs\u00f6vekben vannak, k\u00f6nnyen adagolhat\u00f3ak.<\/p>\n<p><strong>Haszn\u00e1lat \/ alkalmaz\u00e1s:<\/strong><br \/>\nFeh\u00e9rjet\u00e1p = rovarev\u0151 hangyafajok (Eulipotyphla) sz\u00e1m\u00e1ra.<br \/>\nKieg\u00e9sz\u00edt\u0151 takarm\u00e1ny (kevert takarm\u00e1ny).<br \/>\nEgy csepp v\u00edzzel kell \u00f6sszekeverni, majd nedves \u00e1llapotban csak 1 napig tarthat\u00f3 el. \u00dajb\u00f3li felhaszn\u00e1l\u00e1s el\u0151tt alaposan tiszt\u00edtsa meg az etet\u0151t\u00e1lat\/cs\u00f6vet.<br \/>\nA felbontott csomagot j\u00f3l lez\u00e1rva (ha sz\u00e1razon t\u00e1rolj\u00e1k) a felt\u00fcntetett (min\u0151s\u00e9gmeg\u0151rz\u00e9si id\u0151) id\u0151pontig kell felhaszn\u00e1lni.<\/p>\n<p>Feh\u00e9rjetakarm\u00e1ny FD = rovarev\u0151 hangyafajok (Eulipotyphla) eset\u00e9ben<br \/>\nEz egy kieg\u00e9sz\u00edt\u0151 takarm\u00e1ny (\u00f6sszetett takarm\u00e1ny).<br \/>\nEgy csepp v\u00edzzel kell \u00f6sszekeverni, \u00e9s akkor csak 1 napig tarthat\u00f3 nedvesen. \u00dajb\u00f3li felhaszn\u00e1l\u00e1s el\u0151tt alaposan tiszt\u00edtsa meg az etet\u0151t\u00e1lat\/cs\u00f6vet.<br \/>\nA felbontott csomagot j\u00f3l lez\u00e1rva (ha sz\u00e1razon t\u00e1rolj\u00e1k) a felt\u00fcntetett (min\u0151s\u00e9gmeg\u0151rz\u00e9si id\u0151) id\u0151pontig kell felhaszn\u00e1lni.<\/p>\n<p>Sz\u00e9nhidr\u00e1ttartalm\u00fa t\u00e1pl\u00e1l\u00e9k = cukor\/m\u00e9zev\u0151 hangyafajok sz\u00e1m\u00e1ra<br \/>\nKieg\u00e9sz\u00edt\u0151 takarm\u00e1ny (\u00f6sszetett takarm\u00e1ny).<br \/>\nEgy csepp v\u00edzzel \u00f6sszekeverhet\u0151, majd nedvesen 3 napig eltarthat\u00f3. \u00dajb\u00f3li felhaszn\u00e1l\u00e1s el\u0151tt alaposan tiszt\u00edtsa meg az etet\u0151t\u00e1lat\/cs\u00f6vet.<br \/>\nA felbontott csomagot j\u00f3l lez\u00e1rva (ha sz\u00e1razon t\u00e1rolj\u00e1k) a felt\u00fcntetett (min\u0151s\u00e9gmeg\u0151rz\u00e9si id\u0151) id\u0151pontig kell felhaszn\u00e1lni.<\/p>\n<p>Gy\u00fcm\u00f6lcst\u00e1p = gy\u00fcm\u00f6lcsev\u0151 hangyafajok (frugivorok) sz\u00e1m\u00e1ra.<br \/>\nKieg\u00e9sz\u00edt\u0151 takarm\u00e1ny (egyszeri takarm\u00e1ny).<br \/>\nEgy csepp v\u00edzzel keverhet\u0151, \u00e9s nedvesen 3 napig eltarthat\u00f3. \u00dajb\u00f3li felhaszn\u00e1l\u00e1s el\u0151tt alaposan tiszt\u00edtsa meg az etet\u0151t\u00e1lat\/cs\u00f6vet.<br \/>\nA felbontott csomagot j\u00f3l lez\u00e1rva (ha sz\u00e1razon t\u00e1rolj\u00e1k) a felt\u00fcntetett (min\u0151s\u00e9gmeg\u0151rz\u00e9si id\u0151) id\u0151pontig kell felhaszn\u00e1lni.<\/p>\n<p>Vir\u00e1gpollen = vir\u00e1gpollenev\u0151 hangyafajok eset\u00e9ben.<br \/>\nKieg\u00e9sz\u00edt\u0151 takarm\u00e1ny (egyszeri takarm\u00e1ny).<br \/>\nAz \u00e1llatoknak sz\u00e1ll\u00edtott \u00e1llapotban is fel lehet k\u00edn\u00e1lni. Mivel a nedvess\u00e9g felpuh\u00edtja az \u00e1llagot, a t\u00e1pot 5 naponk\u00e9nt cser\u00e9lni kell. \u00dajb\u00f3li felhaszn\u00e1l\u00e1s el\u0151tt alaposan tiszt\u00edtsa meg az etet\u0151t\u00e1lat\/cs\u00f6vet.<br \/>\nA felbontott csomagot j\u00f3l lez\u00e1rva (ha sz\u00e1razon t\u00e1rolj\u00e1k) a felt\u00fcntetett (min\u0151s\u00e9gmeg\u0151rz\u00e9si id\u0151) id\u0151pontig kell felhaszn\u00e1lni.<\/p>\n<p>Gabonatakarm\u00e1ny Minor<br \/>\nGabonatakarm\u00e1ny M\u00e9dia<br \/>\nGabonat\u00e1p Major = gabonaev\u0151 hangyafajok sz\u00e1m\u00e1ra = (gabonaf\u00e9l\u00e9k)<br \/>\nKieg\u00e9sz\u00edt\u0151 takarm\u00e1ny (kevert takarm\u00e1ny).<br \/>\nAz \u00e1llatoknak sz\u00e1ll\u00edtott \u00e1llapotban is fel lehet k\u00edn\u00e1lni. Az etet\u0151t\u00e1lat\/cs\u00f6vet sz\u00e1raz helyen kell elhelyezni. Nedves k\u00f6r\u00fclm\u00e9nyek k\u00f6z\u00f6tt a szemek (magvak) cs\u00edr\u00e1zni kezdhetnek. Ha ezt \u00e9szleli, a takarm\u00e1nyt ki kell cser\u00e9lni.<br \/>\nA felbontott csomagot j\u00f3l lez\u00e1rva (ha sz\u00e1razon t\u00e1rolj\u00e1k) a felt\u00fcntetett (min\u0151s\u00e9gmeg\u0151rz\u00e9si id\u0151) id\u0151pontig kell felhaszn\u00e1lni.<\/p>\n<p><strong>\u00c9rtes\u00edt\u00e9s:<\/strong><br \/>\nA t\u00e1pcs\u00f6vek haszn\u00e1lat\u00e1ra vonatkoz\u00f3 inform\u00e1ci\u00f3k itt tal\u00e1lhat\u00f3k: Link<br \/>\nTeljes \u00e9rt\u00e9k\u0171 takarm\u00e1ny szemcsem\u00e9rges hangy\u00e1k sz\u00e1m\u00e1ra.<br \/>\nAz \u00f6sszet\u00e9telt, az analitikai \u00f6sszetev\u0151ket, a min\u0151s\u00e9gmeg\u0151rz\u00e9si id\u0151t \u00e9s a t\u00e9telsz\u00e1mot l\u00e1sd a betegt\u00e1j\u00e9koztat\u00f3ban.<\/p>\n<p>Inform\u00e1ci\u00f3s forr\u00f3dr\u00f3t +49 30 439703870<\/p>\n<p>Felel\u0151s \u00e1llat-eg\u00e9szs\u00e9g\u00fcgyi \u00e9s \u00e9lelmiszer-fel\u00fcgyeleti hat\u00f3s\u00e1g:<br \/>\nSteglitz \u00e1llatorvosi rendel\u0151<br \/>\nK\u00f6nigin-Luise-Str. 92<br \/>\n14195 Berlin<\/p>\n<p>&nbsp;<\/p>","protected":false},"excerpt":{"rendered":"<p>Teljes takarm\u00e1ny<\/p>","protected":false},"featured_media":308,"comment_status":"open","ping_status":"closed","template":"","meta":{"_acf_changed":false,"content-type":"","_monsterinsights_skip_tracking":false,"_monsterinsights_sitenote_active":false,"_monsterinsights_sitenote_note":"","_monsterinsights_sitenote_category":0},"product_brand":[],"product_cat":[115,116],"product_tag":[],"class_list":{"0":"post-2824","1":"product","2":"type-product","3":"status-publish","4":"has-post-thumbnail","6":"product_cat-food-and-feeding","7":"product_cat-food","9":"first","10":"instock","11":"taxable","12":"shipping-taxable","13":"purchasable","14":"product-type-simple"},"acf":[],"aioseo_notices":[],"jetpack_sharing_enabled":true,"_links":{"self":[{"href":"https:\/\/antcube.shop\/hu\/wp-json\/wp\/v2\/product\/2824","targetHints":{"allow":["GET"]}}],"collection":[{"href":"https:\/\/antcube.shop\/hu\/wp-json\/wp\/v2\/product"}],"about":[{"href":"https:\/\/antcube.shop\/hu\/wp-json\/wp\/v2\/types\/product"}],"replies":[{"embeddable":true,"href":"https:\/\/antcube.shop\/hu\/wp-json\/wp\/v2\/comments?post=2824"}],"wp:featuredmedia":[{"embeddable":true,"href":"https:\/\/antcube.shop\/hu\/wp-json\/wp\/v2\/media\/308"}],"wp:attachment":[{"href":"https:\/\/antcube.shop\/hu\/wp-json\/wp\/v2\/media?parent=2824"}],"wp:term":[{"taxonomy":"product_brand","embeddable":true,"href":"https:\/\/antcube.shop\/hu\/wp-json\/wp\/v2\/product_brand?post=2824"},{"taxonomy":"product_cat","embeddable":true,"href":"https:\/\/antcube.shop\/hu\/wp-json\/wp\/v2\/product_cat?post=2824"},{"taxonomy":"product_tag","embeddable":true,"href":"https:\/\/antcube.shop\/hu\/wp-json\/wp\/v2\/product_tag?post=2824"}],"curies":[{"name":"wp","href":"https:\/\/api.w.org\/{rel}","templated":true}]}}