{"id":2823,"date":"2021-10-13T18:33:03","date_gmt":"2021-10-13T16:33:03","guid":{"rendered":"https:\/\/antcube.shop\/produkt\/becken-schlauchverbinder-27mm-14-16-20-mm-transparent\/"},"modified":"2026-04-18T17:53:17","modified_gmt":"2026-04-18T15:53:17","slug":"becken-schlauchverbinder-27mm-14-16-20-mm-transzparens","status":"publish","type":"product","link":"https:\/\/antcube.shop\/hu\/termek\/becken-schlauchverbinder-27mm-14-16-20-mm-transzparens\/","title":{"rendered":"Mosd\u00f3t\u00f6ml\u0151 csatlakoz\u00f3 27mm - 14, 16, 20 mm - \u00e1tl\u00e1tsz\u00f3"},"content":{"rendered":"<p><strong>M\u00e9retek:\u00a0<\/strong><br \/>\nBels\u0151 \u00e1tm\u00e9r\u0151 = 14 mm<br \/>\nK\u00fcls\u0151 \u00e1tm\u00e9r\u0151 = 16 mm (els\u0151 fokozat), 20 mm (m\u00e1sodik fokozat)<br \/>\nHossza = 36mm<\/p>\n<p><strong>Tartalom:<\/strong><br \/>\n1x medence t\u00f6ml\u0151csatlakoz\u00f3<br \/>\n1x szor\u00edt\u00f3gy\u0171r\u0171<\/p>\n<p><strong>Csatlakoz\u00e1s:<\/strong><br \/>\nMedence : 27 mm-es (3\/4\u2033) lyukakba illeszkedik, 4 mm-es falvastags\u00e1ggal!<br \/>\nT\u00f6ml\u0151k: 14\/10-es t\u00f6ml\u0151 szorosan a 14 mm-es aljzatba illesztve.<br \/>\nA 20\/16-os cs\u0151 szorosan illeszkedik az els\u0151 16 mm-es l\u00e9pcs\u0151fokhoz.<br \/>\nA 22\/18-as t\u00f6ml\u0151 a m\u00e1sodik 20 mm-es l\u00e9pcs\u0151n van r\u00f6gz\u00edtve.<br \/>\nA 24\/20-as t\u00f6ml\u0151 laz\u00e1n illeszkedik a m\u00e1sodik 20 mm-es l\u00e9pcs\u0151fokozatra.<\/p>\n<p><strong>Le\u00edr\u00e1s:<\/strong><br \/>\nEz a medencecsatlakoz\u00f3, a 27 mm-es lyukon kereszt\u00fcl lesz bedugva, 4 mm-es \u00fcvegfalvastags\u00e1ggal. A csatlakoz\u00f3t egy szor\u00edt\u00f3gy\u0171r\u0171 r\u00f6gz\u00edti az \u00fcvegmedenc\u00e9hez. A persely m\u00e1sik v\u00e9g\u00e9re 14mm k\u00fcls\u0151 \u00e1tm\u00e9r\u0151j\u0171 vagy 16mm vagy 20mm bels\u0151 \u00e1tm\u00e9r\u0151j\u0171 cs\u0151 csatlakoztathat\u00f3.<\/p>","protected":false},"excerpt":{"rendered":"<p>M\u00e9retek: Hossza = 36mm Tartalom: Bels\u0151 \u00e1tm\u00e9r\u0151 = 14mm K\u00fcls\u0151 \u00e1tm\u00e9r\u0151 = 16mm (els\u0151 fokozat), 20mm (m\u00e1sodik fokozat) Hossza = 36mm: Tartalma: 1x medence t\u00f6ml\u0151csatlakoz\u00f3 1x szor\u00edt\u00f3gy\u0171r\u0171 Csatlakoz\u00e1s: 1x medence t\u00f6ml\u0151csatlakoz\u00f3 1x szor\u00edt\u00f3gy\u0171r\u0171: Medence : 27mm (3\/4\") lyukakba illeszkedik 4mm falvastags\u00e1ggal! T\u00f6ml\u0151k: A 14\/10-es t\u00f6ml\u0151 szorosan a foglalatba van illesztve. 14mm 20\/16-os cs\u0151 szorosan a foglalatra van illesztve.","protected":false},"featured_media":357,"comment_status":"open","ping_status":"closed","template":"","meta":{"_acf_changed":false,"content-type":"","_monsterinsights_skip_tracking":false,"_monsterinsights_sitenote_active":false,"_monsterinsights_sitenote_note":"","_monsterinsights_sitenote_category":0},"product_brand":[],"product_cat":[121],"product_tag":[],"class_list":{"0":"post-2823","1":"product","2":"type-product","3":"status-publish","4":"has-post-thumbnail","6":"product_cat-connectors","8":"first","9":"instock","10":"taxable","11":"shipping-taxable","12":"purchasable","13":"product-type-simple"},"acf":[],"aioseo_notices":[],"jetpack_sharing_enabled":true,"_links":{"self":[{"href":"https:\/\/antcube.shop\/hu\/wp-json\/wp\/v2\/product\/2823","targetHints":{"allow":["GET"]}}],"collection":[{"href":"https:\/\/antcube.shop\/hu\/wp-json\/wp\/v2\/product"}],"about":[{"href":"https:\/\/antcube.shop\/hu\/wp-json\/wp\/v2\/types\/product"}],"replies":[{"embeddable":true,"href":"https:\/\/antcube.shop\/hu\/wp-json\/wp\/v2\/comments?post=2823"}],"wp:featuredmedia":[{"embeddable":true,"href":"https:\/\/antcube.shop\/hu\/wp-json\/wp\/v2\/media\/357"}],"wp:attachment":[{"href":"https:\/\/antcube.shop\/hu\/wp-json\/wp\/v2\/media?parent=2823"}],"wp:term":[{"taxonomy":"product_brand","embeddable":true,"href":"https:\/\/antcube.shop\/hu\/wp-json\/wp\/v2\/product_brand?post=2823"},{"taxonomy":"product_cat","embeddable":true,"href":"https:\/\/antcube.shop\/hu\/wp-json\/wp\/v2\/product_cat?post=2823"},{"taxonomy":"product_tag","embeddable":true,"href":"https:\/\/antcube.shop\/hu\/wp-json\/wp\/v2\/product_tag?post=2823"}],"curies":[{"name":"wp","href":"https:\/\/api.w.org\/{rel}","templated":true}]}}