{"id":2822,"date":"2021-10-13T18:31:19","date_gmt":"2021-10-13T16:31:19","guid":{"rendered":"https:\/\/antcube.shop\/produkt\/schlauch-transparent-10-06-mm\/"},"modified":"2026-04-13T09:31:37","modified_gmt":"2026-04-13T07:31:37","slug":"schlauch-transzparens-10-06-mm","status":"publish","type":"product","link":"https:\/\/antcube.shop\/hu\/termek\/schlauch-transzparens-10-06-mm\/","title":{"rendered":"T\u00f6ml\u0151 \u00e1tl\u00e1tsz\u00f3 10\/06 mm"},"content":{"rendered":"<p><strong>M\u00e9retek:<\/strong><br \/>\nK\u00fcls\u0151 \u00e1tm\u00e9r\u0151: 10 mm<br \/>\nBels\u0151 \u00e1tm\u00e9r\u0151: 6 mm<br \/>\nFalvastags\u00e1g: 2 mm<\/p>\n<p><strong>Hossz\u00fas\u00e1g:<\/strong> 1 m\u00e9ter (ak\u00e1r 100 m\u00e9ter is lehet egy darabban)<\/p>\n<p><strong>Le\u00edr\u00e1s:<\/strong> \u00e1tl\u00e1tsz\u00f3 PVC cs\u00f6vek <strong>c\u00edmk\u00e9z\u00e9s n\u00e9lk\u00fcl<\/strong>. Ide\u00e1lis hangya\u00fatvonalak fektet\u00e9s\u00e9re vagy formik\u00e1riumok \u00f6sszek\u00f6t\u00e9s\u00e9re.<\/p>\n<p><strong>Megjegyz\u00e9s:<\/strong> Ezek nem m\u00e9rgez\u0151 \u00e9lelmiszert\u00f6ml\u0151k.<\/p>","protected":false},"excerpt":{"rendered":"<p><img decoding=\"async\" src=\"\/shop\/images\/rolle-1m.gif\" alt=\"\" \/><\/p>","protected":false},"featured_media":358,"comment_status":"open","ping_status":"closed","template":"","meta":{"_acf_changed":false,"content-type":"","_monsterinsights_skip_tracking":false,"_monsterinsights_sitenote_active":false,"_monsterinsights_sitenote_note":"","_monsterinsights_sitenote_category":0},"product_brand":[],"product_cat":[120],"product_tag":[],"class_list":{"0":"post-2822","1":"product","2":"type-product","3":"status-publish","4":"has-post-thumbnail","6":"product_cat-hoses","8":"first","9":"instock","10":"taxable","11":"shipping-taxable","12":"purchasable","13":"product-type-simple"},"acf":[],"aioseo_notices":[],"jetpack_sharing_enabled":true,"_links":{"self":[{"href":"https:\/\/antcube.shop\/hu\/wp-json\/wp\/v2\/product\/2822","targetHints":{"allow":["GET"]}}],"collection":[{"href":"https:\/\/antcube.shop\/hu\/wp-json\/wp\/v2\/product"}],"about":[{"href":"https:\/\/antcube.shop\/hu\/wp-json\/wp\/v2\/types\/product"}],"replies":[{"embeddable":true,"href":"https:\/\/antcube.shop\/hu\/wp-json\/wp\/v2\/comments?post=2822"}],"wp:featuredmedia":[{"embeddable":true,"href":"https:\/\/antcube.shop\/hu\/wp-json\/wp\/v2\/media\/358"}],"wp:attachment":[{"href":"https:\/\/antcube.shop\/hu\/wp-json\/wp\/v2\/media?parent=2822"}],"wp:term":[{"taxonomy":"product_brand","embeddable":true,"href":"https:\/\/antcube.shop\/hu\/wp-json\/wp\/v2\/product_brand?post=2822"},{"taxonomy":"product_cat","embeddable":true,"href":"https:\/\/antcube.shop\/hu\/wp-json\/wp\/v2\/product_cat?post=2822"},{"taxonomy":"product_tag","embeddable":true,"href":"https:\/\/antcube.shop\/hu\/wp-json\/wp\/v2\/product_tag?post=2822"}],"curies":[{"name":"wp","href":"https:\/\/api.w.org\/{rel}","templated":true}]}}