{"id":2821,"date":"2021-10-13T18:28:32","date_gmt":"2021-10-13T16:28:32","guid":{"rendered":"https:\/\/antcube.shop\/produkt\/handlupe-2fach-30mm\/"},"modified":"2026-04-15T17:09:38","modified_gmt":"2026-04-15T15:09:38","slug":"handlupe-2fach-30mm","status":"publish","type":"product","link":"https:\/\/antcube.shop\/hu\/termek\/handlupe-2fach-30mm\/","title":{"rendered":"K\u00e9zi nagy\u00edt\u00f3 - 2x - 30mm"},"content":{"rendered":"<p><strong>M\u00e9retek (LxBxH):<\/strong> 80x36x2 mm<\/p>\n<p><strong>Anyag:<\/strong> m\u0171anyag<\/p>\n<p><strong>Sz\u00edn:<\/strong> \u00e1tl\u00e1tsz\u00f3<\/p>\n<p><strong>Tartalom:<\/strong><br \/>\n<strong>1x<\/strong> k\u00e9zi nagy\u00edt\u00f3<\/p>\n<p><strong>M\u0171szaki adatok:<\/strong><br \/>\nNagy\u00edt\u00e1s = 2x<\/p>\n<p><strong>Le\u00edr\u00e1s \/ alkalmaz\u00e1s:<\/strong><br \/>\nK\u00e9zi nagy\u00edt\u00f3 a hangy\u00e1k ellen\u0151rz\u00e9s\u00e9hez vagy a rovarok etet\u00e9s\u00e9hez.<\/p>\n<p><strong>\u00c9rtes\u00edt\u00e9s:<\/strong><br \/>\nEgyszer\u0171 feldolgoz\u00e1s \u00e9s egyszer\u0171 min\u0151s\u00e9g, mert m\u0171anyagb\u00f3l k\u00e9sz\u00fclt \u00e9s \u00e9rz\u00e9keny a karcol\u00e1sokra.<\/p>","protected":false},"excerpt":{"rendered":"<p>M\u00e9retek (LxSxH): 80x36x2 mm Anyag: m\u0171anyag Sz\u00edn: \u00e1tl\u00e1tsz\u00f3 Tartalom: 1 db: Technikai jellemz\u0151k: 1x k\u00e9zi nagy\u00edt\u00f3: Nagy\u00edt\u00e1s = 2x Le\u00edr\u00e1s \/ Alkalmaz\u00e1s: K\u00e9zi nagy\u00edt\u00f3 a hangy\u00e1k ellen\u0151rz\u00e9s\u00e9re vagy a rovarok etet\u00e9s\u00e9re. Figyelmeztet\u00e9s: Egyszer\u0171 feldolgoz\u00e1s \u00e9s egyszer\u0171 min\u0151s\u00e9g, mert m\u0171anyagb\u00f3l k\u00e9sz\u00fclt \u00e9s \u00e9rz\u00e9keny a karcol\u00e1sokra.<\/p>","protected":false},"featured_media":310,"comment_status":"open","ping_status":"closed","template":"","meta":{"_acf_changed":false,"content-type":"","_monsterinsights_skip_tracking":false,"_monsterinsights_sitenote_active":false,"_monsterinsights_sitenote_note":"","_monsterinsights_sitenote_category":0},"product_brand":[],"product_cat":[237],"product_tag":[],"class_list":{"0":"post-2821","1":"product","2":"type-product","3":"status-publish","4":"has-post-thumbnail","6":"product_cat-tools","8":"first","9":"instock","10":"taxable","11":"shipping-taxable","12":"purchasable","13":"product-type-simple"},"acf":[],"aioseo_notices":[],"jetpack_sharing_enabled":true,"_links":{"self":[{"href":"https:\/\/antcube.shop\/hu\/wp-json\/wp\/v2\/product\/2821","targetHints":{"allow":["GET"]}}],"collection":[{"href":"https:\/\/antcube.shop\/hu\/wp-json\/wp\/v2\/product"}],"about":[{"href":"https:\/\/antcube.shop\/hu\/wp-json\/wp\/v2\/types\/product"}],"replies":[{"embeddable":true,"href":"https:\/\/antcube.shop\/hu\/wp-json\/wp\/v2\/comments?post=2821"}],"wp:featuredmedia":[{"embeddable":true,"href":"https:\/\/antcube.shop\/hu\/wp-json\/wp\/v2\/media\/310"}],"wp:attachment":[{"href":"https:\/\/antcube.shop\/hu\/wp-json\/wp\/v2\/media?parent=2821"}],"wp:term":[{"taxonomy":"product_brand","embeddable":true,"href":"https:\/\/antcube.shop\/hu\/wp-json\/wp\/v2\/product_brand?post=2821"},{"taxonomy":"product_cat","embeddable":true,"href":"https:\/\/antcube.shop\/hu\/wp-json\/wp\/v2\/product_cat?post=2821"},{"taxonomy":"product_tag","embeddable":true,"href":"https:\/\/antcube.shop\/hu\/wp-json\/wp\/v2\/product_tag?post=2821"}],"curies":[{"name":"wp","href":"https:\/\/api.w.org\/{rel}","templated":true}]}}