{"id":2820,"date":"2021-10-13T18:28:23","date_gmt":"2021-10-13T16:28:23","guid":{"rendered":"https:\/\/antcube.shop\/produkt\/ameisen-ausbruchsschutz-ol-10ml\/"},"modified":"2026-04-20T18:20:43","modified_gmt":"2026-04-20T16:20:43","slug":"ameisen-ausbruchsschutz-ol-10ml-2","status":"publish","type":"product","link":"https:\/\/antcube.shop\/hu\/termek\/ameisen-ausbruchsschutz-ol-10ml-2\/","title":{"rendered":"Hangya menek\u00fcl\u00e9s v\u00e9delmi olaj 10ml"},"content":{"rendered":"<p><strong>Tartalom:<\/strong> 10 ml (kb. 10-15 m\u00e9ter 2 cm sz\u00e9les cs\u00edkhoz elegend\u0151)<\/p>\n<p><strong>Sz\u00edn:<\/strong> \u00e1tl\u00e1tsz\u00f3, sz\u00edntelen<\/p>\n<p><strong>Anyag:<\/strong> paraffinolaj alap\u00fa<\/p>\n<p><strong>El\u0151ny:<\/strong> Minden sima fel\u00fcletre, p\u00e9ld\u00e1ul \u00fcvegre vagy m\u0171anyagra alkalmazhat\u00f3:<\/p>\n<p><strong>H\u00e1tr\u00e1ny:<\/strong> Nagy kol\u00f3ni\u00e1k eset\u00e9n az \u00e1llatok az olajfel\u00fcleten j\u00e1rk\u00e1lva sz\u00e9tter\u00edthetik az olajat az \u00fcvegen, \u00edgy az \u00fcveget id\u0151vel tiszt\u00edtani kell.<\/p>\n<p><strong>Alkalmaz\u00e1s:<\/strong> A f\u00f3li\u00e1nak a bels\u0151 sz\u00e9l\u00e9n\u00e9l k\u00f6r\u00fclbel\u00fcl h\u00e1romszor olyan sz\u00e9lesnek kell lennie, mint a hangy\u00e1k hossza, \u00e9s csepeg\u00e9s n\u00e9lk\u00fcl kell felhordani.<\/p>\n<p><strong>Meg\u00faj\u00edt\u00e1s:<\/strong> 2-4 h\u00f3nap a kol\u00f3nia m\u00e9ret\u00e9t\u0151l \u00e9s az \u00e9vszakt\u00f3l f\u00fcgg\u0151en.<\/p>\n<p><strong>Megjegyz\u00e9s:<\/strong> Az \u00e1llatoknak csak a \"l\u00e1buk\" \u00e9rintkezhet az olajjal. Nagy cseppk\u00e9pz\u0151d\u00e9s eset\u00e9n fenn\u00e1ll a vesz\u00e9lye annak, hogy az \u00e1llatok feje a cseppbe ker\u00fcl \u00e9s megfulladnak az olajt\u00f3l.<\/p>\n<p><a href=\"https:\/\/antcube.shop\/wp-content\/uploads\/2022\/02\/ant_escape_protection_oil_en.pdf\">Anyagbiztons\u00e1gi adatlap a Hangya kit\u00f6r\u00e9s elleni v\u00e9d\u0151olajhoz, (PDF 0,1 MB)<\/a><br \/>\n(Tartalmazza: Biztons\u00e1gi utas\u00edt\u00e1sok)<\/p>\n<p>&nbsp;<\/p>","protected":false},"excerpt":{"rendered":"<p>Tartalom: Sz\u00edn: \u00e1tl\u00e1tsz\u00f3, sz\u00edntelen Anyag: paraffinolaj alap\u00fa El\u0151ny: 10 ml (kb. 10-15 m\u00e9ter 2 cm sz\u00e9les cs\u00edkhoz elegend\u0151): Minden sima fel\u00fcletre, p\u00e9ld\u00e1ul \u00fcvegre vagy m\u0171anyagra alkalmazhat\u00f3: H\u00e1tr\u00e1nya: Nagy telepek eset\u00e9n az \u00e1llatok az olajfel\u00fcleten j\u00e1rva sz\u00e9tter\u00edthetik az olajat az \u00fcvegen,","protected":false},"featured_media":303,"comment_status":"open","ping_status":"closed","template":"","meta":{"_acf_changed":false,"content-type":"","_monsterinsights_skip_tracking":false,"_monsterinsights_sitenote_active":false,"_monsterinsights_sitenote_note":"","_monsterinsights_sitenote_category":0},"product_brand":[],"product_cat":[237],"product_tag":[],"class_list":{"0":"post-2820","1":"product","2":"type-product","3":"status-publish","4":"has-post-thumbnail","6":"product_cat-tools","8":"first","9":"instock","10":"taxable","11":"shipping-taxable","12":"purchasable","13":"product-type-simple"},"acf":[],"aioseo_notices":[],"jetpack_sharing_enabled":true,"_links":{"self":[{"href":"https:\/\/antcube.shop\/hu\/wp-json\/wp\/v2\/product\/2820","targetHints":{"allow":["GET"]}}],"collection":[{"href":"https:\/\/antcube.shop\/hu\/wp-json\/wp\/v2\/product"}],"about":[{"href":"https:\/\/antcube.shop\/hu\/wp-json\/wp\/v2\/types\/product"}],"replies":[{"embeddable":true,"href":"https:\/\/antcube.shop\/hu\/wp-json\/wp\/v2\/comments?post=2820"}],"wp:featuredmedia":[{"embeddable":true,"href":"https:\/\/antcube.shop\/hu\/wp-json\/wp\/v2\/media\/303"}],"wp:attachment":[{"href":"https:\/\/antcube.shop\/hu\/wp-json\/wp\/v2\/media?parent=2820"}],"wp:term":[{"taxonomy":"product_brand","embeddable":true,"href":"https:\/\/antcube.shop\/hu\/wp-json\/wp\/v2\/product_brand?post=2820"},{"taxonomy":"product_cat","embeddable":true,"href":"https:\/\/antcube.shop\/hu\/wp-json\/wp\/v2\/product_cat?post=2820"},{"taxonomy":"product_tag","embeddable":true,"href":"https:\/\/antcube.shop\/hu\/wp-json\/wp\/v2\/product_tag?post=2820"}],"curies":[{"name":"wp","href":"https:\/\/api.w.org\/{rel}","templated":true}]}}