{"id":2817,"date":"2021-10-13T18:27:26","date_gmt":"2021-10-13T16:27:26","guid":{"rendered":"https:\/\/antcube.shop\/produkt\/kunststoff-pipette-3ml\/"},"modified":"2026-04-17T16:45:46","modified_gmt":"2026-04-17T14:45:46","slug":"kunststoff-pipetta-3ml","status":"publish","type":"product","link":"https:\/\/antcube.shop\/hu\/termek\/kunststoff-pipetta-3ml\/","title":{"rendered":"M\u0171anyag pipetta 3ml"},"content":{"rendered":"<p><strong>Le\u00edr\u00e1s:<\/strong><br \/>\nA m\u0171anyag pipett\u00e1k term\u00e9szetesen t\u00f6bbsz\u00f6r is haszn\u00e1lhat\u00f3k p\u00e1r\u00e1s\u00edt\u00e1sra.<br \/>\n<strong>M\u00e9retek:<\/strong><br \/>\n3 ml \/ 150 mm hossz\u00fas\u00e1g.<\/p>","protected":false},"excerpt":{"rendered":"<p>Le\u00edr\u00e1s: A m\u0171anyag pipett\u00e1k term\u00e9szetesen t\u00f6bbsz\u00f6r is felhaszn\u00e1lhat\u00f3k p\u00e1r\u00e1s\u00edt\u00e1sra. M\u00e9retek: M\u00e9retek: 3 ml \/ 150 mm hossz\u00fas\u00e1g.<\/p>","protected":false},"featured_media":314,"comment_status":"open","ping_status":"closed","template":"","meta":{"_acf_changed":false,"content-type":"","_monsterinsights_skip_tracking":false,"_monsterinsights_sitenote_active":false,"_monsterinsights_sitenote_note":"","_monsterinsights_sitenote_category":0},"product_brand":[],"product_cat":[237],"product_tag":[],"class_list":{"0":"post-2817","1":"product","2":"type-product","3":"status-publish","4":"has-post-thumbnail","6":"product_cat-tools","8":"first","9":"instock","10":"taxable","11":"shipping-taxable","12":"purchasable","13":"product-type-simple"},"acf":[],"aioseo_notices":[],"jetpack_sharing_enabled":true,"_links":{"self":[{"href":"https:\/\/antcube.shop\/hu\/wp-json\/wp\/v2\/product\/2817","targetHints":{"allow":["GET"]}}],"collection":[{"href":"https:\/\/antcube.shop\/hu\/wp-json\/wp\/v2\/product"}],"about":[{"href":"https:\/\/antcube.shop\/hu\/wp-json\/wp\/v2\/types\/product"}],"replies":[{"embeddable":true,"href":"https:\/\/antcube.shop\/hu\/wp-json\/wp\/v2\/comments?post=2817"}],"wp:featuredmedia":[{"embeddable":true,"href":"https:\/\/antcube.shop\/hu\/wp-json\/wp\/v2\/media\/314"}],"wp:attachment":[{"href":"https:\/\/antcube.shop\/hu\/wp-json\/wp\/v2\/media?parent=2817"}],"wp:term":[{"taxonomy":"product_brand","embeddable":true,"href":"https:\/\/antcube.shop\/hu\/wp-json\/wp\/v2\/product_brand?post=2817"},{"taxonomy":"product_cat","embeddable":true,"href":"https:\/\/antcube.shop\/hu\/wp-json\/wp\/v2\/product_cat?post=2817"},{"taxonomy":"product_tag","embeddable":true,"href":"https:\/\/antcube.shop\/hu\/wp-json\/wp\/v2\/product_tag?post=2817"}],"curies":[{"name":"wp","href":"https:\/\/api.w.org\/{rel}","templated":true}]}}