{"id":2816,"date":"2021-10-13T18:27:16","date_gmt":"2021-10-13T16:27:16","guid":{"rendered":"https:\/\/antcube.shop\/produkt\/pinzette-federstahl-breit-weich\/"},"modified":"2026-04-05T12:30:29","modified_gmt":"2026-04-05T10:30:29","slug":"pinzette-federstahl-breit-weich","status":"publish","type":"product","link":"https:\/\/antcube.shop\/hu\/termek\/pinzette-federstahl-breit-weich\/","title":{"rendered":"Csipesz rug\u00f3ac\u00e9l - sz\u00e9les - puha"},"content":{"rendered":"<p><strong>Hossz\u00fas\u00e1g:<\/strong> 115 mm<\/p>\n<p><strong>Anyag:<\/strong> rug\u00f3ac\u00e9l 0,25mm<\/p>\n<p><strong>Le\u00edr\u00e1s:<\/strong> Tavaszi ac\u00e9l csipesz. Ide\u00e1lis a hangy\u00e1k \"felszed\u00e9s\u00e9re\", mivel a nyom\u00f3er\u0151 kiss\u00e9 korl\u00e1tozott enn\u00e9l a csipesz t\u00edpusn\u00e1l, \u00e9s a hangy\u00e1kat ez\u00e9rt nem lehet olyan k\u00f6nnyen \"\u00f6sszenyomni\".<\/p>","protected":false},"excerpt":{"rendered":"<p>Hossz: 115 mm, Anyag: rug\u00f3ac\u00e9l<\/p>","protected":false},"featured_media":5603,"comment_status":"open","ping_status":"closed","template":"","meta":{"_acf_changed":false,"content-type":"","_monsterinsights_skip_tracking":false,"_monsterinsights_sitenote_active":false,"_monsterinsights_sitenote_note":"","_monsterinsights_sitenote_category":0},"product_brand":[],"product_cat":[237],"product_tag":[],"class_list":{"0":"post-2816","1":"product","2":"type-product","3":"status-publish","4":"has-post-thumbnail","6":"product_cat-tools","8":"first","9":"instock","10":"taxable","11":"shipping-taxable","12":"purchasable","13":"product-type-simple"},"acf":[],"aioseo_notices":[],"jetpack_sharing_enabled":true,"_links":{"self":[{"href":"https:\/\/antcube.shop\/hu\/wp-json\/wp\/v2\/product\/2816","targetHints":{"allow":["GET"]}}],"collection":[{"href":"https:\/\/antcube.shop\/hu\/wp-json\/wp\/v2\/product"}],"about":[{"href":"https:\/\/antcube.shop\/hu\/wp-json\/wp\/v2\/types\/product"}],"replies":[{"embeddable":true,"href":"https:\/\/antcube.shop\/hu\/wp-json\/wp\/v2\/comments?post=2816"}],"wp:featuredmedia":[{"embeddable":true,"href":"https:\/\/antcube.shop\/hu\/wp-json\/wp\/v2\/media\/5603"}],"wp:attachment":[{"href":"https:\/\/antcube.shop\/hu\/wp-json\/wp\/v2\/media?parent=2816"}],"wp:term":[{"taxonomy":"product_brand","embeddable":true,"href":"https:\/\/antcube.shop\/hu\/wp-json\/wp\/v2\/product_brand?post=2816"},{"taxonomy":"product_cat","embeddable":true,"href":"https:\/\/antcube.shop\/hu\/wp-json\/wp\/v2\/product_cat?post=2816"},{"taxonomy":"product_tag","embeddable":true,"href":"https:\/\/antcube.shop\/hu\/wp-json\/wp\/v2\/product_tag?post=2816"}],"curies":[{"name":"wp","href":"https:\/\/api.w.org\/{rel}","templated":true}]}}