{"id":2751,"date":"2021-10-08T12:07:03","date_gmt":"2021-10-08T10:07:03","guid":{"rendered":"https:\/\/antcube.shop\/produkt\/antcube-starter-set-m-20x20-wiese\/"},"modified":"2026-03-30T12:53:16","modified_gmt":"2026-03-30T10:53:16","slug":"antcube-starter-set-m-20x20-wiese","status":"publish","type":"product","link":"https:\/\/antcube.shop\/hu\/termek\/antcube-starter-set-m-20x20-wiese\/","title":{"rendered":"ANTCUBE Starter Set M - 20\u00d720 - Meadow"},"content":{"rendered":"<p><strong>Tartalom:<\/strong><br \/>\n1x ANTCUBE - Ar\u00e9na 20x20x10 - lapos<br \/>\n1x hangya ar\u00e9na keret 20\u00d720<br \/>\n1x hangya ar\u00e9na bor\u00edt\u00e1s 20\u00d720<br \/>\n4x r\u00f6gz\u00edt\u00e9si pont az ar\u00e9na fedel\u00e9hez<br \/>\n2x ANTCUBE - Hangyafarm - L - 20\u00d720 - f\u00fcgg\u0151legesen \u00e1ll\u00edtva<\/p>\n<p>1x 0,5 m-es cs\u0151 \u00e1tl\u00e1tsz\u00f3 14\/10 mm<br \/>\n1x ANTCUBE - Piros f\u00f3lia 20\u00d720 - sz\u0171r\u0151<br \/>\n1x \u00f6ntapad\u00f3 bilincsek - \u00e1tl\u00e1tsz\u00f3 2 db.<br \/>\n1x aljzat - r\u00e9t - 1kg<br \/>\n1x Formicarium granul\u00e1tum 200ml - b\u00e9zs sz\u00edn\u0171<\/p>\n<p>2x Grid insert acrylic &#8211; 50 mm with sealing ring<br \/>\n1x Grid insert acrylic &#8211; 27 mm with sealing ring<br \/>\n1x Grid cap &#8211; 10mm &#8211; stainless steel<\/p>\n<p>1x tart\u00e1ly t\u00f6ml\u0151csatlakoz\u00f3 27-14,16,20 mm - \u00e1tl\u00e1tsz\u00f3<br \/>\n1x Hangya menek\u00fcl\u00e9s elleni v\u00e9d\u0151olaj 10ml<br \/>\n1x Csipesz rug\u00f3ac\u00e9l - sz\u00e9les - puha<br \/>\n1x Csipesz m\u0171anyag \u00e1tl\u00e1tsz\u00f3<br \/>\n1x m\u0171anyag pipetta 3ml<br \/>\n1x k\u00e9zi nagy\u00edt\u00f3 - 2x - 30mm<br \/>\n1x hab ablakt\u00f6rl\u0151 150x18x2.5mm<\/p>\n<p>1x drinking clear 5ml &#8211; sponge<br \/>\n1x Feeding dish white rectangle &#8211; 3 compartments<br \/>\n1x Iv\u00f3cs\u0151 2ml - 360 fokban<br \/>\n1x Foil thermometer &#8211; farm<br \/>\n1x Foil thermometer display<br \/>\n1x fot\u00f3 h\u00e1tlap - r\u00e9t - 20\u00d710<\/p>\n<p><strong>Le\u00edr\u00e1s:<\/strong><br \/>\nEz a kezd\u0151 k\u00e9szlet r\u00e9t minden r\u00e9teken \u00e9s mez\u0151k\u00f6n \u00e9l\u0151 hangyafaj sz\u00e1m\u00e1ra alkalmas.<\/p>\n<p>A teljesen \u00e1tl\u00e1that\u00f3 farmon (f\u00e9szek) a \"Talaj - erd\u0151\" a farm kit\u00f6lt\u00e9s\u00e9re szolg\u00e1l. Sz\u00fcks\u00e9g eset\u00e9n tov\u00e1bbi modulok csatlakoztathat\u00f3k a burkolaton l\u00e9v\u0151 50 mm-es lyukakon kereszt\u00fcl, pl. a k\u00fcl\u00f6n kaphat\u00f3 k\u00f6dk\u00e9pz\u0151k, ventil\u00e1torok vagy l\u00e1mp\u00e1k. Alternat\u00edvak\u00e9nt a ny\u00edl\u00e1sok lez\u00e1r\u00e1s\u00e1hoz megfelel\u0151 formicarium-dug\u00f3k is mell\u00e9kelve vannak. K\u00edv\u00e1ns\u00e1gra a formicarium nyitottan is m\u0171k\u00f6dtethet\u0151, egyszer\u0171en felhelyezve a levehet\u0151 keretet \u00e9s a hangyasz\u00f6k\u00e9s elleni v\u00e9d\u0151olajat a peremre kenve. Az \"Itat\u00f3v\u00e1ly\u00fa 2ml - 360 fok\" m\u00e9z\/cukoroldat, az \"Itat\u00f3v\u00e1ly\u00fa tiszta 20ml - szivacs\" pedig v\u00edz sz\u00e1m\u00e1ra k\u00e9sz\u00fclt. A \"Mini h\u0151m\u00e9r\u0151\" a keretre vagy a fed\u00e9lre r\u00f6gz\u00edthet\u0151 \u00e9s a kl\u00edma\u00e9rt\u00e9keket mutatja.<\/p>\n<p><strong>Fontos:<\/strong> Haszn\u00e1lat el\u0151tt nedves\u00edtse meg az aljzatot, hogy a kever\u00e9k meg tudjon k\u00f6t\u0151dni \u00e9s szil\u00e1rdan meg tudjon \u00e1llni a hangyafarmon. Ezenk\u00edv\u00fcl, ha az aljzat t\u00fal sz\u00e1raz \u00e9s poros, a hangy\u00e1k l\u00e9g\u00fatjai elz\u00e1r\u00f3dhatnak, \u00e9s legrosszabb esetben az \u00e1llatok megfulladhatnak.<\/p>\n<p><strong>Aj\u00e1nl\u00e1s: <\/strong>Javasoljuk a 2 mm magas aljzatr\u00e9teget, hogy az \u00e1llatok ne tudj\u00e1k be\u00e1sni magukat az ar\u00e9n\u00e1ba, hanem ink\u00e1bb az erre a c\u00e9lra biztos\u00edtott tany\u00e1t haszn\u00e1lj\u00e1k. Javasoljuk tov\u00e1bb\u00e1, hogy a farmon l\u00e9v\u0151 f\u00e9szkel\u0151anyagot (homok\/agyag, Digfix stb.) egy helyen enyh\u00e9n sz\u00farjuk ki, hogy az \u00e1llatok sz\u00e1m\u00e1ra megk\u00f6nny\u00edts\u00fck az \u00e1s\u00e1st.<\/p>\n<p><strong>Megjegyz\u00e9sek a gy\u00e1rt\u00e1shoz<\/strong><br \/>\nAz \u00fcveg m\u00e9retre v\u00e1g\u00e1sa a DIN 1249 szabv\u00e1ny szerint t\u00f6rt\u00e9nik, +\/- 1 mm-es t\u0171r\u00e9ssel. A rendk\u00edv\u00fcl kis hangyafajok eset\u00e9ben kieg\u00e9sz\u00edt\u0151 kit\u00f6r\u00e9sv\u00e9delemre van sz\u00fcks\u00e9g.<\/p>\n<p><strong>Megjegyz\u00e9sek a gazdas\u00e1gr\u00f3l<\/strong><br \/>\nA t\u00f6ml\u0151k csatlakoztat\u00e1sakor vagy elt\u00e1vol\u00edt\u00e1sakor vegye figyelembe a k\u00f6vetkez\u0151ket:<br \/>\nHa a cs\u0151 nagyon nehezen illeszkedik a csatlakoz\u00f3aljzatra, az aljzatot enyh\u00e9n be kell d\u00f6rzs\u00f6lni egy csepp kit\u00f6r\u00e9sv\u00e9d\u0151 olajjal vagy porral. A t\u00f6ml\u0151t ezut\u00e1n csavar\u00f3 vagy csavar\u00f3 mozdulatokkal kell a csatlakoz\u00f3aljzatra tolni an\u00e9lk\u00fcl, hogy a csatlakoz\u00f3aljzatot fel-le mozdulatokkal meger\u0151ltetn\u00e9nk. Ugyanez vonatkozik a t\u00f6ml\u0151k mez\u0151gazdas\u00e1gi csatlakoz\u00f3aljzatb\u00f3l t\u00f6rt\u00e9n\u0151 elt\u00e1vol\u00edt\u00e1s\u00e1ra is. K\u00e9rj\u00fck, ne h\u00fazza le egyszer\u0171en!<\/p>\n<p><strong>Utas\u00edt\u00e1sok: <\/strong>(2023-as verzi\u00f3, a 2024-es friss\u00edtett verzi\u00f3 legk\u00e9s\u0151bb 2024. 04. 04-ig lesz el\u00e9rhet\u0151)<\/p>\n<p>- DE <a href=\"https:\/\/www.antstore.net\/shop\/images\/info\/de\/Gebrauchsanweisung%20Starter%20Set%20Habitat.pdf\" data-cke-saved-href=\"https:\/\/www.antstore.net\/shop\/images\/info\/de\/Gebrauchsanweisung%20Starter%20Set%20Habitat.pdf\">Gebrauchsanweisung Starter Set Habitat<\/a> (PDF 3,21 MB)<\/p>\n<p>- HU <a href=\"https:\/\/www.antstore.net\/shop\/images\/info\/en\/Instructions%20for%20use%20-%20Starter%20Set%20Habitat.pdf\" data-cke-saved-href=\"https:\/\/www.antstore.net\/shop\/images\/info\/en\/Instructions%20for%20use%20-%20Starter%20Set%20Habitat.pdf\">Haszn\u00e1lati utas\u00edt\u00e1s - Starter Set Habitat<\/a> (PDF 3,21 MB)<\/p>\n<p>- ES <a href=\"https:\/\/www.antstore.net\/shop\/images\/info\/es\/Manual%20de%20instrucciones%20-%20Set%20de%20inicio%20H%C3%A1bitat.pdf\" data-cke-saved-href=\"https:\/\/www.antstore.net\/shop\/images\/info\/es\/Manual%20de%20instrucciones%20-%20Set%20de%20inicio%20H%C3%A1bitat.pdf\">Manual de instrucciones - Set de inicio H\u00e1bitat<\/a> (PDF 3,21 MB)<\/p>\n<p>- FR <a href=\"https:\/\/www.antstore.net\/shop\/images\/info\/fr\/Manuel%20d'instruction%20-%20Kit%20de%20d%C3%A9marrage%20Habitat.pdf\" data-cke-saved-href=\"https:\/\/www.antstore.net\/shop\/images\/info\/fr\/Manuel%20d'instruction%20-%20Kit%20de%20d%C3%A9marrage%20Habitat.pdf\">Manuel d'instruction - Kit de d\u00e9marrage Habitat<\/a> (PDF 3,21 MB)<\/p>\n<p>&nbsp;<\/p>","protected":false},"excerpt":{"rendered":"<p>The set consists of 26 parts and is for all ant species that live in fields or meadows.<br \/>\nM\u00e9ret: <span style=\"background-color: #ffffff; color: #00a859;\"><strong>M<\/strong><\/span><\/p>","protected":false},"featured_media":5451,"comment_status":"open","ping_status":"closed","template":"","meta":{"_acf_changed":false,"content-type":"","_monsterinsights_skip_tracking":false,"_monsterinsights_sitenote_active":false,"_monsterinsights_sitenote_note":"","_monsterinsights_sitenote_category":0},"product_brand":[],"product_cat":[73,74],"product_tag":[],"class_list":{"0":"post-2751","1":"product","2":"type-product","3":"status-publish","4":"has-post-thumbnail","6":"product_cat-starter-sets","7":"product_cat-starter-sets-habitat","9":"first","10":"instock","11":"taxable","12":"shipping-taxable","13":"purchasable","14":"product-type-simple"},"acf":[],"aioseo_notices":[],"jetpack_sharing_enabled":true,"_links":{"self":[{"href":"https:\/\/antcube.shop\/hu\/wp-json\/wp\/v2\/product\/2751","targetHints":{"allow":["GET"]}}],"collection":[{"href":"https:\/\/antcube.shop\/hu\/wp-json\/wp\/v2\/product"}],"about":[{"href":"https:\/\/antcube.shop\/hu\/wp-json\/wp\/v2\/types\/product"}],"replies":[{"embeddable":true,"href":"https:\/\/antcube.shop\/hu\/wp-json\/wp\/v2\/comments?post=2751"}],"wp:featuredmedia":[{"embeddable":true,"href":"https:\/\/antcube.shop\/hu\/wp-json\/wp\/v2\/media\/5451"}],"wp:attachment":[{"href":"https:\/\/antcube.shop\/hu\/wp-json\/wp\/v2\/media?parent=2751"}],"wp:term":[{"taxonomy":"product_brand","embeddable":true,"href":"https:\/\/antcube.shop\/hu\/wp-json\/wp\/v2\/product_brand?post=2751"},{"taxonomy":"product_cat","embeddable":true,"href":"https:\/\/antcube.shop\/hu\/wp-json\/wp\/v2\/product_cat?post=2751"},{"taxonomy":"product_tag","embeddable":true,"href":"https:\/\/antcube.shop\/hu\/wp-json\/wp\/v2\/product_tag?post=2751"}],"curies":[{"name":"wp","href":"https:\/\/api.w.org\/{rel}","templated":true}]}}