{"id":2744,"date":"2021-10-08T12:05:54","date_gmt":"2021-10-08T10:05:54","guid":{"rendered":"https:\/\/antcube.shop\/produkt\/antcube-starter-set-s-20x20-wald\/"},"modified":"2026-04-07T10:39:01","modified_gmt":"2026-04-07T08:39:01","slug":"antcube-starter-set-s-20x20-wald-2","status":"publish","type":"product","link":"https:\/\/antcube.shop\/hu\/termek\/antcube-starter-set-s-20x20-wald-2\/","title":{"rendered":"ANTCUBE Starter Set S - 20\u00d720 - Forest"},"content":{"rendered":"<p><strong>Tartalom:<\/strong><br \/>\n1x T\u00fccs\u00f6klekv\u00e1r 25g<br \/>\n1x Erdei m\u00e9z (Wa) - ut\u00e1nt\u00f6lt\u0151 10ml<\/p>\n<p>1x ANTCUBE - Ar\u00e9na 20x20x10 - lapos<br \/>\n1x Hangya ar\u00e9na keret 20\u00d720<br \/>\n1x hangya ar\u00e9na bor\u00edt\u00e1s 20\u00d720<br \/>\n4x r\u00f6gz\u00edt\u00e9si pont az ar\u00e9na fedel\u00e9hez<br \/>\n2x ANTCUBE - Hangyafarm - L - 20\u00d720 - f\u00fcgg\u0151legesen \u00e1ll\u00edtva<\/p>\n<p>1x 0,5 m-es cs\u0151 \u00e1tl\u00e1tsz\u00f3 10\/06 mm<br \/>\n1x ANTCUBE - Piros f\u00f3lia 20\u00d720 - sz\u0171r\u0151<br \/>\n1x \u00f6ntapad\u00f3 bilincsek - \u00e1tl\u00e1tsz\u00f3 2 db.<br \/>\n1x aljzat - erdei - 1kg<br \/>\n1x Formicarien granul\u00e1tum 200 ml - fekete<\/p>\n<p>1x r\u00e1csbet\u00e9t - 50mm - rozsdamentes ac\u00e9l<br \/>\n1x Formicarium dug\u00f3 50 mm-es lyukhoz<br \/>\n1x Formicarium dug\u00f3 27mm-es lyukhoz<br \/>\n1x Formicarium sapka 6mm-es aljzathoz<\/p>\n<p>1x medencek\u00f6t\u0151 B-27 \u00e9s S-10-16 mm M25 - szett<br \/>\n1x Iv\u00f3cs\u0151 2ml - 360 fokban<br \/>\n1x iv\u00f3v\u00e1ly\u00fa \u00e1tl\u00e1tsz\u00f3 20ml - szivacs<br \/>\n1x t\u00e1l \u00e1tl\u00e1tsz\u00f3 1\u00d720 - szivacs<br \/>\nMini termo higrom\u00e9ter anal\u00f3g - kijelz\u0151 - akaszt\u00e1s<br \/>\n1x Hangya v\u00e9delmi olaj 10ml<br \/>\n1x Csipesz rug\u00f3ac\u00e9l - sz\u00e9les - puha<br \/>\n1x Csipesz m\u0171anyag \u00e1tl\u00e1tsz\u00f3<br \/>\n1x m\u0171anyag pipetta 3ml<br \/>\n1x k\u00e9zi nagy\u00edt\u00f3 - 2x - 30mm<br \/>\n1x habszivacs ablakt\u00f6rl\u0151 150x18x2,5mm<br \/>\n1x fot\u00f3 h\u00e1tlap - erd\u0151 - 20\u00d710<\/p>\n<p><strong>Le\u00edr\u00e1s:<\/strong><br \/>\nEz az erdei indul\u00f3 k\u00e9szlet az erd\u0151 talaj\u00e1n \u00e9l\u0151 \u00f6sszes hangyafaj sz\u00e1m\u00e1ra alkalmas.<\/p>\n<p>A teljesen \u00e1tl\u00e1that\u00f3 farmon (f\u00e9szek) a \"Talaj - erd\u0151\" a farm kit\u00f6lt\u00e9s\u00e9re szolg\u00e1l. Sz\u00fcks\u00e9g eset\u00e9n tov\u00e1bbi modulok csatlakoztathat\u00f3k a burkolaton l\u00e9v\u0151 50 mm-es lyukakon kereszt\u00fcl, pl. a k\u00fcl\u00f6n kaphat\u00f3 k\u00f6dk\u00e9pz\u0151k, ventil\u00e1torok vagy l\u00e1mp\u00e1k. Alternat\u00edvak\u00e9nt a ny\u00edl\u00e1sok lez\u00e1r\u00e1s\u00e1hoz megfelel\u0151 formicarium-dug\u00f3k is mell\u00e9kelve vannak. K\u00edv\u00e1ns\u00e1gra a formicarium nyitottan is m\u0171k\u00f6dtethet\u0151, egyszer\u0171en felhelyezve a levehet\u0151 keretet \u00e9s a hangyasz\u00f6k\u00e9s elleni v\u00e9d\u0151olajat a peremre kenve. Az \"Itat\u00f3v\u00e1ly\u00fa 2ml - 360 fok\" m\u00e9z\/cukoroldat, az \"Itat\u00f3v\u00e1ly\u00fa tiszta 20ml - szivacs\" pedig v\u00edz sz\u00e1m\u00e1ra k\u00e9sz\u00fclt. A \"Mini h\u0151m\u00e9r\u0151\" a keretre vagy a fed\u00e9lre r\u00f6gz\u00edthet\u0151 \u00e9s a kl\u00edma\u00e9rt\u00e9keket mutatja.<\/p>\n<p><strong>Fontos:<\/strong> Haszn\u00e1lat el\u0151tt nedves\u00edtse meg az aljzatot, hogy a kever\u00e9k meg tudjon k\u00f6t\u0151dni \u00e9s szil\u00e1rdan meg tudjon \u00e1llni a hangyafarmon. Ezenk\u00edv\u00fcl, ha az aljzat t\u00fal sz\u00e1raz \u00e9s poros, a hangy\u00e1k l\u00e9g\u00fatjai elz\u00e1r\u00f3dhatnak, \u00e9s legrosszabb esetben az \u00e1llatok megfulladhatnak.<\/p>\n<p><strong>Aj\u00e1nl\u00e1s:<\/strong> Javasoljuk a 2 mm magas aljzatr\u00e9teget, hogy az \u00e1llatok ne tudj\u00e1k be\u00e1sni magukat az ar\u00e9n\u00e1ba, hanem ink\u00e1bb az erre a c\u00e9lra biztos\u00edtott tany\u00e1t haszn\u00e1lj\u00e1k. Javasoljuk tov\u00e1bb\u00e1, hogy a farmon l\u00e9v\u0151 f\u00e9szkel\u0151anyagot (homok\/agyag, Digfix stb.) egy helyen enyh\u00e9n sz\u00farjuk ki, hogy az \u00e1llatok sz\u00e1m\u00e1ra megk\u00f6nny\u00edts\u00fck az \u00e1s\u00e1st.<\/p>\n<p><strong>Megjegyz\u00e9sek a gy\u00e1rt\u00e1shoz<\/strong><br \/>\nAz \u00fcveg m\u00e9retre v\u00e1g\u00e1sa a DIN 1249 szabv\u00e1ny szerint t\u00f6rt\u00e9nik, +\/- 1 mm-es t\u0171r\u00e9ssel. A rendk\u00edv\u00fcl kis hangyafajok eset\u00e9ben kieg\u00e9sz\u00edt\u0151 kit\u00f6r\u00e9sv\u00e9delemre van sz\u00fcks\u00e9g.<\/p>\n<p><strong>Megjegyz\u00e9sek a gazdas\u00e1gr\u00f3l<\/strong><br \/>\nA t\u00f6ml\u0151k csatlakoztat\u00e1sakor vagy elt\u00e1vol\u00edt\u00e1sakor vegye figyelembe a k\u00f6vetkez\u0151ket:<br \/>\nHa a cs\u0151 nagyon nehezen illeszkedik a csatlakoz\u00f3aljzatra, az aljzatot enyh\u00e9n be kell d\u00f6rzs\u00f6lni egy csepp kit\u00f6r\u00e9sv\u00e9d\u0151 olajjal vagy porral. A t\u00f6ml\u0151t ezut\u00e1n csavar\u00f3 vagy csavar\u00f3 mozdulatokkal kell a csatlakoz\u00f3aljzatra tolni an\u00e9lk\u00fcl, hogy a csatlakoz\u00f3aljzatot fel-le mozdulatokkal meger\u0151ltetn\u00e9nk. Ugyanez vonatkozik a t\u00f6ml\u0151k mez\u0151gazdas\u00e1gi csatlakoz\u00f3aljzatb\u00f3l t\u00f6rt\u00e9n\u0151 elt\u00e1vol\u00edt\u00e1s\u00e1ra is. K\u00e9rj\u00fck, ne h\u00fazza le egyszer\u0171en!<\/p>\n<p><strong>Utas\u00edt\u00e1sok:<\/strong> (2023-as verzi\u00f3, a 2024-es friss\u00edtett verzi\u00f3 legk\u00e9s\u0151bb 2024. 04. 04-ig lesz el\u00e9rhet\u0151)<\/p>\n<p>- DE <a href=\"https:\/\/www.antstore.net\/shop\/images\/info\/de\/Gebrauchsanweisung%20Starter%20Set%20Habitat.pdf\">Gebrauchsanweisung Starter Set Habitat<\/a> (PDF 3,21 MB)<\/p>\n<p>- HU <a href=\"https:\/\/www.antstore.net\/shop\/images\/info\/en\/Instructions%20for%20use%20-%20Starter%20Set%20Habitat.pdf\">Haszn\u00e1lati utas\u00edt\u00e1s - Starter Set Habitat<\/a> (PDF 3,21 MB)<\/p>\n<p>- ES <a href=\"https:\/\/www.antstore.net\/shop\/images\/info\/es\/Manual%20de%20instrucciones%20-%20Set%20de%20inicio%20H%C3%A1bitat.pdf\">Manual de instrucciones - Set de inicio H\u00e1bitat<\/a> (PDF 3,21 MB)<\/p>\n<p>- FR <a href=\"https:\/\/www.antstore.net\/shop\/images\/info\/fr\/Manuel%20d'instruction%20-%20Kit%20de%20d%C3%A9marrage%20Habitat.pdf\">Manuel d'instruction - Kit de d\u00e9marrage Habitat<\/a> (PDF 3,21 MB)<\/p>\n<p><strong>Notes on Forest Honey (Wa) - ut\u00e1nt\u00f6lt\u0151 csomag 10ml<\/strong><br \/>\nTartalom: 10 ml<\/p>\n<p><strong>Le\u00edr\u00e1s:<\/strong> Ez egy tiszt\u00e1n term\u00e9szetes term\u00e9k. A m\u00e9z erd\u0151kb\u0151l sz\u00e1rmazik, ez\u00e9rt ide\u00e1lis az erd\u0151ben \u00e9l\u0151 hangyafajok sz\u00e1m\u00e1ra.<br \/>\nAlkalmaz\u00e1s: A t\u00e1pcs\u0151 eg\u00e9szben is elhelyezhet\u0151 a formik\u00e1riumban, vagy sz\u00fcks\u00e9g szerint\/ a kol\u00f3nia m\u00e9ret\u00e9nek megfelel\u0151en kisebb mennyis\u00e9geket adhatunk egy etet\u0151t\u00e1lba. Az eles\u00e9get kb. 3 napon bel\u00fcl el kell fogyasztani, k\u00fcl\u00f6nben fenn\u00e1ll a pen\u00e9szed\u00e9s vesz\u00e9lye, \u00e9s ugyanezen okb\u00f3l kifoly\u00f3lag az \u00fajrat\u00f6lt\u00e9s el\u0151tt tiszt\u00edtsa meg az eles\u00e9gest\u00e1lat.<\/p>\n<p><strong>Haszn\u00e1lja:<\/strong><br \/>\nErdei m\u00e9z = m\u00e9zev\u0151 hangyafajok (Meliphagidae) sz\u00e1m\u00e1ra<br \/>\nEz egy kieg\u00e9sz\u00edt\u0151 takarm\u00e1ny<br \/>\nAz \u00e1llatoknak felk\u00edn\u00e1lhat\u00f3, ahogyan az ell\u00e1t\u00e1st kapj\u00e1k. Mivel a nedvess\u00e9g hat\u00e1s\u00e1ra a cukorkoncentr\u00e1ci\u00f3 cs\u00f6kken, \u00e9s erjed\u00e9si folyamat indul be, a takarm\u00e1nyt 3 naponta ki kell cser\u00e9lni. \u00dajb\u00f3li felhaszn\u00e1l\u00e1s el\u0151tt alaposan tiszt\u00edtsa meg az etet\u0151t\u00e1lat\/cs\u00f6vet.<br \/>\nA felbontott csomagot a lej\u00e1rati id\u0151 lej\u00e1rt\u00e1ig szorosan z\u00e1rva kell tartani.<\/p>\n<p><strong>Tartalmazza:<\/strong> A m\u00e9z \u00f6sszetev\u0151i \u00e1ltal\u00e1ban a m\u00e9z fajt\u00e1j\u00e1t\u00f3l f\u00fcgg\u0151en v\u00e1ltoznak az ar\u00e1nyok.<br \/>\n- kb. 38 % gy\u00fcm\u00f6lcscukor (frukt\u00f3z)<br \/>\n- kb. 32 % dextr\u00f3z (gl\u00fck\u00f3z)<br \/>\n- kb. 20 % v\u00edz<br \/>\n- kb. 5 % poliszacharidok<br \/>\n- kb. 5 % vitamin (B1, B2, B6, C, H)<br \/>\n\u00c1sv\u00e1nyi anyagok (k\u00e1lium, kalcium, r\u00e9z, vas, n\u00e1trium, magn\u00e9zium, foszfor, cink \u00e9s egy\u00e9b nyomelemek). Aminosavak (prolin, leucin, fenilalanin, alanin, hisztidin, izoleucin, glutaminsav, arginin, aszparaginsav stb.) Szerves savak Enzimek (fermentumok)Arom\u00e1k Inhibinek (antibakteri\u00e1lis anyagok) Vir\u00e1gok Vir\u00e1gpor.<\/p>\n<p><strong>T\u00e1rol\u00e1s:<\/strong> A takarm\u00e1ny min\u0151s\u00e9g\u00e9nek biztos\u00edt\u00e1sa \u00e9rdek\u00e9ben a takarm\u00e1nyt s\u00f6t\u00e9t \u00e9s sz\u00e1raz helyen kell t\u00e1rolni.<\/p>\n<p><strong>Megjegyz\u00e9s:<\/strong><br \/>\nKieg\u00e9sz\u00edt\u0151 takarm\u00e1ny m\u00e9zev\u0151 hangy\u00e1k sz\u00e1m\u00e1ra.<br \/>\nAz \u00f6sszet\u00e9telt, az analitikai \u00f6sszetev\u0151ket, a min\u0151s\u00e9gmeg\u0151rz\u00e9si id\u0151t \u00e9s a t\u00e9telsz\u00e1mot l\u00e1sd a betegt\u00e1j\u00e9koztat\u00f3ban.<\/p>\n<p>Inform\u00e1ci\u00f3s forr\u00f3dr\u00f3t +49 30 439703870<\/p>\n<p><strong>Felel\u0151s \u00e1llateg\u00e9szs\u00e9g\u00fcgyi \u00e9s \u00e9lelmiszer-fel\u00fcgyeleti hat\u00f3s\u00e1g:<\/strong><br \/>\nSteglitz \u00e1llatorvosi rendel\u0151<br \/>\nK\u00f6nigin-Luise-Str. 92<br \/>\n14195 Berlin<\/p>\n<p><strong>Jegyzetek a krikettdzsemborir\u00f3l:<\/strong><br \/>\nA feh\u00e9r\u00edtett t\u00fccsk\u00f6kkel k\u00f6nnyen biztos\u00edthatja hangy\u00e1i sz\u00e1m\u00e1ra a frissen tart\u00f3s\u00edtott feh\u00e9rjet\u00e1pl\u00e1l\u00e9kot an\u00e9lk\u00fcl, hogy \u00e9l\u0151 rovarokat kellene etetnie. A benne l\u00e9v\u0151 t\u00fccsk\u00f6ket (Acheta domesticus) k\u00edm\u00e9letesen blans\u00edroztuk, hogy a t\u00e1p\u00e9rt\u00e9kek, az \u00edz \u00e9s az aroma megmaradjon. Ezen k\u00edv\u00fcl a rovarok kitinh\u00e9ja is megpuhult \u00edgy, hogy k\u00f6nnyebben em\u00e9szthet\u0151 legyen. A kollag\u00e9nfeh\u00e9rj\u00e9k k\u00f6t\u00e9seit felbontj\u00e1k, hogy a hangy\u00e1k jobban hasznos\u00edthass\u00e1k azokat. A konzerv Acheta domesticus ugyanolyan t\u00e1p\u00e9rt\u00e9k\u0171, mint az \u00e9l\u0151 t\u00fccs\u00f6k, de k\u00f6nnyebben em\u00e9szthet\u0151.<\/p>\n<p>A Cricket Jam nem alkalmas olyan hangyafajok vad\u00e1szat\u00e1ra, amelyek \u00e9l\u0151 t\u00e1pl\u00e1l\u00e9kot ig\u00e9nyelnek (pl. ponerines (nagy hangy\u00e1k), mint a Harpegnathos vagy Odontomachus).<\/p>\n<p><strong>Tov\u00e1bbi el\u0151ny\u00f6k:<\/strong><br \/>\nGarant\u00e1ltan atkamentes<br \/>\nAdagolhat\u00f3 \u00e9s v\u00edzzel h\u00edg\u00edthat\u00f3<br \/>\nSteriliz\u00e1lt \u00e9s v\u00e1kuumcsomagolt<br \/>\nAdal\u00e9kanyagok n\u00e9lk\u00fcl<br \/>\nT\u00fccsk\u00f6k fenntarthat\u00f3, tiszt\u00e1n \u00f6kol\u00f3giai teny\u00e9szt\u00e9sb\u0151l sz\u00e1rmaz\u00f3, szerves hullad\u00e9kkal t\u00e1pl\u00e1lt t\u00fccsk\u00f6k.<\/p>\n<p><strong>Megjegyz\u00e9s:<\/strong><br \/>\nFelbont\u00e1s ut\u00e1n a h\u0171t\u0151szekr\u00e9nyben k\u00f6r\u00fclbel\u00fcl n\u00e9gy napig eltarthat\u00f3. Fagyasztva hosszabb ideig eltarthat\u00f3.<br \/>\nFigyelem! El\u0151sz\u00f6r adagoljon, majd fagyassza be.<\/p>","protected":false},"excerpt":{"rendered":"<p>A k\u00e9szlet 42 darabb\u00f3l \u00e1ll, \u00e9s az erdei talajban \u00e9l\u0151 \u00f6sszes hangyafajra vonatkozik.<br \/>\nM\u00e9ret: <span style=\"color: #ff8c00;\"><strong>S<\/strong><\/span><\/p>","protected":false},"featured_media":5450,"comment_status":"open","ping_status":"closed","template":"","meta":{"_acf_changed":false,"content-type":"","_monsterinsights_skip_tracking":false,"_monsterinsights_sitenote_active":false,"_monsterinsights_sitenote_note":"","_monsterinsights_sitenote_category":0},"product_brand":[],"product_cat":[73,74],"product_tag":[],"class_list":{"0":"post-2744","1":"product","2":"type-product","3":"status-publish","4":"has-post-thumbnail","6":"product_cat-starter-sets","7":"product_cat-starter-sets-habitat","9":"first","10":"outofstock","11":"taxable","12":"shipping-taxable","13":"purchasable","14":"product-type-simple"},"acf":[],"aioseo_notices":[],"jetpack_sharing_enabled":true,"_links":{"self":[{"href":"https:\/\/antcube.shop\/hu\/wp-json\/wp\/v2\/product\/2744","targetHints":{"allow":["GET"]}}],"collection":[{"href":"https:\/\/antcube.shop\/hu\/wp-json\/wp\/v2\/product"}],"about":[{"href":"https:\/\/antcube.shop\/hu\/wp-json\/wp\/v2\/types\/product"}],"replies":[{"embeddable":true,"href":"https:\/\/antcube.shop\/hu\/wp-json\/wp\/v2\/comments?post=2744"}],"wp:featuredmedia":[{"embeddable":true,"href":"https:\/\/antcube.shop\/hu\/wp-json\/wp\/v2\/media\/5450"}],"wp:attachment":[{"href":"https:\/\/antcube.shop\/hu\/wp-json\/wp\/v2\/media?parent=2744"}],"wp:term":[{"taxonomy":"product_brand","embeddable":true,"href":"https:\/\/antcube.shop\/hu\/wp-json\/wp\/v2\/product_brand?post=2744"},{"taxonomy":"product_cat","embeddable":true,"href":"https:\/\/antcube.shop\/hu\/wp-json\/wp\/v2\/product_cat?post=2744"},{"taxonomy":"product_tag","embeddable":true,"href":"https:\/\/antcube.shop\/hu\/wp-json\/wp\/v2\/product_tag?post=2744"}],"curies":[{"name":"wp","href":"https:\/\/api.w.org\/{rel}","templated":true}]}}