{"id":2737,"date":"2021-10-08T12:04:45","date_gmt":"2021-10-08T10:04:45","guid":{"rendered":"https:\/\/antcube.shop\/produkt\/antcube-starter-set-fur-blattschneiderarten-gros\/"},"modified":"2026-04-01T13:28:05","modified_gmt":"2026-04-01T11:28:05","slug":"antcube-starter-set-fur-blattschneiderarten-gros","status":"publish","type":"product","link":"https:\/\/antcube.shop\/hu\/termek\/antcube-starter-set-fur-blattschneiderarten-gros\/","title":{"rendered":"ANTCUBE - Starter szett lev\u00e9lv\u00e1g\u00f3 hangy\u00e1knak - Nagym\u00e9ret\u0171"},"content":{"rendered":"<p><span data-text-color=\"alert\"><strong>Sz\u00e1ll\u00edt\u00e1s csak a palett\u00e1n t\u00f6rt\u00e9n\u0151 tov\u00e1bb\u00edt\u00e1ssal lehets\u00e9ges.<\/strong><\/span><\/p>\n<p><strong>Tartalmazza:<\/strong><\/p>\n<p>1x ANTCUBE Arena 30x30x60 tol\u00f3ajt\u00f3val<br \/>\n1x keret tol\u00f3ajt\u00f3hoz<br \/>\n2x ANTCUBE Arena 30x30x30cm<br \/>\n3x hangya ar\u00e9na keret 30x30cm<br \/>\n3x hangya ar\u00e9na bor\u00edt\u00e1s 30x30cm<br \/>\n12x r\u00f6gz\u00edt\u00e9si pont az ar\u00e9na fedel\u00e9hez<\/p>\n<p>1x hangyacs\u0151 - krist\u00e1lytiszta 50mm - 1m (felezett)<br \/>\n1x aljzat - es\u0151erd\u0151 - 1 kg<br \/>\n1x Formicarium granul\u00e1tum 200ml - b\u00e9zs sz\u00edn\u0171<br \/>\n3x Formicarium alap 30\u00d730<\/p>\n<p>3x Formicarium plug for 50mm hole<br \/>\n8x Grid insert acrylic &#8211; 50 mm with sealing ring<br \/>\n4x tart\u00e1lycsatlakoz\u00f3 1 1\/2\" - 50mm - krist\u00e1lytiszta<br \/>\n4x Formicarium anya 1 1\/2 h\u00fcvelyk - krist\u00e1lytiszta<\/p>\n<p>1x Foil thermometer Display<br \/>\n1x drinking clear 5ml &#8211; sponge<br \/>\n1x csipesz rug\u00f3ac\u00e9l - sz\u00e9les - puha<br \/>\n1x Formicarium csipesz - m\u0171anyag<br \/>\n1x k\u00e9zi nagy\u00edt\u00f3 - 2x - 30mm<br \/>\n1x hangyasz\u00f6k\u00e9s elleni v\u00e9d\u0151olaj 10ml<br \/>\n1x habszivacs ablakt\u00f6rl\u0151 150x18x2,5mm<br \/>\n0,5 literes permetez\u0151 palack - s\u00e1rgar\u00e9z f\u00fav\u00f3ka<br \/>\n1x R\u00f3zsaszirmok 100g - sz\u00e1r\u00edtva<br \/>\n2x fot\u00f3 h\u00e1tfal - es\u0151erd\u0151 - 30\u00d730<br \/>\n1x fot\u00f3 h\u00e1tfal - es\u0151erd\u0151 - 30\u00d760 - magas<\/p>\n<p><strong>Le\u00edr\u00e1s:<\/strong><br \/>\nThis expandable starter set for all leafcutter ant species contains, in addition to the optimally adapted formicarium, the appropriate accessories for keeping these ants. The voluminous basins allow easy handling for feeding and cleaning. The large holes (50 mm) and tubes not only make it easy to observe the ants, they also allow the animals to remove large pieces of leaf. The stainless steel mesh inserts ensure good ventilation and are robust against mechanical impact. Even large colonies of leaf-cutter ants, which are very fond of cutting, are unable to penetrate them. The sturdy screw sockets are also absolutely bite-proof.. If necessary, the humidity can be increased using the spray bottle.<\/p>\n<p><strong>Fontos:<\/strong> Haszn\u00e1lat el\u0151tt nedves\u00edtse meg az aljzatot, hogy a kever\u00e9k meg tudjon k\u00f6t\u0151dni \u00e9s szil\u00e1rdan meg tudjon \u00e1llni a hangyafarmon. Ezenk\u00edv\u00fcl, ha az aljzat t\u00fal sz\u00e1raz \u00e9s poros, a hangy\u00e1k l\u00e9g\u00fatjai elz\u00e1r\u00f3dhatnak, \u00e9s legrosszabb esetben az \u00e1llatok megfulladhatnak.<\/p>\n<p><strong>Megjegyz\u00e9sek a gy\u00e1rt\u00e1shoz<\/strong><br \/>\nAz \u00fcveg m\u00e9retre v\u00e1g\u00e1sa a DIN 1249 szabv\u00e1ny szerint t\u00f6rt\u00e9nik, +\/- 1 mm-es t\u0171r\u00e9ssel. A rendk\u00edv\u00fcl kis hangyafajok eset\u00e9ben kieg\u00e9sz\u00edt\u0151 menek\u00fcl\u00e9sv\u00e9delemre van sz\u00fcks\u00e9g.<\/p>\n<p><strong>A tol\u00f3ajt\u00f3 ar\u00e9na le\u00edr\u00e1sa: <\/strong>A 30x30x60-as ANTCUBE ar\u00e9n\u00e1t tol\u00f3ajt\u00f3val \u00fagy fejlesztett\u00fck ki, hogy m\u00e9g teljes formik\u00e1ri\u00e1ban is k\u00e9nyelmesen dolgozhasson. K\u00fcl\u00f6n\u00f6sen hasznosak formik\u00e1riumk\u00e9nt a sz\u00f6v\u0151hangy\u00e1k (Polyrhachis \u00e9s Oecophylla) sz\u00e1m\u00e1ra, mivel szeretnek felfel\u00e9 \u00e9p\u00edtkezni, \u00e9s gazdan\u00f6v\u00e9nyre van sz\u00fcks\u00e9g\u00fck. N\u00e9ha neh\u00e9zs\u00e9get okozhat p\u00e9ld\u00e1ul a formik\u00e1rium alj\u00e1n l\u00e9v\u0151 \u00e1llatok hullad\u00e9k\u00e1nak elt\u00e1vol\u00edt\u00e1sa. Ezzel a speci\u00e1lisan erre a c\u00e9lra kialak\u00edtott akv\u00e1riummal ez nem jelent probl\u00e9m\u00e1t. A tol\u00f3ajt\u00f3 az Acromyrmex vagy Atta lev\u00e9lv\u00e1g\u00f3 hangy\u00e1k etet\u0151medenc\u00e9ihez is nagyon praktikus, mivel a n\u00f6v\u00e9nyi maradv\u00e1nyok \u00e9s egy\u00e9b hullad\u00e9kok k\u00f6nnyen elt\u00e1vol\u00edthat\u00f3k. A tol\u00f3ajt\u00f3keretet (cikksz\u00e1m: 1005648) arra is haszn\u00e1lhatja, hogy megakad\u00e1lyozza az \u00e1llatok sz\u00f6k\u00e9s\u00e9t munka k\u00f6zben.<\/p>","protected":false},"excerpt":{"rendered":"<p>The set consists of 47 parts and is suitable for all leaf cutter ant species.<br \/>\nM\u00e9ret: <span style=\"color: #ed1c24;\"><strong>XL<\/strong><\/span><\/p>","protected":false},"featured_media":7665,"comment_status":"open","ping_status":"closed","template":"","meta":{"_acf_changed":false,"content-type":"","_monsterinsights_skip_tracking":false,"_monsterinsights_sitenote_active":false,"_monsterinsights_sitenote_note":"","_monsterinsights_sitenote_category":0},"product_brand":[484],"product_cat":[73,79],"product_tag":[],"class_list":{"0":"post-2737","1":"product","2":"type-product","3":"status-publish","4":"has-post-thumbnail","6":"product_brand-antcube","7":"product_cat-starter-sets","8":"product_cat-starter-sets-for-leafcutter-ants","9":"product_shipping_class-forwarding-on-pallet","11":"first","12":"instock","13":"taxable","14":"shipping-taxable","15":"purchasable","16":"product-type-simple"},"acf":[],"aioseo_notices":[],"jetpack_sharing_enabled":true,"_links":{"self":[{"href":"https:\/\/antcube.shop\/hu\/wp-json\/wp\/v2\/product\/2737","targetHints":{"allow":["GET"]}}],"collection":[{"href":"https:\/\/antcube.shop\/hu\/wp-json\/wp\/v2\/product"}],"about":[{"href":"https:\/\/antcube.shop\/hu\/wp-json\/wp\/v2\/types\/product"}],"replies":[{"embeddable":true,"href":"https:\/\/antcube.shop\/hu\/wp-json\/wp\/v2\/comments?post=2737"}],"wp:featuredmedia":[{"embeddable":true,"href":"https:\/\/antcube.shop\/hu\/wp-json\/wp\/v2\/media\/7665"}],"wp:attachment":[{"href":"https:\/\/antcube.shop\/hu\/wp-json\/wp\/v2\/media?parent=2737"}],"wp:term":[{"taxonomy":"product_brand","embeddable":true,"href":"https:\/\/antcube.shop\/hu\/wp-json\/wp\/v2\/product_brand?post=2737"},{"taxonomy":"product_cat","embeddable":true,"href":"https:\/\/antcube.shop\/hu\/wp-json\/wp\/v2\/product_cat?post=2737"},{"taxonomy":"product_tag","embeddable":true,"href":"https:\/\/antcube.shop\/hu\/wp-json\/wp\/v2\/product_tag?post=2737"}],"curies":[{"name":"wp","href":"https:\/\/api.w.org\/{rel}","templated":true}]}}