{"id":2734,"date":"2021-10-08T12:04:16","date_gmt":"2021-10-08T10:04:16","guid":{"rendered":"https:\/\/antcube.shop\/produkt\/antcube-arena-20x20x20-combi-l\/"},"modified":"2026-04-07T11:39:23","modified_gmt":"2026-04-07T09:39:23","slug":"antcube-arena-20x20x20-combi-l","status":"publish","type":"product","link":"https:\/\/antcube.shop\/hu\/termek\/antcube-arena-20x20x20-combi-l\/","title":{"rendered":"ANTCUBE - Arena 20x20x20 - Combi L"},"content":{"rendered":"<p><strong>M\u00e9retek:<\/strong> 20x20x20 cm; 4 mm \u00fcvegvastags\u00e1g<\/p>\n<p><strong>Anyag:<\/strong> szilikonnal ragasztott \u00fcveg<\/p>\n<p><strong>Csatlakoz\u00e1s:<\/strong> 2x furat 27mm (2x 10mm furat a f\u00e9szek ter\u00fclet\u00e9n)<\/p>\n<p><strong>T\u00e1ny\u00e9rt\u00e1vols\u00e1g f\u00e9szek ter\u00fclet:<\/strong> k\u00f6r\u00fclbel\u00fcl 20mm<\/p>\n<p><strong>Le\u00edr\u00e1s:<\/strong> A hangyaar\u00e9na - Combi egy farm- vagy f\u00e9szkel\u00e9si ter\u00fclettel rendelkezik, amely a formicariumba van integr\u00e1lva. A hangy\u00e1k az ar\u00e9n\u00e1b\u00f3l k\u00e9t bels\u0151 10 mm-es ny\u00edl\u00e1son kereszt\u00fcl jutnak a f\u00e9szekhez.<\/p>\n<p><strong>\u00c9rtes\u00edt\u00e9s:<\/strong><br \/>\nF\u00e9szekbet\u00e9tjeink (pl. parafa, gipsz) haszn\u00e1lata eset\u00e9n k\u00e9rj\u00fck, vegye figyelembe, hogy ezek 8 mm-rel keskenyebbek, mivel eredetileg \u00fagy tervezt\u00fck \u0151ket, hogy a keskenyebb hangyafarmjainkhoz, valamint az ar\u00e9na bet\u00e9tekhez is illeszkedjenek! Itt a k\u00f6zbees\u0151 teret ki kellene t\u00f6lteni t\u00f6lt\u0151anyaggal, p\u00e9ld\u00e1ul gipsszel vagy agyaggal.<\/p>\n<p>&nbsp;<\/p>","protected":false},"excerpt":{"rendered":"<p>Csatlakoz\u00e1s: 2x lyuk 27 mm<br \/>\nM\u00e9ret: <span style=\"color: #0000ff;\"><strong>L<\/strong><\/span><\/p>","protected":false},"featured_media":328,"comment_status":"open","ping_status":"closed","template":"","meta":{"_acf_changed":false,"content-type":"","_monsterinsights_skip_tracking":false,"_monsterinsights_sitenote_active":false,"_monsterinsights_sitenote_note":"","_monsterinsights_sitenote_category":0},"product_brand":[],"product_cat":[85,83,86],"product_tag":[],"class_list":{"0":"post-2734","1":"product","2":"type-product","3":"status-publish","4":"has-post-thumbnail","6":"product_cat-ant-arenas","7":"product_cat-antfarms-l","8":"product_cat-formicariums","10":"first","11":"instock","12":"taxable","13":"shipping-taxable","14":"purchasable","15":"product-type-simple"},"acf":[],"aioseo_notices":[],"jetpack_sharing_enabled":true,"_links":{"self":[{"href":"https:\/\/antcube.shop\/hu\/wp-json\/wp\/v2\/product\/2734","targetHints":{"allow":["GET"]}}],"collection":[{"href":"https:\/\/antcube.shop\/hu\/wp-json\/wp\/v2\/product"}],"about":[{"href":"https:\/\/antcube.shop\/hu\/wp-json\/wp\/v2\/types\/product"}],"replies":[{"embeddable":true,"href":"https:\/\/antcube.shop\/hu\/wp-json\/wp\/v2\/comments?post=2734"}],"wp:featuredmedia":[{"embeddable":true,"href":"https:\/\/antcube.shop\/hu\/wp-json\/wp\/v2\/media\/328"}],"wp:attachment":[{"href":"https:\/\/antcube.shop\/hu\/wp-json\/wp\/v2\/media?parent=2734"}],"wp:term":[{"taxonomy":"product_brand","embeddable":true,"href":"https:\/\/antcube.shop\/hu\/wp-json\/wp\/v2\/product_brand?post=2734"},{"taxonomy":"product_cat","embeddable":true,"href":"https:\/\/antcube.shop\/hu\/wp-json\/wp\/v2\/product_cat?post=2734"},{"taxonomy":"product_tag","embeddable":true,"href":"https:\/\/antcube.shop\/hu\/wp-json\/wp\/v2\/product_tag?post=2734"}],"curies":[{"name":"wp","href":"https:\/\/api.w.org\/{rel}","templated":true}]}}