{"id":2728,"date":"2021-10-08T12:02:35","date_gmt":"2021-10-08T10:02:35","guid":{"rendered":"https:\/\/antcube.shop\/produkt\/antcube-starter-set-fur-blattschneiderarten-klein\/"},"modified":"2026-04-13T09:33:20","modified_gmt":"2026-04-13T07:33:20","slug":"antcube-starter-set-fur-blattschneiderarten-klein","status":"publish","type":"product","link":"https:\/\/antcube.shop\/hu\/termek\/antcube-starter-set-fur-blattschneiderarten-klein\/","title":{"rendered":"ANTCUBE - Starter szett lev\u00e9lv\u00e1g\u00f3 hangy\u00e1knak - kicsi"},"content":{"rendered":"<p><span data-text-color=\"alert\"><strong>\u00daJ 04\/2024-t\u0151l:<\/strong><\/span><br \/>\n<strong>Az etet\u0151medenc\u00e9t most 20x20x40 cm magas ar\u00e9nak\u00e9nt sz\u00e1ll\u00edtjuk. \u00cdgy t\u00f6bb hely marad az \u00e9lelem sz\u00e1m\u00e1ra.<\/strong><br \/>\n<strong>A r\u00e9gi csatlakoz\u00f3kat teljesen \u00e1tl\u00e1tsz\u00f3 \u00faj csatlakoz\u00f3kra cser\u00e9lt\u00fck, bele\u00e9rtve a teljesen \u00e1tl\u00e1tsz\u00f3 any\u00e1kat is.<\/strong><br \/>\n<strong>Minden medenc\u00e9hez formicarium p\u00e1rn\u00e1kat is adtunk (a b\u00fatorok \u00e9s a medenc\u00e9k v\u00e9delme \u00e9s a rezg\u00e9sek ellen).<\/strong><\/p>\n<p>&nbsp;<\/p>\n<p><strong>Tartalmazza:<\/strong><\/p>\n<p>2x ANTCUBE Arena 20x20x20cm<br \/>\n1x ANTCUBE Arena 20x20x40cm magas<br \/>\n3x hangya ar\u00e9na keret 20x20cm<br \/>\n3x hangya ar\u00e9na bor\u00edt\u00e1s 20x20cm<br \/>\n12x r\u00f6gz\u00edt\u00e9si pont az ar\u00e9na fedel\u00e9hez<\/p>\n<p>1x hangyacs\u0151 - krist\u00e1lytiszta 32mm - 1m (felezett)<br \/>\n1x aljzat - es\u0151erd\u0151 - 1 kg<br \/>\n1x Formicarium granul\u00e1tum 200ml - b\u00e9zs sz\u00edn\u0171<br \/>\n3x formicarium alap 20\u00d720<\/p>\n<p>2x formicarium dug\u00f3 50 mm-es lyukhoz<br \/>\n5x Grid insert acrylic &#8211; 50 mm with sealing ring<br \/>\n2x Grid insert acrylic &#8211; 27 mm with sealing ring<br \/>\n4x tart\u00e1lycsatlakoz\u00f3 3\/4\" 32mm-re - krist\u00e1lytiszta<br \/>\n4x Formicarium anya 3\/4 h\u00fcvelyk - krist\u00e1lytiszta<\/p>\n<p>1x Foil thermometer Display<br \/>\n1x drinking clear 5ml &#8211; sponge<br \/>\n1x Csipesz rug\u00f3ac\u00e9l - sz\u00e9les - puha<br \/>\n1x Formicarium csipesz - m\u0171anyag<br \/>\n1x k\u00e9zi nagy\u00edt\u00f3 - 2x - 30mm<br \/>\n1x hangyat\u00f6r\u00e9s elleni v\u00e9d\u0151olaj 10ml<br \/>\n1x habszivacs ablakt\u00f6rl\u0151 150x18x2,5mm<br \/>\n0,5 literes permetez\u0151 palack - s\u00e1rgar\u00e9z f\u00fav\u00f3ka<br \/>\n1x R\u00f3zsaszirmok 100g - sz\u00e1r\u00edtva<br \/>\n2x fot\u00f3 h\u00e1tfal - es\u0151erd\u0151 - 20\u00d720<br \/>\n1x fot\u00f3 h\u00e1tfal - es\u0151erd\u0151 - 20\u00d740 magas<\/p>\n<p><strong>Le\u00edr\u00e1s:<\/strong><br \/>\nThis expandable starter set for all leafcutter ant species contains, in addition to the optimally adapted formicarium, the appropriate accessories for keeping these ants. The basins are easy to use for feeding and cleaning. The large holes (27 mm) and tubes not only make it easy to observe the ants, they also allow the animals to remove large pieces of leaf. The stainless steel mesh inserts ensure good ventilation and are robust against mechanical impact. Even large colonies of leaf-cutter ants, which are very fond of cutting, are unable to penetrate them. The sturdy tube connectors are also absolutely bite-proof. The humidity can be increased using the spray bottle.<\/p>\n<p><strong>Fontos:<\/strong> Haszn\u00e1lat el\u0151tt nedves\u00edtse meg az aljzatot, hogy a kever\u00e9k meg tudjon k\u00f6t\u0151dni \u00e9s szil\u00e1rdan meg tudjon \u00e1llni a hangyafarmon. Ezenk\u00edv\u00fcl, ha az aljzat t\u00fal sz\u00e1raz \u00e9s poros, a hangy\u00e1k l\u00e9g\u00fatjai elz\u00e1r\u00f3dhatnak, \u00e9s legrosszabb esetben az \u00e1llatok megfulladhatnak.<\/p>\n<p><strong>Megjegyz\u00e9sek a gy\u00e1rt\u00e1shoz<\/strong><br \/>\nAz \u00fcveg m\u00e9retre v\u00e1g\u00e1sa a DIN 1249 szabv\u00e1ny szerint t\u00f6rt\u00e9nik, +\/- 1 mm-es t\u0171r\u00e9ssel. A rendk\u00edv\u00fcl kis hangyafajok eset\u00e9ben kieg\u00e9sz\u00edt\u0151 menek\u00fcl\u00e9sv\u00e9delemre van sz\u00fcks\u00e9g.<\/p>","protected":false},"excerpt":{"rendered":"<p>A k\u00e9szlet 43 r\u00e9szb\u0151l \u00e1ll<br \/>\nM\u00e9ret: <span style=\"color: #ed1c24;\"><strong>XL<\/strong><\/span><\/p>","protected":false},"featured_media":7666,"comment_status":"open","ping_status":"closed","template":"","meta":{"_acf_changed":false,"content-type":"","_monsterinsights_skip_tracking":false,"_monsterinsights_sitenote_active":false,"_monsterinsights_sitenote_note":"","_monsterinsights_sitenote_category":0},"product_brand":[],"product_cat":[73,79],"product_tag":[],"class_list":{"0":"post-2728","1":"product","2":"type-product","3":"status-publish","4":"has-post-thumbnail","6":"product_cat-starter-sets","7":"product_cat-starter-sets-for-leafcutter-ants","9":"first","10":"outofstock","11":"taxable","12":"shipping-taxable","13":"purchasable","14":"product-type-simple"},"acf":[],"aioseo_notices":[],"jetpack_sharing_enabled":true,"_links":{"self":[{"href":"https:\/\/antcube.shop\/hu\/wp-json\/wp\/v2\/product\/2728","targetHints":{"allow":["GET"]}}],"collection":[{"href":"https:\/\/antcube.shop\/hu\/wp-json\/wp\/v2\/product"}],"about":[{"href":"https:\/\/antcube.shop\/hu\/wp-json\/wp\/v2\/types\/product"}],"replies":[{"embeddable":true,"href":"https:\/\/antcube.shop\/hu\/wp-json\/wp\/v2\/comments?post=2728"}],"wp:featuredmedia":[{"embeddable":true,"href":"https:\/\/antcube.shop\/hu\/wp-json\/wp\/v2\/media\/7666"}],"wp:attachment":[{"href":"https:\/\/antcube.shop\/hu\/wp-json\/wp\/v2\/media?parent=2728"}],"wp:term":[{"taxonomy":"product_brand","embeddable":true,"href":"https:\/\/antcube.shop\/hu\/wp-json\/wp\/v2\/product_brand?post=2728"},{"taxonomy":"product_cat","embeddable":true,"href":"https:\/\/antcube.shop\/hu\/wp-json\/wp\/v2\/product_cat?post=2728"},{"taxonomy":"product_tag","embeddable":true,"href":"https:\/\/antcube.shop\/hu\/wp-json\/wp\/v2\/product_tag?post=2728"}],"curies":[{"name":"wp","href":"https:\/\/api.w.org\/{rel}","templated":true}]}}