{"id":2725,"date":"2021-10-08T12:02:06","date_gmt":"2021-10-08T10:02:06","guid":{"rendered":"https:\/\/antcube.shop\/produkt\/messor-structor\/"},"modified":"2023-03-21T15:22:12","modified_gmt":"2023-03-21T14:22:12","slug":"messor-structor-2","status":"publish","type":"product","link":"https:\/\/antcube.shop\/hu\/termek\/messor-structor-2\/","title":{"rendered":"Messor structor"},"content":{"rendered":"<p>&nbsp;<\/p>\n<table border=\"1\" cellspacing=\"1\" cellpadding=\"1\">\n<tbody>\n<tr>\n<td><strong>Latin neve:<\/strong><\/td>\n<td><strong><img data-recalc-dims=\"1\" loading=\"lazy\" decoding=\"async\" src=\"https:\/\/i0.wp.com\/www.antstore.net\/shop\/images\/icons\/ants\/lateinname.jpg?resize=30%2C30&#038;ssl=1\" alt=\"\" width=\"30\" height=\"30\" \/><\/strong><\/td>\n<td><em>Messor structor<\/em><\/td>\n<\/tr>\n<tr>\n<td><strong>Trivialname:<\/strong><\/td>\n<td><strong><img data-recalc-dims=\"1\" loading=\"lazy\" decoding=\"async\" src=\"https:\/\/i0.wp.com\/www.antstore.net\/shop\/images\/icons\/ants\/trivialname.jpg?resize=30%2C30&#038;ssl=1\" alt=\"\" width=\"30\" height=\"30\" \/><\/strong><\/td>\n<td>&#8211;<\/td>\n<\/tr>\n<tr>\n<td><strong>Taxon\u00f3mia:<\/strong><\/td>\n<td><strong><img data-recalc-dims=\"1\" loading=\"lazy\" decoding=\"async\" src=\"https:\/\/i0.wp.com\/www.antstore.net\/shop\/images\/icons\/ants\/taxonomie.jpg?resize=30%2C30&#038;ssl=1\" alt=\"\" width=\"30\" height=\"30\" \/><\/strong><\/td>\n<td><strong>Alcsal\u00e1d:<\/strong> Myrmicinae <strong>T\u00f6rzs:<\/strong> Pheidolini<\/td>\n<\/tr>\n<tr>\n<td><strong>Szintentart\u00e1s:<\/strong><\/td>\n<td><strong><img data-recalc-dims=\"1\" loading=\"lazy\" decoding=\"async\" src=\"https:\/\/i0.wp.com\/www.antstore.net\/shop\/images\/icons\/ants\/haltungsklasse.jpg?resize=30%2C30&#038;ssl=1\" alt=\"\" width=\"30\" height=\"30\" \/><\/strong><\/td>\n<td><strong>(1) <\/strong>D\u00e9l-Eur\u00f3p\u00e1b\u00f3l sz\u00e1rmaz\u00f3, magasabb t\u00e1pl\u00e1lkoz\u00e1si \u00e9s \u00e9ghajlati ig\u00e9ny\u0171 fajok<\/td>\n<\/tr>\n<tr>\n<td><strong>Elterjed\u00e9s:<\/strong><\/td>\n<td><strong><img data-recalc-dims=\"1\" loading=\"lazy\" decoding=\"async\" src=\"https:\/\/i0.wp.com\/www.antstore.net\/shop\/images\/icons\/ants\/verbreitung.jpg?resize=30%2C30&#038;ssl=1\" alt=\"\" width=\"30\" height=\"30\" \/><\/strong><\/td>\n<td>D\u00e9l-Eur\u00f3pa, D\u00e9l-eur\u00f3pai-f\u00e9lsziget<\/td>\n<\/tr>\n<tr>\n<td><span style=\"font-family: Arial;\"><b>\u00c9l\u0151hely:<\/b><\/span><\/td>\n<td><strong><img data-recalc-dims=\"1\" loading=\"lazy\" decoding=\"async\" src=\"https:\/\/i0.wp.com\/www.antstore.net\/shop\/images\/icons\/ants\/habitat.jpg?resize=30%2C30&#038;ssl=1\" alt=\"\" width=\"30\" height=\"30\" \/><\/strong><\/td>\n<td><span style=\"font-family: Arial;\">Homok- \u00e9s bokros ter\u00fcletek<\/span><\/td>\n<\/tr>\n<tr>\n<td><strong>Colonyform:<\/strong><\/td>\n<td><strong><img data-recalc-dims=\"1\" loading=\"lazy\" decoding=\"async\" src=\"https:\/\/i0.wp.com\/www.antstore.net\/shop\/images\/icons\/ants\/Kolonieform.jpg?resize=30%2C30&#038;ssl=1\" alt=\"\" width=\"30\" height=\"30\" \/><\/strong><\/td>\n<td>polig\u00e9n<\/td>\n<\/tr>\n<tr>\n<td><strong>Kir\u00e1lyn\u0151:<\/strong><\/td>\n<td><strong><img data-recalc-dims=\"1\" loading=\"lazy\" decoding=\"async\" src=\"https:\/\/i0.wp.com\/www.antstore.net\/shop\/images\/icons\/ants\/koenigin.jpg?resize=30%2C30&#038;ssl=1\" alt=\"\" width=\"30\" height=\"30\" \/><\/strong><\/td>\n<td><strong>M\u00e9ret:<\/strong> 9,5 - 10,5 mm <strong>Sz\u00edn:<\/strong> f\u00e9nyes fekete<\/td>\n<\/tr>\n<tr>\n<td><strong>Munk\u00e1s:<\/strong><\/td>\n<td><img data-recalc-dims=\"1\" loading=\"lazy\" decoding=\"async\" src=\"https:\/\/i0.wp.com\/www.antstore.net\/shop\/images\/icons\/ants\/arbeiterin.jpg?resize=30%2C30&#038;ssl=1\" alt=\"\" width=\"30\" height=\"30\" \/><\/td>\n<td><strong>M\u00e9ret:<\/strong><span style=\"font-family: Arial;\"> 4 - 9,5mm <\/span><strong>Sz\u00edn:<\/strong><span style=\"font-family: Arial;\"> f\u00e9nyes fekete, feje v\u00f6r\u00f6sesbarna (f\u0151munk\u00e1s) <\/span><\/td>\n<\/tr>\n<tr>\n<td><strong>Katona:<\/strong><\/td>\n<td><img data-recalc-dims=\"1\" loading=\"lazy\" decoding=\"async\" src=\"https:\/\/i0.wp.com\/www.antstore.net\/shop\/images\/icons\/ants\/soldaten.jpg?resize=30%2C30&#038;ssl=1\" alt=\"\" width=\"30\" height=\"30\" \/><\/td>\n<td>nincs jelen<\/td>\n<\/tr>\n<tr>\n<td><strong>F\u00e9rfiak:<\/strong><\/td>\n<td><img data-recalc-dims=\"1\" loading=\"lazy\" decoding=\"async\" src=\"https:\/\/i0.wp.com\/www.antstore.net\/shop\/images\/icons\/ants\/maennchen.jpg?resize=30%2C30&#038;ssl=1\" alt=\"\" width=\"30\" height=\"30\" \/><\/td>\n<td><strong>M\u00e9ret:<\/strong> 7 - 8mm<strong> Sz\u00edn:<\/strong> fekete<\/td>\n<\/tr>\n<tr>\n<td><b><span style=\"font-family: Arial;\">T\u00e1pl\u00e1lkoz\u00e1s<\/span><\/b><\/td>\n<td><img data-recalc-dims=\"1\" loading=\"lazy\" decoding=\"async\" src=\"https:\/\/i0.wp.com\/www.antstore.net\/shop\/images\/icons\/ants\/nahrung.jpg?resize=30%2C30&#038;ssl=1\" alt=\"\" width=\"30\" height=\"30\" \/><\/td>\n<td>Legink\u00e1bb k\u00fcl\u00f6nb\u00f6z\u0151 burj\u00e1nz\u00f3 n\u00f6v\u00e9nyek (f\u0171f\u00e9l\u00e9k is) magjai, de rovarok is.<\/td>\n<\/tr>\n<tr>\n<td><strong>Leveg\u0151 p\u00e1ratartalma:<\/strong><\/td>\n<td><strong><img data-recalc-dims=\"1\" loading=\"lazy\" decoding=\"async\" src=\"https:\/\/i0.wp.com\/www.antstore.net\/shop\/images\/icons\/ants\/feuchtigkeit.jpg?resize=30%2C30&#038;ssl=1\" alt=\"\" width=\"30\" height=\"30\" \/><\/strong><\/td>\n<td><strong>Ar\u00e9na:<\/strong> 30 &#8211; 50% <strong>Nestpart:<\/strong> 50 &#8211; 70%<\/td>\n<\/tr>\n<tr>\n<td><strong>H\u0151m\u00e9rs\u00e9klet:<\/strong><\/td>\n<td><strong><img data-recalc-dims=\"1\" loading=\"lazy\" decoding=\"async\" src=\"https:\/\/i0.wp.com\/www.antstore.net\/shop\/images\/icons\/ants\/temperatur.jpg?resize=30%2C30&#038;ssl=1\" alt=\"\" width=\"30\" height=\"30\" \/><\/strong><\/td>\n<td><strong>Ar\u00e9na:<\/strong> 25 - 30\u00b0C <strong>Nestpart:<\/strong> 21 - 26\u00b0C<\/td>\n<\/tr>\n<tr>\n<td><strong>T\u00e9li \u00e1lom:<\/strong><\/td>\n<td><img data-recalc-dims=\"1\" loading=\"lazy\" decoding=\"async\" src=\"https:\/\/i0.wp.com\/www.antstore.net\/shop\/images\/icons\/ants\/winterruhe.jpg?resize=30%2C30&#038;ssl=1\" alt=\"\" width=\"30\" height=\"30\" \/><\/td>\n<td>igen, november v\u00e9g\u00e9t\u0151l febru\u00e1r v\u00e9g\u00e9ig 15\u00b0C-on<\/td>\n<\/tr>\n<tr>\n<td><strong>F\u00e9szekforma:<\/strong><\/td>\n<td><img data-recalc-dims=\"1\" loading=\"lazy\" decoding=\"async\" src=\"https:\/\/i0.wp.com\/www.antstore.net\/shop\/images\/icons\/ants\/nestform.jpg?resize=30%2C30&#038;ssl=1\" alt=\"\" width=\"30\" height=\"30\" \/><\/td>\n<td>F\u00e9szket \u00e9p\u00edtenek a talajban \u00e9s a k\u00f6vek alatt<\/td>\n<\/tr>\n<tr>\n<td><strong>Formicaria-fajta:<\/strong><\/td>\n<td><img data-recalc-dims=\"1\" loading=\"lazy\" decoding=\"async\" src=\"https:\/\/i0.wp.com\/www.antstore.net\/shop\/images\/icons\/ants\/formicarienart.jpg?resize=30%2C30&#038;ssl=1\" alt=\"\" width=\"30\" height=\"30\" \/><\/td>\n<td>Farm, farmmedence, medence, keretmedence, sziget, akrilhenger, Ytong\/Plasternest, Digfix<\/td>\n<\/tr>\n<tr>\n<td><strong>Formicaria m\u00e9rete:<\/strong><\/td>\n<td><strong><img data-recalc-dims=\"1\" loading=\"lazy\" decoding=\"async\" src=\"https:\/\/i0.wp.com\/www.antstore.net\/shop\/images\/icons\/ants\/formicariengroesse.jpg?resize=30%2C30&#038;ssl=1\" alt=\"\" width=\"30\" height=\"30\" \/><\/strong><\/td>\n<td><strong>M\u00e9ret:<\/strong> <strong><span style=\"color: #339966;\">M<\/span><\/strong><\/td>\n<\/tr>\n<tr>\n<td><strong>Al\u00e1t\u00e9t:<\/strong><\/td>\n<td><strong><img data-recalc-dims=\"1\" loading=\"lazy\" decoding=\"async\" src=\"https:\/\/i0.wp.com\/www.antstore.net\/shop\/images\/icons\/ants\/substrat.jpg?resize=30%2C30&#038;ssl=1\" alt=\"\" width=\"30\" height=\"30\" \/><\/strong><\/td>\n<td><strong>Farm:<\/strong> Sand-Loam <strong>Ar\u00e9na:<\/strong> Homok, homok-hab<\/td>\n<\/tr>\n<tr>\n<td><strong>\u00dcltet\u00e9s:<\/strong><\/td>\n<td><img data-recalc-dims=\"1\" loading=\"lazy\" decoding=\"async\" src=\"https:\/\/i0.wp.com\/www.antstore.net\/shop\/images\/icons\/ants\/bepflanzung.jpg?resize=30%2C30&#038;ssl=1\" alt=\"\" width=\"30\" height=\"30\" \/><\/td>\n<td>a szavann\u00e1khoz hasonl\u00f3 ter\u00fcletek f\u0171vel \u00e9s m\u00e1s n\u00f6v\u00e9nyekkel<\/td>\n<\/tr>\n<tr>\n<td><strong>D\u00edsz\u00edt\u00e9s:<\/strong><\/td>\n<td><img data-recalc-dims=\"1\" loading=\"lazy\" decoding=\"async\" src=\"https:\/\/i0.wp.com\/www.antstore.net\/shop\/images\/icons\/ants\/dekoration.jpg?resize=30%2C30&#038;ssl=1\" alt=\"\" width=\"30\" height=\"30\" \/><\/td>\n<td>\u00e1gak, gy\u00f6kerek, t\u00f6nkmagok, k\u00f6vek<\/td>\n<\/tr>\n<tr>\n<td><strong>Le\u00edr\u00e1s:<\/strong><\/td>\n<td><img data-recalc-dims=\"1\" loading=\"lazy\" decoding=\"async\" src=\"https:\/\/i0.wp.com\/www.antstore.net\/shop\/images\/icons\/ants\/beschreibung.jpg?resize=30%2C30&#038;ssl=1\" alt=\"\" width=\"30\" height=\"30\" \/><\/td>\n<td>Ez a faj egy er\u0151sen granivor hangya, amely mindenf\u00e9le apr\u00f3 magot \u00f6sszegy\u0171jt, \u00e9s \u00fagynevezett hangyakeny\u00e9rr\u00e9 r\u00e1gja \u0151ket. V\u00edzsz\u00fcks\u00e9glet\u00fck nagy r\u00e9sz\u00e9t magvakb\u00f3l \u00e9s rovarokb\u00f3l fedezik.  A m\u00e9zes vizet csak nedvess\u00e9ghi\u00e1ny eset\u00e9n fogadj\u00e1k el. A Messor structor hajlamos a ny\u00edlt v\u00edzben megfulladni, ez\u00e9rt a vizes helyeket kis k\u00f6vekkel vagy pamuttal kell lefedni.<\/td>\n<\/tr>\n<tr>\n<td><strong>Fejleszt\u00e9s:<\/strong><\/td>\n<td><strong><img data-recalc-dims=\"1\" loading=\"lazy\" decoding=\"async\" src=\"https:\/\/i0.wp.com\/www.antstore.net\/shop\/images\/icons\/ants\/entwicklung.jpg?resize=30%2C30&#038;ssl=1\" alt=\"\" width=\"30\" height=\"30\" \/><\/strong><\/td>\n<td><strong>p\u00e1rz\u00e1si rep\u00fcl\u00e9s:<\/strong><span style=\"font-family: Arial;\">\u00a0 <\/span>szeptember \u00e9s \u00e1prilis\/m\u00e1jus<br \/>\n<strong>alap\u00edt\u00e1s:<\/strong><span style=\"font-family: Arial;\">\u00a0 claustral (etet\u00e9s n\u00e9lk\u00fcl) <\/span>kol\u00f3nia kora: 25 \u00e9ves korig<br \/>\n<strong>colonysize:<\/strong><span style=\"font-family: Arial;\"> 10.000 f\u0151ig<\/span><\/td>\n<\/tr>\n<tr>\n<td><strong>Mennyis\u00e9g:<\/strong><\/td>\n<td><img data-recalc-dims=\"1\" loading=\"lazy\" decoding=\"async\" src=\"https:\/\/i0.wp.com\/www.antstore.net\/shop\/images\/icons\/ants\/menge.jpg?resize=30%2C30&#038;ssl=1\" alt=\"\" width=\"30\" height=\"30\" \/><\/td>\n<td>egy megterm\u00e9keny\u00edtett kir\u00e1lyn\u0151 dolgoz\u00f3kkal (l\u00e1sd kiv\u00e1laszt\u00e1s); k\u00f6lt\u00e9s (az \u00e9vszakt\u00f3l \u00e9s a fejl\u0151d\u00e9st\u0151l f\u00fcgg\u0151en).<\/td>\n<\/tr>\n<tr>\n<td><strong>Weblinkek:<\/strong><\/td>\n<td><a href=\"http:\/\/www.antstore.net\/viewforum.php?f=9\"><span style=\"color: #0000ff;\"><img data-recalc-dims=\"1\" loading=\"lazy\" decoding=\"async\" src=\"https:\/\/i0.wp.com\/www.antstore.net\/shop\/images\/icons\/ants\/weblinks.jpg?resize=30%2C30&#038;ssl=1\" alt=\"\" width=\"30\" height=\"30\" \/><\/span><\/a><\/td>\n<td><a href=\"http:\/\/www.antstore.net\/viewforum.php?f=26\"><span style=\"color: #0000ff;\">- F\u00f3rum<\/span><\/a><\/p>\n<p><span style=\"color: #0000ff;\"><a href=\"http:\/\/www.antweb.org\/description.do?subfamily=myrmicinae&amp;genus=Messor&amp;name=structor&amp;rank=species&amp;project=allantwebants\">- Hivatkoz\u00e1s<\/a><\/span><\/td>\n<\/tr>\n<\/tbody>\n<\/table>","protected":false},"excerpt":{"rendered":"<p>Tart\u00e1si szint 1 - Gabonagy\u0171jt\u0151 fajok<br \/>\nM\u00e9ret:<span style=\"color: #000000;\"> <strong><span style=\"color: #339966;\">M<\/span><\/strong><\/span><\/p>","protected":false},"featured_media":3331,"comment_status":"open","ping_status":"closed","template":"","meta":{"_acf_changed":false,"content-type":"","_monsterinsights_skip_tracking":false,"_monsterinsights_sitenote_active":false,"_monsterinsights_sitenote_note":"","_monsterinsights_sitenote_category":0},"product_brand":[],"product_cat":[107,112,108,109],"product_tag":[],"class_list":{"0":"post-2725","1":"product","2":"type-product","3":"status-publish","4":"has-post-thumbnail","6":"product_cat-ants","7":"product_cat-asia","8":"product_cat-northern-europe","9":"product_cat-southern-europe","11":"first","12":"instock","13":"product-type-external"},"acf":[],"aioseo_notices":[],"jetpack_sharing_enabled":true,"_links":{"self":[{"href":"https:\/\/antcube.shop\/hu\/wp-json\/wp\/v2\/product\/2725","targetHints":{"allow":["GET"]}}],"collection":[{"href":"https:\/\/antcube.shop\/hu\/wp-json\/wp\/v2\/product"}],"about":[{"href":"https:\/\/antcube.shop\/hu\/wp-json\/wp\/v2\/types\/product"}],"replies":[{"embeddable":true,"href":"https:\/\/antcube.shop\/hu\/wp-json\/wp\/v2\/comments?post=2725"}],"wp:featuredmedia":[{"embeddable":true,"href":"https:\/\/antcube.shop\/hu\/wp-json\/wp\/v2\/media\/3331"}],"wp:attachment":[{"href":"https:\/\/antcube.shop\/hu\/wp-json\/wp\/v2\/media?parent=2725"}],"wp:term":[{"taxonomy":"product_brand","embeddable":true,"href":"https:\/\/antcube.shop\/hu\/wp-json\/wp\/v2\/product_brand?post=2725"},{"taxonomy":"product_cat","embeddable":true,"href":"https:\/\/antcube.shop\/hu\/wp-json\/wp\/v2\/product_cat?post=2725"},{"taxonomy":"product_tag","embeddable":true,"href":"https:\/\/antcube.shop\/hu\/wp-json\/wp\/v2\/product_tag?post=2725"}],"curies":[{"name":"wp","href":"https:\/\/api.w.org\/{rel}","templated":true}]}}