{"id":2724,"date":"2021-10-08T12:01:56","date_gmt":"2021-10-08T10:01:56","guid":{"rendered":"https:\/\/antcube.shop\/produkt\/atta-mexicana\/"},"modified":"2023-05-19T09:36:50","modified_gmt":"2023-05-19T07:36:50","slug":"atta-mexicana","status":"publish","type":"product","link":"https:\/\/antcube.shop\/hu\/termek\/atta-mexicana\/","title":{"rendered":"Atta mexicana"},"content":{"rendered":"<p>&nbsp;<\/p>\n<table border=\"1\" cellspacing=\"1\" cellpadding=\"1\">\n<tbody>\n<tr>\n<td><strong>Latin neve:<\/strong><\/td>\n<td><strong><img data-recalc-dims=\"1\" loading=\"lazy\" decoding=\"async\" src=\"https:\/\/i0.wp.com\/www.antstore.net\/shop\/images\/icons\/ants\/lateinname.jpg?resize=30%2C30&#038;ssl=1\" alt=\"\" width=\"30\" height=\"30\" \/><\/strong><\/td>\n<td>Atta mexicana<\/td>\n<\/tr>\n<tr>\n<td><strong>Trivialname:<\/strong><\/td>\n<td><strong><img data-recalc-dims=\"1\" loading=\"lazy\" decoding=\"async\" src=\"https:\/\/i0.wp.com\/www.antstore.net\/shop\/images\/icons\/ants\/trivialname.jpg?resize=30%2C30&#038;ssl=1\" alt=\"\" width=\"30\" height=\"30\" \/><\/strong><\/td>\n<td>Leafcutterant<\/td>\n<\/tr>\n<tr>\n<td><strong>Taxon\u00f3mia:<\/strong><\/td>\n<td><strong><img data-recalc-dims=\"1\" loading=\"lazy\" decoding=\"async\" src=\"https:\/\/i0.wp.com\/www.antstore.net\/shop\/images\/icons\/ants\/taxonomie.jpg?resize=30%2C30&#038;ssl=1\" alt=\"\" width=\"30\" height=\"30\" \/><\/strong><\/td>\n<td><strong>Alcsal\u00e1d:<\/strong> Myrmicinae <strong>T\u00f6rzs:<\/strong> Attini<\/td>\n<\/tr>\n<tr>\n<td><strong>Szintentart\u00e1s:<\/strong><\/td>\n<td><strong><img data-recalc-dims=\"1\" loading=\"lazy\" decoding=\"async\" src=\"https:\/\/i0.wp.com\/www.antstore.net\/shop\/images\/icons\/ants\/haltungsklasse.jpg?resize=30%2C30&#038;ssl=1\" alt=\"\" width=\"30\" height=\"30\" \/><\/strong><\/td>\n<td><strong>(3)<\/strong>a magas takarm\u00e1ny- \u00e9s helyig\u00e9ny, valamint a speci\u00e1lis klimaviszonyok miatt csak a halad\u00f3 \u00e1llattart\u00f3knak aj\u00e1nlott.<\/td>\n<\/tr>\n<tr>\n<td><strong>Elterjed\u00e9s:<\/strong><\/td>\n<td><strong><img data-recalc-dims=\"1\" loading=\"lazy\" decoding=\"async\" src=\"https:\/\/i0.wp.com\/www.antstore.net\/shop\/images\/icons\/ants\/verbreitung.jpg?resize=30%2C30&#038;ssl=1\" alt=\"\" width=\"30\" height=\"30\" \/><\/strong><\/td>\n<td>Mexik\u00f3t\u00f3l Arizon\u00e1ig<\/td>\n<\/tr>\n<tr>\n<td><strong>\u00c9l\u0151hely:<\/strong><\/td>\n<td><strong><img data-recalc-dims=\"1\" loading=\"lazy\" decoding=\"async\" src=\"https:\/\/i0.wp.com\/www.antstore.net\/shop\/images\/icons\/ants\/habitat.jpg?resize=30%2C30&#038;ssl=1\" alt=\"\" width=\"30\" height=\"30\" \/><\/strong><\/td>\n<td>szubtr\u00f3pusok<\/td>\n<\/tr>\n<tr>\n<td><strong>Colonyform:<\/strong><\/td>\n<td><strong><img data-recalc-dims=\"1\" loading=\"lazy\" decoding=\"async\" src=\"https:\/\/i0.wp.com\/www.antstore.net\/shop\/images\/icons\/ants\/Kolonieform.jpg?resize=30%2C30&#038;ssl=1\" alt=\"\" width=\"30\" height=\"30\" \/><\/strong><\/td>\n<td>monogyne<\/td>\n<\/tr>\n<tr>\n<td><strong>Kir\u00e1lyn\u0151:<\/strong><\/td>\n<td><strong><img data-recalc-dims=\"1\" loading=\"lazy\" decoding=\"async\" src=\"https:\/\/i0.wp.com\/www.antstore.net\/shop\/images\/icons\/ants\/koenigin.jpg?resize=30%2C30&#038;ssl=1\" alt=\"\" width=\"30\" height=\"30\" \/><\/strong><\/td>\n<td><strong>M\u00e9ret:<\/strong> 30mm <strong>Sz\u00edn:<\/strong> v\u00f6r\u00f6sesbarna<\/td>\n<\/tr>\n<tr>\n<td><strong>Munk\u00e1s:<\/strong><\/td>\n<td><img data-recalc-dims=\"1\" loading=\"lazy\" decoding=\"async\" src=\"https:\/\/i0.wp.com\/www.antstore.net\/shop\/images\/icons\/ants\/arbeiterin.jpg?resize=30%2C30&#038;ssl=1\" alt=\"\" width=\"30\" height=\"30\" \/><\/td>\n<td><strong>M\u00e9ret:<\/strong> 3 - 16mm <strong>Sz\u00edn:<\/strong> v\u00f6r\u00f6sesbarna, polimorf<\/td>\n<\/tr>\n<tr>\n<td><strong>Katona:<\/strong><\/td>\n<td><img data-recalc-dims=\"1\" loading=\"lazy\" decoding=\"async\" src=\"https:\/\/i0.wp.com\/www.antstore.net\/shop\/images\/icons\/ants\/soldaten.jpg?resize=30%2C30&#038;ssl=1\" alt=\"\" width=\"30\" height=\"30\" \/><\/td>\n<td>18 - 23mm,<\/td>\n<\/tr>\n<tr>\n<td><strong>F\u00e9rfiak:<\/strong><\/td>\n<td><img data-recalc-dims=\"1\" loading=\"lazy\" decoding=\"async\" src=\"https:\/\/i0.wp.com\/www.antstore.net\/shop\/images\/icons\/ants\/maennchen.jpg?resize=30%2C30&#038;ssl=1\" alt=\"\" width=\"30\" height=\"30\" \/><\/td>\n<td><strong>M\u00e9ret:<\/strong> 20 - 25mm<strong> Sz\u00edn:<\/strong>\u00a0 csillog\u00f3 borosty\u00e1n<\/td>\n<\/tr>\n<tr>\n<td><strong>T\u00e1pl\u00e1lkoz\u00e1s:<\/strong><\/td>\n<td><img data-recalc-dims=\"1\" loading=\"lazy\" decoding=\"async\" src=\"https:\/\/i0.wp.com\/www.antstore.net\/shop\/images\/icons\/ants\/nahrung.jpg?resize=30%2C30&#038;ssl=1\" alt=\"\" width=\"30\" height=\"30\" \/><\/td>\n<td>egy h\u00e1zilag termesztett gomba (Leucoagaricus gongylophorus), amelyet a munk\u00e1sok a r\u00f3zsat\u00f6vek leveleivel \u00e9s vir\u00e1gaival, valamint a gy\u00fcm\u00f6lcs\u00f6kkel termesztenek. A gombahif\u00e1kon tal\u00e1lhat\u00f3 speci\u00e1lis feh\u00e9rjeburokr\u00f3l a kir\u00e1lyn\u0151 \u00e9s a k\u00f6lt\u0151csal\u00e1d t\u00e1pl\u00e1l\u00e9k\u00e1t gy\u0171jtik be \u00e9s etetik meg.<br \/>\nCukoroldat, m\u00e9z vagy m\u00e9zes v\u00edz etet\u00e9se aj\u00e1nlott. Ezenk\u00edv\u00fcl mindig legyen friss v\u00edz (vagy v\u00edzg\u00e9l).<br \/>\nA lehets\u00e9ges takarm\u00e1nyn\u00f6v\u00e9nyek a k\u00f6vetkez\u0151k:  Szeder, m\u00e1lna, r\u00f3zsa, puszp\u00e1ng, bodza, h\u00e1rs, vadsz\u0151l\u0151, alma, narancs, ban\u00e1n, sz\u0151l\u0151, v\u00e9szhelyzet eset\u00e9n zabpehely.<br \/>\n<strong>Fontos: a takarm\u00e1nynak peszticid- \u00e9s gomba\u00f6l\u0151 szerekt\u0151l mentesnek kell lennie.<\/strong><br \/>\nC\u00e9lszer\u0171 a takarm\u00e1nyleveleket etet\u00e9s el\u0151tt v\u00edzzel permetezni.<strong> Fontos: soha ne permetezzen vizet k\u00f6zvetlen\u00fcl a gomb\u00e1ra.<\/strong><\/td>\n<\/tr>\n<tr>\n<td><strong>Leveg\u0151 p\u00e1ratartalma:<\/strong><\/td>\n<td><strong><img data-recalc-dims=\"1\" loading=\"lazy\" decoding=\"async\" src=\"https:\/\/i0.wp.com\/www.antstore.net\/shop\/images\/icons\/ants\/feuchtigkeit.jpg?resize=30%2C30&#038;ssl=1\" alt=\"\" width=\"30\" height=\"30\" \/><\/strong><\/td>\n<td><strong>Ar\u00e9na:<\/strong> 40 &#8211; 70% <strong>Nestpart:<\/strong> 80 &#8211; 90% <strong>hullad\u00e9kkamra:<\/strong> 30 &#8211; 40%<\/td>\n<\/tr>\n<tr>\n<td><strong>H\u0151m\u00e9rs\u00e9klet:<\/strong><\/td>\n<td><strong><img data-recalc-dims=\"1\" loading=\"lazy\" decoding=\"async\" src=\"https:\/\/i0.wp.com\/www.antstore.net\/shop\/images\/icons\/ants\/temperatur.jpg?resize=30%2C30&#038;ssl=1\" alt=\"\" width=\"30\" height=\"30\" \/><\/strong><\/td>\n<td><strong>Ar\u00e9na:<\/strong> 21 - 28\u00b0C <strong>Nestpart:<\/strong> 24 - 28\u00b0C<\/td>\n<\/tr>\n<tr>\n<td><strong>T\u00e9li \u00e1lom:<\/strong><\/td>\n<td><img data-recalc-dims=\"1\" loading=\"lazy\" decoding=\"async\" src=\"https:\/\/i0.wp.com\/www.antstore.net\/shop\/images\/icons\/ants\/winterruhe.jpg?resize=30%2C30&#038;ssl=1\" alt=\"\" width=\"30\" height=\"30\" \/><\/td>\n<td>nincs<\/td>\n<\/tr>\n<tr>\n<td><strong>F\u00e9szekforma:<\/strong><\/td>\n<td><img data-recalc-dims=\"1\" loading=\"lazy\" decoding=\"async\" src=\"https:\/\/i0.wp.com\/www.antstore.net\/shop\/images\/icons\/ants\/nestform.jpg?resize=30%2C30&#038;ssl=1\" alt=\"\" width=\"30\" height=\"30\" \/><\/td>\n<td>\u00a0f\u00e9szkek a talajban, sok kis kamr\u00e1val<\/td>\n<\/tr>\n<tr>\n<td><strong>Formicaria-fajta:<\/strong><\/td>\n<td><img data-recalc-dims=\"1\" loading=\"lazy\" decoding=\"async\" src=\"https:\/\/i0.wp.com\/www.antstore.net\/shop\/images\/icons\/ants\/formicarienart.jpg?resize=30%2C30&#038;ssl=1\" alt=\"\" width=\"30\" height=\"30\" \/><\/td>\n<td>Starter Set Leafcutter nagy, Starter Set Leafcutter kicsi, Starter Set Leafcutter henger, 3 k\u00fcl\u00f6n\u00e1ll\u00f3 tart\u00e1ly (Fontos: A lev\u00e9lv\u00e1g\u00f3 hangy\u00e1knak mindig sz\u00fcks\u00e9g\u00fck van egy etet\u0151kamr\u00e1ra, egy gombakamr\u00e1ra \u00e9s egy hullad\u00e9kkamr\u00e1ra).<\/td>\n<\/tr>\n<tr>\n<td><strong>Formicaria m\u00e9rete:<\/strong><\/td>\n<td><strong><img data-recalc-dims=\"1\" loading=\"lazy\" decoding=\"async\" src=\"https:\/\/i0.wp.com\/www.antstore.net\/shop\/images\/icons\/ants\/formicariengroesse.jpg?resize=30%2C30&#038;ssl=1\" alt=\"\" width=\"30\" height=\"30\" \/><\/strong><\/td>\n<td><strong>M\u00e9ret:<\/strong>\u00a0 <strong>XL\u00a0<\/strong><strong> !!! a telep n\u00f6veked\u00e9s\u00e9vel egy\u00fctt legal\u00e1bb 3 medence a gomb\u00e1knak, a takarm\u00e1nyoz\u00e1snak \u00e9s a hullad\u00e9knak !!!<\/strong><\/td>\n<\/tr>\n<tr>\n<td><strong>Al\u00e1t\u00e9t:<\/strong><\/td>\n<td><strong><img data-recalc-dims=\"1\" loading=\"lazy\" decoding=\"async\" src=\"https:\/\/i0.wp.com\/www.antstore.net\/shop\/images\/icons\/ants\/substrat.jpg?resize=30%2C30&#038;ssl=1\" alt=\"\" width=\"30\" height=\"30\" \/><\/strong><\/td>\n<td><strong>Gombakamra:<\/strong> szubsztr\u00e1tum es\u0151erd\u0151, formicarium granul\u00e1tum <strong>Etet\u0151 kamra:<\/strong> lehet\u0151leg szubsztr\u00e1tum n\u00e9lk\u00fcl vagy mint a gombakamr\u00e1ban <strong>Hullad\u00e9kkamra:<\/strong> lehet\u0151leg szubsztr\u00e1tum n\u00e9lk\u00fcl vagy mint a gombakamr\u00e1ban<\/td>\n<\/tr>\n<tr>\n<td><strong>\u00dcltet\u00e9s:<\/strong><\/td>\n<td><img data-recalc-dims=\"1\" loading=\"lazy\" decoding=\"async\" src=\"https:\/\/i0.wp.com\/www.antstore.net\/shop\/images\/icons\/ants\/bepflanzung.jpg?resize=30%2C30&#038;ssl=1\" alt=\"\" width=\"30\" height=\"30\" \/><\/td>\n<td>&#8211;<\/td>\n<\/tr>\n<tr>\n<td><strong>D\u00edsz\u00edt\u00e9s:<\/strong><\/td>\n<td><img data-recalc-dims=\"1\" loading=\"lazy\" decoding=\"async\" src=\"https:\/\/i0.wp.com\/www.antstore.net\/shop\/images\/icons\/ants\/dekoration.jpg?resize=30%2C30&#038;ssl=1\" alt=\"\" width=\"30\" height=\"30\" \/><\/td>\n<td>&#8211;<\/td>\n<\/tr>\n<tr>\n<td><strong>Le\u00edr\u00e1s:<\/strong><\/td>\n<td><img data-recalc-dims=\"1\" loading=\"lazy\" decoding=\"async\" src=\"https:\/\/i0.wp.com\/www.antstore.net\/shop\/images\/icons\/ants\/beschreibung.jpg?resize=30%2C30&#038;ssl=1\" alt=\"\" width=\"30\" height=\"30\" \/><\/td>\n<td>Az Atta mexicana egy nagyon alkalmazkod\u00f3k\u00e9pes lev\u00e9lkasz\u00e1l\u00f3, amely a h\u0171v\u00f6sebb h\u0151m\u00e9rs\u00e9kletet is j\u00f3l t\u0171ri.Mexik\u00f3 v\u00e1rosi ter\u00fcletein n\u00e9ha a leggyakoribb lev\u00e9lkasz\u00e1l\u00f3.<br \/>\n<strong>Fontos inform\u00e1ci\u00f3k a sz\u00e1ll\u00edt\u00e1shoz:<\/strong><br \/>\nVesz\u00e9ly vagy stressz eset\u00e9n a kir\u00e1lyn\u0151 halottnak tetteti mag\u00e1t vagy egyfajta merevs\u00e9gbe esik, kb. 3 \u00f3ra szobah\u0151m\u00e9rs\u00e9kleten \u00e9s pihen\u00e9s seg\u00edt ebben.<\/td>\n<\/tr>\n<tr>\n<td><strong>Fejleszt\u00e9s:<\/strong><\/td>\n<td><strong><img data-recalc-dims=\"1\" loading=\"lazy\" decoding=\"async\" src=\"https:\/\/i0.wp.com\/www.antstore.net\/shop\/images\/icons\/ants\/entwicklung.jpg?resize=30%2C30&#038;ssl=1\" alt=\"\" width=\"30\" height=\"30\" \/><\/strong><\/td>\n<td><strong>p\u00e1rz\u00e1si rep\u00fcl\u00e9s:<\/strong> az els\u0151 ny\u00e1ri es\u0151kkel<br \/>\n<strong>alap\u00edt\u00e1s:<\/strong>\u00a0 a kir\u00e1lyn\u0151 \u00fcr\u00fcl\u00e9k\u00e9vel megterm\u00e9keny\u00edtett anyatelepb\u0151l sz\u00e1rmaz\u00f3 gombadarabbal. Egy kir\u00e1lyn\u0151 ak\u00e1r 15 \u00e9ves is lehet.<br \/>\n<strong>colonysize:<\/strong> ak\u00e1r 8.000 000 f\u0151<\/td>\n<\/tr>\n<tr>\n<td><strong>Mennyis\u00e9g:<\/strong><\/td>\n<td><img data-recalc-dims=\"1\" loading=\"lazy\" decoding=\"async\" src=\"https:\/\/i0.wp.com\/www.antstore.net\/shop\/images\/icons\/ants\/menge.jpg?resize=30%2C30&#038;ssl=1\" alt=\"\" width=\"30\" height=\"30\" \/><\/td>\n<td>egy megterm\u00e9keny\u00edtett kir\u00e1lyn\u0151 gomb\u00e1val \u00e9s dolgoz\u00f3kkal (l\u00e1sd kiv\u00e1laszt\u00e1s); k\u00f6lt\u00e9s (az \u00e9vszakt\u00f3l \u00e9s a fejl\u0151d\u00e9st\u0151l f\u00fcgg\u0151en).<\/td>\n<\/tr>\n<tr>\n<td><strong>Weblinkek:<\/strong><\/td>\n<td><a href=\"http:\/\/www.antstore.net\/viewforum.php?f=9\"><span style=\"color: #0000ff;\"><img data-recalc-dims=\"1\" loading=\"lazy\" decoding=\"async\" src=\"https:\/\/i0.wp.com\/www.antstore.net\/shop\/images\/icons\/ants\/weblinks.jpg?resize=30%2C30&#038;ssl=1\" alt=\"\" width=\"30\" height=\"30\" \/><\/span><\/a><\/td>\n<td><a href=\"http:\/\/www.antstore.net\/viewforum.php?f=130\"><span style=\"color: #0000ff;\">- F\u00f3rum<\/span><\/a><\/p>\n<p><span style=\"color: #0000ff;\"><a href=\"http:\/\/www.antweb.org\/description.do?subfamily=myrmicinae&amp;genus=atta&amp;name=mexicana&amp;rank=species&amp;project=worldants\">- Hivatkoz\u00e1s<\/a><\/span><\/td>\n<\/tr>\n<\/tbody>\n<\/table>","protected":false},"excerpt":{"rendered":"<p>Tart\u00e1si szint 3 - Kock\u00e1zati szint 2<br \/>\nM\u00e9ret: <strong>XL<\/strong><\/p>","protected":false},"featured_media":550,"comment_status":"open","ping_status":"closed","template":"","meta":{"_acf_changed":false,"content-type":"","_monsterinsights_skip_tracking":false,"_monsterinsights_sitenote_active":false,"_monsterinsights_sitenote_note":"","_monsterinsights_sitenote_category":0},"product_brand":[],"product_cat":[107,110,111],"product_tag":[],"class_list":{"0":"post-2724","1":"product","2":"type-product","3":"status-publish","4":"has-post-thumbnail","6":"product_cat-ants","7":"product_cat-north-america","8":"product_cat-south-and-central-america","10":"first","11":"instock","12":"product-type-external"},"acf":[],"aioseo_notices":[],"jetpack_sharing_enabled":true,"_links":{"self":[{"href":"https:\/\/antcube.shop\/hu\/wp-json\/wp\/v2\/product\/2724","targetHints":{"allow":["GET"]}}],"collection":[{"href":"https:\/\/antcube.shop\/hu\/wp-json\/wp\/v2\/product"}],"about":[{"href":"https:\/\/antcube.shop\/hu\/wp-json\/wp\/v2\/types\/product"}],"replies":[{"embeddable":true,"href":"https:\/\/antcube.shop\/hu\/wp-json\/wp\/v2\/comments?post=2724"}],"wp:featuredmedia":[{"embeddable":true,"href":"https:\/\/antcube.shop\/hu\/wp-json\/wp\/v2\/media\/550"}],"wp:attachment":[{"href":"https:\/\/antcube.shop\/hu\/wp-json\/wp\/v2\/media?parent=2724"}],"wp:term":[{"taxonomy":"product_brand","embeddable":true,"href":"https:\/\/antcube.shop\/hu\/wp-json\/wp\/v2\/product_brand?post=2724"},{"taxonomy":"product_cat","embeddable":true,"href":"https:\/\/antcube.shop\/hu\/wp-json\/wp\/v2\/product_cat?post=2724"},{"taxonomy":"product_tag","embeddable":true,"href":"https:\/\/antcube.shop\/hu\/wp-json\/wp\/v2\/product_tag?post=2724"}],"curies":[{"name":"wp","href":"https:\/\/api.w.org\/{rel}","templated":true}]}}