{"id":2715,"date":"2021-10-08T12:00:31","date_gmt":"2021-10-08T10:00:31","guid":{"rendered":"https:\/\/antcube.shop\/produkt\/manica-rubida\/"},"modified":"2023-12-21T17:29:02","modified_gmt":"2023-12-21T16:29:02","slug":"manica-rubida","status":"publish","type":"product","link":"https:\/\/antcube.shop\/hu\/termek\/manica-rubida\/","title":{"rendered":"Manica rubida"},"content":{"rendered":"<table border=\"1\" cellspacing=\"1\" cellpadding=\"1\">\n<tbody>\n<tr>\n<td><strong>Latin neve:<\/strong><\/td>\n<td><strong><img data-recalc-dims=\"1\" loading=\"lazy\" decoding=\"async\" src=\"https:\/\/i0.wp.com\/www.antstore.net\/shop\/images\/icons\/ants\/lateinname.jpg?resize=30%2C30&#038;ssl=1\" alt=\"\" width=\"30\" height=\"30\" \/><\/strong><\/td>\n<td><i>Manica rubida<\/i><\/td>\n<\/tr>\n<tr>\n<td><strong>Trivialname:<\/strong><\/td>\n<td><strong><img data-recalc-dims=\"1\" loading=\"lazy\" decoding=\"async\" src=\"https:\/\/i0.wp.com\/www.antstore.net\/shop\/images\/icons\/ants\/trivialname.jpg?resize=30%2C30&#038;ssl=1\" alt=\"\" width=\"30\" height=\"30\" \/><\/strong><\/td>\n<td>&#8211;<\/td>\n<\/tr>\n<tr>\n<td><strong>Taxon\u00f3mia:<\/strong><\/td>\n<td><strong><img data-recalc-dims=\"1\" loading=\"lazy\" decoding=\"async\" src=\"https:\/\/i0.wp.com\/www.antstore.net\/shop\/images\/icons\/ants\/taxonomie.jpg?resize=30%2C30&#038;ssl=1\" alt=\"\" width=\"30\" height=\"30\" \/><\/strong><\/td>\n<td><strong>Alcsal\u00e1d:<\/strong> Myrmicinae\u00a0<strong>T\u00f6rzs:<\/strong> Myrmicini<\/td>\n<\/tr>\n<tr>\n<td><strong>Szintentart\u00e1s:<\/strong><\/td>\n<td><strong><img data-recalc-dims=\"1\" loading=\"lazy\" decoding=\"async\" src=\"https:\/\/i0.wp.com\/www.antstore.net\/shop\/images\/icons\/ants\/haltungsklasse.jpg?resize=30%2C30&#038;ssl=1\" alt=\"\" width=\"30\" height=\"30\" \/><\/strong><\/td>\n<td><strong>(2)<\/strong> \u00e9rz\u00e9kenyen reag\u00e1lnak a nedvess\u00e9gre, er\u0151s cs\u00edp\u00e9s\u00fck van.<\/td>\n<\/tr>\n<tr>\n<td><strong>Eloszt\u00e1s:<\/strong><\/td>\n<td><strong><img data-recalc-dims=\"1\" loading=\"lazy\" decoding=\"async\" src=\"https:\/\/i0.wp.com\/www.antstore.net\/shop\/images\/icons\/ants\/verbreitung.jpg?resize=30%2C30&#038;ssl=1\" alt=\"\" width=\"30\" height=\"30\" \/><\/strong><\/td>\n<td>K\u00f6z\u00e9p- \u00e9s D\u00e9l-Eur\u00f3pa, f\u0151k\u00e9nt 500 \u00e9s 2000 m k\u00f6z\u00f6tt.<\/td>\n<\/tr>\n<tr>\n<td><strong>Megszok\u00e1s:<\/strong><\/td>\n<td><strong><img data-recalc-dims=\"1\" loading=\"lazy\" decoding=\"async\" src=\"https:\/\/i0.wp.com\/www.antstore.net\/shop\/images\/icons\/ants\/habitat.jpg?resize=30%2C30&#038;ssl=1\" alt=\"\" width=\"30\" height=\"30\" \/><\/strong><\/td>\n<td>a homokos talajt kedveli a foly\u00f3medrekben vagy a kavicsg\u00f6dr\u00f6kben, m\u00e9rs\u00e9kelten termofil.<\/td>\n<\/tr>\n<tr>\n<td><strong>Colonyform:<\/strong><\/td>\n<td><strong><img data-recalc-dims=\"1\" loading=\"lazy\" decoding=\"async\" src=\"https:\/\/i0.wp.com\/www.antstore.net\/shop\/images\/icons\/ants\/Kolonieform.jpg?resize=30%2C30&#038;ssl=1\" alt=\"\" width=\"30\" height=\"30\" \/><\/strong><\/td>\n<td>az id\u0151sebb kol\u00f3ni\u00e1k polig\u00e9nn\u00e9 v\u00e1lnak (m\u00e1sodlagos polig\u00ednia).<\/td>\n<\/tr>\n<tr>\n<td><strong>Kir\u00e1lyn\u0151:<\/strong><\/td>\n<td><strong><img data-recalc-dims=\"1\" loading=\"lazy\" decoding=\"async\" src=\"https:\/\/i0.wp.com\/www.antstore.net\/shop\/images\/icons\/ants\/koenigin.jpg?resize=30%2C30&#038;ssl=1\" alt=\"\" width=\"30\" height=\"30\" \/><\/strong><\/td>\n<td><strong>M\u00e9ret:<\/strong> 9,5 - 13mm <strong>Sz\u00edn:<\/strong> v\u00f6r\u00f6sesbarna, f\u00e9nyes<\/td>\n<\/tr>\n<tr>\n<td><strong>Munk\u00e1s:<\/strong><\/td>\n<td><img data-recalc-dims=\"1\" loading=\"lazy\" decoding=\"async\" src=\"https:\/\/i0.wp.com\/www.antstore.net\/shop\/images\/icons\/ants\/arbeiterin.jpg?resize=30%2C30&#038;ssl=1\" alt=\"\" width=\"30\" height=\"30\" \/><\/td>\n<td><strong>M\u00e9ret:<\/strong> 6 - 9mm <strong>Sz\u00edn:<\/strong> v\u00f6r\u00f6ses - v\u00f6r\u00f6sbarna<\/td>\n<\/tr>\n<tr>\n<td><strong>Katona:<\/strong><\/td>\n<td><img data-recalc-dims=\"1\" loading=\"lazy\" decoding=\"async\" src=\"https:\/\/i0.wp.com\/www.antstore.net\/shop\/images\/icons\/ants\/soldaten.jpg?resize=30%2C30&#038;ssl=1\" alt=\"\" width=\"30\" height=\"30\" \/><\/td>\n<td>nincs jelen<\/td>\n<\/tr>\n<tr>\n<td><strong>F\u00e9rfiak:<\/strong><\/td>\n<td><img data-recalc-dims=\"1\" loading=\"lazy\" decoding=\"async\" src=\"https:\/\/i0.wp.com\/www.antstore.net\/shop\/images\/icons\/ants\/maennchen.jpg?resize=30%2C30&#038;ssl=1\" alt=\"\" width=\"30\" height=\"30\" \/><\/td>\n<td><strong>M\u00e9ret:<\/strong> 8 - 12 mm<strong> Sz\u00edn:<\/strong>\u00a0f\u00e9nyes fekete , v\u00e9kony<\/td>\n<\/tr>\n<tr>\n<td><strong>Nutrion:<\/strong><\/td>\n<td><img data-recalc-dims=\"1\" loading=\"lazy\" decoding=\"async\" src=\"https:\/\/i0.wp.com\/www.antstore.net\/shop\/images\/icons\/ants\/nahrung.jpg?resize=30%2C30&#038;ssl=1\" alt=\"\" width=\"30\" height=\"30\" \/><\/td>\n<td>M\u00e9zes v\u00edz \u00e9s rovarok, pl. Dipter\u00e1k, mint a legyek vagy a moszkit\u00f3k.<\/td>\n<\/tr>\n<tr>\n<td><strong>Leveg\u0151 p\u00e1ratartalma:<\/strong><\/td>\n<td><strong><img data-recalc-dims=\"1\" loading=\"lazy\" decoding=\"async\" src=\"https:\/\/i0.wp.com\/www.antstore.net\/shop\/images\/icons\/ants\/feuchtigkeit.jpg?resize=30%2C30&#038;ssl=1\" alt=\"\" width=\"30\" height=\"30\" \/><\/strong><\/td>\n<td><strong>Ar\u00e9na:<\/strong> 30 &#8211; 50% <strong>Nestpart:<\/strong> 50 &#8211; 70%<\/td>\n<\/tr>\n<tr>\n<td><strong>H\u0151m\u00e9rs\u00e9klet:<\/strong><\/td>\n<td><strong><img data-recalc-dims=\"1\" loading=\"lazy\" decoding=\"async\" src=\"https:\/\/i0.wp.com\/www.antstore.net\/shop\/images\/icons\/ants\/temperatur.jpg?resize=30%2C30&#038;ssl=1\" alt=\"\" width=\"30\" height=\"30\" \/><\/strong><\/td>\n<td><strong>Ar\u00e9na:<\/strong> 18 - 28\u00b0C <strong>Nestpart:<\/strong> 21 - 24\u00b0C<\/td>\n<\/tr>\n<tr>\n<td><strong>T\u00e9li \u00e1lom:<\/strong><\/td>\n<td><img data-recalc-dims=\"1\" loading=\"lazy\" decoding=\"async\" src=\"https:\/\/i0.wp.com\/www.antstore.net\/shop\/images\/icons\/ants\/winterruhe.jpg?resize=30%2C30&#038;ssl=1\" alt=\"\" width=\"30\" height=\"30\" \/><\/td>\n<td>igen, okt\u00f3ber v\u00e9g\u00e9t\u0151l m\u00e1rcius v\u00e9g\u00e9ig 5 - 8\u00b0C-on<\/td>\n<\/tr>\n<tr>\n<td><strong>F\u00e9szekforma:<\/strong><\/td>\n<td><img data-recalc-dims=\"1\" loading=\"lazy\" decoding=\"async\" src=\"https:\/\/i0.wp.com\/www.antstore.net\/shop\/images\/icons\/ants\/nestform.jpg?resize=30%2C30&#038;ssl=1\" alt=\"\" width=\"30\" height=\"30\" \/><\/td>\n<td>A f\u00e9szket nagyobb f\u00f6ldalatti ter\u00fclet\u0171 f\u00e1k al\u00e1 \u00e9p\u00edtik<\/td>\n<\/tr>\n<tr>\n<td><strong>Formicaria-fajta:<\/strong><\/td>\n<td><img data-recalc-dims=\"1\" loading=\"lazy\" decoding=\"async\" src=\"https:\/\/i0.wp.com\/www.antstore.net\/shop\/images\/icons\/ants\/formicarienart.jpg?resize=30%2C30&#038;ssl=1\" alt=\"\" width=\"30\" height=\"30\" \/><\/td>\n<td>Farm, Combi, sziget, Ytong\/Plaster, parafa, Digfix<\/td>\n<\/tr>\n<tr>\n<td><strong>Formicaria m\u00e9rete:<\/strong><\/td>\n<td><strong><img data-recalc-dims=\"1\" loading=\"lazy\" decoding=\"async\" src=\"https:\/\/i0.wp.com\/www.antstore.net\/shop\/images\/icons\/ants\/formicariengroesse.jpg?resize=30%2C30&#038;ssl=1\" alt=\"\" width=\"30\" height=\"30\" \/><\/strong><\/td>\n<td><strong>M\u00e9ret:<\/strong>\u00a0<strong>M<\/strong><\/td>\n<\/tr>\n<tr>\n<td><strong>Al\u00e1t\u00e9t:<\/strong><\/td>\n<td><strong><img data-recalc-dims=\"1\" loading=\"lazy\" decoding=\"async\" src=\"https:\/\/i0.wp.com\/www.antstore.net\/shop\/images\/icons\/ants\/substrat.jpg?resize=30%2C30&#038;ssl=1\" alt=\"\" width=\"30\" height=\"30\" \/><\/strong><\/td>\n<td><strong>Farm:<\/strong> Sand-Loam\u00a0<strong>Ar\u00e9na:<\/strong> Homok, homok-hab<\/td>\n<\/tr>\n<tr>\n<td><strong>\u00dcltet\u00e9s:<\/strong><\/td>\n<td><img data-recalc-dims=\"1\" loading=\"lazy\" decoding=\"async\" src=\"https:\/\/i0.wp.com\/www.antstore.net\/shop\/images\/icons\/ants\/bepflanzung.jpg?resize=30%2C30&#038;ssl=1\" alt=\"\" width=\"30\" height=\"30\" \/><\/td>\n<td>az erd\u0151- \u00e9s hegyvid\u00e9khez hasonl\u00f3, moh\u00e1val, f\u0171vel \u00e9s egy\u00e9b n\u00f6v\u00e9nyekkel bor\u00edtott ter\u00fclet.<\/td>\n<\/tr>\n<tr>\n<td><strong>D\u00edsz\u00edt\u00e9s:<\/strong><\/td>\n<td><img data-recalc-dims=\"1\" loading=\"lazy\" decoding=\"async\" src=\"https:\/\/i0.wp.com\/www.antstore.net\/shop\/images\/icons\/ants\/dekoration.jpg?resize=30%2C30&#038;ssl=1\" alt=\"\" width=\"30\" height=\"30\" \/><\/td>\n<td>\u00c1gak, gy\u00f6kerek, f\u00e1k, magvak<\/td>\n<\/tr>\n<tr>\n<td><strong>Le\u00edr\u00e1s:<\/strong><\/td>\n<td><img data-recalc-dims=\"1\" loading=\"lazy\" decoding=\"async\" src=\"https:\/\/i0.wp.com\/www.antstore.net\/shop\/images\/icons\/ants\/beschreibung.jpg?resize=30%2C30&#038;ssl=1\" alt=\"\" width=\"30\" height=\"30\" \/><\/td>\n<td>Akt\u00edv vad\u00e1szok, amelyek cs\u00edp\u00e9s\u00fckkel nagyobb rovarokat is k\u00e9pesek elpuszt\u00edtani. Nem t\u00fal agressz\u00edvek, de t\u00e1madnak, \u00e9s nehezen veszik \u00e1t a hatalmat m\u00e1s hangy\u00e1k.<\/td>\n<\/tr>\n<tr>\n<td><strong>Fejleszt\u00e9s:<\/strong><\/td>\n<td><strong><img data-recalc-dims=\"1\" loading=\"lazy\" decoding=\"async\" src=\"https:\/\/i0.wp.com\/www.antstore.net\/shop\/images\/icons\/ants\/entwicklung.jpg?resize=30%2C30&#038;ssl=1\" alt=\"\" width=\"30\" height=\"30\" \/><\/strong><\/td>\n<td><strong>p\u00e1rz\u00e1si rep\u00fcl\u00e9s:<\/strong> \u00e1prilis v\u00e9g\u00e9t\u0151l j\u00fanius v\u00e9g\u00e9ig a meleg k\u00f6z\u00e9ps\u0151 napokon<br \/>\n<strong>alap\u00edt\u00e1s:<\/strong>\u00a0 f\u00e9lig-meddig (a kir\u00e1lyn\u0151 gy\u0171jti az \u00e9lelmet)<br \/>\na toj\u00e1st\u00f3l a feln\u0151tt dolgoz\u00f3ig kb. 8-12 h\u00e9t (h\u0151m\u00e9rs\u00e9klett\u0151l f\u00fcgg\u0151en).<br \/>\n<strong>colonysize:<\/strong>\u00a0n\u00e9h\u00e1ny 1000 mag\u00e1nszem\u00e9ly<\/td>\n<\/tr>\n<tr>\n<td><strong>Mennyis\u00e9g:<\/strong><\/td>\n<td><img data-recalc-dims=\"1\" loading=\"lazy\" decoding=\"async\" src=\"https:\/\/i0.wp.com\/www.antstore.net\/shop\/images\/icons\/ants\/menge.jpg?resize=30%2C30&#038;ssl=1\" alt=\"\" width=\"30\" height=\"30\" \/><\/td>\n<td>egy megterm\u00e9keny\u00edtett kir\u00e1lyn\u0151 dolgoz\u00f3kkal (l\u00e1sd kiv\u00e1laszt\u00e1s); k\u00f6lt\u00e9s (az \u00e9vszakt\u00f3l \u00e9s a fejl\u0151d\u00e9st\u0151l f\u00fcgg\u0151en).<\/td>\n<\/tr>\n<tr>\n<td><strong>Weblinkek:<\/strong><\/td>\n<td><a href=\"http:\/\/www.antstore.net\/viewforum.php?f=9\"><span style=\"color: #0000ff;\"><img data-recalc-dims=\"1\" loading=\"lazy\" decoding=\"async\" src=\"https:\/\/i0.wp.com\/www.antstore.net\/shop\/images\/icons\/ants\/weblinks.jpg?resize=30%2C30&#038;ssl=1\" alt=\"\" width=\"30\" height=\"30\" \/><\/span><\/a><\/td>\n<td><a href=\"http:\/\/www.antstore.net\/viewforum.php?f=26\"><span style=\"color: #0000ff;\">- F\u00f3rum<\/span><\/a><\/p>\n<p><span style=\"color: #0000ff;\"><a href=\"http:\/\/www.antweb.org\/\/description.do?name=rubida&amp;genus=manica&amp;rank=species&amp;project=allantwebants\">- Hivatkoz\u00e1s<\/a><\/span><\/td>\n<\/tr>\n<\/tbody>\n<\/table>","protected":false},"excerpt":{"rendered":"<p>2. szint megtart\u00e1sa<br \/>\nM\u00e9ret:<span style=\"color: #000000;\">\u00a0<strong><span style=\"color: #339966;\">M<\/span><\/strong><\/span><\/p>","protected":false},"featured_media":6936,"comment_status":"open","ping_status":"closed","template":"","meta":{"_acf_changed":false,"content-type":"","_monsterinsights_skip_tracking":false,"_monsterinsights_sitenote_active":false,"_monsterinsights_sitenote_note":"","_monsterinsights_sitenote_category":0},"product_brand":[],"product_cat":[107,112,108,109],"product_tag":[],"class_list":{"0":"post-2715","1":"product","2":"type-product","3":"status-publish","4":"has-post-thumbnail","6":"product_cat-ants","7":"product_cat-asia","8":"product_cat-northern-europe","9":"product_cat-southern-europe","11":"first","12":"instock","13":"product-type-external"},"acf":[],"aioseo_notices":[],"jetpack_sharing_enabled":true,"_links":{"self":[{"href":"https:\/\/antcube.shop\/hu\/wp-json\/wp\/v2\/product\/2715","targetHints":{"allow":["GET"]}}],"collection":[{"href":"https:\/\/antcube.shop\/hu\/wp-json\/wp\/v2\/product"}],"about":[{"href":"https:\/\/antcube.shop\/hu\/wp-json\/wp\/v2\/types\/product"}],"replies":[{"embeddable":true,"href":"https:\/\/antcube.shop\/hu\/wp-json\/wp\/v2\/comments?post=2715"}],"wp:featuredmedia":[{"embeddable":true,"href":"https:\/\/antcube.shop\/hu\/wp-json\/wp\/v2\/media\/6936"}],"wp:attachment":[{"href":"https:\/\/antcube.shop\/hu\/wp-json\/wp\/v2\/media?parent=2715"}],"wp:term":[{"taxonomy":"product_brand","embeddable":true,"href":"https:\/\/antcube.shop\/hu\/wp-json\/wp\/v2\/product_brand?post=2715"},{"taxonomy":"product_cat","embeddable":true,"href":"https:\/\/antcube.shop\/hu\/wp-json\/wp\/v2\/product_cat?post=2715"},{"taxonomy":"product_tag","embeddable":true,"href":"https:\/\/antcube.shop\/hu\/wp-json\/wp\/v2\/product_tag?post=2715"}],"curies":[{"name":"wp","href":"https:\/\/api.w.org\/{rel}","templated":true}]}}