{"id":2709,"date":"2021-10-08T11:59:36","date_gmt":"2021-10-08T09:59:36","guid":{"rendered":"https:\/\/antcube.shop\/produkt\/acromyrmex-cf-octospinosus\/"},"modified":"2023-05-11T14:50:47","modified_gmt":"2023-05-11T12:50:47","slug":"acromyrmex-cf-octospinosus","status":"publish","type":"product","link":"https:\/\/antcube.shop\/hu\/termek\/acromyrmex-cf-octospinosus\/","title":{"rendered":"Acromyrmex cf. octospinosus"},"content":{"rendered":"<table border=\"1\" cellspacing=\"1\" cellpadding=\"1\">\n<tbody>\n<tr>\n<td><strong>Latin neve:<\/strong><\/td>\n<td><strong><img data-recalc-dims=\"1\" loading=\"lazy\" decoding=\"async\" src=\"https:\/\/i0.wp.com\/www.antstore.net\/shop\/images\/icons\/ants\/lateinname.jpg?resize=30%2C30&#038;ssl=1\" alt=\"\" width=\"30\" height=\"30\" \/><\/strong><\/td>\n<td><em>Acromymex cf. octospinosus<\/em><\/td>\n<\/tr>\n<tr>\n<td><strong>Trivialname:<\/strong><\/td>\n<td><strong><img data-recalc-dims=\"1\" loading=\"lazy\" decoding=\"async\" src=\"https:\/\/i0.wp.com\/www.antstore.net\/shop\/images\/icons\/ants\/trivialname.jpg?resize=30%2C30&#038;ssl=1\" alt=\"\" width=\"30\" height=\"30\" \/><\/strong><\/td>\n<td>Leafcutterant<\/td>\n<\/tr>\n<tr>\n<td><strong>Taxon\u00f3mia:<\/strong><\/td>\n<td><strong><img data-recalc-dims=\"1\" loading=\"lazy\" decoding=\"async\" src=\"https:\/\/i0.wp.com\/www.antstore.net\/shop\/images\/icons\/ants\/taxonomie.jpg?resize=30%2C30&#038;ssl=1\" alt=\"\" width=\"30\" height=\"30\" \/><\/strong><\/td>\n<td><strong>Alcsal\u00e1d:<\/strong> Myrmicinae <strong>T\u00f6rzs:<\/strong> Attini<\/td>\n<\/tr>\n<tr>\n<td><strong>Szintentart\u00e1s:<\/strong><\/td>\n<td><strong><img data-recalc-dims=\"1\" loading=\"lazy\" decoding=\"async\" src=\"https:\/\/i0.wp.com\/www.antstore.net\/shop\/images\/icons\/ants\/haltungsklasse.jpg?resize=30%2C30&#038;ssl=1\" alt=\"\" width=\"30\" height=\"30\" \/><\/strong><\/td>\n<td><strong>(3)<\/strong>a nagy t\u00e9r- \u00e9s t\u00e1pl\u00e1l\u00e9kig\u00e9ny\u00fck, valamint az \u00e9ghajlati felt\u00e9teleik miatt csak tapasztalt hangyatart\u00f3k sz\u00e1m\u00e1ra.<\/td>\n<\/tr>\n<tr>\n<td><strong>Elterjed\u00e9s:<\/strong><\/td>\n<td><strong><img data-recalc-dims=\"1\" loading=\"lazy\" decoding=\"async\" src=\"https:\/\/i0.wp.com\/www.antstore.net\/shop\/images\/icons\/ants\/verbreitung.jpg?resize=30%2C30&#038;ssl=1\" alt=\"\" width=\"30\" height=\"30\" \/><\/strong><\/td>\n<td>D\u00e9l-Amerika<\/td>\n<\/tr>\n<tr>\n<td><strong>\u00c9l\u0151hely:<\/strong><\/td>\n<td><strong><img data-recalc-dims=\"1\" loading=\"lazy\" decoding=\"async\" src=\"https:\/\/i0.wp.com\/www.antstore.net\/shop\/images\/icons\/ants\/habitat.jpg?resize=30%2C30&#038;ssl=1\" alt=\"\" width=\"30\" height=\"30\" \/><\/strong><\/td>\n<td>m\u00e9rs\u00e9kelt es\u0151erd\u0151<\/td>\n<\/tr>\n<tr>\n<td><strong>Colonyform:<\/strong><\/td>\n<td><strong><img data-recalc-dims=\"1\" loading=\"lazy\" decoding=\"async\" src=\"https:\/\/i0.wp.com\/www.antstore.net\/shop\/images\/icons\/ants\/Kolonieform.jpg?resize=30%2C30&#038;ssl=1\" alt=\"\" width=\"30\" height=\"30\" \/><\/strong><\/td>\n<td>polig\u00e9n<\/td>\n<\/tr>\n<tr>\n<td><strong>Kir\u00e1lyn\u0151:<\/strong><\/td>\n<td><strong><img data-recalc-dims=\"1\" loading=\"lazy\" decoding=\"async\" src=\"https:\/\/i0.wp.com\/www.antstore.net\/shop\/images\/icons\/ants\/koenigin.jpg?resize=30%2C30&#038;ssl=1\" alt=\"\" width=\"30\" height=\"30\" \/><\/strong><\/td>\n<td><strong>M\u00e9ret:<\/strong> 12mm <strong>Sz\u00edn:<\/strong> orangegebrown<\/td>\n<\/tr>\n<tr>\n<td><strong>Munk\u00e1s:<\/strong><\/td>\n<td><img data-recalc-dims=\"1\" loading=\"lazy\" decoding=\"async\" src=\"https:\/\/i0.wp.com\/www.antstore.net\/shop\/images\/icons\/ants\/arbeiterin.jpg?resize=30%2C30&#038;ssl=1\" alt=\"\" width=\"30\" height=\"30\" \/><\/td>\n<td><strong>M\u00e9ret: <\/strong>5 - 15mm <strong>Sz\u00edn:<\/strong> narancsbarn\u00e1t\u00f3l s\u00f6t\u00e9tbarn\u00e1ig<\/td>\n<\/tr>\n<tr>\n<td><strong>Katona:<\/strong><\/td>\n<td><img data-recalc-dims=\"1\" loading=\"lazy\" decoding=\"async\" src=\"https:\/\/i0.wp.com\/www.antstore.net\/shop\/images\/icons\/ants\/soldaten.jpg?resize=30%2C30&#038;ssl=1\" alt=\"\" width=\"30\" height=\"30\" \/><\/td>\n<td>nincs jelen<\/td>\n<\/tr>\n<tr>\n<td><strong>F\u00e9rfiak:<\/strong><\/td>\n<td><img data-recalc-dims=\"1\" loading=\"lazy\" decoding=\"async\" src=\"https:\/\/i0.wp.com\/www.antstore.net\/shop\/images\/icons\/ants\/maennchen.jpg?resize=30%2C30&#038;ssl=1\" alt=\"\" width=\"30\" height=\"30\" \/><\/td>\n<td><strong>M\u00e9ret:<\/strong> 7mm<strong> Sz\u00edn:<\/strong>\u00a0 barna<\/td>\n<\/tr>\n<tr>\n<td><strong>T\u00e1pl\u00e1lkoz\u00e1s:<\/strong><\/td>\n<td><img data-recalc-dims=\"1\" loading=\"lazy\" decoding=\"async\" src=\"https:\/\/i0.wp.com\/www.antstore.net\/shop\/images\/icons\/ants\/nahrung.jpg?resize=30%2C30&#038;ssl=1\" alt=\"\" width=\"30\" height=\"30\" \/><\/td>\n<td><span id=\"result_box\" lang=\"en\">Egy saj\u00e1t termeszt\u00e9s\u0171 gomb\u00e1t (Leucoagaricus gongylophorus) a dolgoz\u00f3k a Rosaceae n\u00f6v\u00e9nyek leveleivel \u00e9s vir\u00e1gaival, valamint term\u00e9seivel termesztenek. A gombahif\u00e1k saj\u00e1tos feh\u00e9rjetesteit leszedik, \u00e9s a kir\u00e1lyn\u0151vel \u00e9s a k\u00f6lt\u00e9ssel etetik. A takarm\u00e1nyoz\u00e1s cukorral vagy m\u00e9zes v\u00edzzel aj\u00e1nlott.<br \/>\n<span class=\"hps\">potenci\u00e1lis<\/span> <span class=\"hps\">\u00e9lelmiszern\u00f6v\u00e9nyek<\/span> <span class=\"hps\">are<\/span>: <span class=\"hps\">szeder, m\u00e1lna<\/span>, <span class=\"hps\">r\u00f3zs\u00e1k,<\/span> <span class=\"hps\">p\u00e1fr\u00e1nyfeny\u0151<\/span>, bodza, <span class=\"hps\">t\u00f6lgy, h\u00e1rsfa<\/span>, vad <span class=\"hps\">bor<\/span> <span class=\"hps\">a<\/span> <span class=\"hps\">alm\u00e1k,<\/span> <span class=\"hps\">narancs, ban\u00e1n<\/span>, sz\u0151l\u0151 <span class=\"hps\">v\u00e9szhelyzetben<\/span> <span class=\"hps\">szint\u00e9n zabpehely<\/span><\/span><br \/>\n<span id=\"result_box\" lang=\"en\"><span class=\"hps\">Aj\u00e1nlott a leveleket etet\u00e9s el\u0151tt megnedves\u00edteni.<\/span><br \/>\n<span class=\"hps\">A<\/span> <span class=\"hps\">etet\u00e9s<\/span> <span class=\"hps\">of<\/span> <span class=\"hps\">sumach<\/span> <span class=\"hps\">levelek<\/span> <span class=\"hps\">kellene<\/span> <span class=\"hps\">legyen<\/span> <span class=\"hps\">minden\u00e1ron ker\u00fclni kell<\/span>, mivel ezek <span class=\"hps\">are<\/span> <span class=\"hps\">m\u00e9rgez\u0151 a<\/span> <span class=\"hps\">a gomba.<\/span><\/span><\/td>\n<\/tr>\n<tr>\n<td><strong>Leveg\u0151 p\u00e1ratartalma:<\/strong><\/td>\n<td><strong><img data-recalc-dims=\"1\" loading=\"lazy\" decoding=\"async\" src=\"https:\/\/i0.wp.com\/www.antstore.net\/shop\/images\/icons\/ants\/feuchtigkeit.jpg?resize=30%2C30&#038;ssl=1\" alt=\"\" width=\"30\" height=\"30\" \/><\/strong><\/td>\n<td><strong>Ar\u00e9na:<\/strong> 40 &#8211; 70% <strong>Nestpart:<\/strong> 80 - 90% szem\u00e9tgy\u0171jt\u0151: 30 - 40%<\/td>\n<\/tr>\n<tr>\n<td><strong>H\u0151m\u00e9rs\u00e9klet:<\/strong><\/td>\n<td><strong><img data-recalc-dims=\"1\" loading=\"lazy\" decoding=\"async\" src=\"https:\/\/i0.wp.com\/www.antstore.net\/shop\/images\/icons\/ants\/temperatur.jpg?resize=30%2C30&#038;ssl=1\" alt=\"\" width=\"30\" height=\"30\" \/><\/strong><\/td>\n<td><strong>Ar\u00e9na:<\/strong> 21 - 28\u00b0C <strong>Nestpart:<\/strong> 24 - 28\u00b0C<\/td>\n<\/tr>\n<tr>\n<td><strong>T\u00e9li \u00e1lom:<\/strong><\/td>\n<td><img data-recalc-dims=\"1\" loading=\"lazy\" decoding=\"async\" src=\"https:\/\/i0.wp.com\/www.antstore.net\/shop\/images\/icons\/ants\/winterruhe.jpg?resize=30%2C30&#038;ssl=1\" alt=\"\" width=\"30\" height=\"30\" \/><\/td>\n<td>nincs<\/td>\n<\/tr>\n<tr>\n<td><strong>F\u00e9szekforma:<\/strong><\/td>\n<td><img data-recalc-dims=\"1\" loading=\"lazy\" decoding=\"async\" src=\"https:\/\/i0.wp.com\/www.antstore.net\/shop\/images\/icons\/ants\/nestform.jpg?resize=30%2C30&#038;ssl=1\" alt=\"\" width=\"30\" height=\"30\" \/><\/td>\n<td>f\u00e9szek a talajban<\/td>\n<\/tr>\n<tr>\n<td><strong>Formicaria-fajta:<\/strong><\/td>\n<td><img data-recalc-dims=\"1\" loading=\"lazy\" decoding=\"async\" src=\"https:\/\/i0.wp.com\/www.antstore.net\/shop\/images\/icons\/ants\/formicarienart.jpg?resize=30%2C30&#038;ssl=1\" alt=\"\" width=\"30\" height=\"30\" \/><\/td>\n<td>Farm, farmmedence, medence, keretmedence, sziget, akrilhenger<\/td>\n<\/tr>\n<tr>\n<td><strong>Formicaria m\u00e9rete:<\/strong><\/td>\n<td><strong><img data-recalc-dims=\"1\" loading=\"lazy\" decoding=\"async\" src=\"https:\/\/i0.wp.com\/www.antstore.net\/shop\/images\/icons\/ants\/formicariengroesse.jpg?resize=30%2C30&#038;ssl=1\" alt=\"\" width=\"30\" height=\"30\" \/><\/strong><\/td>\n<td><strong>M\u00e9ret:<\/strong> <strong>L<\/strong><strong> - XL\u00a0<\/strong><strong> !!! A telep n\u00f6veked\u00e9s\u00e9vel legal\u00e1bb 3 medence a gomb\u00e1knak, a takarm\u00e1nyoz\u00e1snak \u00e9s a szem\u00e9tnek !!!<\/strong><\/td>\n<\/tr>\n<tr>\n<td><strong>Al\u00e1t\u00e9t:<\/strong><\/td>\n<td><strong><img data-recalc-dims=\"1\" loading=\"lazy\" decoding=\"async\" src=\"https:\/\/i0.wp.com\/www.antstore.net\/shop\/images\/icons\/ants\/substrat.jpg?resize=30%2C30&#038;ssl=1\" alt=\"\" width=\"30\" height=\"30\" \/><\/strong><\/td>\n<td><strong>Farm:<\/strong> &#8211; <strong>Ar\u00e9na: <\/strong>Potterclay, perlit, humusz, homok-hab, homok-iszap<\/td>\n<\/tr>\n<tr>\n<td><strong>\u00dcltet\u00e9s:<\/strong><\/td>\n<td><img data-recalc-dims=\"1\" loading=\"lazy\" decoding=\"async\" src=\"https:\/\/i0.wp.com\/www.antstore.net\/shop\/images\/icons\/ants\/bepflanzung.jpg?resize=30%2C30&#038;ssl=1\" alt=\"\" width=\"30\" height=\"30\" \/><\/td>\n<td>&#8211;<\/td>\n<\/tr>\n<tr>\n<td><strong>D\u00edsz\u00edt\u00e9s:<\/strong><\/td>\n<td><img data-recalc-dims=\"1\" loading=\"lazy\" decoding=\"async\" src=\"https:\/\/i0.wp.com\/www.antstore.net\/shop\/images\/icons\/ants\/dekoration.jpg?resize=30%2C30&#038;ssl=1\" alt=\"\" width=\"30\" height=\"30\" \/><\/td>\n<td>&#8211;<\/td>\n<\/tr>\n<tr>\n<td><strong>Le\u00edr\u00e1s:<\/strong><\/td>\n<td><img data-recalc-dims=\"1\" loading=\"lazy\" decoding=\"async\" src=\"https:\/\/i0.wp.com\/www.antstore.net\/shop\/images\/icons\/ants\/beschreibung.jpg?resize=30%2C30&#038;ssl=1\" alt=\"\" width=\"30\" height=\"30\" \/><\/td>\n<td><span id=\"result_box\" lang=\"en\"><span class=\"hps\">Acromyrmex cf.<\/span> <span class=\"hps\">octospinus<\/span> <span class=\"hps\">egy kis<\/span> <span class=\"hps alt-edited\">lev\u00e9lv\u00e1g\u00f3<\/span> <span class=\"hps\">D\u00e9l-Amerik\u00e1b\u00f3l<\/span> <span class=\"hps\">ami lev\u00e1gja<\/span> <span class=\"hps\">vir\u00e1gz\u00f3 n\u00f6v\u00e9nyek<\/span> <span class=\"hps\">a vadonban. <\/span><\/span><br \/>\n<span id=\"result_box\" lang=\"en\"><span class=\"hps\">Ellent\u00e9tben a<\/span> <span class=\"hps\">Atta<\/span> <span class=\"hps\">\u0151k<\/span> <span class=\"hps\">v\u00e9gezze el a<\/span> <span class=\"hps\">hossz\u00fa<\/span> <span class=\"hps\">kir\u00e1ndul\u00e1sok a<\/span> <span class=\"hps\">a<\/span> <span class=\"hps\">betakar\u00edt\u00e1si ter\u00fcletek<\/span> <span class=\"hps\">\u00e9s<\/span> az optim\u00e1lis fejl\u0151d\u00e9shez sz\u00fcks\u00e9g\u00fck van ezekre a hossz\u00fa s\u00e9t\u00e1kra.<\/span><\/td>\n<\/tr>\n<tr>\n<td><strong>Fejleszt\u00e9s:<\/strong><\/td>\n<td><strong><img data-recalc-dims=\"1\" loading=\"lazy\" decoding=\"async\" src=\"https:\/\/i0.wp.com\/www.antstore.net\/shop\/images\/icons\/ants\/entwicklung.jpg?resize=30%2C30&#038;ssl=1\" alt=\"\" width=\"30\" height=\"30\" \/><\/strong><\/td>\n<td><strong>p\u00e1rz\u00e1si rep\u00fcl\u00e9s:<\/strong> az els\u0151 ny\u00e1ri es\u0151kkel<br \/>\n<strong>alap\u00edt\u00e1s:<\/strong> a kir\u00e1lyn\u0151 \u00fcr\u00fcl\u00e9k\u00e9vel megterm\u00e9keny\u00edtett anyatelepb\u0151l sz\u00e1rmaz\u00f3 gombadarabbal. Egy kir\u00e1lyn\u0151 8 \u00e9s ak\u00e1r 15 \u00e9ves is lehet.<br \/>\n<strong>colonysize:<\/strong> 20 000 f\u0151ig<\/td>\n<\/tr>\n<tr>\n<td><strong>Mennyis\u00e9g:<\/strong><\/td>\n<td><img data-recalc-dims=\"1\" loading=\"lazy\" decoding=\"async\" src=\"https:\/\/i0.wp.com\/www.antstore.net\/shop\/images\/icons\/ants\/menge.jpg?resize=30%2C30&#038;ssl=1\" alt=\"\" width=\"30\" height=\"30\" \/><\/td>\n<td>egy megterm\u00e9keny\u00edtett kir\u00e1lyn\u0151 gomb\u00e1val \u00e9s dolgoz\u00f3kkal (l\u00e1sd kiv\u00e1laszt\u00e1s); k\u00f6lt\u00e9s (az \u00e9vszakt\u00f3l \u00e9s a fejl\u0151d\u00e9st\u0151l f\u00fcgg\u0151en).<\/td>\n<\/tr>\n<tr>\n<td><strong>Weblinkek:<\/strong><\/td>\n<td><a href=\"http:\/\/www.antstore.net\/viewforum.php?f=9\"><span style=\"color: #0000ff;\"><img data-recalc-dims=\"1\" loading=\"lazy\" decoding=\"async\" src=\"https:\/\/i0.wp.com\/www.antstore.net\/shop\/images\/icons\/ants\/weblinks.jpg?resize=30%2C30&#038;ssl=1\" alt=\"\" width=\"30\" height=\"30\" \/><\/span><\/a><\/td>\n<td><a href=\"http:\/\/www.antstore.net\/viewforum.php?f=130\"><span style=\"color: #0000ff;\">- F\u00f3rum<\/span><\/a><\/p>\n<p><span style=\"color: #0000ff;\"><a href=\"http:\/\/www.antweb.org\/description.do?subfamily=myrmicinae&amp;genus=acromyrmex&amp;name=octospinosus&amp;rank=species&amp;project=allantwebants\">- Hivatkoz\u00e1s<\/a><\/span><\/td>\n<\/tr>\n<\/tbody>\n<\/table>","protected":false},"excerpt":{"rendered":"<p>Tart\u00e1si szint 3 - Kock\u00e1zati szint 2<br \/>\nM\u00e9ret: <strong>L - XL<\/strong><\/p>","protected":false},"featured_media":3355,"comment_status":"open","ping_status":"closed","template":"","meta":{"_acf_changed":false,"content-type":"","_monsterinsights_skip_tracking":false,"_monsterinsights_sitenote_active":false,"_monsterinsights_sitenote_note":"","_monsterinsights_sitenote_category":0},"product_brand":[],"product_cat":[107,111],"product_tag":[],"class_list":{"0":"post-2709","1":"product","2":"type-product","3":"status-publish","4":"has-post-thumbnail","6":"product_cat-ants","7":"product_cat-south-and-central-america","9":"first","10":"instock","11":"product-type-external"},"acf":[],"aioseo_notices":[],"jetpack_sharing_enabled":true,"_links":{"self":[{"href":"https:\/\/antcube.shop\/hu\/wp-json\/wp\/v2\/product\/2709","targetHints":{"allow":["GET"]}}],"collection":[{"href":"https:\/\/antcube.shop\/hu\/wp-json\/wp\/v2\/product"}],"about":[{"href":"https:\/\/antcube.shop\/hu\/wp-json\/wp\/v2\/types\/product"}],"replies":[{"embeddable":true,"href":"https:\/\/antcube.shop\/hu\/wp-json\/wp\/v2\/comments?post=2709"}],"wp:featuredmedia":[{"embeddable":true,"href":"https:\/\/antcube.shop\/hu\/wp-json\/wp\/v2\/media\/3355"}],"wp:attachment":[{"href":"https:\/\/antcube.shop\/hu\/wp-json\/wp\/v2\/media?parent=2709"}],"wp:term":[{"taxonomy":"product_brand","embeddable":true,"href":"https:\/\/antcube.shop\/hu\/wp-json\/wp\/v2\/product_brand?post=2709"},{"taxonomy":"product_cat","embeddable":true,"href":"https:\/\/antcube.shop\/hu\/wp-json\/wp\/v2\/product_cat?post=2709"},{"taxonomy":"product_tag","embeddable":true,"href":"https:\/\/antcube.shop\/hu\/wp-json\/wp\/v2\/product_tag?post=2709"}],"curies":[{"name":"wp","href":"https:\/\/api.w.org\/{rel}","templated":true}]}}