{"id":2673,"date":"2021-10-04T15:33:49","date_gmt":"2021-10-04T13:33:49","guid":{"rendered":"https:\/\/antcube.shop\/produkt\/antcube-starter-set-l-20x20-combi\/"},"modified":"2026-04-13T10:48:55","modified_gmt":"2026-04-13T08:48:55","slug":"antcube-starter-set-l-20x20-combi","status":"publish","type":"product","link":"https:\/\/antcube.shop\/hu\/termek\/antcube-starter-set-l-20x20-combi\/","title":{"rendered":"ANTCUBE Starter Set L - 20\u00d720 - Combi"},"content":{"rendered":"<p><strong>Tartalom:<\/strong><br \/>\n1x ANTCUBE - Arena 20x20x20 - Combi L<br \/>\n1x hangya ar\u00e9na bor\u00edt\u00e1s 20\u00d720<br \/>\n4x r\u00f6gz\u00edt\u00e9si pont az ar\u00e9na fedel\u00e9hez<br \/>\n2x Formicarium dug\u00f3 27mm-es lyukhoz<br \/>\n2x Formicarium dug\u00f3 50 mm-es lyukhoz<br \/>\n1x aljzat - homokos v\u00e1lyog b\u00e9zs - 1000g<br \/>\n1x itat\u00f3 2ml - 360 fokos<br \/>\n1x dish clear 1&#215;20 &#8211; sponge<br \/>\n1x k\u00e9zi nagy\u00edt\u00f3 - 2x - 30mm<br \/>\n1x csipesz m\u0171anyag \u00e1tl\u00e1tsz\u00f3<br \/>\n1x m\u0171anyag pipetta 3ml<br \/>\n1x Hangya menek\u00fcl\u0151 olaj 10ml<br \/>\n1x habszivacs ablakt\u00f6rl\u0151 150x18x2,5mm<\/p>\n<p><strong>Le\u00edr\u00e1s:<\/strong><br \/>\nEz a Starter Set - Combi a legt\u00f6bb talajba \u00e1s\u00f3 hangyafaj sz\u00e1m\u00e1ra alkalmas.<br \/>\nA k\u00e9szlet nagyon kompakt, \u00e9s a mell\u00e9kelt tartoz\u00e9kok a legfontosabbakra korl\u00e1toz\u00f3dnak.<br \/>\nEz\u00e9rt ez egy kiv\u00e1l\u00f3 min\u0151s\u00e9g\u0171 anyagokb\u00f3l k\u00e9sz\u00fclt, olcs\u00f3 k\u00e9szlet, amely ide\u00e1lis a hangyatart\u00e1sban kezd\u0151k sz\u00e1m\u00e1ra.<br \/>\nA mell\u00e9kelt homokos-agyagos b\u00e9zs sz\u00edn\u0171 szubsztr\u00e1tumot a legt\u00f6bb hangyafaj j\u00f3l elfogadja.<\/p>\n<p>Opcion\u00e1lisan az ar\u00e9na f\u00e9szkel\u0151ter\u00fclet\u00e9re m\u00e1s talajszubsztr\u00e1tumok vagy f\u00e9szekbet\u00e9tek is elhelyezhet\u0151k.<br \/>\nA javaslatok alatt (l\u00e1sd al\u00e1bb) tov\u00e1bbi hasznos tartoz\u00e9kokat tal\u00e1l.<\/p>\n<p><strong>Aj\u00e1nl\u00e1s:<\/strong> Javasoljuk a 2 mm magas aljzatr\u00e9teget, hogy az \u00e1llatok ne tudj\u00e1k be\u00e1sni magukat az ar\u00e9n\u00e1ba, hanem ink\u00e1bb az erre a c\u00e9lra biztos\u00edtott tany\u00e1t haszn\u00e1lj\u00e1k. Javasoljuk tov\u00e1bb\u00e1, hogy a farmon l\u00e9v\u0151 f\u00e9szkel\u0151anyagot (homok\/agyag, Digfix stb.) egy helyen enyh\u00e9n sz\u00farjuk ki, hogy az \u00e1llatok sz\u00e1m\u00e1ra megk\u00f6nny\u00edts\u00fck az \u00e1s\u00e1st.<\/p>\n<p><strong>Fontos:<\/strong> Haszn\u00e1lat el\u0151tt nedves\u00edtse meg az aljzatot, hogy a kever\u00e9k meg tudjon k\u00f6t\u0151dni \u00e9s szil\u00e1rdan meg tudjon \u00e1llni a hangyafarmon. Ezenk\u00edv\u00fcl a t\u00fal sz\u00e1raz \u00e9s poros szubsztr\u00e1t elz\u00e1rhatja a hangy\u00e1k l\u00e9gz\u0151szerveit, \u00e9s legrosszabb esetben az \u00e1llatok megfulladhatnak.<\/p>\n<p><strong>\u00c9rtes\u00edt\u00e9s:<\/strong><br \/>\nF\u00e9szekbet\u00e9tjeink haszn\u00e1latakor vegye figyelembe, hogy azok 8 mm-rel keskenyebbek, mivel eredetileg \u00fagy tervezt\u00fck \u0151ket, hogy illeszkedjenek a keskenyebb hangyafarmjainkhoz, valamint az ar\u00e9na bet\u00e9tekhez! Itt a k\u00f6ztes teret t\u00f6lt\u0151anyaggal, p\u00e9ld\u00e1ul gipsszel vagy agyaggal kell kit\u00f6lteni.<\/p>\n<p><strong>Megjegyz\u00e9sek a gy\u00e1rt\u00e1shoz<\/strong><br \/>\nAz \u00fcveg v\u00e1g\u00e1sa a DIN 1249 szabv\u00e1ny szerint t\u00f6rt\u00e9nik, +\/- 1 mm-es t\u0171r\u00e9ssel. A rendk\u00edv\u00fcl kis hangyafajok eset\u00e9ben tov\u00e1bbi menek\u00fcl\u00e9sv\u00e9delemre van sz\u00fcks\u00e9g.<\/p>\n<p><strong>Utas\u00edt\u00e1sok:<\/strong><br \/>\n- DE Haszn\u00e1lati utas\u00edt\u00e1s Starter Set Combi (PDF 7,98 MB)<br \/>\n- HU Haszn\u00e1lati utas\u00edt\u00e1s - Starter Set Combi (PDF 7,94 MB)<br \/>\n- ES Manual de instrucciones - Set de inicio Combi (PDF 7,94 MB)<br \/>\n- FR Manuel d'instruction - Kit de d\u00e9marrage Combi (PDF 7,95 MB)<\/p>","protected":false},"excerpt":{"rendered":"<p>A k\u00e9szlet 18 r\u00e9szb\u0151l \u00e1ll, \u00e9s minden hangyafajhoz alkalmas.<br \/>\nM\u00e9ret: <span style=\"color: #0000ff;\"><strong>L<\/strong><\/span><\/p>","protected":false},"featured_media":5445,"comment_status":"open","ping_status":"closed","template":"","meta":{"_acf_changed":false,"content-type":"","_monsterinsights_skip_tracking":false,"_monsterinsights_sitenote_active":false,"_monsterinsights_sitenote_note":"","_monsterinsights_sitenote_category":0},"product_brand":[],"product_cat":[73,78],"product_tag":[],"class_list":{"0":"post-2673","1":"product","2":"type-product","3":"status-publish","4":"has-post-thumbnail","6":"product_cat-starter-sets","7":"product_cat-starter-sets-combi","9":"first","10":"instock","11":"taxable","12":"shipping-taxable","13":"purchasable","14":"product-type-simple"},"acf":[],"aioseo_notices":[],"jetpack_sharing_enabled":true,"_links":{"self":[{"href":"https:\/\/antcube.shop\/hu\/wp-json\/wp\/v2\/product\/2673","targetHints":{"allow":["GET"]}}],"collection":[{"href":"https:\/\/antcube.shop\/hu\/wp-json\/wp\/v2\/product"}],"about":[{"href":"https:\/\/antcube.shop\/hu\/wp-json\/wp\/v2\/types\/product"}],"replies":[{"embeddable":true,"href":"https:\/\/antcube.shop\/hu\/wp-json\/wp\/v2\/comments?post=2673"}],"wp:featuredmedia":[{"embeddable":true,"href":"https:\/\/antcube.shop\/hu\/wp-json\/wp\/v2\/media\/5445"}],"wp:attachment":[{"href":"https:\/\/antcube.shop\/hu\/wp-json\/wp\/v2\/media?parent=2673"}],"wp:term":[{"taxonomy":"product_brand","embeddable":true,"href":"https:\/\/antcube.shop\/hu\/wp-json\/wp\/v2\/product_brand?post=2673"},{"taxonomy":"product_cat","embeddable":true,"href":"https:\/\/antcube.shop\/hu\/wp-json\/wp\/v2\/product_cat?post=2673"},{"taxonomy":"product_tag","embeddable":true,"href":"https:\/\/antcube.shop\/hu\/wp-json\/wp\/v2\/product_tag?post=2673"}],"curies":[{"name":"wp","href":"https:\/\/api.w.org\/{rel}","templated":true}]}}