{"id":12445,"date":"2025-09-30T10:08:52","date_gmt":"2025-09-30T08:08:52","guid":{"rendered":"https:\/\/antcube.shop\/en\/product\/ameisen-lebenszyklus-praparat-metamorphose-einer-ameise\/"},"modified":"2026-04-13T10:49:05","modified_gmt":"2026-04-13T08:49:05","slug":"hangya-eletciklus-minta-egy-hangya-metamorfozisa","status":"publish","type":"product","link":"https:\/\/antcube.shop\/hu\/termek\/hangya-eletciklus-minta-egy-hangya-metamorfozisa\/","title":{"rendered":"Hangya \u00e9letciklus minta: Egy hangya metamorf\u00f3zisa"},"content":{"rendered":"<p><strong>M\u00e9retek:<\/strong> 30x30x10 mm<\/p>\n<p><strong>Anyag:<\/strong> Szintetikus gyanta<\/p>\n<p><strong>Le\u00edr\u00e1s:<\/strong> Ezt a p\u00e9ld\u00e1nyt gondosan form\u00e1zt\u00e1k \u00e1tl\u00e1tsz\u00f3 m\u0171gyant\u00e1ba, \u00e9s ide\u00e1lis iskolai, egyetemi \u00e9s gy\u0171jt\u0151i haszn\u00e1latra. A hangya fejl\u0151d\u00e9si szakaszait mutatja be - a l\u00e1rv\u00e1t\u00f3l a b\u00e1bon \u00e1t a kifejlett munk\u00e1shangy\u00e1ig.<\/p>","protected":false},"excerpt":{"rendered":"<p>M\u00e9retek: Anyag: 30x30x10 mm: Anyag: Szintetikus gyanta Ez a p\u00e9ld\u00e1nyt gondosan form\u00e1zt\u00e1k \u00e1tl\u00e1tsz\u00f3 m\u0171gyant\u00e1ba, \u00e9s ide\u00e1lis iskolai, egyetemi \u00e9s gy\u0171jt\u0151i haszn\u00e1latra. A hangya fejl\u0151d\u00e9si szakaszait mutatja be - a l\u00e1rv\u00e1t\u00f3l a b\u00e1bon \u00e1t a teljesen kifejlett munk\u00e1shangy\u00e1ig.<\/p>","protected":false},"featured_media":12562,"comment_status":"open","ping_status":"closed","template":"","meta":{"_acf_changed":false,"content-type":"","_monsterinsights_skip_tracking":false,"_monsterinsights_sitenote_active":false,"_monsterinsights_sitenote_note":"","_monsterinsights_sitenote_category":0},"product_brand":[484],"product_cat":[547,257,245],"product_tag":[],"class_list":{"0":"post-12445","1":"product","2":"type-product","3":"status-publish","4":"has-post-thumbnail","6":"product_brand-antcube","7":"product_cat-all-products","8":"product_cat-new-innovatve-products","9":"product_cat-merchandise","11":"first","12":"instock","13":"taxable","14":"shipping-taxable","15":"purchasable","16":"product-type-simple"},"acf":[],"aioseo_notices":[],"jetpack_sharing_enabled":true,"_links":{"self":[{"href":"https:\/\/antcube.shop\/hu\/wp-json\/wp\/v2\/product\/12445","targetHints":{"allow":["GET"]}}],"collection":[{"href":"https:\/\/antcube.shop\/hu\/wp-json\/wp\/v2\/product"}],"about":[{"href":"https:\/\/antcube.shop\/hu\/wp-json\/wp\/v2\/types\/product"}],"replies":[{"embeddable":true,"href":"https:\/\/antcube.shop\/hu\/wp-json\/wp\/v2\/comments?post=12445"}],"wp:featuredmedia":[{"embeddable":true,"href":"https:\/\/antcube.shop\/hu\/wp-json\/wp\/v2\/media\/12562"}],"wp:attachment":[{"href":"https:\/\/antcube.shop\/hu\/wp-json\/wp\/v2\/media?parent=12445"}],"wp:term":[{"taxonomy":"product_brand","embeddable":true,"href":"https:\/\/antcube.shop\/hu\/wp-json\/wp\/v2\/product_brand?post=12445"},{"taxonomy":"product_cat","embeddable":true,"href":"https:\/\/antcube.shop\/hu\/wp-json\/wp\/v2\/product_cat?post=12445"},{"taxonomy":"product_tag","embeddable":true,"href":"https:\/\/antcube.shop\/hu\/wp-json\/wp\/v2\/product_tag?post=12445"}],"curies":[{"name":"wp","href":"https:\/\/api.w.org\/{rel}","templated":true}]}}