{"id":12444,"date":"2025-09-30T10:08:25","date_gmt":"2025-09-30T08:08:25","guid":{"rendered":"https:\/\/antcube.shop\/en\/product\/poster-lasius-niger-lebensweise-70x50\/"},"modified":"2026-03-20T11:30:08","modified_gmt":"2026-03-20T10:30:08","slug":"poszter-lasius-niger-eletmod-70x50","status":"publish","type":"product","link":"https:\/\/antcube.shop\/hu\/termek\/poszter-lasius-niger-eletmod-70x50\/","title":{"rendered":"Poszter - Lasius niger \u00e9letm\u00f3d - 70\u00d750"},"content":{"rendered":"<p><strong>M\u00e9retek:<\/strong> 70\u00d750 cm<\/p>\n<p><strong>Anyag:<\/strong> Latex pap\u00edr<br \/>\nEz a pap\u00edr v\u00edz\u00e1ll\u00f3, let\u00f6r\u00f6lhet\u0151, strapab\u00edr\u00f3, k\u00f6rnyezetbar\u00e1t, mivel nem tartalmaz a k\u00f6rnyezetre k\u00e1ros old\u00f3szereket, \u00e9s ragyog\u00f3 nyomtat\u00e1si min\u0151s\u00e9get biztos\u00edt.<\/p>\n<p><strong>Le\u00edr\u00e1s:<\/strong> Ez a poszter vil\u00e1gos \u00e1ttekint\u00e9st ny\u00fajt az Lasius niger - a fekete hangya - \u00e9letm\u00f3dj\u00e1r\u00f3l. Ez az egyik legelterjedtebb \u00e9s legismertebb hangyafaj Eur\u00f3p\u00e1ban, s\u0151t tal\u00e1n vil\u00e1gszerte is nemzets\u00e9g\u00e9nek egyik legn\u00e9pszer\u0171bb k\u00e9pvisel\u0151je.<\/p>\n<p><strong>Fontos - tov\u00e1bbi inform\u00e1ci\u00f3k:<\/strong> <a href=\"https:\/\/www.ants.de\/link\/1006\">Itt<\/a> a plak\u00e1ton r\u00e9szletes le\u00edr\u00e1st tal\u00e1l az egyes jelenetekr\u0151l. Ezek nem tartoznak hozz\u00e1, de az al\u00e1bbi linken k\u00fcl\u00f6n is el\u00e9rhet\u0151k \u00e9s kinyomtathat\u00f3k. <a href=\"https:\/\/www.ants.de\/link\/1006\">https:\/\/www.ants.de\/link\/1006<\/a><\/p>","protected":false},"excerpt":{"rendered":"<p>M\u00e9ret: 70\u00d750 cm<\/p>","protected":false},"featured_media":12453,"comment_status":"open","ping_status":"closed","template":"","meta":{"_acf_changed":false,"content-type":"","_monsterinsights_skip_tracking":false,"_monsterinsights_sitenote_active":false,"_monsterinsights_sitenote_note":"","_monsterinsights_sitenote_category":0},"product_brand":[484],"product_cat":[547,500,245],"product_tag":[],"class_list":{"0":"post-12444","1":"product","2":"type-product","3":"status-publish","4":"has-post-thumbnail","6":"product_brand-antcube","7":"product_cat-all-products","8":"product_cat-ant-posters-and-teaching-aids","9":"product_cat-merchandise","11":"first","12":"instock","13":"taxable","14":"shipping-taxable","15":"purchasable","16":"product-type-simple"},"acf":[],"aioseo_notices":[],"jetpack_sharing_enabled":true,"_links":{"self":[{"href":"https:\/\/antcube.shop\/hu\/wp-json\/wp\/v2\/product\/12444","targetHints":{"allow":["GET"]}}],"collection":[{"href":"https:\/\/antcube.shop\/hu\/wp-json\/wp\/v2\/product"}],"about":[{"href":"https:\/\/antcube.shop\/hu\/wp-json\/wp\/v2\/types\/product"}],"replies":[{"embeddable":true,"href":"https:\/\/antcube.shop\/hu\/wp-json\/wp\/v2\/comments?post=12444"}],"wp:featuredmedia":[{"embeddable":true,"href":"https:\/\/antcube.shop\/hu\/wp-json\/wp\/v2\/media\/12453"}],"wp:attachment":[{"href":"https:\/\/antcube.shop\/hu\/wp-json\/wp\/v2\/media?parent=12444"}],"wp:term":[{"taxonomy":"product_brand","embeddable":true,"href":"https:\/\/antcube.shop\/hu\/wp-json\/wp\/v2\/product_brand?post=12444"},{"taxonomy":"product_cat","embeddable":true,"href":"https:\/\/antcube.shop\/hu\/wp-json\/wp\/v2\/product_cat?post=12444"},{"taxonomy":"product_tag","embeddable":true,"href":"https:\/\/antcube.shop\/hu\/wp-json\/wp\/v2\/product_tag?post=12444"}],"curies":[{"name":"wp","href":"https:\/\/api.w.org\/{rel}","templated":true}]}}