{"id":12442,"date":"2025-09-30T10:07:24","date_gmt":"2025-09-30T08:07:24","guid":{"rendered":"https:\/\/antcube.shop\/en\/product\/poster-anatomie-der-ameisen-lasius-niger-50x70\/"},"modified":"2026-03-20T11:30:21","modified_gmt":"2026-03-20T10:30:21","slug":"poszter-anatomia-a-hangyak-anatomiaja-lasius-niger-50x70","status":"publish","type":"product","link":"https:\/\/antcube.shop\/hu\/termek\/poszter-anatomia-a-hangyak-anatomiaja-lasius-niger-50x70\/","title":{"rendered":"Poszter - A hangy\u00e1k anat\u00f3mi\u00e1ja - Lasius niger - 50\u00d770"},"content":{"rendered":"<p><strong>M\u00e9retek:<\/strong> 50\u00d770 cm<\/p>\n<p><strong>Anyag:<\/strong> Latex pap\u00edr<br \/>\nEz a pap\u00edr v\u00edz\u00e1ll\u00f3, let\u00f6r\u00f6lhet\u0151, strapab\u00edr\u00f3, k\u00f6rnyezetbar\u00e1t, mivel nem tartalmaz a k\u00f6rnyezetre k\u00e1ros old\u00f3szereket, \u00e9s ragyog\u00f3 nyomtat\u00e1si min\u0151s\u00e9get biztos\u00edt.<\/p>\n<p><strong>Le\u00edr\u00e1s:<\/strong> Ez a poszter a fekete hangya (Lasius niger) anat\u00f3mi\u00e1j\u00e1t mutatja be. R\u00e9szletes illusztr\u00e1ci\u00f3k mutatj\u00e1k be a legfontosabb k\u00fcls\u0151 \u00e9s bels\u0151 testt\u00e1jakat \u00e9s szerveket, megk\u00f6nny\u00edtve e sz\u00e9les k\u00f6rben elterjedt hangyafaj fel\u00e9p\u00edt\u00e9s\u00e9nek meg\u00e9rt\u00e9s\u00e9t. Ide\u00e1lis tananyagk\u00e9nt iskol\u00e1k \u00e9s egyetemek sz\u00e1m\u00e1ra vagy dekorat\u00edv gy\u0171jt\u0151i t\u00e1rgyk\u00e9nt.<\/p>\n<p><strong>Fontos - tov\u00e1bbi inform\u00e1ci\u00f3k:<\/strong> Itt r\u00e9szletes le\u00edr\u00e1st tal\u00e1l a plak\u00e1ton szerepl\u0151 egyes jelenetekr\u0151l. Ezek nem tartoznak a plak\u00e1thoz, de k\u00fcl\u00f6n is el\u00e9rhet\u0151k \u00e9s kinyomtathat\u00f3k az al\u00e1bbi linken. https:\/\/www.ants.de\/link\/1101.<\/p>","protected":false},"excerpt":{"rendered":"<p>M\u00e9ret: 50\u00d770 cm<\/p>","protected":false},"featured_media":12454,"comment_status":"open","ping_status":"closed","template":"","meta":{"_acf_changed":false,"content-type":"","_monsterinsights_skip_tracking":false,"_monsterinsights_sitenote_active":false,"_monsterinsights_sitenote_note":"","_monsterinsights_sitenote_category":0},"product_brand":[484],"product_cat":[547,500,245],"product_tag":[],"class_list":{"0":"post-12442","1":"product","2":"type-product","3":"status-publish","4":"has-post-thumbnail","6":"product_brand-antcube","7":"product_cat-all-products","8":"product_cat-ant-posters-and-teaching-aids","9":"product_cat-merchandise","11":"first","12":"instock","13":"taxable","14":"shipping-taxable","15":"purchasable","16":"product-type-simple"},"acf":[],"aioseo_notices":[],"jetpack_sharing_enabled":true,"_links":{"self":[{"href":"https:\/\/antcube.shop\/hu\/wp-json\/wp\/v2\/product\/12442","targetHints":{"allow":["GET"]}}],"collection":[{"href":"https:\/\/antcube.shop\/hu\/wp-json\/wp\/v2\/product"}],"about":[{"href":"https:\/\/antcube.shop\/hu\/wp-json\/wp\/v2\/types\/product"}],"replies":[{"embeddable":true,"href":"https:\/\/antcube.shop\/hu\/wp-json\/wp\/v2\/comments?post=12442"}],"wp:featuredmedia":[{"embeddable":true,"href":"https:\/\/antcube.shop\/hu\/wp-json\/wp\/v2\/media\/12454"}],"wp:attachment":[{"href":"https:\/\/antcube.shop\/hu\/wp-json\/wp\/v2\/media?parent=12442"}],"wp:term":[{"taxonomy":"product_brand","embeddable":true,"href":"https:\/\/antcube.shop\/hu\/wp-json\/wp\/v2\/product_brand?post=12442"},{"taxonomy":"product_cat","embeddable":true,"href":"https:\/\/antcube.shop\/hu\/wp-json\/wp\/v2\/product_cat?post=12442"},{"taxonomy":"product_tag","embeddable":true,"href":"https:\/\/antcube.shop\/hu\/wp-json\/wp\/v2\/product_tag?post=12442"}],"curies":[{"name":"wp","href":"https:\/\/api.w.org\/{rel}","templated":true}]}}