{"id":12437,"date":"2025-09-30T10:02:33","date_gmt":"2025-09-30T08:02:33","guid":{"rendered":"https:\/\/antcube.shop\/en\/product\/poster-anatomie-der-ameisen-lasius-niger-70x100\/"},"modified":"2026-01-12T12:43:18","modified_gmt":"2026-01-12T11:43:18","slug":"poszter-anatomia-hangyak-anatomiaja-lasius-niger-70x100","status":"publish","type":"product","link":"https:\/\/antcube.shop\/hu\/termek\/poszter-anatomia-hangyak-anatomiaja-lasius-niger-70x100\/","title":{"rendered":"Poszter - A hangy\u00e1k anat\u00f3mi\u00e1ja - Lasius niger - 70\u00d7100"},"content":{"rendered":"<p><strong>M\u00e9retek:<\/strong> 70\u00d7100 cm<\/p>\n<p><strong>Anyag:<\/strong> Latex pap\u00edr<br \/>\nEz a pap\u00edr v\u00edz\u00e1ll\u00f3, let\u00f6r\u00f6lhet\u0151, strapab\u00edr\u00f3, k\u00f6rnyezetbar\u00e1t, mivel nem tartalmaz a k\u00f6rnyezetre k\u00e1ros old\u00f3szereket, \u00e9s ragyog\u00f3 nyomtat\u00e1si min\u0151s\u00e9get biztos\u00edt.<\/p>\n<p><strong>Le\u00edr\u00e1s:<\/strong> Ez a poszter a fekete hangya (Lasius niger) anat\u00f3mi\u00e1j\u00e1t mutatja be. R\u00e9szletes illusztr\u00e1ci\u00f3k mutatj\u00e1k be a legfontosabb k\u00fcls\u0151 \u00e9s bels\u0151 testt\u00e1jakat \u00e9s szerveket, megk\u00f6nny\u00edtve e sz\u00e9les k\u00f6rben elterjedt hangyafaj fel\u00e9p\u00edt\u00e9s\u00e9nek meg\u00e9rt\u00e9s\u00e9t. Ide\u00e1lis tananyagk\u00e9nt iskol\u00e1k \u00e9s egyetemek sz\u00e1m\u00e1ra vagy dekorat\u00edv gy\u0171jt\u0151i t\u00e1rgyk\u00e9nt.<\/p>\n<p><strong>Fontos - tov\u00e1bbi inform\u00e1ci\u00f3k:<\/strong> <a href=\"https:\/\/www.ants.de\/link\/1101\">Itt<\/a> a plak\u00e1ton r\u00e9szletes le\u00edr\u00e1st tal\u00e1l az egyes jelenetekr\u0151l. Ezeket nem mell\u00e9kelj\u00fck a plak\u00e1thoz, de az al\u00e1bbi linken k\u00fcl\u00f6n is el\u00e9rhet\u0151k \u00e9s kinyomtathat\u00f3k. <a href=\"https:\/\/www.ants.de\/link\/1101\">https:\/\/www.ants.de\/link\/1101<\/a><\/p>","protected":false},"excerpt":{"rendered":"<p>M\u00e9ret: 70\u00d7100 cm<\/p>","protected":false},"featured_media":12454,"comment_status":"open","ping_status":"closed","template":"","meta":{"_acf_changed":false,"content-type":"","_monsterinsights_skip_tracking":false,"_monsterinsights_sitenote_active":false,"_monsterinsights_sitenote_note":"","_monsterinsights_sitenote_category":0},"product_brand":[484],"product_cat":[547,500,245],"product_tag":[],"class_list":{"0":"post-12437","1":"product","2":"type-product","3":"status-publish","4":"has-post-thumbnail","6":"product_brand-antcube","7":"product_cat-all-products","8":"product_cat-ant-posters-and-teaching-aids","9":"product_cat-merchandise","11":"first","12":"instock","13":"taxable","14":"shipping-taxable","15":"purchasable","16":"product-type-simple"},"acf":[],"aioseo_notices":[],"jetpack_sharing_enabled":true,"_links":{"self":[{"href":"https:\/\/antcube.shop\/hu\/wp-json\/wp\/v2\/product\/12437","targetHints":{"allow":["GET"]}}],"collection":[{"href":"https:\/\/antcube.shop\/hu\/wp-json\/wp\/v2\/product"}],"about":[{"href":"https:\/\/antcube.shop\/hu\/wp-json\/wp\/v2\/types\/product"}],"replies":[{"embeddable":true,"href":"https:\/\/antcube.shop\/hu\/wp-json\/wp\/v2\/comments?post=12437"}],"wp:featuredmedia":[{"embeddable":true,"href":"https:\/\/antcube.shop\/hu\/wp-json\/wp\/v2\/media\/12454"}],"wp:attachment":[{"href":"https:\/\/antcube.shop\/hu\/wp-json\/wp\/v2\/media?parent=12437"}],"wp:term":[{"taxonomy":"product_brand","embeddable":true,"href":"https:\/\/antcube.shop\/hu\/wp-json\/wp\/v2\/product_brand?post=12437"},{"taxonomy":"product_cat","embeddable":true,"href":"https:\/\/antcube.shop\/hu\/wp-json\/wp\/v2\/product_cat?post=12437"},{"taxonomy":"product_tag","embeddable":true,"href":"https:\/\/antcube.shop\/hu\/wp-json\/wp\/v2\/product_tag?post=12437"}],"curies":[{"name":"wp","href":"https:\/\/api.w.org\/{rel}","templated":true}]}}