{"id":12436,"date":"2025-09-30T10:01:57","date_gmt":"2025-09-30T08:01:57","guid":{"rendered":"https:\/\/antcube.shop\/en\/product\/antcube-digfix-20x20-liegend\/"},"modified":"2026-03-31T15:11:54","modified_gmt":"2026-03-31T13:11:54","slug":"antcube-digfix-20x20-fekvo","status":"publish","type":"product","link":"https:\/\/antcube.shop\/hu\/termek\/antcube-digfix-20x20-fekvo\/","title":{"rendered":"ANTCUBE - Digfix 20\u00d720 - fekv\u0151"},"content":{"rendered":"<p><strong>M\u00e9retek:<\/strong> 180x180x28mm<\/p>\n<p><strong>Anyag:<\/strong> Digfix<\/p>\n<p><strong>Alkalmaz\u00e1s:<\/strong><br \/>\nCsak a mi ANTCUBE - Nest 20\u00d720 - v\u00edzszintes f\u00e9szk\u00fcnkbe illik.<\/p>\n<p><strong>Le\u00edr\u00e1s:<\/strong><br \/>\nEzt a Digfix f\u00e9szket, amely egy speci\u00e1lis, \u00e1shat\u00f3 anyagb\u00f3l k\u00e9sz\u00fclt, \u00fagy tervezt\u00fck, hogy t\u00f6k\u00e9letesen illeszkedjen a 20\u00d720-as ANTCUBE v\u00edzszintes f\u00e9szkekbe. A lemez sz\u00e1razon vagy nedves\u00edtve is haszn\u00e1lhat\u00f3, \u00e9s sz\u00e1mos hangyafaj sz\u00e1m\u00e1ra alkalmas - k\u00fcl\u00f6n\u00f6sen azok sz\u00e1m\u00e1ra, amelyek homokban vagy (halott) f\u00e1ban f\u00e9szkelnek. Praktikus alternat\u00edv\u00e1ja a homok-agyag kever\u00e9keknek vagy a parafa f\u00e9szekbet\u00e9teknek.<\/p>\n<p>K\u00fcl\u00f6n el\u0151nye, hogy a nedvess\u00e9gtartalom k\u00f6nnyen ellen\u0151rizhet\u0151: a lemez sz\u00edne l\u00e1that\u00f3an megv\u00e1ltozik, \u00edgy a nedvess\u00e9gtartalom optim\u00e1lisan \u00e9rt\u00e9kelhet\u0151. A homok-agyag kever\u00e9kekkel ellent\u00e9tben a hangyafarm bels\u0151 lemezei tiszt\u00e1k maradnak, mivel nem tapad r\u00e1juk laza szubsztr\u00e1tum.<\/p>\n<p>Szil\u00e1rd szerkezet\u00e9nek k\u00f6sz\u00f6nhet\u0151en az anyag tart\u00f3san megtartja a hangy\u00e1k \u00e1ltal l\u00e9trehozott alagutakat \u00e9s kamr\u00e1kat an\u00e9lk\u00fcl, hogy \u00f6sszeomlana - a biztons\u00e1gos \u00e9s term\u00e9szetes \u00e1s\u00e1s \u00e9lm\u00e9ny\u00e9t ny\u00fajtva.<\/p>","protected":false},"excerpt":{"rendered":"<p>Ma\u00dfe: 180x180x28mm<\/p>","protected":false},"featured_media":0,"comment_status":"open","ping_status":"closed","template":"","meta":{"_acf_changed":false,"content-type":"","_monsterinsights_skip_tracking":false,"_monsterinsights_sitenote_active":false,"_monsterinsights_sitenote_note":"","_monsterinsights_sitenote_category":0},"product_brand":[484],"product_cat":[547,257,87,88],"product_tag":[],"class_list":{"0":"post-12436","1":"product","2":"type-product","3":"status-publish","5":"product_brand-antcube","6":"product_cat-all-products","7":"product_cat-new-innovatve-products","8":"product_cat-nest-insets","9":"product_cat-digfix","11":"first","12":"instock","13":"taxable","14":"shipping-taxable","15":"purchasable","16":"product-type-simple"},"acf":[],"aioseo_notices":[],"jetpack_sharing_enabled":true,"_links":{"self":[{"href":"https:\/\/antcube.shop\/hu\/wp-json\/wp\/v2\/product\/12436","targetHints":{"allow":["GET"]}}],"collection":[{"href":"https:\/\/antcube.shop\/hu\/wp-json\/wp\/v2\/product"}],"about":[{"href":"https:\/\/antcube.shop\/hu\/wp-json\/wp\/v2\/types\/product"}],"replies":[{"embeddable":true,"href":"https:\/\/antcube.shop\/hu\/wp-json\/wp\/v2\/comments?post=12436"}],"wp:attachment":[{"href":"https:\/\/antcube.shop\/hu\/wp-json\/wp\/v2\/media?parent=12436"}],"wp:term":[{"taxonomy":"product_brand","embeddable":true,"href":"https:\/\/antcube.shop\/hu\/wp-json\/wp\/v2\/product_brand?post=12436"},{"taxonomy":"product_cat","embeddable":true,"href":"https:\/\/antcube.shop\/hu\/wp-json\/wp\/v2\/product_cat?post=12436"},{"taxonomy":"product_tag","embeddable":true,"href":"https:\/\/antcube.shop\/hu\/wp-json\/wp\/v2\/product_tag?post=12436"}],"curies":[{"name":"wp","href":"https:\/\/api.w.org\/{rel}","templated":true}]}}