{"id":12287,"date":"2025-09-02T09:53:14","date_gmt":"2025-09-02T07:53:14","guid":{"rendered":"https:\/\/antcube.shop\/en\/product\/antcube-nest-20x20-liegend\/"},"modified":"2026-04-14T09:35:08","modified_gmt":"2026-04-14T07:35:08","slug":"hangyakocka-feszek-20x20-fekvo","status":"publish","type":"product","link":"https:\/\/antcube.shop\/hu\/termek\/hangyakocka-feszek-20x20-fekvo\/","title":{"rendered":"ANTCUBE - F\u00e9szek 20\u00d720 - fekv\u0151"},"content":{"rendered":"<p><strong>M\u00e9retek:<\/strong><br \/>\nF\u00e9szek: 190 x 190 x 28mm<br \/>\n\u00dcvegfed\u00e9l: 190 x 190 x 4mm<\/p>\n<p><strong>Anyag:<\/strong><br \/>\n\u00dasz\u00f3 \u00fcveg, m\u0171anyag<\/p>\n<p><strong>Sz\u00edn:<\/strong><br \/>\nKrist\u00e1lytiszta<\/p>\n<p><strong>Tartalom:<\/strong><br \/>\n1x ANTCUBE - F\u00e9szek 20\u00d720 - v\u00edzszintes, k\u00e9t csatlakoz\u00f3aljzattal L 20\/16<br \/>\n1x \u00fcvegfed\u00e9l 27mm-es lyukkal<\/p>\n<p><strong>Csatlakoz\u00e1s:<\/strong> 2x 14\/16\/18\/20 x 20mm-es foglalat<\/p>\n<p>A 14\/10-es t\u00f6ml\u0151 szil\u00e1rdan be van dugva a 14 mm-es aljzatba.<br \/>\nA 20\/16-os t\u00f6ml\u0151 szil\u00e1rdan r\u00f6gz\u00edtve van az els\u0151 16 mm-es l\u00e9pcs\u0151fokhoz<br \/>\n22\/18 t\u00f6ml\u0151 szorosan illeszkedik a m\u00e1sodik 20 mm-es l\u00e9pcs\u0151fokhoz<\/p>\n<p><strong>Le\u00edr\u00e1s: <\/strong>V\u00edzszintes f\u00e9szk\u00fcnk k\u00e9t csatlakoz\u00f3aljzattal rendelkezik, amelyekhez t\u00f6ml\u0151ket vagy cs\u00f6veket lehet csatlakoztatni. Ezek a csatlakoz\u00f3k biztons\u00e1gosan lez\u00e1rhat\u00f3k a hozz\u00e1juk ill\u0151 m\u0171anyag vagy h\u00e1l\u00f3s kupakokkal.<\/p>\n<p>Nagyobb hangyafajok, p\u00e9ld\u00e1ul k\u00fcl\u00f6nb\u00f6z\u0151 Camponotus fajok eset\u00e9ben javasoljuk, hogy kombin\u00e1lja a k\u00fcl\u00f6n kaphat\u00f3 parafa f\u00e9szkek egyik\u00e9vel. A f\u00e9szek azonban f\u00f6ldi szubsztr\u00e1tummal is megt\u00f6ltve is haszn\u00e1lhat\u00f3.<\/p>\n<p>A fed\u00e9l levehet\u0151, \u00e9s gum\u00edrozott perem\u00e9nek k\u00f6sz\u00f6nhet\u0151en szil\u00e1rdan \u00e9s biztons\u00e1gosan \u00fcl a hangyafarmon. K\u00f6z\u00e9pen egy 27 mm-es lyuk tal\u00e1lhat\u00f3, amely a f\u00e9szek belsej\u00e9nek nedves\u00edt\u00e9s\u00e9re szolg\u00e1l. A k\u00edv\u00e1nt p\u00e1ratartalomt\u00f3l f\u00fcgg\u0151en ez a ny\u00edl\u00e1s vagy egy h\u00e1l\u00f3s bet\u00e9ttel, vagy egy formicarium-dug\u00f3val z\u00e1rhat\u00f3.<\/p>\n<p>Opci\u00f3k\u00e9nt piros fed\u0151 is kaphat\u00f3, amely s\u00f6t\u00e9t\u00edti a f\u00e9szket, \u00e9s a tartott fajt\u00f3l f\u00fcgg\u0151en pozit\u00edv hat\u00e1ssal lehet a kol\u00f3nia fejl\u0151d\u00e9s\u00e9re.<\/p>\n<p><strong>Gy\u00e1rt\u00e1si inform\u00e1ci\u00f3k<\/strong><br \/>\nAz \u00fcveg v\u00e1g\u00e1sa a DIN 1249 szabv\u00e1ny szerint t\u00f6rt\u00e9nik, +\/- 1 mm t\u0171r\u00e9ssel. A rendk\u00edv\u00fcl kis hangyafajok eset\u00e9ben kieg\u00e9sz\u00edt\u0151 kit\u00f6r\u00e9sv\u00e9delemre van sz\u00fcks\u00e9g.<\/p>\n<p><strong>Megjegyz\u00e9s a csatlakoz\u00f3aljzatokr\u00f3l<\/strong><br \/>\nA t\u00f6ml\u0151k csatlakoztat\u00e1sakor vagy elt\u00e1vol\u00edt\u00e1sakor vegye figyelembe a k\u00f6vetkez\u0151ket:<br \/>\nHa a t\u00f6ml\u0151 nagyon nehezen illeszkedik a csatlakoz\u00f3aljzatra, az aljzatot enyh\u00e9n be kell d\u00f6rzs\u00f6lni egy csepp kit\u00f6r\u00e9sv\u00e9d\u0151 olajjal vagy porral. Ezut\u00e1n a t\u00f6ml\u0151t elforgat\u00e1ssal vagy csavar\u00e1ssal kell a csatlakoz\u00f3ra tolni, an\u00e9lk\u00fcl, hogy felfel\u00e9 vagy lefel\u00e9 nyom\u00e1st gyakoroln\u00e1nk a csatlakoz\u00f3ra. Ugyanez vonatkozik a t\u00f6ml\u0151k csatlakoz\u00f3r\u00f3l val\u00f3 elt\u00e1vol\u00edt\u00e1s\u00e1ra is. K\u00e9rj\u00fck, ne h\u00fazza le \u0151ket egyszer\u0171en!<\/p>","protected":false},"excerpt":{"rendered":"<p>Csatlakoz\u00e1s: 2x 14\/16\/18\/20 mm-es aljzat<br \/>\nM\u00e9ret: L<\/p>","protected":false},"featured_media":12292,"comment_status":"open","ping_status":"closed","template":"","meta":{"_acf_changed":false,"content-type":"","_monsterinsights_skip_tracking":false,"_monsterinsights_sitenote_active":false,"_monsterinsights_sitenote_note":"","_monsterinsights_sitenote_category":0},"product_brand":[484],"product_cat":[257,80,83,86],"product_tag":[],"class_list":{"0":"post-12287","1":"product","2":"type-product","3":"status-publish","4":"has-post-thumbnail","6":"product_brand-antcube","7":"product_cat-new-innovatve-products","8":"product_cat-antfarms","9":"product_cat-antfarms-l","10":"product_cat-formicariums","12":"first","13":"instock","14":"taxable","15":"shipping-taxable","16":"purchasable","17":"product-type-simple"},"acf":[],"aioseo_notices":[],"jetpack_sharing_enabled":true,"_links":{"self":[{"href":"https:\/\/antcube.shop\/hu\/wp-json\/wp\/v2\/product\/12287","targetHints":{"allow":["GET"]}}],"collection":[{"href":"https:\/\/antcube.shop\/hu\/wp-json\/wp\/v2\/product"}],"about":[{"href":"https:\/\/antcube.shop\/hu\/wp-json\/wp\/v2\/types\/product"}],"replies":[{"embeddable":true,"href":"https:\/\/antcube.shop\/hu\/wp-json\/wp\/v2\/comments?post=12287"}],"wp:featuredmedia":[{"embeddable":true,"href":"https:\/\/antcube.shop\/hu\/wp-json\/wp\/v2\/media\/12292"}],"wp:attachment":[{"href":"https:\/\/antcube.shop\/hu\/wp-json\/wp\/v2\/media?parent=12287"}],"wp:term":[{"taxonomy":"product_brand","embeddable":true,"href":"https:\/\/antcube.shop\/hu\/wp-json\/wp\/v2\/product_brand?post=12287"},{"taxonomy":"product_cat","embeddable":true,"href":"https:\/\/antcube.shop\/hu\/wp-json\/wp\/v2\/product_cat?post=12287"},{"taxonomy":"product_tag","embeddable":true,"href":"https:\/\/antcube.shop\/hu\/wp-json\/wp\/v2\/product_tag?post=12287"}],"curies":[{"name":"wp","href":"https:\/\/api.w.org\/{rel}","templated":true}]}}