{"id":12286,"date":"2025-09-02T09:53:07","date_gmt":"2025-09-02T07:53:07","guid":{"rendered":"https:\/\/antcube.shop\/en\/product\/antcube-korknest-30x30-liegend\/"},"modified":"2026-02-26T10:38:05","modified_gmt":"2026-02-26T09:38:05","slug":"antcube-corknest-30x30-fekvo","status":"publish","type":"product","link":"https:\/\/antcube.shop\/hu\/termek\/antcube-corknest-30x30-fekvo\/","title":{"rendered":"ANTCUBE - Corknest 30\u00d730 - fekve"},"content":{"rendered":"<p><strong>M\u00e9retek:<\/strong> 280x280x28mm<\/p>\n<p><strong>Anyag:<\/strong> Parafa (finom)<\/p>\n<p><strong>Alkalmaz\u00e1s:<\/strong><br \/>\nCsak a mi ANTCUBE - Nest 30\u00d730 - v\u00edzszintes f\u00e9szk\u00fcnkbe illik.<\/p>\n<p><strong>Le\u00edr\u00e1s:\u00a0<\/strong><br \/>\nEz az el\u0151re elk\u00e9sz\u00edtett alagutakkal \u00e9s kamr\u00e1kkal ell\u00e1tott parafa f\u00e9szek sz\u00e1mos hangyafaj sz\u00e1m\u00e1ra alkalmas, k\u00fcl\u00f6n\u00f6sen azok sz\u00e1m\u00e1ra, amelyek (holt) f\u00e1ban f\u00e9szkelnek. K\u00e9t lyukkal rendelkezik, amelyek a f\u00e9szek bej\u00e1ratak\u00e9nt szolg\u00e1lnak.<\/p>\n<p>A parafa term\u00e9szetes, k\u00e9miailag semleges anyag. Szerkezete a folyad\u00e9kok sz\u00e1m\u00e1ra \u00e1thatolhatatlan, k\u00e9miailag nem reag\u00e1l, ez\u00e9rt hossz\u00fa ideig s\u00e9rtetlen marad. A tart\u00f3san magas nedvess\u00e9gtartalom azonban el\u0151seg\u00edtheti a rothad\u00e1st \u00e9s ler\u00f6vid\u00edtheti a f\u00e9szek \u00e9lettartam\u00e1t. \u00c1ltal\u00e1noss\u00e1gban elmondhat\u00f3, hogy a parafa nagyon ellen\u00e1ll\u00f3 a rothad\u00e1ssal, valamint a gomba- \u00e9s pen\u00e9szfert\u0151z\u00e9ssel szemben. K\u00fcl\u00f6nleges fel\u00fclete \u00e9s szerkezete kev\u00e9s megfelel\u0151 t\u00e1ptalajt k\u00edn\u00e1l a gomb\u00e1knak. Mindazon\u00e1ltal az \u00e9telmarad\u00e9kok, \u00fcr\u00fcl\u00e9k vagy m\u00e1s szerves anyagok el\u0151seg\u00edthetik a pen\u00e9szgomb\u00e1sod\u00e1st.<\/p>\n<p>Ez\u00e9rt javasoljuk, hogy a sz\u00e1razabb r\u00e9gi\u00f3kb\u00f3l sz\u00e1rmaz\u00f3 hangyafajokat tarts\u00e1k a parafa f\u00e9szekben. Azonban a nedvesebb \u00e9l\u0151helyekr\u0151l sz\u00e1rmaz\u00f3 fajok is elhelyezhet\u0151k benn\u00fck - a legt\u00f6bbj\u00fck eset\u00e9ben a rothad\u00e1s nem jelent probl\u00e9m\u00e1t. Sz\u00e1mos \u00c9szak-Eur\u00f3p\u00e1ban tal\u00e1lhat\u00f3 hangyafaj, mint p\u00e9ld\u00e1ul a Camponotus herculeanus vagy a Formica fusca, m\u00e9g a korhadt vagy r\u00e9szben korhadt f\u00e1hoz is term\u00e9szetes m\u00f3don alkalmazkodott.<\/p>","protected":false},"excerpt":{"rendered":"<p>M\u00e9ret: 280x280x28mm<\/p>","protected":false},"featured_media":12291,"comment_status":"open","ping_status":"closed","template":"","meta":{"_acf_changed":false,"content-type":"","_monsterinsights_skip_tracking":false,"_monsterinsights_sitenote_active":false,"_monsterinsights_sitenote_note":"","_monsterinsights_sitenote_category":0},"product_brand":[484],"product_cat":[257,87,89],"product_tag":[],"class_list":{"0":"post-12286","1":"product","2":"type-product","3":"status-publish","4":"has-post-thumbnail","6":"product_brand-antcube","7":"product_cat-new-innovatve-products","8":"product_cat-nest-insets","9":"product_cat-cork","11":"first","12":"instock","13":"taxable","14":"shipping-taxable","15":"purchasable","16":"product-type-simple"},"acf":[],"aioseo_notices":[],"jetpack_sharing_enabled":true,"_links":{"self":[{"href":"https:\/\/antcube.shop\/hu\/wp-json\/wp\/v2\/product\/12286","targetHints":{"allow":["GET"]}}],"collection":[{"href":"https:\/\/antcube.shop\/hu\/wp-json\/wp\/v2\/product"}],"about":[{"href":"https:\/\/antcube.shop\/hu\/wp-json\/wp\/v2\/types\/product"}],"replies":[{"embeddable":true,"href":"https:\/\/antcube.shop\/hu\/wp-json\/wp\/v2\/comments?post=12286"}],"wp:featuredmedia":[{"embeddable":true,"href":"https:\/\/antcube.shop\/hu\/wp-json\/wp\/v2\/media\/12291"}],"wp:attachment":[{"href":"https:\/\/antcube.shop\/hu\/wp-json\/wp\/v2\/media?parent=12286"}],"wp:term":[{"taxonomy":"product_brand","embeddable":true,"href":"https:\/\/antcube.shop\/hu\/wp-json\/wp\/v2\/product_brand?post=12286"},{"taxonomy":"product_cat","embeddable":true,"href":"https:\/\/antcube.shop\/hu\/wp-json\/wp\/v2\/product_cat?post=12286"},{"taxonomy":"product_tag","embeddable":true,"href":"https:\/\/antcube.shop\/hu\/wp-json\/wp\/v2\/product_tag?post=12286"}],"curies":[{"name":"wp","href":"https:\/\/api.w.org\/{rel}","templated":true}]}}