{"id":11857,"date":"2025-06-20T14:40:22","date_gmt":"2025-06-20T12:40:22","guid":{"rendered":"https:\/\/antcube.shop\/en\/product\/bundle-offer-tetraponera-rufonigra\/"},"modified":"2026-04-16T09:54:43","modified_gmt":"2026-04-16T07:54:43","slug":"csomagajanlat-tetraponera-rufonigra","status":"publish","type":"product","link":"https:\/\/antcube.shop\/hu\/termek\/csomagajanlat-tetraponera-rufonigra\/","title":{"rendered":"Aj\u00e1nlatcsomag - Tetraponera rufonigra"},"content":{"rendered":"<p><strong><span data-text-color=\"secondary\">Csomagaj\u00e1nlat egy Tetraponera rufonigra hangyakol\u00f3ni\u00e1val (kir\u00e1lyn\u0151 + 5-10 dolgoz\u00f3 + k\u00f6lt\u00e9s), egy parafa ind\u00edt\u00f3 k\u00e9szlettel, 2x formicarium p\u00e1rn\u00e1val, egy 10ml-es m\u00e9zharmat kever\u00e9k ut\u00e1nt\u00f6lt\u0151 csomaggal \u00e9s egy \u00fcveg speci\u00e1lis feh\u00e9r\u00edtett t\u00fccsk\u00f6kkel (nedves feh\u00e9rje).<\/span><\/strong><\/p>\n<p><span data-text-color=\"alert\"><strong>Csak a k\u00e9szlet erej\u00e9ig.<\/strong><\/span><\/p>\n<p><strong>Minden, amire egy Tetraponera rufonigra hangyakol\u00f3ni\u00e1hoz sz\u00fcks\u00e9ge van<\/strong><br \/>\nEz a csomag tartalmazza az \u00f6sszes l\u00e9nyeges elemet a Tetraponera rufonigra kol\u00f3nia sikeres elind\u00edt\u00e1s\u00e1hoz \u00e9s gondoz\u00e1s\u00e1hoz a korai fejl\u0151d\u00e9s sor\u00e1n. Kezd\u0151bar\u00e1t \u00e9s k\u00f6nnyen b\u0151v\u00edthet\u0151, ahogy a kol\u00f3nia n\u00f6vekszik.<\/p>\n<p><strong>Hangyafajok: Tetraponera rufonigra<\/strong><br \/>\nA Tetraponera rufonigra egy karcs\u00fa, arbore\u00e1lis hangyafaj, amely felt\u0171n\u0151 v\u00f6r\u00f6ses \u00e9s fekete sz\u00ednezet\u00e9r\u0151l ismert. D\u00e9l- \u00e9s D\u00e9lkelet-\u00c1zsi\u00e1ban \u0151shonos, jellemz\u0151en elhalt gallyakban vagy \u00fcreges n\u00f6v\u00e9nyi sz\u00e1rakban f\u00e9szkel, \u00e9s meleg, nedves tr\u00f3pusi k\u00f6rnyezethez alkalmazkodott. B\u00e1r nem tartj\u00e1k olyan gyakran, mint n\u00e9h\u00e1ny f\u00f6ld\u00f6n f\u00e9szkel\u0151 fajt, kiv\u00e1l\u00f3 v\u00e1laszt\u00e1s azoknak a tart\u00f3knak, akik akt\u00edvabb \u00e9s vizu\u00e1lisan \u00e9rdekesebb kol\u00f3ni\u00e1t keresnek. <span data-text-color=\"alert\"><strong>Megjegyz\u00e9s: Ennek a fajnak full\u00e1nkja van, \u00e9s nagyobb fok\u00fa v\u00e9dekez\u0151 magatart\u00e1st tan\u00fas\u00edt, ez\u00e9rt a kezel\u00e9st \u00f3vatosan kell v\u00e9gezni.<\/strong><\/span><\/p>\n<p><strong>A Tetraponera rufonigra t\u00e1pl\u00e1l\u00e9ka<\/strong><br \/>\nEzeknek a hangy\u00e1knak cukorban \u00e9s feh\u00e9rj\u00e9ben egyar\u00e1nt gazdag t\u00e1pl\u00e1l\u00e9kra van sz\u00fcks\u00e9g\u00fck. K\u00edn\u00e1ljon m\u00e9zharmatkever\u00e9ket vagy m\u00e9zes oldatot a sz\u00e9nhidr\u00e1tok, valamint apr\u00f3 rovarokat (\u00e9l\u0151 vagy elpusztult) a feh\u00e9rj\u00e9khez. K\u00fcl\u00f6n\u00f6sen j\u00f3l j\u00f6nnek nekik a puha test\u0171 zs\u00e1km\u00e1nyok, mint a gy\u00fcm\u00f6lcslegyek, a lisztf\u00e9rgek vagy a mi feh\u00e9r\u00edtett t\u00fccskeink. Alkalmank\u00e9nt gy\u00fcm\u00f6lcs\u00f6t, p\u00e9ld\u00e1ul ban\u00e1nt vagy alm\u00e1t is k\u00edn\u00e1lhatunk nekik. Mindig biztos\u00edtson friss vizet.<\/p>\n<p><strong>Formicarium a Tetraponera rufonigra eset\u00e9ben<\/strong><br \/>\nA term\u00e9szetben a Tetraponera rufonigra f\u00e9szket \u00e9p\u00edt a f\u00e1ban vagy \u00fcreges t\u00f6rzsekben l\u00e9v\u0151 keskeny \u00fcregekben. A fogs\u00e1gban val\u00f3 tart\u00e1shoz a Starter Set L f\u00e9szekbet\u00e9teket aj\u00e1nljuk parafa vagy bambusz f\u00e9szekbet\u00e9tekkel, amelyek j\u00f3l reproduk\u00e1lj\u00e1k a term\u00e9szetes f\u00e9szkel\u0151 k\u00f6rnyezet\u00fcket. A f\u00fcgg\u0151leges vagy f\u00e9lig f\u00fcgg\u0151leges f\u00e9szkel\u00e9si lehet\u0151s\u00e9gek ide\u00e1lisak az arbore\u00e1lis \u00e9letm\u00f3djuk szimul\u00e1l\u00e1s\u00e1ra. Gondoskodjon a formik\u00e1rium megfelel\u0151 szell\u0151z\u00e9s\u00e9r\u0151l \u00e9s a m\u00e9rs\u00e9kelt vagy magas p\u00e1ratartalom fenntart\u00e1s\u00e1r\u00f3l, k\u00fcl\u00f6n\u00f6sen a f\u00e9szkel\u0151helyen.<\/p>\n<p><strong>Tartalom:<\/strong><br \/>\n1x Tetraponera rufonigra (kir\u00e1lyn\u0151 + 5-10 dolgoz\u00f3 + k\u00f6lt\u00e9s)<br \/>\n1x T\u00fccs\u00f6klekv\u00e1r 25g<br \/>\n1x Honeydew Mix (HT) - ut\u00e1nt\u00f6lt\u0151 csomag 10ml<br \/>\n1x Formicarium alap - 20x20cm<br \/>\n1x Formicarium alap - 20x6cm<\/p>\n<p>1x ANTCUBE - Ar\u00e9na 20x20x10 - lapos<br \/>\n1x hangya ar\u00e9na keret 20\u00d720<br \/>\n1x hangya ar\u00e9na bor\u00edt\u00e1s 20\u00d720<br \/>\n4x r\u00f6gz\u00edt\u00e9si pont az ar\u00e9na fedel\u00e9hez<br \/>\n1x ANTCUBE - Hangyafarm - L - 20\u00d720 - f\u00fcgg\u0151legesen \u00e1ll\u00edtva<\/p>\n<p>1x ANTCUBE - parafa f\u00e9szek 20\u00d720 - f\u00fcgg\u0151legesen<br \/>\n1x 0,5m t\u00f6ml\u0151 \u00e1tl\u00e1tsz\u00f3 20\/16 mm<br \/>\n1x ANTCUBE - Piros f\u00f3lia 20\u00d720 - sz\u0171r\u0151<br \/>\n1x \u00f6ntapad\u00f3s klipsz - \u00e1tl\u00e1tsz\u00f3 2 db.<br \/>\n1x aljzat - homokos agyag b\u00e9zs - 1000g<\/p>\n<p>2x Grid insert acrylic &#8211; 50 mm with sealing ring<br \/>\n1x Grid insert acrylic &#8211; 27 mm with sealing ring<br \/>\n1x r\u00e1csz\u00e1r\u00f3 sapka - 16mm - rozsdamentes ac\u00e9l<\/p>\n<p>1x tart\u00e1ly t\u00f6ml\u0151csatlakoz\u00f3 27-14,16,20 mm - \u00e1tl\u00e1tsz\u00f3<br \/>\n1x Foil thermometer &#8211; farm<br \/>\n1x Foil thermometer Display<br \/>\n1x drinking clear 5ml &#8211; sponge<br \/>\n1x Feeding dish white rectangle &#8211; 3 compartments<br \/>\n1x Drinking trough 2ml &#8211; 360 Degrees<br \/>\n1x Hangya v\u00e9delmi olaj 10ml<br \/>\n1x Csipesz rug\u00f3ac\u00e9l - sz\u00e9les - puha<br \/>\n1x Csipesz m\u0171anyag \u00e1tl\u00e1tsz\u00f3<br \/>\n1x m\u0171anyag pipetta 3ml<br \/>\n1x k\u00e9zi nagy\u00edt\u00f3 - 2x - 30mm<br \/>\n1x habszivacs ablakt\u00f6rl\u0151 150x18x2,5mm<\/p>\n<p><strong>Le\u00edr\u00e1s Starter set:<\/strong><br \/>\nEz az el\u0151re gy\u00e1rtott folyos\u00f3kat \u00e9s kamr\u00e1kat tartalmaz\u00f3 parafa ind\u00edt\u00f3 k\u00e9szlet k\u00fcl\u00f6nb\u00f6z\u0151 hangyafajok sz\u00e1m\u00e1ra alkalmas, k\u00fcl\u00f6n\u00f6sen a (holt) f\u00e1ban f\u00e9szkel\u0151 fajok sz\u00e1m\u00e1ra.<\/p>\n<p>Az \"ANTCUBE - parafa f\u00e9szek\" a teljesen \u00e1tl\u00e1tsz\u00f3 farmba helyezhet\u0151. Alternat\u00edvak\u00e9nt a \"Sand-clay beige\" szubsztr\u00e1tumot is haszn\u00e1lhatja a farm felt\u00f6lt\u00e9s\u00e9re vagy a paraf\u00e9szek egyes kamr\u00e1inak lez\u00e1r\u00e1s\u00e1ra. Sz\u00fcks\u00e9g eset\u00e9n tov\u00e1bbi modulok csatlakoztathat\u00f3k a fed\u00e9lben l\u00e9v\u0151 50 mm-es lyukakon kereszt\u00fcl, pl. a k\u00fcl\u00f6n kaphat\u00f3 k\u00f6dk\u00e9pz\u0151k, ventil\u00e1torok vagy l\u00e1mp\u00e1k. Alternat\u00edvak\u00e9nt a megfelel\u0151 r\u00e1csbet\u00e9teket \u00e9s a ny\u00edl\u00e1sok lez\u00e1r\u00e1s\u00e1hoz sz\u00fcks\u00e9ges formicarium-dug\u00f3kat a sz\u00e1ll\u00edt\u00e1si terjedelem tartalmazza. K\u00edv\u00e1ns\u00e1gra a formicarium nyitottan is m\u0171k\u00f6dtethet\u0151, ha egyszer\u0171en a levehet\u0151 keretet a tetej\u00e9re helyezi, \u00e9s a peremre hangyasz\u00f6k\u00e9s elleni olajat ken.<\/p>\n<p><strong>Fontos:<\/strong> Haszn\u00e1lat el\u0151tt nedves\u00edtse meg az aljzatot, hogy a kever\u00e9k meg tudjon k\u00f6t\u0151dni \u00e9s szil\u00e1rdan meg tudjon \u00e1llni a hangyafarmon. Ezenk\u00edv\u00fcl, ha az aljzat t\u00fal sz\u00e1raz \u00e9s poros, a hangy\u00e1k l\u00e9g\u00fatjai elz\u00e1r\u00f3dhatnak, \u00e9s legrosszabb esetben az \u00e1llatok megfulladhatnak.<\/p>\n<p><strong>Aj\u00e1nl\u00e1s: <\/strong>Javasoljuk a 2 mm magas aljzatr\u00e9teget, hogy az \u00e1llatok ne tudj\u00e1k be\u00e1sni magukat az ar\u00e9n\u00e1ba, \u00e9s ink\u00e1bb a tany\u00e1t haszn\u00e1lj\u00e1k erre a c\u00e9lra.<\/p>\n<p><strong>Megjegyz\u00e9sek az \u00fcveggy\u00e1rt\u00e1sr\u00f3l<\/strong><br \/>\nAz \u00fcveg m\u00e9retre v\u00e1g\u00e1sa a DIN 1249 szabv\u00e1ny szerint t\u00f6rt\u00e9nik, +\/- 1 mm-es t\u0171r\u00e9ssel. A rendk\u00edv\u00fcl kis hangyafajok eset\u00e9ben kieg\u00e9sz\u00edt\u0151 kit\u00f6r\u00e9sv\u00e9delemre van sz\u00fcks\u00e9g.<\/p>\n<p><strong>Megjegyz\u00e9sek a gazdas\u00e1gr\u00f3l<\/strong><br \/>\nA f\u00e9szket csak sz\u00e1raz formik\u00e1riumban szabad haszn\u00e1lni. Ha a f\u00e9szket \u00e1lland\u00f3an nedvesen tartjuk, az anyag megpen\u00e9szedhet.<\/p>\n<p><strong>A t\u00f6ml\u0151k csatlakoztat\u00e1sakor vagy elt\u00e1vol\u00edt\u00e1sakor vegye figyelembe a k\u00f6vetkez\u0151ket:<\/strong><br \/>\nHa a cs\u0151 nagyon nehezen illeszkedik a csatlakoz\u00f3aljzatra, az aljzatot enyh\u00e9n be kell d\u00f6rzs\u00f6lni egy csepp kit\u00f6r\u00e9sv\u00e9d\u0151 olajjal vagy porral. A t\u00f6ml\u0151t ezut\u00e1n csavar\u00f3 vagy csavar\u00f3 mozdulatokkal kell a csatlakoz\u00f3aljzatra tolni an\u00e9lk\u00fcl, hogy a csatlakoz\u00f3aljzatot fel-le mozdulatokkal meger\u0151ltetn\u00e9nk. Ugyanez vonatkozik a t\u00f6ml\u0151k mez\u0151gazdas\u00e1gi csatlakoz\u00f3aljzatb\u00f3l t\u00f6rt\u00e9n\u0151 elt\u00e1vol\u00edt\u00e1s\u00e1ra is. K\u00e9rj\u00fck, ne h\u00fazza le egyszer\u0171en!<\/p>\n<p><strong>Utas\u00edt\u00e1sok:<\/strong><br \/>\n&#8211; <a href=\"https:\/\/www.antstore.net\/shop\/images\/info\/en\/Instructions%20for%20use%20-%20Starter%20Set%20Cork.pdf\" data-cke-saved-href=\"https:\/\/www.antstore.net\/shop\/images\/info\/en\/Instructions%20for%20use%20-%20Starter%20Set%20Cork.pdf\">HU Haszn\u00e1lati utas\u00edt\u00e1s - Starter Set Cork (PDF 3,79 MB)<\/a><br \/>\n&#8211; <a href=\"https:\/\/www.antstore.net\/shop\/images\/info\/es\/Manual%20de%20instrucciones%20-%20Set%20de%20inicio%20de%20corcho.pdf\" data-cke-saved-href=\"https:\/\/www.antstore.net\/shop\/images\/info\/es\/Manual%20de%20instrucciones%20-%20Set%20de%20inicio%20de%20corcho.pdf\">ES Manual de instrucciones - Set de inicio de corcho (PDF 3,79 MB)<\/a><br \/>\n&#8211; <a href=\"https:\/\/www.antstore.net\/shop\/images\/info\/fr\/Manuel%20d'instruction%20-%20Kit%20de%20d%C3%A9marrage%20en%20li%C3%A8ge.pdf\" data-cke-saved-href=\"https:\/\/www.antstore.net\/shop\/images\/info\/fr\/Manuel%20d'instruction%20-%20Kit%20de%20d%C3%A9marrage%20en%20li%C3%A8ge.pdf\">FR Manuel d'instruction - Kit de d\u00e9marrage en li\u00e8ge (PDF 3,79 MB)<\/a><\/p>\n<p><strong>Jegyzetek a krikettdzsemborir\u00f3l:<\/strong><br \/>\nA feh\u00e9r\u00edtett t\u00fccsk\u00f6kkel k\u00f6nnyen biztos\u00edthatja hangy\u00e1i sz\u00e1m\u00e1ra a frissen tart\u00f3s\u00edtott feh\u00e9rjet\u00e1pl\u00e1l\u00e9kot an\u00e9lk\u00fcl, hogy \u00e9l\u0151 rovarokat kellene etetnie. A benne l\u00e9v\u0151 t\u00fccsk\u00f6ket (Acheta domesticus) k\u00edm\u00e9letesen blans\u00edroztuk, hogy a t\u00e1p\u00e9rt\u00e9kek, az \u00edz \u00e9s az aroma megmaradjon. Ezen k\u00edv\u00fcl a rovarok kitinh\u00e9ja is megpuhult \u00edgy, hogy k\u00f6nnyebben em\u00e9szthet\u0151 legyen. A kollag\u00e9nfeh\u00e9rj\u00e9k k\u00f6t\u00e9seit felbontj\u00e1k, hogy a hangy\u00e1k jobban hasznos\u00edthass\u00e1k azokat. A konzerv Acheta domesticus ugyanolyan t\u00e1p\u00e9rt\u00e9k\u0171, mint az \u00e9l\u0151 t\u00fccs\u00f6k, de k\u00f6nnyebben em\u00e9szthet\u0151.<\/p>\n<p>A Cricket Jam nem alkalmas olyan hangyafajok vad\u00e1szat\u00e1ra, amelyek \u00e9l\u0151 t\u00e1pl\u00e1l\u00e9kot ig\u00e9nyelnek (pl. ponerines (nagy hangy\u00e1k), mint a Harpegnathos vagy Odontomachus).<\/p>\n<p><strong>Tov\u00e1bbi el\u0151ny\u00f6k:<\/strong><br \/>\nGarant\u00e1ltan atkamentes<br \/>\nAdagolhat\u00f3 \u00e9s v\u00edzzel h\u00edg\u00edthat\u00f3<br \/>\nSteriliz\u00e1lt \u00e9s v\u00e1kuumcsomagolt<br \/>\nAdal\u00e9kanyagok n\u00e9lk\u00fcl<br \/>\nT\u00fccsk\u00f6k fenntarthat\u00f3, tiszt\u00e1n \u00f6kol\u00f3giai teny\u00e9szt\u00e9sb\u0151l sz\u00e1rmaz\u00f3, szerves hullad\u00e9kkal t\u00e1pl\u00e1lt t\u00fccsk\u00f6k.<\/p>\n<p><strong>Megjegyz\u00e9s:<\/strong><br \/>\nFelbont\u00e1s ut\u00e1n a h\u0171t\u0151szekr\u00e9nyben k\u00f6r\u00fclbel\u00fcl n\u00e9gy napig eltarthat\u00f3. Fagyasztva hosszabb ideig eltarthat\u00f3.<br \/>\nFigyelem! El\u0151sz\u00f6r adagoljon, majd fagyassza be.<\/p>\n<p><strong>Megjegyz\u00e9s a m\u00e9zharmattal kapcsolatban:<\/strong><br \/>\nTartalom: 10 ml<br \/>\nEz egy term\u00e9szetes term\u00e9k, amelyet laborat\u00f3riumunkban v\u00e9gzett kiterjedt tesztek ut\u00e1n finom\u00edtottunk, \u00e9s a hangy\u00e1k \u00e1ltal nagyon j\u00f3l elfogadott t\u00e1pl\u00e1l\u00e9kk\u00e1 fejlesztett\u00fcnk. Ennek oka, hogy a feldolgozatlan m\u00e9zharmatm\u00e9zet koncentr\u00e1lt eredeti form\u00e1j\u00e1ban a hangy\u00e1k \u00e9s anyagcser\u00e9j\u00fck nem fogadj\u00e1k el j\u00f3l.<br \/>\nM\u00e9zharmatunkat Bulg\u00e1ria szennyezetlen, vad hegyi erdeiben gy\u0171jt\u00f6tt\u00fck. A m\u00e9zharmat csak nagyon korl\u00e1tozott ideig, ny\u00e1ron k\u00f6r\u00fclbel\u00fcl k\u00e9t h\u00f3napig terem. Ez\u00e9rt nagyon ritka. Az erd\u0151k saj\u00e1tos talajtulajdons\u00e1gai \u00e9s az \u00e9ghajlat miatt a f\u00e1k leveleiben alapvet\u0151 t\u00e1panyagok rakt\u00e1roz\u00f3dnak el, amelyeket a lev\u00e9ltetvek vesznek fel. Ez teszi ezt a m\u00e9zharmatkever\u00e9ket olyan k\u00edv\u00e1natoss\u00e1 a hangy\u00e1k sz\u00e1m\u00e1ra.<\/p>\n<p><strong>Alkalmaz\u00e1s:<\/strong><br \/>\nAz \u00e9lelmiszer mennyis\u00e9g\u00e9t k\u00f6r\u00fclbel\u00fcl 3 napon bel\u00fcl kell elfogyasztani.<\/p>\n<p><strong>Le\u00edr\u00e1s:<\/strong><br \/>\nA m\u00e9zharmatot, a vir\u00e1gm\u00e9zzel ellent\u00e9tben, a n\u00f6v\u00e9nyeket sz\u00edvogat\u00f3 rovarok, p\u00e9ld\u00e1ul a lev\u00e9ltetvek v\u00e1lad\u00e9k\u00e1b\u00f3l nyerik. A m\u00e9zharmat sz\u00e1mos rovar, p\u00e9ld\u00e1ul hangy\u00e1k, m\u00e9hek \u00e9s dong\u00f3k kedvelt t\u00e1pl\u00e1l\u00e9kforr\u00e1sa. A m\u00e9hek \u00e9s a poszm\u00e9hek a k\u00fcl\u00f6nb\u00f6z\u0151 f\u00e1k leveleir\u0151l vagy t\u0171ir\u0151l nyalj\u00e1k le. A hangy\u00e1k, p\u00e9ld\u00e1ul a Lasius niger sz\u00f3 szerint megtartj\u00e1k a lev\u00e9ltetveket. Meg is v\u00e9dik \u0151ket a ragadoz\u00f3kt\u00f3l, \u00e9s friss hajt\u00e1sokhoz viszik \u0151ket.<\/p>\n<p>A m\u00e9zharmat k\u00fcl\u00f6n\u00f6sen n\u00e9pszer\u0171 a hangy\u00e1k k\u00f6r\u00e9ben, mivel n\u00e9mileg elt\u00e9r\u0151 \u00f6sszet\u00e9tel\u0171. A m\u00e9zharmatban a f\u0151 cukrok a szachar\u00f3z \u00e9s a frukt\u00f3z, de kisebb mennyis\u00e9gben megtal\u00e1lhat\u00f3 benne a malt\u00f3z, a trehal\u00f3z, a melezit\u00f3z, a raffin\u00f3z \u00e9s m\u00e1s oligoszacharidok is. A cukor \u00e9s a v\u00edz mellett a m\u00e9zharmat esszenci\u00e1lis aminosavakat, \u00e1sv\u00e1nyi anyagokat, nyomelemeket, adenozinokat, foszf\u00e1tokat \u00e9s egy\u00e9b \u00f6sszetev\u0151ket, p\u00e9ld\u00e1ul vitaminokat is tartalmaz.<\/p>\n<p><strong>Haszn\u00e1lja:<\/strong><br \/>\nM\u00e9zev\u0151 hangyafajok (Meliphagidae) eset\u00e9ben<br \/>\nEz egy kieg\u00e9sz\u00edt\u0151 takarm\u00e1ny<br \/>\nAz \u00e1llatoknak felk\u00edn\u00e1lhat\u00f3, ahogyan az ell\u00e1t\u00e1st kapj\u00e1k. Mivel a nedvess\u00e9g hat\u00e1s\u00e1ra a cukorkoncentr\u00e1ci\u00f3 cs\u00f6kken, \u00e9s erjed\u00e9si folyamat indul be, a takarm\u00e1nyt 3 naponta ki kell cser\u00e9lni. \u00dajb\u00f3li felhaszn\u00e1l\u00e1s el\u0151tt alaposan tiszt\u00edtsa meg az etet\u0151t\u00e1lat\/cs\u00f6vet.<br \/>\nFelbont\u00e1s ut\u00e1n a csomagot a lej\u00e1rati id\u0151 lej\u00e1rt\u00e1ig szorosan z\u00e1rva kell tartani.<\/p>\n<p><strong>T\u00e1pl\u00e1lkoz\u00e1si inform\u00e1ci\u00f3 100 g-ra vet\u00edtve:<\/strong><br \/>\nkb. 2,7 % zs\u00edrok<br \/>\namelyb\u0151l tel\u00edtett kb. 0,45 %<br \/>\nkb. 95 % sz\u00e9nhidr\u00e1tok<br \/>\nebb\u0151l kb. 71 % cukor<br \/>\nkb. 2,85% feh\u00e9rje<br \/>\n\u00c1sv\u00e1nyi anyagok (k\u00e1lium, kalcium, r\u00e9z, vas, n\u00e1trium, magn\u00e9zium, foszfor, cink \u00e9s egy\u00e9b nyomelemek). Aminosavak (prolin, leucin, fenilalanin, alanin, hisztidin, izoleucin, glutaminsav, arginin, aszparaginsav stb.) Szerves savak Enzimek (fermentumok)Arom\u00e1k Inhibinek (antibakteri\u00e1lis anyagok) Vir\u00e1gok Vir\u00e1gpor.<\/p>\n<p><strong>T\u00e1rol\u00e1s:<\/strong><br \/>\nA takarm\u00e1ny min\u0151s\u00e9g\u00e9nek biztos\u00edt\u00e1sa \u00e9rdek\u00e9ben a takarm\u00e1nyt s\u00f6t\u00e9t \u00e9s sz\u00e1raz helyen kell t\u00e1rolni.<\/p>\n<p><strong>Megjegyz\u00e9s:<\/strong><br \/>\nKieg\u00e9sz\u00edt\u0151 takarm\u00e1ny m\u00e9zev\u0151 hangy\u00e1k sz\u00e1m\u00e1ra.<br \/>\nAz \u00f6sszet\u00e9telt, az analitikai \u00f6sszetev\u0151ket, a min\u0151s\u00e9gmeg\u0151rz\u00e9si id\u0151t \u00e9s a t\u00e9telsz\u00e1mot l\u00e1sd a betegt\u00e1j\u00e9koztat\u00f3ban.<\/p>\n<p>Inform\u00e1ci\u00f3s forr\u00f3dr\u00f3t +49 30 439703870<\/p>\n<p><strong>Felel\u0151s \u00e1llateg\u00e9szs\u00e9g\u00fcgyi \u00e9s \u00e9lelmiszer-fel\u00fcgyeleti hat\u00f3s\u00e1g:<\/strong><br \/>\nSteglitz \u00e1llatorvosi rendel\u0151<br \/>\nK\u00f6nigin-Luise-Str. 92<br \/>\n14195 Berlin<\/p>","protected":false},"excerpt":{"rendered":"<p>A k\u00e9szlet 33 darabb\u00f3l \u00e1ll<br \/>\nM\u00e9ret: L<\/p>","protected":false},"featured_media":11858,"comment_status":"open","ping_status":"closed","template":"","meta":{"_acf_changed":false,"content-type":"","_monsterinsights_skip_tracking":false,"_monsterinsights_sitenote_active":false,"_monsterinsights_sitenote_note":"","_monsterinsights_sitenote_category":0},"product_brand":[484],"product_cat":[355,73],"product_tag":[],"class_list":{"0":"post-11857","1":"product","2":"type-product","3":"status-publish","4":"has-post-thumbnail","6":"product_brand-antcube","7":"product_cat-bundle-offers","8":"product_cat-starter-sets","10":"first","11":"instock","12":"taxable","13":"shipping-taxable","14":"purchasable","15":"product-type-simple"},"acf":[],"aioseo_notices":[],"jetpack_sharing_enabled":true,"_links":{"self":[{"href":"https:\/\/antcube.shop\/hu\/wp-json\/wp\/v2\/product\/11857","targetHints":{"allow":["GET"]}}],"collection":[{"href":"https:\/\/antcube.shop\/hu\/wp-json\/wp\/v2\/product"}],"about":[{"href":"https:\/\/antcube.shop\/hu\/wp-json\/wp\/v2\/types\/product"}],"replies":[{"embeddable":true,"href":"https:\/\/antcube.shop\/hu\/wp-json\/wp\/v2\/comments?post=11857"}],"wp:featuredmedia":[{"embeddable":true,"href":"https:\/\/antcube.shop\/hu\/wp-json\/wp\/v2\/media\/11858"}],"wp:attachment":[{"href":"https:\/\/antcube.shop\/hu\/wp-json\/wp\/v2\/media?parent=11857"}],"wp:term":[{"taxonomy":"product_brand","embeddable":true,"href":"https:\/\/antcube.shop\/hu\/wp-json\/wp\/v2\/product_brand?post=11857"},{"taxonomy":"product_cat","embeddable":true,"href":"https:\/\/antcube.shop\/hu\/wp-json\/wp\/v2\/product_cat?post=11857"},{"taxonomy":"product_tag","embeddable":true,"href":"https:\/\/antcube.shop\/hu\/wp-json\/wp\/v2\/product_tag?post=11857"}],"curies":[{"name":"wp","href":"https:\/\/api.w.org\/{rel}","templated":true}]}}