{"id":11504,"date":"2025-04-25T15:16:40","date_gmt":"2025-04-25T13:16:40","guid":{"rendered":"https:\/\/antcube.shop\/en\/product\/poster-ernteameisen-messor-barbarus-lebensweise-70x50\/"},"modified":"2026-04-13T09:28:49","modified_gmt":"2026-04-13T07:28:49","slug":"poszter-aratas-hangyak-messor-barbarus-eletmod-70x50","status":"publish","type":"product","link":"https:\/\/antcube.shop\/hu\/termek\/poszter-aratas-hangyak-messor-barbarus-eletmod-70x50\/","title":{"rendered":"Poszter - Arat\u00f3hangy\u00e1k - Messor barbarus \u00e9letm\u00f3d - 70\u00d750"},"content":{"rendered":"<p>Az arat\u00f3hangy\u00e1k - Messor barbarus \u00e9letm\u00f3dja - Hangya poszter \u00e9s oktat\u00e1si seg\u00e9danyag iskol\u00e1knak\/\u00f3vod\u00e1knak.<\/p>\n<p><strong>A le\u00edr\u00e1s n\u00e9met, angol, spanyol \u00e9s francia nyelven \u00e9rhet\u0151 el.<\/strong><\/p>\n<p><strong>M\u00e9retek:<\/strong> 70\u00d750 cm<\/p>\n<p><strong>Anyag:<\/strong> latexpap\u00edr<br \/>\nEz a pap\u00edr v\u00edz\u00e1ll\u00f3, let\u00f6r\u00f6lhet\u0151, strapab\u00edr\u00f3, k\u00f6rnyezetbar\u00e1t, mivel nem tartalmaz a k\u00f6rnyezetre k\u00e1ros old\u00f3szereket, \u00e9s ragyog\u00f3 nyomtat\u00e1si min\u0151s\u00e9get biztos\u00edt.<\/p>\n<p><strong>Le\u00edr\u00e1s:<\/strong> Ez a poszter a d\u00e9l-eur\u00f3pai arat\u00f3hangyafaj, a Messor barbarus \u00e9letm\u00f3dj\u00e1t \u00e9s f\u00e9szek\u00e9p\u00edt\u00e9s\u00e9t mutatja be.<\/p>\n<p><strong>Fontos - tov\u00e1bbi inform\u00e1ci\u00f3k:<\/strong> <a href=\"https:\/\/www.ants.de\/link\/1005\">Itt<\/a> a plak\u00e1ton r\u00e9szletes le\u00edr\u00e1st tal\u00e1l az egyes jelenetekr\u0151l. Ezeket nem mell\u00e9kelj\u00fck a plak\u00e1thoz, de az al\u00e1bbi linken k\u00fcl\u00f6n is el\u00e9rhet\u0151k \u00e9s kinyomtathat\u00f3k. https:\/\/www.ants.de\/link\/1005.<\/p>","protected":false},"excerpt":{"rendered":"<p>Az arat\u00f3hangy\u00e1k - Messor barbarus \u00e9letm\u00f3dja - Hangya poszter \u00e9s oktat\u00e1si seg\u00e9danyag iskol\u00e1knak\/\u00f3vod\u00e1knak. Le\u00edr\u00e1s n\u00e9met, angol, spanyol \u00e9s francia nyelven el\u00e9rhet\u0151: M\u00e9retek: 70x50 cm Anyag: latex pap\u00edr Ez a pap\u00edr v\u00edz\u00e1ll\u00f3, let\u00f6r\u00f6lhet\u0151, strapab\u00edr\u00f3, k\u00f6rnyezetbar\u00e1t, mivel nem tartalmaz k\u00f6rnyezetre k\u00e1ros old\u00f3szereket, \u00e9s ragyog\u00f3 nyomtat\u00e1si min\u0151s\u00e9get eredm\u00e9nyez.  Ez a","protected":false},"featured_media":11400,"comment_status":"open","ping_status":"closed","template":"","meta":{"_acf_changed":false,"content-type":"","_monsterinsights_skip_tracking":false,"_monsterinsights_sitenote_active":false,"_monsterinsights_sitenote_note":"","_monsterinsights_sitenote_category":0},"product_brand":[484],"product_cat":[500],"product_tag":[],"class_list":{"0":"post-11504","1":"product","2":"type-product","3":"status-publish","4":"has-post-thumbnail","6":"product_brand-antcube","7":"product_cat-ant-posters-and-teaching-aids","9":"first","10":"instock","11":"taxable","12":"shipping-taxable","13":"purchasable","14":"product-type-simple"},"acf":[],"aioseo_notices":[],"jetpack_sharing_enabled":true,"_links":{"self":[{"href":"https:\/\/antcube.shop\/hu\/wp-json\/wp\/v2\/product\/11504","targetHints":{"allow":["GET"]}}],"collection":[{"href":"https:\/\/antcube.shop\/hu\/wp-json\/wp\/v2\/product"}],"about":[{"href":"https:\/\/antcube.shop\/hu\/wp-json\/wp\/v2\/types\/product"}],"replies":[{"embeddable":true,"href":"https:\/\/antcube.shop\/hu\/wp-json\/wp\/v2\/comments?post=11504"}],"wp:featuredmedia":[{"embeddable":true,"href":"https:\/\/antcube.shop\/hu\/wp-json\/wp\/v2\/media\/11400"}],"wp:attachment":[{"href":"https:\/\/antcube.shop\/hu\/wp-json\/wp\/v2\/media?parent=11504"}],"wp:term":[{"taxonomy":"product_brand","embeddable":true,"href":"https:\/\/antcube.shop\/hu\/wp-json\/wp\/v2\/product_brand?post=11504"},{"taxonomy":"product_cat","embeddable":true,"href":"https:\/\/antcube.shop\/hu\/wp-json\/wp\/v2\/product_cat?post=11504"},{"taxonomy":"product_tag","embeddable":true,"href":"https:\/\/antcube.shop\/hu\/wp-json\/wp\/v2\/product_tag?post=11504"}],"curies":[{"name":"wp","href":"https:\/\/api.w.org\/{rel}","templated":true}]}}