{"id":11499,"date":"2025-04-25T15:12:26","date_gmt":"2025-04-25T13:12:26","guid":{"rendered":"https:\/\/antcube.shop\/en\/product\/poster-weberameisen-oecophylla-lebensweise-100x70\/"},"modified":"2026-01-12T12:41:38","modified_gmt":"2026-01-12T11:41:38","slug":"poszter-szovohangyak-oecophylla-eletmod-100x70","status":"publish","type":"product","link":"https:\/\/antcube.shop\/hu\/termek\/poszter-szovohangyak-oecophylla-eletmod-100x70\/","title":{"rendered":"Poszter - Sz\u00f6v\u0151hangy\u00e1k - Oecophylla \u00e9letm\u00f3d - 100\u00d770"},"content":{"rendered":"<p>Sz\u00f6v\u0151hangy\u00e1k - Oecophylla \u00e9letm\u00f3d - Hangya poszter \u00e9s oktat\u00e1si seg\u00e9danyag iskol\u00e1knak\/\u00f3vod\u00e1knak.<\/p>\n<p><strong>A le\u00edr\u00e1s n\u00e9met, angol, spanyol \u00e9s francia nyelven \u00e9rhet\u0151 el.<\/strong><\/p>\n<p><strong>M\u00e9retek:<\/strong> 100\u00d770 cm<\/p>\n<p><strong>Anyag:<\/strong> Latex pap\u00edr<br \/>\nEz a pap\u00edr v\u00edz\u00e1ll\u00f3, let\u00f6r\u00f6lhet\u0151, strapab\u00edr\u00f3, k\u00f6rnyezetbar\u00e1t, mivel nem tartalmaz a k\u00f6rnyezetre k\u00e1ros old\u00f3szereket, \u00e9s ragyog\u00f3 nyomtat\u00e1si min\u0151s\u00e9get biztos\u00edt.<\/p>\n<p><strong>Le\u00edr\u00e1s:<\/strong> Ez a poszter \u00c1zsi\u00e1ban, Afrik\u00e1ban \u00e9s Ausztr\u00e1li\u00e1ban \u00e9l\u0151 sz\u00f6v\u0151hangyafajok (Oecophylla) \u00e9letm\u00f3dj\u00e1r\u00f3l \u00e9s f\u00e9szek\u00e9p\u00edt\u00e9s\u00e9r\u0151l ad \u00e1ttekint\u00e9st.<\/p>\n<p><strong>Fontos - tov\u00e1bbi inform\u00e1ci\u00f3k:<\/strong> <a href=\"https:\/\/www.ants.de\/link\/1003\">Itt<\/a> a plak\u00e1ton r\u00e9szletes le\u00edr\u00e1st tal\u00e1l az egyes jelenetekr\u0151l. Ezek nem tartoznak hozz\u00e1, de az al\u00e1bbi linken k\u00fcl\u00f6n is el\u00e9rhet\u0151k \u00e9s kinyomtathat\u00f3k. <a href=\"https:\/\/www.ants.de\/link\/1003\">https:\/\/www.ants.de\/link\/1003<\/a><\/p>","protected":false},"excerpt":{"rendered":"<p>Sz\u00f6v\u0151hangy\u00e1k - Oecophylla \u00e9letm\u00f3d - Hangya poszter \u00e9s oktat\u00e1si seg\u00e9danyag iskol\u00e1knak\/\u00f3vod\u00e1knak. A le\u00edr\u00e1s n\u00e9met, angol, spanyol \u00e9s francia nyelven \u00e9rhet\u0151 el: Anyag: 100x70 cm: Ez a pap\u00edr v\u00edz\u00e1ll\u00f3, let\u00f6r\u00f6lhet\u0151, strapab\u00edr\u00f3, k\u00f6rnyezetbar\u00e1t, mivel nem tartalmaz k\u00f6rnyezetre k\u00e1ros old\u00f3szereket, \u00e9s ragyog\u00f3 nyomtat\u00e1si min\u0151s\u00e9get eredm\u00e9nyez.  Ez a poszter ad","protected":false},"featured_media":11402,"comment_status":"open","ping_status":"closed","template":"","meta":{"_acf_changed":false,"content-type":"","_monsterinsights_skip_tracking":false,"_monsterinsights_sitenote_active":false,"_monsterinsights_sitenote_note":"","_monsterinsights_sitenote_category":0},"product_brand":[484],"product_cat":[500],"product_tag":[],"class_list":{"0":"post-11499","1":"product","2":"type-product","3":"status-publish","4":"has-post-thumbnail","6":"product_brand-antcube","7":"product_cat-ant-posters-and-teaching-aids","9":"first","10":"instock","11":"taxable","12":"shipping-taxable","13":"purchasable","14":"product-type-simple"},"acf":[],"aioseo_notices":[],"jetpack_sharing_enabled":true,"_links":{"self":[{"href":"https:\/\/antcube.shop\/hu\/wp-json\/wp\/v2\/product\/11499","targetHints":{"allow":["GET"]}}],"collection":[{"href":"https:\/\/antcube.shop\/hu\/wp-json\/wp\/v2\/product"}],"about":[{"href":"https:\/\/antcube.shop\/hu\/wp-json\/wp\/v2\/types\/product"}],"replies":[{"embeddable":true,"href":"https:\/\/antcube.shop\/hu\/wp-json\/wp\/v2\/comments?post=11499"}],"wp:featuredmedia":[{"embeddable":true,"href":"https:\/\/antcube.shop\/hu\/wp-json\/wp\/v2\/media\/11402"}],"wp:attachment":[{"href":"https:\/\/antcube.shop\/hu\/wp-json\/wp\/v2\/media?parent=11499"}],"wp:term":[{"taxonomy":"product_brand","embeddable":true,"href":"https:\/\/antcube.shop\/hu\/wp-json\/wp\/v2\/product_brand?post=11499"},{"taxonomy":"product_cat","embeddable":true,"href":"https:\/\/antcube.shop\/hu\/wp-json\/wp\/v2\/product_cat?post=11499"},{"taxonomy":"product_tag","embeddable":true,"href":"https:\/\/antcube.shop\/hu\/wp-json\/wp\/v2\/product_tag?post=11499"}],"curies":[{"name":"wp","href":"https:\/\/api.w.org\/{rel}","templated":true}]}}