{"id":11496,"date":"2025-04-25T15:09:59","date_gmt":"2025-04-25T13:09:59","guid":{"rendered":"https:\/\/antcube.shop\/en\/product\/poster-feinde-der-ameisen-70x50\/"},"modified":"2026-02-03T16:29:11","modified_gmt":"2026-02-03T15:29:11","slug":"plakat-a-hangyak-ellensegei-70x50","status":"publish","type":"product","link":"https:\/\/antcube.shop\/hu\/termek\/plakat-a-hangyak-ellensegei-70x50\/","title":{"rendered":"Plak\u00e1t - A hangy\u00e1k ellens\u00e9gei - 70\u00d750"},"content":{"rendered":"<p>A hangy\u00e1k ellens\u00e9gei - Hangya poszter \u00e9s oktat\u00e1si seg\u00e9danyag iskol\u00e1k\/\u00f3vod\u00e1k sz\u00e1m\u00e1ra.<\/p>\n<p><strong>A le\u00edr\u00e1s n\u00e9met, angol, spanyol \u00e9s francia nyelven \u00e9rhet\u0151 el.<\/strong><\/p>\n<p><strong>M\u00e9retek:<\/strong> 70\u00d750 cm<\/p>\n<p><strong>Anyag:<\/strong> Latex pap\u00edr<br \/>\nEz a pap\u00edr v\u00edz\u00e1ll\u00f3, let\u00f6r\u00f6lhet\u0151, strapab\u00edr\u00f3, k\u00f6rnyezetbar\u00e1t, mivel nem tartalmaz a k\u00f6rnyezetre k\u00e1ros old\u00f3szereket, \u00e9s ragyog\u00f3 nyomtat\u00e1si min\u0151s\u00e9get biztos\u00edt.<\/p>\n<p><strong>Le\u00edr\u00e1s:<\/strong> Ez a poszter \u00e1ttekint\u00e9st ad a hangy\u00e1k term\u00e9szetes ellens\u00e9geir\u0151l, az apr\u00f3 hangyalig\u00f3t\u00f3l eg\u00e9szen hozz\u00e1nk, emberekhez.<\/p>\n<p><strong>Fontos - tov\u00e1bbi inform\u00e1ci\u00f3k:<\/strong> <a href=\"https:\/\/www.ants.de\/link\/1010\">Itt<\/a> a plak\u00e1ton r\u00e9szletes le\u00edr\u00e1st tal\u00e1l az egyes jelenetekr\u0151l. Ezek nem tartoznak hozz\u00e1, de az al\u00e1bbi linken k\u00fcl\u00f6n is el\u00e9rhet\u0151k \u00e9s kinyomtathat\u00f3k. <a href=\"https:\/\/www.ants.de\/link\/1010\">https:\/\/www.ants.de\/link\/1010<\/a><\/p>","protected":false},"excerpt":{"rendered":"<p>A hangy\u00e1k ellens\u00e9gei - Hangya poszter \u00e9s oktat\u00e1si seg\u00e9danyag iskol\u00e1k\/\u00f3vod\u00e1k sz\u00e1m\u00e1ra. A le\u00edr\u00e1s n\u00e9met, angol, spanyol \u00e9s francia nyelven \u00e9rhet\u0151 el: Anyag: 100x70 cm: Ez a pap\u00edr v\u00edz\u00e1ll\u00f3, let\u00f6r\u00f6lhet\u0151, strapab\u00edr\u00f3, k\u00f6rnyezetbar\u00e1t, mivel nem tartalmaz k\u00f6rnyezetre k\u00e1ros old\u00f3szereket, \u00e9s ragyog\u00f3 nyomtat\u00e1si min\u0151s\u00e9get eredm\u00e9nyez.  Ez a poszter \u00e1ttekint\u00e9st ad a","protected":false},"featured_media":11404,"comment_status":"open","ping_status":"closed","template":"","meta":{"_acf_changed":false,"content-type":"","_monsterinsights_skip_tracking":false,"_monsterinsights_sitenote_active":false,"_monsterinsights_sitenote_note":"","_monsterinsights_sitenote_category":0},"product_brand":[484],"product_cat":[500],"product_tag":[],"class_list":{"0":"post-11496","1":"product","2":"type-product","3":"status-publish","4":"has-post-thumbnail","6":"product_brand-antcube","7":"product_cat-ant-posters-and-teaching-aids","9":"first","10":"instock","11":"taxable","12":"shipping-taxable","13":"purchasable","14":"product-type-simple"},"acf":[],"aioseo_notices":[],"jetpack_sharing_enabled":true,"_links":{"self":[{"href":"https:\/\/antcube.shop\/hu\/wp-json\/wp\/v2\/product\/11496","targetHints":{"allow":["GET"]}}],"collection":[{"href":"https:\/\/antcube.shop\/hu\/wp-json\/wp\/v2\/product"}],"about":[{"href":"https:\/\/antcube.shop\/hu\/wp-json\/wp\/v2\/types\/product"}],"replies":[{"embeddable":true,"href":"https:\/\/antcube.shop\/hu\/wp-json\/wp\/v2\/comments?post=11496"}],"wp:featuredmedia":[{"embeddable":true,"href":"https:\/\/antcube.shop\/hu\/wp-json\/wp\/v2\/media\/11404"}],"wp:attachment":[{"href":"https:\/\/antcube.shop\/hu\/wp-json\/wp\/v2\/media?parent=11496"}],"wp:term":[{"taxonomy":"product_brand","embeddable":true,"href":"https:\/\/antcube.shop\/hu\/wp-json\/wp\/v2\/product_brand?post=11496"},{"taxonomy":"product_cat","embeddable":true,"href":"https:\/\/antcube.shop\/hu\/wp-json\/wp\/v2\/product_cat?post=11496"},{"taxonomy":"product_tag","embeddable":true,"href":"https:\/\/antcube.shop\/hu\/wp-json\/wp\/v2\/product_tag?post=11496"}],"curies":[{"name":"wp","href":"https:\/\/api.w.org\/{rel}","templated":true}]}}