{"id":11413,"date":"2025-04-11T16:43:25","date_gmt":"2025-04-11T14:43:25","guid":{"rendered":"https:\/\/antcube.shop\/en\/product\/light-strip-pro-40cm\/"},"modified":"2026-03-27T13:58:51","modified_gmt":"2026-03-27T12:58:51","slug":"fenyszalag-pro-40cm","status":"publish","type":"product","link":"https:\/\/antcube.shop\/hu\/termek\/fenyszalag-pro-40cm\/","title":{"rendered":"F\u00e9nyszalag Pro 40cm"},"content":{"rendered":"<p><strong>Tartalom:<\/strong><br \/>\n1x LED Pro f\u00e9nyszalag<br \/>\n1x konzol mennyezeti r\u00f6gz\u00edt\u00e9shez, csavarokkal egy\u00fctt<br \/>\n1x h\u00e1l\u00f3zati csatlakoz\u00f3 kapcsol\u00f3val<\/p>\n<p><strong>M\u0171szaki adatok:<\/strong><br \/>\nM\u00e9retek: 400x124x42 mm<br \/>\nVil\u00e1g\u00edt\u00e1s: LED<br \/>\nEnergiafogyaszt\u00e1s: 16 W<br \/>\nF\u00e9ny\u00e1ram: 2200 lm (140 lm\/W)<br \/>\nF\u00e9ny sz\u00edne: 6000K<br \/>\n\u00c9lettartam: ~ 25,000 h<br \/>\nK\u00e1bel hossza: 145 cm<\/p>\n<p><strong>Anyag:<\/strong> m\u0171anyag<\/p>\n<p><strong>Sz\u00edn:<\/strong> fekete<\/p>\n<p><strong>Le\u00edr\u00e1s:<\/strong><br \/>\nLED vil\u00e1g\u00edt\u00e1s 60x30x60 m\u00e9ret\u0171 formik\u00e1riumokhoz, viv\u00e1riumokhoz \u00e9s terr\u00e1riumokhoz.<br \/>\nA f\u00e9nycs\u00edkok IP65 v\u00e9detts\u00e9g\u0171ek a fr\u00f6ccsen\u0151 v\u00edzzel szemben, \u00edgy t\u00f6k\u00e9letesek tr\u00f3pusi terr\u00e1riumokba. Az alacsony h\u0151fejl\u0151d\u00e9snek k\u00f6sz\u00f6nhet\u0151en a Light Strip l\u00e1mp\u00e1k nagyon alkalmasak az alacsonyabb h\u0151ig\u00e9ny\u0171 fajok sz\u00e1m\u00e1ra is.<\/p>","protected":false},"excerpt":{"rendered":"<p><span style=\"font-weight: 400;\">Energiafogyaszt\u00e1s: 16 W<\/span><\/p>","protected":false},"featured_media":11368,"comment_status":"open","ping_status":"closed","template":"","meta":{"_acf_changed":false,"content-type":"","_monsterinsights_skip_tracking":false,"_monsterinsights_sitenote_active":false,"_monsterinsights_sitenote_note":"","_monsterinsights_sitenote_category":0},"product_brand":[],"product_cat":[359,257,119],"product_tag":[],"class_list":{"0":"post-11413","1":"product","2":"type-product","3":"status-publish","4":"has-post-thumbnail","6":"product_cat-light-heat-humidity","7":"product_cat-new-innovatve-products","8":"product_cat-formicarium-components","10":"first","11":"instock","12":"taxable","13":"shipping-taxable","14":"purchasable","15":"product-type-simple"},"acf":[],"aioseo_notices":[],"jetpack_sharing_enabled":true,"_links":{"self":[{"href":"https:\/\/antcube.shop\/hu\/wp-json\/wp\/v2\/product\/11413","targetHints":{"allow":["GET"]}}],"collection":[{"href":"https:\/\/antcube.shop\/hu\/wp-json\/wp\/v2\/product"}],"about":[{"href":"https:\/\/antcube.shop\/hu\/wp-json\/wp\/v2\/types\/product"}],"replies":[{"embeddable":true,"href":"https:\/\/antcube.shop\/hu\/wp-json\/wp\/v2\/comments?post=11413"}],"wp:featuredmedia":[{"embeddable":true,"href":"https:\/\/antcube.shop\/hu\/wp-json\/wp\/v2\/media\/11368"}],"wp:attachment":[{"href":"https:\/\/antcube.shop\/hu\/wp-json\/wp\/v2\/media?parent=11413"}],"wp:term":[{"taxonomy":"product_brand","embeddable":true,"href":"https:\/\/antcube.shop\/hu\/wp-json\/wp\/v2\/product_brand?post=11413"},{"taxonomy":"product_cat","embeddable":true,"href":"https:\/\/antcube.shop\/hu\/wp-json\/wp\/v2\/product_cat?post=11413"},{"taxonomy":"product_tag","embeddable":true,"href":"https:\/\/antcube.shop\/hu\/wp-json\/wp\/v2\/product_tag?post=11413"}],"curies":[{"name":"wp","href":"https:\/\/api.w.org\/{rel}","templated":true}]}}