{"id":11410,"date":"2025-04-11T16:40:32","date_gmt":"2025-04-11T14:40:32","guid":{"rendered":"https:\/\/antcube.shop\/en\/product\/light-strip-30\/"},"modified":"2026-02-26T10:38:57","modified_gmt":"2026-02-26T09:38:57","slug":"fenyszalag-30","status":"publish","type":"product","link":"https:\/\/antcube.shop\/hu\/termek\/fenyszalag-30\/","title":{"rendered":"F\u00e9nyszalag 30"},"content":{"rendered":"<p><strong>Tartalom:<\/strong><br \/>\n1x LED mini 28cm-es f\u00e9nyszalag<br \/>\n1x konzol mennyezeti r\u00f6gz\u00edt\u00e9shez, csavarokkal egy\u00fctt<br \/>\n1x h\u00e1l\u00f3zati csatlakoz\u00f3 kapcsol\u00f3val<\/p>\n<p><strong>M\u0171szaki adatok:<\/strong><br \/>\nM\u00e9retek: m\u00e9ret: 280x60x9mm<br \/>\nVil\u00e1g\u00edt\u00e1s: LED<br \/>\nEnergiafogyaszt\u00e1s: 4W<br \/>\nF\u00e9ny\u00e1ram: 490 lm (123 lm\/W)<br \/>\nF\u00e9nysz\u00edn: 3000K \/ 4000K \/ 6500K<br \/>\n\u00c9lettartam: ~ 25,000 h<br \/>\nK\u00e1bel hossza: 156 cm<br \/>\nDimmelhet\u0151<\/p>\n<p><strong>Anyag:<\/strong> M\u0171anyag<\/p>\n<p><strong>Sz\u00edn:<\/strong> feh\u00e9r<\/p>\n<p><strong>Le\u00edr\u00e1s:<\/strong><br \/>\nIde\u00e1lis minden hangyafaj sz\u00e1m\u00e1ra. A nappali f\u00e9nyhez hasonl\u00f3 spektrum a formicarium j\u00f3 megvil\u00e1g\u00edt\u00e1s\u00e1val. Nincs nem k\u00edv\u00e1nt h\u0151kibocs\u00e1t\u00e1s, rendk\u00edv\u00fcl energiatakar\u00e9kos.<br \/>\nEz a LED-l\u00e1mpa 20x20x20, 20x20x10 \u00e9s 20x10x10x10 m\u00e9ret\u0171 formic\u00e1ri\u00e1khoz \u00e9s vivari\u00e1khoz alkalmas. Egyszer\u0171en a fed\u00e9lre helyezhet\u0151. A f\u00e9nyer\u0151 10 fokozatban dimmelhet\u0151, \u00e9s 3 k\u00fcl\u00f6nb\u00f6z\u0151 f\u00e9nysz\u00edn \u00e1ll\u00edthat\u00f3 be, a \"hidegfeh\u00e9rt\u0151l\" a \"term\u00e9szetes\" \u00e9s a \"meleg\" f\u00e9nyen \u00e1t. A 40 cm sz\u00e9less\u00e9g\u0171 formic\u00e1ri\u00e1khoz hosszabb\u00edt\u00f3 rendelhet\u0151. Ez a cikkben lejjebb van linkelve. A 30 cm-n\u00e9l nagyobb magass\u00e1gt\u00f3l m\u00e1r csak kev\u00e9s f\u00e9ny jut le az alj\u00e1ra.<\/p>","protected":false},"excerpt":{"rendered":"<p><span style=\"font-weight: 400;\">Energiafogyaszt\u00e1s: 4W<\/span><\/p>","protected":false},"featured_media":11376,"comment_status":"open","ping_status":"closed","template":"","meta":{"_acf_changed":false,"content-type":"","_monsterinsights_skip_tracking":false,"_monsterinsights_sitenote_active":false,"_monsterinsights_sitenote_note":"","_monsterinsights_sitenote_category":0},"product_brand":[],"product_cat":[359,257,119],"product_tag":[],"class_list":{"0":"post-11410","1":"product","2":"type-product","3":"status-publish","4":"has-post-thumbnail","6":"product_cat-light-heat-humidity","7":"product_cat-new-innovatve-products","8":"product_cat-formicarium-components","10":"first","11":"outofstock","12":"taxable","13":"shipping-taxable","14":"purchasable","15":"product-type-simple"},"acf":[],"aioseo_notices":[],"jetpack_sharing_enabled":true,"_links":{"self":[{"href":"https:\/\/antcube.shop\/hu\/wp-json\/wp\/v2\/product\/11410","targetHints":{"allow":["GET"]}}],"collection":[{"href":"https:\/\/antcube.shop\/hu\/wp-json\/wp\/v2\/product"}],"about":[{"href":"https:\/\/antcube.shop\/hu\/wp-json\/wp\/v2\/types\/product"}],"replies":[{"embeddable":true,"href":"https:\/\/antcube.shop\/hu\/wp-json\/wp\/v2\/comments?post=11410"}],"wp:featuredmedia":[{"embeddable":true,"href":"https:\/\/antcube.shop\/hu\/wp-json\/wp\/v2\/media\/11376"}],"wp:attachment":[{"href":"https:\/\/antcube.shop\/hu\/wp-json\/wp\/v2\/media?parent=11410"}],"wp:term":[{"taxonomy":"product_brand","embeddable":true,"href":"https:\/\/antcube.shop\/hu\/wp-json\/wp\/v2\/product_brand?post=11410"},{"taxonomy":"product_cat","embeddable":true,"href":"https:\/\/antcube.shop\/hu\/wp-json\/wp\/v2\/product_cat?post=11410"},{"taxonomy":"product_tag","embeddable":true,"href":"https:\/\/antcube.shop\/hu\/wp-json\/wp\/v2\/product_tag?post=11410"}],"curies":[{"name":"wp","href":"https:\/\/api.w.org\/{rel}","templated":true}]}}