{"id":11407,"date":"2025-04-11T16:38:16","date_gmt":"2025-04-11T14:38:16","guid":{"rendered":"https:\/\/antcube.shop\/en\/product\/terracube-60x30x60-terrarium-mit-schiebetur\/"},"modified":"2026-04-02T12:12:14","modified_gmt":"2026-04-02T10:12:14","slug":"terracube-60x30x60-terrarium-toloajtoval","status":"publish","type":"product","link":"https:\/\/antcube.shop\/hu\/termek\/terracube-60x30x60-terrarium-toloajtoval\/","title":{"rendered":"TERRACUBE 60x30x60 Terr\u00e1rium tol\u00f3ajt\u00f3val"},"content":{"rendered":"<p><strong>TERRACUBE Terr\u00e1rium 60x30x60 tol\u00f3ajt\u00f3val \u00e9s 2x 50mm-es ny\u00edl\u00e1sokkal.<\/strong><\/p>\n<p><strong>M\u00e9retek:<\/strong> 600 x 300 x 600 mm; 4 mm \u00fcvegvastags\u00e1g<br \/>\n<strong>Anyag:<\/strong> \u00fasztatott \u00fcveg<br \/>\n<strong>Csatlakoz\u00e1s:<\/strong> 2x 50 mm-es lyuk (2x oldalt)<\/p>\n<p><strong>El\u00fcls\u0151 ny\u00edl\u00e1s (tol\u00f3ajt\u00f3):<\/strong> 300\u00d7300 mm<br \/>\nR\u00fadmagass\u00e1g: 12,5 cm<br \/>\nR\u00fadsz\u00e9less\u00e9g: 4 cm<\/p>\n<p><strong>Le\u00edr\u00e1s:<\/strong><br \/>\n<strong>TERRACUBE - A teljesen \u00e1tl\u00e1tsz\u00f3, modul\u00e1ris terr\u00e1riumrendszer okos r\u00e9szletekkel<\/strong><br \/>\nA TERRACUBE terr\u00e1riumok maxim\u00e1lis \u00e1tl\u00e1that\u00f3s\u00e1got (360\u00b0) \u00e9s eleg\u00e1ns, letisztult kialak\u00edt\u00e1st biztos\u00edtanak. Minden sz\u00e9le prec\u00edzen ragasztott, \u00edgy nem l\u00e1tszanak zavar\u00f3 szilikonvarratok. A felhaszn\u00e1lt szilikon is teljesen \u00e1tl\u00e1tsz\u00f3 - \u00edgy a bels\u0151 t\u00e9r mindenhol felh\u0151tlen\u00fcl l\u00e1that\u00f3.<\/p>\n<p><strong>Kifinomult szell\u0151z\u00e9s \u00e9s m\u0171szaki hozz\u00e1f\u00e9r\u00e9si pontok<\/strong><br \/>\n<strong>A k\u00e9t oldals\u00f3 furat (egyenk\u00e9nt \u00d8 50 mm) rugalmas felhaszn\u00e1l\u00e1si lehet\u0151s\u00e9geket k\u00edn\u00e1l:<\/strong><br \/>\nHaszn\u00e1lhat\u00f3k kieg\u00e9sz\u00edt\u0151 szell\u0151ztet\u00e9shez vagy olyan technol\u00f3gi\u00e1k, mint a h\u0151- \u00e9s higrom\u00e9terek, k\u00f6dk\u00e9pz\u0151 berendez\u00e9sek, f\u0171t\u0151k\u00f6vek \u00e9s sok m\u00e1s eszk\u00f6z hozz\u00e1f\u00e9r\u00e9si pontjak\u00e9nt.<\/p>\n<p>A fed\u00e9l k\u00fcl\u00f6n kaphat\u00f3, \u00e9s k\u00fcl\u00f6nb\u00f6z\u0151 v\u00e1ltozatokban kaphat\u00f3 - az \u00e9l\u0151helyt\u0151l f\u00fcgg\u0151en k\u00fcl\u00f6nb\u00f6z\u0151 szell\u0151z\u0151fel\u00fcletekkel \u00e9s lyukakkal a tov\u00e1bbi szell\u0151z\u00e9shez vagy m\u0171szaki tartoz\u00e9kokhoz, p\u00e9ld\u00e1ul es\u0151ztet\u0151 rendszerekhez vagy ventil\u00e1torokhoz.<\/p>\n<p><strong>Biztons\u00e1gos r\u00e1cs - apr\u00f3 \u00e1llatok sz\u00e1m\u00e1ra is alkalmas<\/strong><br \/>\nA r\u00fad finom h\u00e1l\u00f3kkal ell\u00e1tott rozsdamentes ac\u00e9l szell\u0151z\u0151r\u00e1csa olyan szoros, hogy m\u00e9g az olyan apr\u00f3 fajok, mint a gy\u00fcm\u00f6lcslegyek (Drosophila) vagy a hangy\u00e1k sem tudnak elmenek\u00fclni. Ezt egy er\u0151s, perfor\u00e1lt alum\u00edniumlemez t\u00e1masztja al\u00e1. Ez teszi a koncepci\u00f3t korr\u00f3zi\u00f3mentess\u00e9 (alacsony karbantart\u00e1si ig\u00e9ny\u0171 \u00e9s tart\u00f3s) \u00e9s stabill\u00e1, m\u00e9g a nagyobb h\u00fcll\u0151k mechanikai behat\u00e1s\u00e1val szemben is.<\/p>\n<p><strong>Tol\u00f3ajt\u00f3 - praktikus \u00e9s szinte l\u00e1thatatlan<\/strong><br \/>\nA praktikus tol\u00f3ajt\u00f3 \u00e1tl\u00e1tsz\u00f3 foganty\u00faval van ell\u00e1tva, amely szint\u00e9n teljesen \u00e1tl\u00e1tsz\u00f3 konzolon tal\u00e1lhat\u00f3. Ez azt jelenti, hogy a figyelem k\u00f6z\u00e9ppontj\u00e1ban mindig a szeretettel megtervezett bels\u0151 t\u00e9r vagy a benne tartott \u00e1llatok \u00e1llnak.<\/p>\n<p><strong>Modul\u00e1ris rendszer - terr\u00e1riumok \u00f6sszekapcsol\u00e1sa<\/strong><br \/>\nT\u00f6bb TERRACUBE terr\u00e1rium \u00f6sszekapcsolhat\u00f3 az oldal\u00e1n l\u00e9v\u0151 lyukaknak \u00e9s a hozz\u00e1 ill\u0151 \u00e1tl\u00e1tsz\u00f3 akril csatlakoz\u00f3knak vagy cs\u00f6veknek k\u00f6sz\u00f6nhet\u0151en.<br \/>\nP\u00e9ld\u00e1ul egy hangyakol\u00f3nia tarthat\u00f3 egy szomsz\u00e9dos tart\u00e1lyban, amely t\u00e1pl\u00e1l\u00e9kforr\u00e1sk\u00e9nt szolg\u00e1l a h\u00fcll\u0151k sz\u00e1m\u00e1ra - biztons\u00e1gos visszavonul\u00e1si lehet\u0151s\u00e9ggel, ha a h\u00fcll\u0151 nem tud \u00e1tjutni a cs\u00f6v\u00f6n. Teljes rendszerek, p\u00e9ld\u00e1ul b\u00e9k\u00e1k vagy szalamandr\u00e1k sz\u00e1m\u00e1ra, szint\u00e9n rugalmasan b\u0151v\u00edthet\u0151k ily m\u00f3don.<\/p>\n<p><strong>Megjegyz\u00e9s:<\/strong> Az \u00fcveg m\u00e9retre v\u00e1g\u00e1sa a DIN 1249 szabv\u00e1ny szerint t\u00f6rt\u00e9nik, +\/- 1 mm-es t\u0171r\u00e9ssel. A rendk\u00edv\u00fcl kis hangyafajok eset\u00e9ben kieg\u00e9sz\u00edt\u0151 menek\u00fcl\u00e9sv\u00e9delemre van sz\u00fcks\u00e9g.<\/p>","protected":false},"excerpt":{"rendered":"<p>TERRACUBE Terr\u00e1rium 60x30x60 tol\u00f3ajt\u00f3val \u00e9s 2x 50mm-es ny\u00edl\u00e1sokkal. M\u00e9retek: Anyag: \u00fasztatott \u00fcveg Csatlakoz\u00e1s: 2x 50 mm-es ny\u00edl\u00e1s (2x oldalt) El\u00fcls\u0151 ny\u00edl\u00e1s (tol\u00f3ajt\u00f3): 600 x 300 x 600 mm; 4 mm \u00fcvegvastags\u00e1g: 300x300 mm R\u00fadmagass\u00e1g: 12,5 cm R\u00fadsz\u00e9less\u00e9g: 4 cm Le\u00edr\u00e1s: A r\u00fad magass\u00e1ga: 12,5 cm: TERRACUBE - A teljesen \u00e1tl\u00e1tsz\u00f3, modul\u00e1ris terr\u00e1rium rendszer","protected":false},"featured_media":11397,"comment_status":"open","ping_status":"closed","template":"","meta":{"_acf_changed":false,"content-type":"","_monsterinsights_skip_tracking":false,"_monsterinsights_sitenote_active":false,"_monsterinsights_sitenote_note":"","_monsterinsights_sitenote_category":0},"product_brand":[499],"product_cat":[257],"product_tag":[],"class_list":{"0":"post-11407","1":"product","2":"type-product","3":"status-publish","4":"has-post-thumbnail","6":"product_brand-terracube","7":"product_cat-new-innovatve-products","8":"product_shipping_class-forwarding-on-pallet","10":"first","11":"instock","12":"taxable","13":"shipping-taxable","14":"purchasable","15":"product-type-simple"},"acf":[],"aioseo_notices":[],"jetpack_sharing_enabled":true,"_links":{"self":[{"href":"https:\/\/antcube.shop\/hu\/wp-json\/wp\/v2\/product\/11407","targetHints":{"allow":["GET"]}}],"collection":[{"href":"https:\/\/antcube.shop\/hu\/wp-json\/wp\/v2\/product"}],"about":[{"href":"https:\/\/antcube.shop\/hu\/wp-json\/wp\/v2\/types\/product"}],"replies":[{"embeddable":true,"href":"https:\/\/antcube.shop\/hu\/wp-json\/wp\/v2\/comments?post=11407"}],"wp:featuredmedia":[{"embeddable":true,"href":"https:\/\/antcube.shop\/hu\/wp-json\/wp\/v2\/media\/11397"}],"wp:attachment":[{"href":"https:\/\/antcube.shop\/hu\/wp-json\/wp\/v2\/media?parent=11407"}],"wp:term":[{"taxonomy":"product_brand","embeddable":true,"href":"https:\/\/antcube.shop\/hu\/wp-json\/wp\/v2\/product_brand?post=11407"},{"taxonomy":"product_cat","embeddable":true,"href":"https:\/\/antcube.shop\/hu\/wp-json\/wp\/v2\/product_cat?post=11407"},{"taxonomy":"product_tag","embeddable":true,"href":"https:\/\/antcube.shop\/hu\/wp-json\/wp\/v2\/product_tag?post=11407"}],"curies":[{"name":"wp","href":"https:\/\/api.w.org\/{rel}","templated":true}]}}