{"id":11406,"date":"2025-04-11T16:37:03","date_gmt":"2025-04-11T14:37:03","guid":{"rendered":"https:\/\/antcube.shop\/en\/product\/plantcube-60x30x60-schiebetur\/"},"modified":"2026-03-30T17:42:10","modified_gmt":"2026-03-30T15:42:10","slug":"plantcube-vivarium-60x30x60-toloajtoval","status":"publish","type":"product","link":"https:\/\/antcube.shop\/hu\/termek\/plantcube-vivarium-60x30x60-toloajtoval\/","title":{"rendered":"PLANTCUBE Viv\u00e1rium 60x30x60 tol\u00f3ajt\u00f3val"},"content":{"rendered":"<p><strong>SZEREZZEN EGY DARAB TERM\u00c9SZETET AZ OTTHON\u00c1BA<\/strong><\/p>\n<p><strong>Tartalom:<\/strong><br \/>\n1x PLANTCUBE Viv\u00e1rium 60x30x60 tol\u00f3ajt\u00f3val<br \/>\n2x dug\u00f3 10 mm-es lyukhoz<\/p>\n<p>\u00dcvegkocka 60x30x60cm, 2x oldals\u00f3 50mm-es lyukkal \u00e9s 2x oldals\u00f3 10mm-es lyukkal.<br \/>\nAz 50 mm-es lyuk (k\u00f6z\u00e9pen) 15 cm magasan van. A lyuk als\u00f3 sz\u00e9le ~12,5cm.<\/p>\n<p><strong>M\u00e9retek:<\/strong> 600 x 300 x 600 mm; 4 mm \u00fcvegvastags\u00e1g<br \/>\n<strong>Anyag:<\/strong> Float \u00fcveg<br \/>\n<strong>Oldals\u00f3 ny\u00edl\u00e1sok:<\/strong><br \/>\n2x lyuk 50mm<br \/>\n2x lyuk 10mm<\/p>\n<p><strong>El\u00fcls\u0151 ny\u00edl\u00e1s (tol\u00f3ajt\u00f3):<\/strong> 300 x 300 mm<\/p>\n<p><strong>Le\u00edr\u00e1s:<\/strong> PLANTCUBE Viv\u00e1riumainkkal megtervezheti saj\u00e1t \u00e9l\u0151 m\u0171alkot\u00e1s\u00e1t a nappalij\u00e1ba. A PLANTCUBE-ban kis \u00e1llatokat is tarthat, \u00edgy kreativit\u00e1s\u00e1nak nincs hat\u00e1ra.<\/p>\n<p>Ha szeretne t\u00f6bbet megtudni a PLANTCUBE-r\u00f3l, vagy elolvasni a viv\u00e1rium fel\u00e1ll\u00edt\u00e1s\u00e1r\u00f3l sz\u00f3l\u00f3 l\u00e9p\u00e9sr\u0151l-l\u00e9p\u00e9sre \u00fatmutat\u00f3t, l\u00e1togasson el az al\u00e1bbi linkre: <a href=\"https:\/\/antcube.shop\/plantcube\/\">antcube.shop\/PLANTCUBE<\/a><\/p>\n<p><strong>Testre szabhatja PLANTCUBE-j\u00e1t az \u00d6n vagy n\u00f6v\u00e9nyei \u00e9s \u00e1llatai ig\u00e9nyeihez:<\/strong><br \/>\nA k\u00e9t 10 mm-es lyuk az oldal\u00e1n, az alj\u00e1t\u00f3l 2 cm magass\u00e1gban (k\u00f6z\u00e9pen) tal\u00e1lhat\u00f3, a felesleges v\u00edz elvezet\u00e9s\u00e9re szolg\u00e1l. A v\u00edz elvezet\u00e9s\u00e9hez p\u00e9ld\u00e1ul a 10\/06 mm-es \u00e1tl\u00e1tsz\u00f3 t\u00f6ml\u0151nket haszn\u00e1lhatja. A k\u00e9t 50 mm-es lyuk vagy a mell\u00e9kelt dug\u00f3kkal z\u00e1rhat\u00f3, vagy r\u00e1csos bet\u00e9tekkel felszerelve tov\u00e1bbi szell\u0151z\u00e9sre szolg\u00e1l. Ak\u00e1r k\u00e9t berendez\u00e9st is \u00f6sszekapcsolhat itt egy akrilcs\u00f6v\u00f6n kereszt\u00fcl. \u00cdgy, ha a Viv\u00e1riumban \u00e1llatokat tart, azok szabadon v\u00e1ndorolhatnak egyik be\u00e1ll\u00edt\u00e1sb\u00f3l a m\u00e1sikba.<\/p>\n<p><strong>Hogyan alak\u00edtsuk \u00e1t a PLANTCUBE-t bioakt\u00edv \u00f6kosziszt\u00e9m\u00e1v\u00e1?:<\/strong><br \/>\n<strong>Hozzon l\u00e9tre egy v\u00edzelvezet\u0151 r\u00e9teget:<\/strong><br \/>\nA n\u00f6v\u00e9nyek t\u00e1mogat\u00e1s\u00e1hoz el\u0151sz\u00f6r egy v\u00edzelvezet\u0151 r\u00e9teget kell kialak\u00edtania a Viv\u00e1riumban. Javasoljuk, hogy 2-3 cm-es agyaggranul\u00e1tumot (4-8 mm) haszn\u00e1ljon, mivel ezek k\u00f6nny\u0171ek. \u00dcgyeljen arra, hogy miel\u0151tt beleteszi \u0151ket, foly\u00f3 v\u00edz alatt mossa le \u0151ket, hogy elt\u00e1vol\u00edtsa a port.<\/p>\n<p>Az agyaggranul\u00e1tum tetej\u00e9re helyezhet egy v\u00edzelvezet\u0151 v\u00e1sznat, hogy elv\u00e1lassza a v\u00edzelvezet\u00e9st az aljzatt\u00f3l.<\/p>\n<p><strong>Milyen n\u00f6v\u00e9nyeket \u00e9s talajt haszn\u00e1ljunk:<\/strong><br \/>\nMindez att\u00f3l f\u00fcgg, hogy milyen t\u00edpus\u00fa \"\u00f6kosziszt\u00e9m\u00e1t\" szeretne l\u00e9trehozni. Ha sivatagi vagy ink\u00e1bb sz\u00e1raz Viv\u00e1riumot szeretne \u00e9p\u00edteni, akkor olyan n\u00f6v\u00e9nyekre lesz sz\u00fcks\u00e9ge, amelyek ebben az \u00e9ghajlatban j\u00f3l \u00e9rzik magukat, \u00e9s olyan talajt haszn\u00e1lnak, amelyben szeretnek n\u00f6vekedni. Tr\u00f3pusi Viv\u00e1riumok eset\u00e9ben term\u00e9szetesen ugyanez a helyzet. Pr\u00f3b\u00e1ljon meg hasonl\u00f3 r\u00e9gi\u00f3kb\u00f3l \u00e9s\/vagy \u00e9ghajlatr\u00f3l sz\u00e1rmaz\u00f3 n\u00f6v\u00e9nyeket haszn\u00e1lni, hogy mindannyian j\u00f3l \u00e9rezz\u00e9k magukat az azonos t\u00edpus\u00fa talajban \u00e9s \u00e9ghajlaton. Egy j\u00f3 n\u00f6v\u00e9nyboltnak mindig rendelkeznie kell inform\u00e1ci\u00f3kkal az \u00e1ltaluk forgalmazott n\u00f6v\u00e9nyekhez illeszked\u0151 \u00e9ghajlatr\u00f3l \u00e9s talajr\u00f3l.<\/p>\n<p><strong>Fontos:<\/strong> Ha n\u00f6v\u00e9nyeket \u00e9s \u00e1llatokat szeretne egy\u00fctt tartani, soha ne haszn\u00e1ljon olyan n\u00f6v\u00e9nyeket, amelyekr\u0151l nem tudja, hogy nem \u00e9rintkeztek-e m\u0171tr\u00e1gy\u00e1val vagy n\u00f6v\u00e9nyv\u00e9d\u0151 szerekkel. Csak olyan n\u00f6v\u00e9nyeket haszn\u00e1ljon terr\u00e1riumboltokb\u00f3l vagy hasonl\u00f3kb\u00f3l, amelyek garant\u00e1ltan teljesen mentesek a n\u00f6v\u00e9nyv\u00e9d\u0151 szerekt\u0151l \u00e9s m\u0171tr\u00e1gy\u00e1kt\u00f3l. Ezek ellenkez\u0151 esetben az \u00e1llatok elpusztul\u00e1s\u00e1hoz vezethetnek.<\/p>\n<p><strong>Vezessen be egy \"Clean up crew\"-t, hogy bioakt\u00edvv\u00e1 tegye a Vivariumot.<\/strong><br \/>\nMi az a bioakt\u00edv? Ez \u00e1ll a legk\u00f6zelebb az \u00f6nfenntart\u00f3 berendez\u00e9shez. Az eg\u00e9sz a megfelel\u0151 talajkever\u00e9k \u00e9s szerves anyag hozz\u00e1ad\u00e1s\u00e1r\u00f3l sz\u00f3l, hogy a mikrofl\u00f3ra kialakulhasson, valamint a sz\u00fcks\u00e9ges mikrofaun\u00e1r\u00f3l, hogy a Viv\u00e1riumban t\u00e1panyagciklus j\u00f6jj\u00f6n l\u00e9tre.<\/p>\n<p><strong>A mi tipp\u00fcnk:<\/strong> Tipp\u00fcnk: Mindig adjunk hozz\u00e1 apr\u00f3 \u00e9l\u0151l\u00e9nyeket, p\u00e9ld\u00e1ul rug\u00f3farkakat \u00e9s izopod\u00e1kat. Ezek nemcsak \u00f6nmagukban jelentenek j\u00f3 \"v\u00e9get nem \u00e9r\u0151\" t\u00e1pl\u00e1l\u00e9kforr\u00e1st, ha m\u00e1s \u00e1llatokat is szeretn\u00e9l tartani a Viv\u00e1riumodban. K\u00fcl\u00f6n\u00f6sen a magas p\u00e1ratartalom miatt esetleg kialakul\u00f3 pen\u00e9szgomb\u00e1kkal t\u00e1pl\u00e1lkoznak, \u00e9s t\u00e1panyagokkal gazdag\u00edtj\u00e1k a talajt, ami viszont lehet\u0151v\u00e9 teszi a n\u00f6v\u00e9nyek eg\u00e9szs\u00e9ges n\u00f6veked\u00e9s\u00e9t.<\/p>\n<p>Adjunk a talajba egy kis szenet, ami seg\u00edti a mikrob\u00e1k megteleped\u00e9s\u00e9t. A moha \u00e9s a parafak\u00e9reg vagy a feh\u00e9r korhadt fa a lev\u00e9lhullad\u00e9k mellett nemcsak term\u00e9szetesnek t\u0171nik a berendez\u00e9sedben, hanem t\u00e1pl\u00e1lja a \"takar\u00edt\u00f3 szem\u00e9lyzetet\", b\u00fav\u00f3- \u00e9s szaporod\u00f3helyet biztos\u00edt sz\u00e1mukra, \u00e9s k\u00f6nnyen lebonthat\u00f3 t\u00e1panyagokk\u00e1 a n\u00f6v\u00e9nyeid sz\u00e1m\u00e1ra.<\/p>\n<p><strong>A term\u00e9szetben minden az egyens\u00falyr\u00f3l sz\u00f3l<\/strong><br \/>\nNem tan\u00e1csos azonban bizonyos izopoda fajokat \u00fagy haszn\u00e1lni, hogy nem adunk hozz\u00e1 valamit, ami vad\u00e1szik r\u00e1juk, mivel egy ragadoz\u00f3k, p\u00e9ld\u00e1ul hangy\u00e1k n\u00e9lk\u00fcli izopoda popul\u00e1ci\u00f3 szeret elszabadulni, \u00e9s a Viv\u00e1riumban l\u00e9v\u0151 n\u00f6v\u00e9nyek hamar nem k\u00edv\u00e1nt t\u00e1pl\u00e1l\u00e9kforr\u00e1ss\u00e1 v\u00e1lnak. A term\u00e9szetben minden az egyens\u00falyr\u00f3l sz\u00f3l.<\/p>\n<p><strong>Tov\u00e1bbi inform\u00e1ci\u00f3k:<\/strong><br \/>\nAz \u00fcveg v\u00e1g\u00e1sa a DIN 1249 szabv\u00e1ny szerint t\u00f6rt\u00e9nik, +\/- 1 mm-es t\u0171r\u00e9ssel. A rendk\u00edv\u00fcl kis hangyafajok eset\u00e9ben tov\u00e1bbi kit\u00f6r\u00e9sv\u00e9delemre van sz\u00fcks\u00e9g.<\/p>","protected":false},"excerpt":{"rendered":"<p><strong>Csatlakoz\u00e1s:<\/strong> 2x oldals\u00f3 50 mm-es lyuk \u00e9s 2x oldals\u00f3 10 mm-es lyuk<\/p>","protected":false},"featured_media":11362,"comment_status":"open","ping_status":"closed","template":"","meta":{"_acf_changed":false,"content-type":"","_monsterinsights_skip_tracking":false,"_monsterinsights_sitenote_active":false,"_monsterinsights_sitenote_note":"","_monsterinsights_sitenote_category":0},"product_brand":[483],"product_cat":[257,341],"product_tag":[],"class_list":{"0":"post-11406","1":"product","2":"type-product","3":"status-publish","4":"has-post-thumbnail","6":"product_brand-plantcube","7":"product_cat-new-innovatve-products","8":"product_cat-vivariums","9":"product_shipping_class-forwarding-on-pallet","11":"first","12":"instock","13":"taxable","14":"shipping-taxable","15":"purchasable","16":"product-type-simple"},"acf":[],"aioseo_notices":[],"jetpack_sharing_enabled":true,"_links":{"self":[{"href":"https:\/\/antcube.shop\/hu\/wp-json\/wp\/v2\/product\/11406","targetHints":{"allow":["GET"]}}],"collection":[{"href":"https:\/\/antcube.shop\/hu\/wp-json\/wp\/v2\/product"}],"about":[{"href":"https:\/\/antcube.shop\/hu\/wp-json\/wp\/v2\/types\/product"}],"replies":[{"embeddable":true,"href":"https:\/\/antcube.shop\/hu\/wp-json\/wp\/v2\/comments?post=11406"}],"wp:featuredmedia":[{"embeddable":true,"href":"https:\/\/antcube.shop\/hu\/wp-json\/wp\/v2\/media\/11362"}],"wp:attachment":[{"href":"https:\/\/antcube.shop\/hu\/wp-json\/wp\/v2\/media?parent=11406"}],"wp:term":[{"taxonomy":"product_brand","embeddable":true,"href":"https:\/\/antcube.shop\/hu\/wp-json\/wp\/v2\/product_brand?post=11406"},{"taxonomy":"product_cat","embeddable":true,"href":"https:\/\/antcube.shop\/hu\/wp-json\/wp\/v2\/product_cat?post=11406"},{"taxonomy":"product_tag","embeddable":true,"href":"https:\/\/antcube.shop\/hu\/wp-json\/wp\/v2\/product_tag?post=11406"}],"curies":[{"name":"wp","href":"https:\/\/api.w.org\/{rel}","templated":true}]}}