{"id":11405,"date":"2025-04-11T16:36:21","date_gmt":"2025-04-11T14:36:21","guid":{"rendered":"https:\/\/antcube.shop\/en\/product\/nestkugel-ps-10-cm-klar\/"},"modified":"2026-04-02T12:12:14","modified_gmt":"2026-04-02T10:12:14","slug":"feszkegolyo-m-t-10cm-atlatszo","status":"publish","type":"product","link":"https:\/\/antcube.shop\/hu\/termek\/feszkegolyo-m-t-10cm-atlatszo\/","title":{"rendered":"F\u00e9szek goly\u00f3 PS 10cm \u00e1tl\u00e1tsz\u00f3"},"content":{"rendered":"<p><strong>M\u00e9retek:<\/strong> 10cm \u00e1tm\u00e9r\u0151j\u0171<\/p>\n<p><strong>Sz\u00edn:<\/strong> barna \/ b\u00e9zs<\/p>\n<p><strong>Anyag:<\/strong> Sz\u0151l\u0151 n\u00f6v\u00e9ny<\/p>\n<p><strong>Le\u00edr\u00e1s:<\/strong> Az \u00fcreg ide\u00e1lis b\u00fav\u00f3- \u00e9s f\u00e9szkel\u0151helyet biztos\u00edt a sz\u00f6v\u0151hangy\u00e1k sz\u00e1m\u00e1ra.<\/p>\n<p><strong>Megjegyz\u00e9s:<\/strong> Mivel ez egy term\u00e9szetes term\u00e9k, az illusztr\u00e1ci\u00f3 elt\u00e9rhet a sz\u00e1ll\u00edtott term\u00e9kt\u0151l.<\/p>","protected":false},"excerpt":{"rendered":"<p>M\u00e9ret: 10 x 10 x 10 cm<\/p>","protected":false},"featured_media":11420,"comment_status":"open","ping_status":"closed","template":"","meta":{"_acf_changed":false,"content-type":"","_monsterinsights_skip_tracking":false,"_monsterinsights_sitenote_active":false,"_monsterinsights_sitenote_note":"","_monsterinsights_sitenote_category":0},"product_brand":[485],"product_cat":[257,119,239],"product_tag":[],"class_list":{"0":"post-11405","1":"product","2":"type-product","3":"status-publish","4":"has-post-thumbnail","6":"product_brand-antstore","7":"product_cat-new-innovatve-products","8":"product_cat-formicarium-components","9":"product_cat-useful-additions","11":"first","12":"instock","13":"taxable","14":"shipping-taxable","15":"purchasable","16":"product-type-simple"},"acf":[],"aioseo_notices":[],"jetpack_sharing_enabled":true,"_links":{"self":[{"href":"https:\/\/antcube.shop\/hu\/wp-json\/wp\/v2\/product\/11405","targetHints":{"allow":["GET"]}}],"collection":[{"href":"https:\/\/antcube.shop\/hu\/wp-json\/wp\/v2\/product"}],"about":[{"href":"https:\/\/antcube.shop\/hu\/wp-json\/wp\/v2\/types\/product"}],"replies":[{"embeddable":true,"href":"https:\/\/antcube.shop\/hu\/wp-json\/wp\/v2\/comments?post=11405"}],"wp:featuredmedia":[{"embeddable":true,"href":"https:\/\/antcube.shop\/hu\/wp-json\/wp\/v2\/media\/11420"}],"wp:attachment":[{"href":"https:\/\/antcube.shop\/hu\/wp-json\/wp\/v2\/media?parent=11405"}],"wp:term":[{"taxonomy":"product_brand","embeddable":true,"href":"https:\/\/antcube.shop\/hu\/wp-json\/wp\/v2\/product_brand?post=11405"},{"taxonomy":"product_cat","embeddable":true,"href":"https:\/\/antcube.shop\/hu\/wp-json\/wp\/v2\/product_cat?post=11405"},{"taxonomy":"product_tag","embeddable":true,"href":"https:\/\/antcube.shop\/hu\/wp-json\/wp\/v2\/product_tag?post=11405"}],"curies":[{"name":"wp","href":"https:\/\/api.w.org\/{rel}","templated":true}]}}