{"id":11137,"date":"2025-03-06T15:59:48","date_gmt":"2025-03-06T14:59:48","guid":{"rendered":"https:\/\/antcube.shop\/en\/product\/antcube-arena-60x30x60-mit-schiebetur\/"},"modified":"2026-01-12T12:41:14","modified_gmt":"2026-01-12T11:41:14","slug":"antcube-arena-60x30x60-toloajtoval","status":"publish","type":"product","link":"https:\/\/antcube.shop\/hu\/termek\/antcube-arena-60x30x60-toloajtoval\/","title":{"rendered":"ANTCUBE Arena 60x30x60 tol\u00f3ajt\u00f3val"},"content":{"rendered":"<p><strong>ANTCUBE Arena 60x30x60 tol\u00f3ajt\u00f3val \u00e9s 4x 50 mm-es ny\u00edl\u00e1sokkal.<\/strong><\/p>\n<p><strong>M\u00e9retek:<\/strong> 600 x 300 x 600 mm; 4 mm \u00fcvegvastags\u00e1g<br \/>\n<strong>Anyag:<\/strong> \u00fasztatott \u00fcveg<br \/>\n<strong>Csatlakoz\u00e1s:<\/strong> 4x 50 mm-es lyuk (2x oldalt \u00e9s 2x el\u00f6l)<\/p>\n<p><strong>El\u00fcls\u0151 ny\u00edl\u00e1s (tol\u00f3ajt\u00f3):<\/strong> 300\u00d7300 mm<\/p>\n<p><strong>Le\u00edr\u00e1s:<\/strong> A tol\u00f3ajt\u00f3s ANTCUBE 60x30x60-as ar\u00e9n\u00e1nkat \u00fagy fejlesztett\u00fck ki, hogy m\u00e9g teljes formik\u00e1ri\u00e1ban is k\u00e9nyelmesen dolgozhasson. A 60x30x30-as tol\u00f3ajt\u00f3s ar\u00e9n\u00e1nk b\u0151v\u00edt\u00e9s\u00e9re is alkalmas. A k\u00fcl\u00f6nbs\u00e9g az el\u00fcls\u0151 oldalon tal\u00e1lhat\u00f3 \u00faj lyukak, amelyekkel tov\u00e1bbi szell\u0151z\u00e9st lehet l\u00e9trehozni, vagy ha nincs hely az oldalakon, akkor az el\u00fcls\u0151 csatlakoz\u00e1sokon kereszt\u00fcl tov\u00e1bbi akrilcs\u00f6ves ar\u00e9n\u00e1kat lehet csatlakoztatni. Ezek k\u00fcl\u00f6n\u00f6sen hasznosak a sz\u00f6v\u0151hangy\u00e1k (Polyrhachis \u00e9s Oecophylla) formik\u00e1riumak\u00e9nt, mivel szeretnek felfel\u00e9 \u00e9p\u00edtkezni, \u00e9s gazdan\u00f6v\u00e9nyre van sz\u00fcks\u00e9g\u00fck. A f\u00e1n \u00e9l\u0151 fajok, mint p\u00e9ld\u00e1ul a Tetraponera, szint\u00e9n \u00f6r\u00fclnek a m\u00e1sz\u00e1si lehet\u0151s\u00e9geknek. N\u00e9ha neh\u00e9zs\u00e9get okozhat p\u00e9ld\u00e1ul a formik\u00e1rium alj\u00e1n l\u00e9v\u0151 \u00e1llatok hullad\u00e9k\u00e1nak elt\u00e1vol\u00edt\u00e1sa. Ezzel a speci\u00e1lisan erre a c\u00e9lra kialak\u00edtott akv\u00e1riummal ez nem jelent probl\u00e9m\u00e1t. A tol\u00f3ajt\u00f3 nagyon praktikus az Acromyrmex vagy Atta lev\u00e9lv\u00e1g\u00f3 hangy\u00e1k etet\u0151tart\u00e1lyaihoz is, mivel a n\u00f6v\u00e9nyi maradv\u00e1nyok \u00e9s egy\u00e9b hullad\u00e9kok k\u00f6nnyen elt\u00e1vol\u00edthat\u00f3k. A fels\u0151 ny\u00edl\u00e1shoz k\u00fcl\u00f6n kaphat\u00f3 egy 60\u00d730-as kit\u00f6r\u00e9sv\u00e9delmi keret \u00e9s egy 60\u00d730-as ar\u00e9nafed\u00e9l nagyobb szell\u0151z\u0151fel\u00fclettel vagy an\u00e9lk\u00fcl.<\/p>\n<p><strong>Megjegyz\u00e9s:<\/strong> Az \u00fcveg m\u00e9retre v\u00e1g\u00e1sa a DIN 1249 szabv\u00e1ny szerint t\u00f6rt\u00e9nik, +\/- 1 mm-es t\u0171r\u00e9ssel. A rendk\u00edv\u00fcl kis hangyafajok eset\u00e9ben kieg\u00e9sz\u00edt\u0151 menek\u00fcl\u00e9sv\u00e9delemre van sz\u00fcks\u00e9g.<\/p>","protected":false},"excerpt":{"rendered":"<p>Csatlakoz\u00e1s: 50 mm-es lyuk<\/p>","protected":false},"featured_media":11138,"comment_status":"open","ping_status":"closed","template":"","meta":{"_acf_changed":false,"content-type":"","_monsterinsights_skip_tracking":false,"_monsterinsights_sitenote_active":false,"_monsterinsights_sitenote_note":"","_monsterinsights_sitenote_category":0},"product_brand":[484],"product_cat":[257,85,86],"product_tag":[],"class_list":{"0":"post-11137","1":"product","2":"type-product","3":"status-publish","4":"has-post-thumbnail","6":"product_brand-antcube","7":"product_cat-new-innovatve-products","8":"product_cat-ant-arenas","9":"product_cat-formicariums","10":"product_shipping_class-forwarding-on-pallet","12":"first","13":"instock","14":"taxable","15":"shipping-taxable","16":"purchasable","17":"product-type-simple"},"acf":[],"aioseo_notices":[],"jetpack_sharing_enabled":true,"_links":{"self":[{"href":"https:\/\/antcube.shop\/hu\/wp-json\/wp\/v2\/product\/11137","targetHints":{"allow":["GET"]}}],"collection":[{"href":"https:\/\/antcube.shop\/hu\/wp-json\/wp\/v2\/product"}],"about":[{"href":"https:\/\/antcube.shop\/hu\/wp-json\/wp\/v2\/types\/product"}],"replies":[{"embeddable":true,"href":"https:\/\/antcube.shop\/hu\/wp-json\/wp\/v2\/comments?post=11137"}],"wp:featuredmedia":[{"embeddable":true,"href":"https:\/\/antcube.shop\/hu\/wp-json\/wp\/v2\/media\/11138"}],"wp:attachment":[{"href":"https:\/\/antcube.shop\/hu\/wp-json\/wp\/v2\/media?parent=11137"}],"wp:term":[{"taxonomy":"product_brand","embeddable":true,"href":"https:\/\/antcube.shop\/hu\/wp-json\/wp\/v2\/product_brand?post=11137"},{"taxonomy":"product_cat","embeddable":true,"href":"https:\/\/antcube.shop\/hu\/wp-json\/wp\/v2\/product_cat?post=11137"},{"taxonomy":"product_tag","embeddable":true,"href":"https:\/\/antcube.shop\/hu\/wp-json\/wp\/v2\/product_tag?post=11137"}],"curies":[{"name":"wp","href":"https:\/\/api.w.org\/{rel}","templated":true}]}}