{"id":10988,"date":"2025-01-29T13:27:22","date_gmt":"2025-01-29T12:27:22","guid":{"rendered":"https:\/\/antcube.shop\/en\/product\/bundle-offer-pheidole-pallidula\/"},"modified":"2026-04-13T09:30:15","modified_gmt":"2026-04-13T07:30:15","slug":"csomagajanlat-pheidole-pallidula","status":"publish","type":"product","link":"https:\/\/antcube.shop\/hu\/termek\/csomagajanlat-pheidole-pallidula\/","title":{"rendered":"Aj\u00e1nlatcsomag - Crematogaster scutellaris"},"content":{"rendered":"<p id=\"docs-internal-guid-f360e18f-7fff-1fa7-2486-66b6ea8170c9\" dir=\"ltr\"><span data-text-color=\"secondary\"><strong>Csomagaj\u00e1nlat, amely tartalmaz egy Crematogaster scutellaris hangyakol\u00f3ni\u00e1t (kir\u00e1lyn\u0151 5-10 dolgoz\u00f3val + k\u00f6lt\u00e9s), egy Digfix S indul\u00f3 k\u00e9szletet, 2x formicarium p\u00e1rn\u00e1t \u00e9s egy sivatagi fot\u00f3h\u00e1tt\u00e9r.<\/strong><\/span><\/p>\n<p dir=\"ltr\"><span data-text-color=\"alert\"><strong>Csak a k\u00e9szlet erej\u00e9ig.<\/strong><\/span><\/p>\n<h2 dir=\"ltr\"><strong>Minden, amire egy Crematogaster scutellaris hangyakol\u00f3ni\u00e1hoz sz\u00fcks\u00e9ge van<\/strong><\/h2>\n<p dir=\"ltr\">Ez a csomag tartalmaz mindent, amire sz\u00fcks\u00e9ge van egy Crematogaster scutellaris kol\u00f3nia sikeres tart\u00e1s\u00e1hoz a tart\u00e1s els\u0151 n\u00e9h\u00e1ny h\u00f3napj\u00e1ban. Ide\u00e1lis kezd\u0151knek, \u00e9s k\u00f6nnyen b\u0151v\u00edthet\u0151.<\/p>\n<h3 dir=\"ltr\"><strong>Hangyafaj Crematogaster scutellaris<\/strong><\/h3>\n<p>A Crematogaster scutellaris t\u00falnyom\u00f3r\u00e9szt mindenev\u0151 hangyafaj, amely n\u00f6v\u00e9nyi \u00e9s \u00e1llati t\u00e1pl\u00e1l\u00e9kot egyar\u00e1nt fogyaszt. Az eg\u00e9sz mediterr\u00e1n t\u00e9rs\u00e9gben elterjedt, \u00e9s K\u00f6z\u00e9p-Eur\u00f3pa d\u00e9li r\u00e9szein is megtal\u00e1lhat\u00f3. Jellemz\u0151 erre a fajra a jellegzetes, k\u00f6rte alak\u00fa hasa, amelyet vesz\u00e9ly eset\u00e9n felemel - ez a felt\u0171n\u0151 viselked\u00e9s elriasztja az ellens\u00e9get.<\/p>\n<p>A kol\u00f3ni\u00e1k \u00e1ltal\u00e1ban egy kir\u00e1lyn\u0151b\u0151l \u00e1llnak (monog\u00e9n), de t\u00f6bb kir\u00e1lyn\u0151 is lehet benn\u00fck. A dolgoz\u00f3k akt\u00edv \u00e9s k\u00edv\u00e1ncsi viselked\u00e9st tan\u00fas\u00edtanak, \u00e9s er\u0151teljesen v\u00e9dik f\u00e9szk\u00fcket. A Crematogaster scutellaris k\u00fcl\u00f6n\u00f6sen arr\u00f3l ismert, hogy k\u00e9pes holt f\u00e1ban vagy fa\u00fcregekben f\u00e9szkelni.<\/p>\n<h3 dir=\"ltr\"><strong>Crematogaster scutellaris f\u00e9szke<\/strong><\/h3>\n<p dir=\"ltr\">Mivel ez a faj a sz\u00e1raz, holt f\u00e1ban vagy reped\u00e9sekben \u00e9s hasad\u00e9kokban f\u00e9szkel, ez a k\u00e9szlet egy Digfix f\u00e9szekbet\u00e9tet tartalmaz. Ez j\u00f3 r\u00e1l\u00e1t\u00e1st biztos\u00edt a f\u00e9szek belsej\u00e9re, \u00e9s a term\u00e9szetes k\u00f6r\u00fclm\u00e9nyeket szimul\u00e1lja. Alternat\u00edvak\u00e9nt parafa- vagy faf\u00e9szekben is tarthat\u00f3k, amelyek nagyon k\u00f6zel \u00e1llnak term\u00e9szetes \u00e9l\u0151hely\u00fckh\u00f6z.<\/p>\n<h3 dir=\"ltr\"><strong>A Crematogaster scutellaris t\u00e1pl\u00e1l\u00e9ka<\/strong><\/h3>\n<p dir=\"ltr\">A Crematogaster scutellaris mindenev\u0151, \u00e9s k\u00fcl\u00f6n\u00f6sen kedveli az \u00e9des folyad\u00e9kokat, p\u00e9ld\u00e1ul a m\u00e9zet vagy a cukoroldatokat. Sz\u00fcks\u00e9ge van feh\u00e9rj\u00e9ben gazdag t\u00e1pl\u00e1l\u00e9kra is, pl. apr\u00f3 rovarokra, k\u00fcl\u00f6n\u00f6sen a k\u00f6lt\u00e9s felnevel\u00e9s\u00e9hez. A vadonban f\u00e1k nedv\u00e9vel \u00e9s apr\u00f3 \u00edzeltl\u00e1b\u00faakkal is t\u00e1pl\u00e1lkozik.<\/p>\n<h3 dir=\"ltr\"><strong>A Crematogaster scutellaris \u00e9ghajlati felt\u00e9telei<\/strong><\/h3>\n<p dir=\"ltr\">P\u00e1ratartalom:<br \/>\nAr\u00e9na: 50%<br \/>\nF\u00e9szkel\u0151ter\u00fclet: 60%<br \/>\nH\u0151m\u00e9rs\u00e9klet:<br \/>\nAr\u00e9na: 24 - 30\u00b0C<br \/>\nF\u00e9szkel\u0151ter\u00fclet: 22 - 28\u00b0C<\/p>\n<p dir=\"ltr\">A Crematogaster scutellaris ide\u00e1lis mind a kezd\u0151k, mind a tapasztalt hangyatart\u00f3k sz\u00e1m\u00e1ra. Akt\u00edv viselked\u00e9s\u00e9nek, felt\u0171n\u0151 testform\u00e1j\u00e1nak \u00e9s sz\u00edn\u00e9nek, valamint f\u00e9szek\u00e9p\u00edt\u00e9si m\u00f3dj\u00e1nak k\u00f6sz\u00f6nhet\u0151en izgalmas betekint\u00e9st ny\u00fajt egy hangyakol\u00f3nia \u00e9let\u00e9be.<\/p>\n<p dir=\"ltr\"><strong>Tartalom:<\/strong><br \/>\n1x Crematogaster scutellaris hangyakol\u00f3nia (kir\u00e1lyn\u0151 + 5-10 dolgoz\u00f3 + k\u00f6lt\u00e9s)<br \/>\n1x cukor-m\u00e9z oldat (SH) - ut\u00e1nt\u00f6lt\u0151 csomag 10ml<br \/>\n1x eg\u00e9sz feh\u00e9r\u00edtett t\u00fccs\u00f6k 10g<br \/>\n1x formicarium p\u00e1rna - 20x20cm<br \/>\n1x Formicarium p\u00e1rna - 20x6cm<br \/>\n1x Sivatagi fot\u00f3 h\u00e1tt\u00e9r 20\u00d710<br \/>\n1x ANTCUBE - Ar\u00e9na 20x20x10 - lapos<br \/>\n1x Arena keret 20\u00d720<br \/>\n1x Ar\u00e9na bor\u00edt\u00f3 20\u00d720<br \/>\n4x r\u00f6gz\u00edt\u00e9si pont az ar\u00e9na fedel\u00e9hez<br \/>\n1x ANTCUBE - hangyafarm - S - 20\u00d720 - \u00e1llva<br \/>\n1x ANTCUBE - Digfix lemez 20\u00d720 - S<br \/>\n1x 0,5m \u00e1tl\u00e1tsz\u00f3 cs\u0151 10\/06 mm<br \/>\nANTCUBE - Piros film 20\u00d720 - Sz\u0171r\u0151<br \/>\n1x \u00f6ntapad\u00f3s klipsz - \u00e1tl\u00e1tsz\u00f3 - 2 db.<br \/>\n1x aljzat - homokos agyag b\u00e9zs - 200g<br \/>\n1x h\u00e1l\u00f3bet\u00e9t - 50mm - rozsdamentes ac\u00e9l<br \/>\n1x formicaria dug\u00f3 50 mm-es lyukhoz<br \/>\n1x formicaria dug\u00f3 27mm-es lyukhoz<br \/>\n1x formicaria sapka 6mm-es foglalathoz<br \/>\n1x medencek\u00f6t\u0151 B-27 \u00e9s S-10-16 mm M25 - k\u00e9szlet<br \/>\n1x 2ml adagol\u00f3 - 360\u00b0<br \/>\n1x \u00e1tl\u00e1tsz\u00f3 iv\u00f3ed\u00e9ny 20ml - szivacs<br \/>\n1x \u00e1tl\u00e1tsz\u00f3 \u00e9teltart\u00f3 poh\u00e1r 1\u00d720 - szivacs<br \/>\n1x mini h\u0151fokm\u00e9r\u0151 anal\u00f3g - l\u00f3g\u00f3 kijelz\u0151vel<br \/>\n1x hangyasz\u00f6k\u00e9s elleni v\u00e9d\u0151por 10ml<br \/>\n1x csipesz rug\u00f3ac\u00e9l - sz\u00e9les - puha<br \/>\n1x csipesz m\u0171anyag \u00e1tl\u00e1tsz\u00f3<br \/>\n1x m\u0171anyag pipetta 3ml<br \/>\n1x k\u00e9zi nagy\u00edt\u00f3 - 2x - 30mm<br \/>\n1x hab ablakt\u00f6rl\u0151 150x18x2.5mm<\/p>\n<p dir=\"ltr\"><strong>Le\u00edr\u00e1s:<\/strong><br \/>\nA Digfix Starter Set k\u00fcl\u00f6nb\u00f6z\u0151 hangyafajok sz\u00e1m\u00e1ra alkalmas, k\u00fcl\u00f6n\u00f6sen azok sz\u00e1m\u00e1ra, amelyek homokban \u00e9s (holt) f\u00e1ban f\u00e9szkelnek. Sz\u00e1razan vagy enyh\u00e9n nedvesen tarthat\u00f3.<br \/>\nAz \u00e1tl\u00e1tsz\u00f3 farm az ANTCUBE Digfix lemezzel haszn\u00e1lhat\u00f3. A hangy\u00e1k saj\u00e1t alagutakat \u00e9s kamr\u00e1kat \u00e1snak az anyagba. Sz\u00fcks\u00e9g eset\u00e9n tov\u00e1bbi modulok csatlakoztathat\u00f3k a fed\u00e9lben l\u00e9v\u0151 50 mm-es lyukakon kereszt\u00fcl, mint p\u00e9ld\u00e1ul a k\u00fcl\u00f6n kaphat\u00f3 k\u00f6dk\u00e9pz\u0151k, ventil\u00e1torok vagy l\u00e1mp\u00e1k. Alternat\u00edv megold\u00e1sk\u00e9nt a ny\u00edl\u00e1sok lez\u00e1r\u00e1s\u00e1hoz megfelel\u0151 formicaria-dug\u00f3k is mell\u00e9kelve vannak. Ha szeretn\u00e9, a formic\u00e1riumot ny\u00edltan is m\u0171k\u00f6dtetheti, egyszer\u0171en helyezze a levehet\u0151 keretet a f\u00f6ldre, \u00e9s kenje be a sz\u00e9l\u00e9t hangyasz\u00f6k\u00e9s elleni olajjal. Az \"itat\u00f3kanna 2ml - 360 fok\" m\u00e9zes\/cukros oldathoz, az \"itat\u00f3kanna clear 20ml - szivacs\" pedig v\u00edzhez val\u00f3. A 'Mini Thermo-Hygrom\u00e9ter' a keretre vagy a fed\u00e9lre r\u00f6gz\u00edthet\u0151, \u00e9s a kl\u00edma\u00e9rt\u00e9keket mutatja.<\/p>\n<p dir=\"ltr\"><span data-text-color=\"alert\"><strong>Fontos:<\/strong><\/span> Haszn\u00e1lat el\u0151tt nedves\u00edtse meg a f\u00f6ldet, hogy a kever\u00e9k meg tudjon k\u00f6t\u0151dni \u00e9s szil\u00e1rdan meg tudjon \u00e1llni a hangyafarmon. Ezenk\u00edv\u00fcl a t\u00fal sz\u00e1raz \u00e9s poros talaj elz\u00e1rhatja a hangy\u00e1k l\u00e9g\u00fatjait, ami legrosszabb esetben fullad\u00e1shoz vezethet.<\/p>\n<p dir=\"ltr\"><strong>Aj\u00e1nl\u00e1s:<\/strong> Aj\u00e1nlott egy 2 mm magas aljzatr\u00e9teg elhelyez\u00e9se, hogy az \u00e1llatok ne tudj\u00e1k be\u00e1sni magukat az ar\u00e9n\u00e1ba, hanem ink\u00e1bb az erre a c\u00e9lra szolg\u00e1l\u00f3 tany\u00e1t haszn\u00e1lj\u00e1k. Javasoljuk tov\u00e1bb\u00e1, hogy a farmon l\u00e9v\u0151 f\u00e9szkel\u0151anyagot (homok\/agyag, Digfix stb.) egy helyen enyh\u00e9n lyukassza ki, hogy az \u00e1llatoknak k\u00f6nnyebb legyen az \u00e1s\u00e1s.<br \/>\n<strong>Megjegyz\u00e9s:<\/strong> A f\u00e9szek sz\u00e1raz vagy nedves formik\u00e1riumban haszn\u00e1lhat\u00f3. Ha a f\u00e9szket \u00e1lland\u00f3an nedvesen (t\u00fal nedvesen) tartjuk, az \u00e9telmarad\u00e9kok pen\u00e9szed\u00e9st okozhatnak.<br \/>\n<strong>Megjegyz\u00e9s a Digfixr\u0151l:<\/strong> Term\u00e9szetes sz\u00edne a z\u00f6ldessz\u00fcrke-barna \u00e9s a f\u00f6ldbarna k\u00f6z\u00f6tt v\u00e1ltozhat. A sz\u00edn nem befoly\u00e1solja a min\u0151s\u00e9get.<\/p>\n<p dir=\"ltr\"><strong>Megjegyz\u00e9sek a gy\u00e1rt\u00e1shoz<\/strong><br \/>\nAz \u00fcveget a DIN 1249 szabv\u00e1ny szerint v\u00e1gj\u00e1k, +\/- 1 mm-es t\u0171r\u00e9ssel. A rendk\u00edv\u00fcl kis hangyafajok eset\u00e9ben tov\u00e1bbi kit\u00f6r\u00e9sv\u00e9delemre van sz\u00fcks\u00e9g.<\/p>\n<p dir=\"ltr\"><strong>Megjegyz\u00e9sek a gazdas\u00e1gr\u00f3l<\/strong><br \/>\nA cs\u00f6vek csatlakoztat\u00e1sakor vagy lev\u00e1laszt\u00e1sakor a k\u00f6vetkez\u0151ket kell figyelembe venni:<br \/>\nHa a cs\u0151 nehezen illeszkedik a csatlakoz\u00f3ra, egy csepp menek\u00fcl\u00e9sg\u00e1tl\u00f3 olajunkat vagy porunkat kell a csatlakoz\u00f3ra cseppenteni. A cs\u00f6vet ezut\u00e1n csavar\u00e1ssal vagy csavaroz\u00e1ssal kell a csatlakoz\u00f3ra tolni, an\u00e9lk\u00fcl, hogy a csatlakoz\u00f3ra fel- \u00e9s lefel\u00e9 ir\u00e1nyul\u00f3 nyom\u00e1st gyakoroln\u00e1nk. Ugyanez vonatkozik a cs\u00f6vek farmcsatlakoz\u00f3r\u00f3l val\u00f3 elt\u00e1vol\u00edt\u00e1s\u00e1ra is. K\u00e9rj\u00fck, ne csak \u00fagy h\u00fazza le \u0151ket!<\/p>\n<p dir=\"ltr\"><strong>Megjegyz\u00e9sek a krikettdzsemborir\u00f3l:<\/strong><br \/>\nT\u00fccs\u00f6klekv\u00e1runk egyszer\u0171 m\u00f3dja annak, hogy hangy\u00e1it frissen tart\u00f3s\u00edtott feh\u00e9rjet\u00e1pl\u00e1l\u00e9kkal l\u00e1ssa el an\u00e9lk\u00fcl, hogy \u00e9l\u0151 rovarokat kellene etetnie. A t\u00fccsk\u00f6ket (Acheta domesticus) k\u00edm\u00e9letesen megf\u0151zz\u00fck, hogy a t\u00e1p\u00e9rt\u00e9k, az \u00edz \u00e9s az aroma megmaradjon. R\u00e1ad\u00e1sul a rovarok kitinszer\u0171 k\u00fcls\u0151 v\u00e1za \u00edgy megpuhul, hogy k\u00f6nnyebben em\u00e9szthet\u0151 legyen. A kollag\u00e9nfeh\u00e9rje-vegy\u00fcleteket felbontj\u00e1k, hogy a hangy\u00e1k jobban hasznos\u00edthass\u00e1k azokat. A konzervdobozb\u00f3l sz\u00e1rmaz\u00f3 Acheta domesticus ugyanolyan t\u00e1p\u00e9rt\u00e9k\u0171, mint az \u00e9l\u0151 t\u00fccs\u00f6k, de k\u00f6nnyebben em\u00e9szthet\u0151.<br \/>\nA t\u00fccs\u00f6kdzsem nem alkalmas olyan hangyafajok vad\u00e1szat\u00e1ra, amelyek \u00e9l\u0151 t\u00e1pl\u00e1l\u00e9kot ig\u00e9nyelnek (pl. ponerines (uromyida hangy\u00e1k), mint a Harpegnathos vagy Odontomachus).<\/p>\n<p dir=\"ltr\"><strong>Tov\u00e1bbi el\u0151ny\u00f6k:<\/strong><br \/>\nGarant\u00e1ltan atkamentes<br \/>\nAdagolhat\u00f3 \u00e9s v\u00edzzel h\u00edg\u00edthat\u00f3<br \/>\nSteriliz\u00e1lt \u00e9s v\u00e1kuumcsomagolt<br \/>\nAdal\u00e9kanyagok n\u00e9lk\u00fcl<br \/>\nT\u00fccsk\u00f6k fenntarthat\u00f3, tiszt\u00e1n \u00f6kol\u00f3giai teny\u00e9szt\u00e9sb\u0151l sz\u00e1rmaz\u00f3, szerves hullad\u00e9kkal t\u00e1pl\u00e1lt t\u00fccsk\u00f6k.<\/p>\n<p dir=\"ltr\"><strong>Megjegyz\u00e9s:<\/strong><br \/>\nFelbont\u00e1s ut\u00e1n a h\u0171t\u0151szekr\u00e9nyben k\u00f6r\u00fclbel\u00fcl n\u00e9gy napig eltarthat\u00f3. Fagyasztva hosszabb ideig eltarthat\u00f3.<\/p>\n<p dir=\"ltr\"><strong>Figyelem<\/strong>: El\u0151sz\u00f6r porci\u00f3zza, majd fagyassza le.<\/p>\n<p dir=\"ltr\"><strong>Megjegyz\u00e9sek a cukor-m\u00e9z oldatr\u00f3l (ZH) - 10ml-es ut\u00e1nt\u00f6lt\u0151 csomag<\/strong><br \/>\nTartalom: 10 ml<\/p>\n<p dir=\"ltr\"><strong>Le\u00edr\u00e1s:<\/strong> Ez egy k\u00fcl\u00f6nb\u00f6z\u0151 sz\u00e9nhidr\u00e1tokb\u00f3l (p\u00e9ld\u00e1ul m\u00e9zb\u0151l \u00e9s cukorb\u00f3l) \u00e1ll\u00f3 term\u00e9k.<\/p>\n<p dir=\"ltr\"><strong>Alkalmaz\u00e1s:<\/strong> A t\u00e1pcs\u0151 eg\u00e9szben is elhelyezhet\u0151 a formik\u00e1riumban, vagy a kol\u00f3nia ig\u00e9nyeit\u0151l\/m\u00e9ret\u00e9t\u0151l f\u00fcgg\u0151en kisebb mennyis\u00e9geket is elhelyezhet\u00fcnk egy t\u00e1pcs\u00e9sz\u00e9ben. Az eles\u00e9get k\u00f6r\u00fclbel\u00fcl 3 napon bel\u00fcl el kell fogyasztani, k\u00fcl\u00f6nben fenn\u00e1ll a pen\u00e9szed\u00e9s vesz\u00e9lye. Ugyanezen okb\u00f3l az etet\u0151t\u00e1lat \u00fajrat\u00f6lt\u00e9s el\u0151tt tiszt\u00edtsa meg.<\/p>\n<p dir=\"ltr\"><strong>Haszn\u00e1lja:<\/strong><br \/>\nCukor-m\u00e9z oldat = cukor\/m\u00e9zev\u0151 hangyafajok sz\u00e1m\u00e1ra<br \/>\nEz egy kieg\u00e9sz\u00edt\u0151 \u00e9lelmiszer<br \/>\nAz \u00e1llatoknak felk\u00edn\u00e1lhat\u00f3, ahogyan az ell\u00e1t\u00e1st kapj\u00e1k. Mivel a nedvess\u00e9g hat\u00e1s\u00e1ra a cukorkoncentr\u00e1ci\u00f3 cs\u00f6kken, \u00e9s erjed\u00e9si folyamat indul be, a takarm\u00e1nyt 3 naponta ki kell cser\u00e9lni. \u00dajb\u00f3li felhaszn\u00e1l\u00e1s el\u0151tt alaposan tiszt\u00edtsa meg az etet\u0151t\u00e1lat\/cs\u00f6vet.<br \/>\nFelbont\u00e1s ut\u00e1n a csomagot szorosan z\u00e1rva kell tartani (ha sz\u00e1raz helyen t\u00e1rolj\u00e1k), \u00e9s a megadott id\u0151pontig (min\u0151s\u00e9gmeg\u0151rz\u00e9si id\u0151) fel kell haszn\u00e1lni.<\/p>\n<p dir=\"ltr\"><strong>Tartalmazza:<\/strong><br \/>\nFrukt\u00f3z 27-44%,<br \/>\ngl\u00fck\u00f3z 22 a 41%-re,<br \/>\nszachar\u00f3z 5%-ig,<br \/>\nmalt\u00f3z 4 - 14%,<br \/>\negy\u00e9b \u00f6sszetett cukrok 1-14%.<br \/>\nZs\u00edr: 0g<br \/>\nSz\u00e9nhidr\u00e1tok: 92g<br \/>\nFeh\u00e9rje: 0g<br \/>\nS\u00f3: 0g<\/p>\n<p dir=\"ltr\"><strong>T\u00e1rol\u00e1s:<\/strong> A takarm\u00e1ny min\u0151s\u00e9g\u00e9nek biztos\u00edt\u00e1sa \u00e9rdek\u00e9ben s\u00f6t\u00e9t \u00e9s sz\u00e1raz helyen kell t\u00e1rolni.<\/p>\n<p dir=\"ltr\"><strong>Megjegyz\u00e9s:<\/strong><br \/>\nAz \u00f6sszet\u00e9telt, az analitikai \u00f6sszetev\u0151ket, a min\u0151s\u00e9gmeg\u0151rz\u00e9si id\u0151t \u00e9s a t\u00e9telsz\u00e1mot l\u00e1sd a betegt\u00e1j\u00e9koztat\u00f3ban.<br \/>\nInform\u00e1ci\u00f3s forr\u00f3dr\u00f3t +49 30 439703870<\/p>\n<p dir=\"ltr\"><strong>Az illet\u00e9kes \u00e1llat-eg\u00e9szs\u00e9g\u00fcgyi \u00e9s \u00e9lelmiszer-fel\u00fcgyeleti hat\u00f3s\u00e1g:<\/strong><br \/>\n\u00c1llatorvosi rendel\u0151 Steglitz<br \/>\nK\u00f6nigin-Luise-Str. 92<br \/>\n14195 Berlin<\/p>","protected":false},"excerpt":{"rendered":"<p>A k\u00e9szlet 34 r\u00e9szb\u0151l \u00e1ll<\/p>","protected":false},"featured_media":10983,"comment_status":"open","ping_status":"closed","template":"","meta":{"_acf_changed":false,"content-type":"","_monsterinsights_skip_tracking":false,"_monsterinsights_sitenote_active":false,"_monsterinsights_sitenote_note":"","_monsterinsights_sitenote_category":0},"product_brand":[484],"product_cat":[355,73],"product_tag":[],"class_list":{"0":"post-10988","1":"product","2":"type-product","3":"status-publish","4":"has-post-thumbnail","6":"product_brand-antcube","7":"product_cat-bundle-offers","8":"product_cat-starter-sets","10":"first","11":"instock","12":"taxable","13":"shipping-taxable","14":"purchasable","15":"product-type-simple"},"acf":[],"aioseo_notices":[],"jetpack_sharing_enabled":true,"_links":{"self":[{"href":"https:\/\/antcube.shop\/hu\/wp-json\/wp\/v2\/product\/10988","targetHints":{"allow":["GET"]}}],"collection":[{"href":"https:\/\/antcube.shop\/hu\/wp-json\/wp\/v2\/product"}],"about":[{"href":"https:\/\/antcube.shop\/hu\/wp-json\/wp\/v2\/types\/product"}],"replies":[{"embeddable":true,"href":"https:\/\/antcube.shop\/hu\/wp-json\/wp\/v2\/comments?post=10988"}],"wp:featuredmedia":[{"embeddable":true,"href":"https:\/\/antcube.shop\/hu\/wp-json\/wp\/v2\/media\/10983"}],"wp:attachment":[{"href":"https:\/\/antcube.shop\/hu\/wp-json\/wp\/v2\/media?parent=10988"}],"wp:term":[{"taxonomy":"product_brand","embeddable":true,"href":"https:\/\/antcube.shop\/hu\/wp-json\/wp\/v2\/product_brand?post=10988"},{"taxonomy":"product_cat","embeddable":true,"href":"https:\/\/antcube.shop\/hu\/wp-json\/wp\/v2\/product_cat?post=10988"},{"taxonomy":"product_tag","embeddable":true,"href":"https:\/\/antcube.shop\/hu\/wp-json\/wp\/v2\/product_tag?post=10988"}],"curies":[{"name":"wp","href":"https:\/\/api.w.org\/{rel}","templated":true}]}}