{"id":899,"date":"2021-08-22T15:12:45","date_gmt":"2021-08-22T13:12:45","guid":{"rendered":"https:\/\/antcube.shop\/?page_id=899"},"modified":"2023-12-14T13:30:00","modified_gmt":"2023-12-14T12:30:00","slug":"faq-shop","status":"publish","type":"page","link":"https:\/\/antcube.shop\/hu\/faq-shop\/","title":{"rendered":"GYIK Shop"},"content":{"rendered":"<div id=\"gap-780929719\" class=\"gap-element clearfix\" style=\"display:block; height:auto;\">\n\t\t\n<style>\n#gap-780929719 {\n  padding-top: 200px;\n}\n@media (min-width:850px) {\n  #gap-780929719 {\n    padding-top: 175px;\n  }\n}\n<\/style>\n\t<\/div>\n\t\n\n\t<div id=\"text-3559720281\" class=\"text\">\n\t\t\n\n<h1>GYIK Shop \u00a0<\/h1>\n<h2>Gyakran feltett k\u00e9rd\u00e9sek term\u00e9keinkkel vagy \u00e1ltal\u00e1ban az \u00e1ruh\u00e1zunkkal kapcsolatban<\/h2>\n\t\t\n<style>\n#text-3559720281 {\n  text-align: center;\n}\n<\/style>\n\t<\/div>\n\t\n<div class=\"row align-center\"  id=\"row-759684764\">\n\n\n\t<div id=\"col-1066428670\" class=\"col small-12 large-12\"  >\n\t\t\t\t<div class=\"col-inner\"  >\n\t\t\t\n\t\t\t\n\n<div class=\"accordion\">\n\n\t<div id=\"accordion-3745254580\" class=\"accordion-item\">\n\t\t<a id=\"accordion-3745254580-label\" class=\"accordion-title plain\" href=\"#accordion-item-you-do-not-know-what-ant-species-to-keep-or-which-formicarium-you-should-use?\" aria-expanded=\"false\" aria-controls=\"accordion-3745254580-content\">\n\t\t\t<button class=\"toggle\" aria-label=\"Toggle\"><i class=\"icon-angle-down\" aria-hidden=\"true\"><\/i><\/button>\n\t\t\t<span>Nem tudja, hogy milyen hangyafajokat tartson, vagy melyik Formicariumot haszn\u00e1lja?<\/span>\n\t\t<\/a>\n\t\t<div id=\"accordion-3745254580-content\" class=\"accordion-inner\" aria-labelledby=\"accordion-3745254580-label\">\n\t\t\t\n\n<p>Pr\u00f3b\u00e1lja ki \"Ant Finder\" vagy \"Formicarium Finder\" - Online \u00fcgyf\u00e9lszolg\u00e1latunk<\/p>\n<p><a href=\"https:\/\/antcube.shop\/ant-finder\/\">Tal\u00e1lja meg a hangyafajokat<\/a><\/p>\n<p><a href=\"https:\/\/antcube.shop\/formicarium-finder\/\">Keresse meg a Formicariumot<\/a><\/p>\n\n\t\t<\/div>\n\t<\/div>\n\t\n\t<div id=\"accordion-1380451291\" class=\"accordion-item\">\n\t\t<a id=\"accordion-1380451291-label\" class=\"accordion-title plain\" href=\"#accordion-item-what-are-the-delivery-times-and-charges-for-orders-from-the-online-shop?\" aria-expanded=\"false\" aria-controls=\"accordion-1380451291-content\">\n\t\t\t<button class=\"toggle\" aria-label=\"Toggle\"><i class=\"icon-angle-down\" aria-hidden=\"true\"><\/i><\/button>\n\t\t\t<span>Milyen sz\u00e1ll\u00edt\u00e1si hat\u00e1rid\u0151k \u00e9s d\u00edjak vonatkoznak az online \u00e1ruh\u00e1zb\u00f3l t\u00f6rt\u00e9n\u0151 megrendel\u00e9sekre?<\/span>\n\t\t<\/a>\n\t\t<div id=\"accordion-1380451291-content\" class=\"accordion-inner\" aria-labelledby=\"accordion-1380451291-label\">\n\t\t\t\n\n<p>A v\u00e1rhat\u00f3 sz\u00e1ll\u00edt\u00e1si id\u0151kr\u0151l itt tal\u00e1l inform\u00e1ci\u00f3kat:<\/p>\n<p><a href=\"https:\/\/antcube.shop\/delivery-times\/\">Sz\u00e1ll\u00edt\u00e1si id\u0151k<\/a><\/p>\n<p>Ha a becs\u00fclt sz\u00e1ll\u00edt\u00e1si k\u00f6lts\u00e9gekr\u0151l \u00e9s a sz\u00e1ll\u00edt\u00e1si korl\u00e1toz\u00e1sokr\u00f3l szeretne t\u00e1j\u00e9koz\u00f3dni, k\u00e9rj\u00fck, n\u00e9zze meg itt:<\/p>\n<p><a href=\"https:\/\/antcube.shop\/shipping-costs-delivery-restrictions\/\">Sz\u00e1ll\u00edt\u00e1si k\u00f6lts\u00e9gek\/ sz\u00e1ll\u00edt\u00e1si korl\u00e1toz\u00e1sok<\/a><\/p>\n\n\t\t<\/div>\n\t<\/div>\n\t\n\t<div id=\"accordion-372513636\" class=\"accordion-item\">\n\t\t<a id=\"accordion-372513636-label\" class=\"accordion-title plain\" href=\"#accordion-item-you-have-questions-about-returns-or-refunds?\" aria-expanded=\"false\" aria-controls=\"accordion-372513636-content\">\n\t\t\t<button class=\"toggle\" aria-label=\"Toggle\"><i class=\"icon-angle-down\" aria-hidden=\"true\"><\/i><\/button>\n\t\t\t<span>K\u00e9rd\u00e9se van a visszak\u00fcld\u00e9ssel vagy visszat\u00e9r\u00edt\u00e9ssel kapcsolatban?<\/span>\n\t\t<\/a>\n\t\t<div id=\"accordion-372513636-content\" class=\"accordion-inner\" aria-labelledby=\"accordion-372513636-label\">\n\t\t\t\n\n<p><a href=\"https:\/\/antcube.shop\/refund-policy\/\">Visszat\u00e9r\u00edt\u00e9si politika<\/a><\/p>\n<p><a href=\"https:\/\/antcube.shop\/terms-and-conditions\/\">Felt\u00e9telek \u00e9s kik\u00f6t\u00e9sek<\/a><\/p>\n\n\t\t<\/div>\n\t<\/div>\n\t\n\t<div id=\"accordion-645647787\" class=\"accordion-item\">\n\t\t<a id=\"accordion-645647787-label\" class=\"accordion-title plain\" href=\"#accordion-item-which-payment-methods-are-accepted-in-the-online-shop?\" aria-expanded=\"false\" aria-controls=\"accordion-645647787-content\">\n\t\t\t<button class=\"toggle\" aria-label=\"Toggle\"><i class=\"icon-angle-down\" aria-hidden=\"true\"><\/i><\/button>\n\t\t\t<span>Milyen fizet\u00e9si m\u00f3dokat fogadunk el az online \u00e1ruh\u00e1zban?<\/span>\n\t\t<\/a>\n\t\t<div id=\"accordion-645647787-content\" class=\"accordion-inner\" aria-labelledby=\"accordion-645647787-label\">\n\t\t\t\n\n<p>Az elfogadott fizet\u00e9si m\u00f3dok \u00e1ttekint\u00e9s\u00e9t itt tal\u00e1lja:<\/p>\n<p><a href=\"https:\/\/antcube.shop\/payment-methods\/\">Fizet\u00e9si m\u00f3dok<\/a><\/p>\n\n\t\t<\/div>\n\t<\/div>\n\t\n\t<div id=\"accordion-2041102674\" class=\"accordion-item\">\n\t\t<a id=\"accordion-2041102674-label\" class=\"accordion-title plain\" href=\"#accordion-item-you-are-looking-for-user-manuals-for-your-starter-set?\" aria-expanded=\"false\" aria-controls=\"accordion-2041102674-content\">\n\t\t\t<button class=\"toggle\" aria-label=\"Toggle\"><i class=\"icon-angle-down\" aria-hidden=\"true\"><\/i><\/button>\n\t\t\t<span>Haszn\u00e1lati \u00fatmutat\u00f3t keres a kezd\u0151 szetthez?<\/span>\n\t\t<\/a>\n\t\t<div id=\"accordion-2041102674-content\" class=\"accordion-inner\" aria-labelledby=\"accordion-2041102674-label\">\n\t\t\t\n\n<p>Itt tal\u00e1l PDF felhaszn\u00e1l\u00f3i k\u00e9zik\u00f6nyveket nyomtat\u00e1sra vagy let\u00f6lt\u00e9sre:<\/p>\n<p><a href=\"https:\/\/antcube.shop\/download\/\">Let\u00f6lt\u00e9s<\/a><\/p>\n\n\t\t<\/div>\n\t<\/div>\n\t\n\t<div id=\"accordion-1099750363\" class=\"accordion-item\">\n\t\t<a id=\"accordion-1099750363-label\" class=\"accordion-title plain\" href=\"#accordion-item-you-need-more-information-about-certain-ant-species-or-ant-keeping-in-general?\" aria-expanded=\"false\" aria-controls=\"accordion-1099750363-content\">\n\t\t\t<button class=\"toggle\" aria-label=\"Toggle\"><i class=\"icon-angle-down\" aria-hidden=\"true\"><\/i><\/button>\n\t\t\t<span>T\u00f6bb inform\u00e1ci\u00f3ra van sz\u00fcks\u00e9ge bizonyos hangyafajokr\u00f3l vagy \u00e1ltal\u00e1ban a hangyatart\u00e1sr\u00f3l?<\/span>\n\t\t<\/a>\n\t\t<div id=\"accordion-1099750363-content\" class=\"accordion-inner\" aria-labelledby=\"accordion-1099750363-label\">\n\t\t\t\n\n<p>A hangy\u00e1kkal \u00e9s a hangyatart\u00e1ssal kapcsolatos gyakran ism\u00e9telt k\u00e9rd\u00e9seket itt tal\u00e1lja:<\/p>\n<p><a href=\"https:\/\/antcube.shop\/faq-ants\/\">GYIK hangy\u00e1k<\/a><\/p>\n<p><a href=\"https:\/\/antcube.shop\/catching-queen-ants\/\">Hogyan fogjuk el a hangyakir\u00e1lyn\u0151t<\/a><\/p>\n<p><a href=\"https:\/\/antcube.shop\/ant-species\/\">Tudjon meg t\u00f6bbet a hangy\u00e1kr\u00f3l<\/a><\/p>\n<p><a href=\"https:\/\/antcube.shop\/social-media\/\">N\u00e9zze meg YouTube csatorn\u00e1inkat, ott hasznos tippeket \u00e9s inform\u00e1ci\u00f3kat tal\u00e1lhat.<\/a><\/p>\n\n\t\t<\/div>\n\t<\/div>\n\t\n\t<div id=\"accordion-3894992821\" class=\"accordion-item\">\n\t\t<a id=\"accordion-3894992821-label\" class=\"accordion-title plain\" href=\"#accordion-item-you-have-questions-about-our-products?\" aria-expanded=\"false\" aria-controls=\"accordion-3894992821-content\">\n\t\t\t<button class=\"toggle\" aria-label=\"Toggle\"><i class=\"icon-angle-down\" aria-hidden=\"true\"><\/i><\/button>\n\t\t\t<span>K\u00e9rd\u00e9se van a term\u00e9keinkkel kapcsolatban?<\/span>\n\t\t<\/a>\n\t\t<div id=\"accordion-3894992821-content\" class=\"accordion-inner\" aria-labelledby=\"accordion-3894992821-label\">\n\t\t\t\n\n<p>Ha k\u00e9rd\u00e9se van a term\u00e9keinkkel kapcsolatban, k\u00e9rj\u00fck, el\u0151sz\u00f6r n\u00e9zze meg a term\u00e9kle\u00edr\u00e1st a boltunkban.<\/p>\n<p>Egy\u00e9bk\u00e9nt tov\u00e1bbi inform\u00e1ci\u00f3kat itt tal\u00e1l:<\/p>\n<p><a href=\"https:\/\/antcube.shop\/product-information\/\">Term\u00e9kinform\u00e1ci\u00f3<\/a><\/p>\n\n\t\t<\/div>\n\t<\/div>\n\t\n\n<\/div>\n\n\t\t<\/div>\n\t\t\t\t\t<\/div>\n\n\t\n\n<\/div>","protected":false},"excerpt":{"rendered":"","protected":false},"author":1,"featured_media":0,"parent":0,"menu_order":0,"comment_status":"closed","ping_status":"closed","template":"","meta":{"_acf_changed":false,"content-type":"","_monsterinsights_skip_tracking":false,"_monsterinsights_sitenote_active":false,"_monsterinsights_sitenote_note":"","_monsterinsights_sitenote_category":0,"footnotes":""},"class_list":["post-899","page","type-page","status-publish","hentry"],"acf":[],"aioseo_notices":[],"jetpack_sharing_enabled":true,"_links":{"self":[{"href":"https:\/\/antcube.shop\/hu\/wp-json\/wp\/v2\/pages\/899","targetHints":{"allow":["GET"]}}],"collection":[{"href":"https:\/\/antcube.shop\/hu\/wp-json\/wp\/v2\/pages"}],"about":[{"href":"https:\/\/antcube.shop\/hu\/wp-json\/wp\/v2\/types\/page"}],"author":[{"embeddable":true,"href":"https:\/\/antcube.shop\/hu\/wp-json\/wp\/v2\/users\/1"}],"replies":[{"embeddable":true,"href":"https:\/\/antcube.shop\/hu\/wp-json\/wp\/v2\/comments?post=899"}],"version-history":[{"count":8,"href":"https:\/\/antcube.shop\/hu\/wp-json\/wp\/v2\/pages\/899\/revisions"}],"predecessor-version":[{"id":6791,"href":"https:\/\/antcube.shop\/hu\/wp-json\/wp\/v2\/pages\/899\/revisions\/6791"}],"wp:attachment":[{"href":"https:\/\/antcube.shop\/hu\/wp-json\/wp\/v2\/media?parent=899"}],"curies":[{"name":"wp","href":"https:\/\/api.w.org\/{rel}","templated":true}]}}