{"id":702,"date":"2021-08-17T10:58:14","date_gmt":"2021-08-17T08:58:14","guid":{"rendered":"https:\/\/antcube.shop\/?page_id=702"},"modified":"2024-09-09T17:06:06","modified_gmt":"2024-09-09T15:06:06","slug":"catching-queen-ants","status":"publish","type":"page","link":"https:\/\/antcube.shop\/hu\/catching-queen-ants\/","title":{"rendered":"A hangyakir\u00e1lyn\u0151 elkap\u00e1sa"},"content":{"rendered":"<div id=\"gap-1788719834\" class=\"gap-element clearfix\" style=\"display:block; height:auto;\">\n\t\t\n<style>\n#gap-1788719834 {\n  padding-top: 177px;\n}\n@media (min-width:550px) {\n  #gap-1788719834 {\n    padding-top: 178px;\n  }\n}\n@media (min-width:850px) {\n  #gap-1788719834 {\n    padding-top: 75px;\n  }\n}\n<\/style>\n\t<\/div>\n\t\n\n\n  <div class=\"banner has-hover\" id=\"banner-946020016\">\n          <div class=\"banner-inner fill\">\n        <div class=\"banner-bg fill\" >\n            <img loading=\"lazy\" decoding=\"async\" width=\"1020\" height=\"571\" src=\"https:\/\/i0.wp.com\/antcube.shop\/wp-content\/uploads\/2021\/09\/Screenshot-2021-09-16-150304.png?fit=1020%2C571&amp;ssl=1\" class=\"bg attachment-large size-large\" alt=\"Hogyan lehet elkapni egy hangyakir\u00e1lyn\u0151t k\u00e9mcs\u0151vel \u00e9s rug\u00f3ac\u00e9l csipesszel?\" \/>                        <div class=\"overlay\"><\/div>            \n                    <\/div>\n\t\t\n        <div class=\"banner-layers container\">\n            <div class=\"fill banner-link\"><\/div>            \n\n   <div id=\"text-box-561192440\" class=\"text-box banner-layer x50 md-x50 lg-x50 y50 md-y50 lg-y50 res-text\">\n                                <div class=\"text-box-content text dark text-shadow-3\">\n              \n              <div class=\"text-inner text-center\">\n                  \n\n<h3 class=\"uppercase\"><strong>Hogyan fogjuk el a saj\u00e1t hangy\u00e1szl\u00e1nyunkat?<\/strong><\/h3>\n\n              <\/div>\n           <\/div>\n                            \n<style>\n#text-box-561192440 {\n  width: 60%;\n}\n#text-box-561192440 .text-box-content {\n  font-size: 100%;\n}\n<\/style>\n    <\/div>\n \n\n        <\/div>\n      <\/div>\n\n            \n<style>\n#banner-946020016 {\n  padding-top: 400px;\n}\n#banner-946020016 .overlay {\n  background-color: rgba(0, 0, 0, 0.17);\n}\n#banner-946020016 .banner-bg img {\n  object-position: 56% 82%;\n}\n@media (min-width:550px) {\n  #banner-946020016 {\n    padding-top: 500px;\n  }\n}\n<\/style>\n  <\/div>\n\n\n\t<div id=\"gap-713904125\" class=\"gap-element clearfix\" style=\"display:block; height:auto;\">\n\t\t\n<style>\n#gap-713904125 {\n  padding-top: 30px;\n}\n<\/style>\n\t<\/div>\n\t\n\n<div class=\"row\"  id=\"row-1228593567\">\n\n\n\t<div id=\"col-1360616681\" class=\"col medium-6 small-12 large-6\"  >\n\t\t\t\t<div class=\"col-inner\"  >\n\t\t\t\n\t\t\t\n\n<h3>Kapd el a saj\u00e1t hangyakir\u00e1lyn\u0151det<\/h3>\n<p>Ha saj\u00e1t hangyakir\u00e1lyn\u0151t akarsz fogni, vagy szerencs\u00e9re, vagy n\u00e9mi el\u0151k\u00e9sz\u00fcletre \u00e9s kutat\u00e1sra van sz\u00fcks\u00e9ged.\u00a0<\/p>\n<p>A hangy\u00e1k \u00e1ltal\u00e1ban \u00e9vente egyszer tartanak n\u00e1szrep\u00fcl\u00e9st. A kol\u00f3nia csak ilyenkor alak\u00edtja ki az \u00fagynevezett szaporod\u00f3 \u00e1llatokat, azaz a fiatal kir\u00e1lyn\u0151ket \u00e9s a h\u00edm hangy\u00e1kat (h\u00edm hangy\u00e1k). \u0150k az egyetlen rep\u00fcl\u00e9sre k\u00e9pes hangy\u00e1k. A kir\u00e1lyn\u0151k egy vagy t\u00f6bb h\u00edmmel val\u00f3 p\u00e1rosod\u00e1s ut\u00e1n levetik sz\u00e1rnyaikat. A h\u00edmek r\u00f6vid id\u0151 (legfeljebb n\u00e9h\u00e1ny nap) ut\u00e1n elpusztulnak, f\u00fcggetlen\u00fcl att\u00f3l, hogy p\u00e1rosodtak-e vagy sem. <br \/>Miut\u00e1n a fiatal kir\u00e1lyn\u0151k befejezt\u00e9k n\u00e1szrep\u00fcl\u00e9s\u00fcket, megfelel\u0151 helyet keresnek kol\u00f3ni\u00e1juk l\u00e9trehoz\u00e1s\u00e1hoz. Sz\u00e1rnyaikat levetik \u00e9s \u00e1sni kezdenek. Ez a t\u00f6k\u00e9letes pillanat a begy\u0171jt\u00e9s\u00fckre. Amikor m\u00e1r nincs sz\u00e1rnyuk, biztosak lehet\u00fcnk benne, hogy p\u00e1rosodtak.<\/p>\n<p>A legjobb m\u00f3dja a gy\u0171jt\u00e9s\u00fcknek a rug\u00f3ac\u00e9l csipesz haszn\u00e1lata. Ezekkel meg lehet fogni az \u00e1llatokat an\u00e9lk\u00fcl, hogy megs\u00e9r\u00fcln\u00e9nek.<\/p>\n<p>Helyezze \u0151ket egy k\u00e9mcs\u0151be vagy egy kis dobozba, amely lyukakkal rendelkezik a szell\u0151z\u00e9shez. Egyes fajokat k\u00fcl\u00f6n-k\u00fcl\u00f6n kell sz\u00e1ll\u00edtani, m\u00e1sok r\u00f6vid ideig egy\u00fctt tarthat\u00f3k egy kont\u00e9nerben, mivel egym\u00e1s k\u00f6z\u00f6tt kev\u00e9sb\u00e9 agressz\u00edvek. A k\u00fcl\u00f6nb\u00f6z\u0151 fajokat mindig k\u00fcl\u00f6n kell tartani.<\/p>\n<p>Ahhoz, hogy megtudja, mikor \u00e9s hol tal\u00e1lja meg a hangyakir\u00e1lyn\u0151t, az interneten sz\u00e1mos \"n\u00e1szrep\u00fcl\u00e9si t\u00e9rk\u00e9p\" tal\u00e1lhat\u00f3. K\u00e9t p\u00e9ld\u00e1t ezen az oldalon lejjebb linkelt\u00fcnk.<\/p>\n<p>K\u00e9rj\u00fck, gy\u0151z\u0151dj\u00f6n meg r\u00f3la, hogy nem v\u00e9dett vagy vesz\u00e9lyeztetett fajokat gy\u0171jt, a vil\u00e1g minden orsz\u00e1g\u00e1ban t\u00f6bb mint el\u00e9g faj van, amelyeknek nagyon eg\u00e9szs\u00e9ges popul\u00e1ci\u00f3i vannak.<\/p>\n<p><strong>N\u00e1szrep\u00fcl\u00e9si t\u00e9rk\u00e9p n\u00e9met nyelven:<\/strong><\/p>\n<p><a href=\"https:\/\/www.ameisenforum.de\/schwarmflug.php\">Ameisenforum.de<\/a><\/p>\n<p><strong>Menyasszonyi rep\u00fcl\u00e9si t\u00e9rk\u00e9p angol nyelven:<\/strong><\/p>\n<p><a href=\"https:\/\/antflights.com\/stats\/flights\">Antflights.com<\/a><\/p>\n\n\t\t<\/div>\n\t\t\t\t\t<\/div>\n\n\t\n\n\t<div id=\"col-1459711399\" class=\"col medium-6 small-12 large-6\"  >\n\t\t\t\t<div class=\"col-inner\"  >\n\t\t\t\n\t\t\t\n\n\t<div class=\"img has-hover x md-x lg-x y md-y lg-y\" id=\"image_914466837\">\n\t\t<a class=\"image-lightbox lightbox-gallery\" title=\"\" href=\"https:\/\/i0.wp.com\/antcube.shop\/wp-content\/uploads\/2021\/07\/Lasius-niger.jpg?ssl=1\">\t\t\t\t\t\t<div class=\"img-inner dark\" >\n\t\t\t<img data-recalc-dims=\"1\" loading=\"lazy\" decoding=\"async\" width=\"1000\" height=\"1000\" src=\"https:\/\/i0.wp.com\/antcube.shop\/wp-content\/uploads\/2021\/07\/Lasius-niger.jpg?resize=1000%2C1000&#038;ssl=1\" class=\"attachment-original size-original\" alt=\"Lasius niger hangyakir\u00e1lyn\u0151 makr\u00f3 feh\u00e9r h\u00e1tt\u00e9ren\" srcset=\"https:\/\/i0.wp.com\/antcube.shop\/wp-content\/uploads\/2021\/07\/Lasius-niger.jpg?w=1000&amp;ssl=1 1000w, https:\/\/i0.wp.com\/antcube.shop\/wp-content\/uploads\/2021\/07\/Lasius-niger.jpg?resize=247%2C247&amp;ssl=1 247w, https:\/\/i0.wp.com\/antcube.shop\/wp-content\/uploads\/2021\/07\/Lasius-niger.jpg?resize=100%2C100&amp;ssl=1 100w, https:\/\/i0.wp.com\/antcube.shop\/wp-content\/uploads\/2021\/07\/Lasius-niger.jpg?resize=510%2C510&amp;ssl=1 510w, https:\/\/i0.wp.com\/antcube.shop\/wp-content\/uploads\/2021\/07\/Lasius-niger.jpg?resize=400%2C400&amp;ssl=1 400w, https:\/\/i0.wp.com\/antcube.shop\/wp-content\/uploads\/2021\/07\/Lasius-niger.jpg?resize=800%2C800&amp;ssl=1 800w, https:\/\/i0.wp.com\/antcube.shop\/wp-content\/uploads\/2021\/07\/Lasius-niger.jpg?resize=280%2C280&amp;ssl=1 280w, https:\/\/i0.wp.com\/antcube.shop\/wp-content\/uploads\/2021\/07\/Lasius-niger.jpg?resize=768%2C768&amp;ssl=1 768w\" sizes=\"auto, (max-width: 1000px) 100vw, 1000px\" \/>\t\t\t\t\t\t\n\t\t\t\t\t<\/div>\n\t\t\t\t\t\t<\/a>\t\t\n<style>\n#image_914466837 {\n  width: 100%;\n}\n<\/style>\n\t<\/div>\n\t\n\n\t<div id=\"text-3775579328\" class=\"text\">\n\t\t\n\n<p>Lasius niger kir\u00e1lyn\u0151<\/p>\n\t\t\n<style>\n#text-3775579328 {\n  text-align: center;\n}\n<\/style>\n\t<\/div>\n\t\n\n\t\t<\/div>\n\t\t\t\t\t<\/div>\n\n\t\n\n<\/div>","protected":false},"excerpt":{"rendered":"","protected":false},"author":1,"featured_media":0,"parent":0,"menu_order":0,"comment_status":"closed","ping_status":"closed","template":"","meta":{"_acf_changed":false,"content-type":"","_monsterinsights_skip_tracking":false,"_monsterinsights_sitenote_active":false,"_monsterinsights_sitenote_note":"","_monsterinsights_sitenote_category":0,"footnotes":""},"class_list":["post-702","page","type-page","status-publish","hentry"],"acf":[],"aioseo_notices":[],"jetpack_sharing_enabled":true,"_links":{"self":[{"href":"https:\/\/antcube.shop\/hu\/wp-json\/wp\/v2\/pages\/702","targetHints":{"allow":["GET"]}}],"collection":[{"href":"https:\/\/antcube.shop\/hu\/wp-json\/wp\/v2\/pages"}],"about":[{"href":"https:\/\/antcube.shop\/hu\/wp-json\/wp\/v2\/types\/page"}],"author":[{"embeddable":true,"href":"https:\/\/antcube.shop\/hu\/wp-json\/wp\/v2\/users\/1"}],"replies":[{"embeddable":true,"href":"https:\/\/antcube.shop\/hu\/wp-json\/wp\/v2\/comments?post=702"}],"version-history":[{"count":10,"href":"https:\/\/antcube.shop\/hu\/wp-json\/wp\/v2\/pages\/702\/revisions"}],"predecessor-version":[{"id":9149,"href":"https:\/\/antcube.shop\/hu\/wp-json\/wp\/v2\/pages\/702\/revisions\/9149"}],"wp:attachment":[{"href":"https:\/\/antcube.shop\/hu\/wp-json\/wp\/v2\/media?parent=702"}],"curies":[{"name":"wp","href":"https:\/\/api.w.org\/{rel}","templated":true}]}}