{"id":700,"date":"2021-08-17T10:57:40","date_gmt":"2021-08-17T08:57:40","guid":{"rendered":"https:\/\/antcube.shop\/?page_id=700"},"modified":"2026-02-09T11:09:28","modified_gmt":"2026-02-09T10:09:28","slug":"hangyatartas","status":"publish","type":"page","link":"https:\/\/antcube.shop\/hu\/hangyatartas\/","title":{"rendered":"A hangyatart\u00e1sr\u00f3l"},"content":{"rendered":"<div id=\"page-header-492286787\" class=\"page-header-wrapper\">\n  <div class=\"page-title dark featured-title\">\n\n        <div class=\"page-title-bg\">\n      <div class=\"title-bg fill bg-fill\"\n        data-parallax-container=\".page-title\"\n        data-parallax-background\n data-parallax=\"-\">\n      <\/div>\n      <div class=\"title-overlay fill\"><\/div>\n    <\/div>\n    \n    <div class=\"page-title-inner container align-center flex-row medium-flex-wrap\" >\n              <div class=\"title-wrapper flex-col text-left medium-text-center\">\n          <h1 class=\"entry-title mb-0\">\n            A hangyatart\u00e1sr\u00f3l          <\/h1>\n        <\/div>\n                    <div class=\"title-content flex-col flex-right text-right medium-text-center\">\n        <div class=\"title-share pt-half pb-half\"><div class=\"social-icons share-icons share-row relative icon-style-outline\" ><a href=\"whatsapp:\/\/send?text=About%20ant%20keeping - https:\/\/antcube.shop\/hu\/hangyatartas\/\" data-action=\"share\/whatsapp\/share\" class=\"icon button circle is-outline tooltip whatsapp show-for-medium\" title=\"Megoszt\u00e1s WhatsAppon\" aria-label=\"Megoszt\u00e1s WhatsAppon\"><i class=\"icon-whatsapp\" aria-hidden=\"true\"><\/i><\/a><a href=\"https:\/\/www.facebook.com\/sharer.php?u=https:\/\/antcube.shop\/hu\/hangyatartas\/\" data-label=\"Facebook\" onclick=\"window.open(this.href,this.title,'width=500,height=500,top=300px,left=300px'); return false;\" target=\"_blank\" class=\"icon button circle is-outline tooltip facebook\" title=\"Megosztom a Facebookon\" aria-label=\"Megosztom a Facebookon\" rel=\"noopener nofollow\"><i class=\"icon-facebook\" aria-hidden=\"true\"><\/i><\/a><a href=\"https:\/\/twitter.com\/share?url=https:\/\/antcube.shop\/hu\/hangyatartas\/\" onclick=\"window.open(this.href,this.title,'width=500,height=500,top=300px,left=300px'); return false;\" target=\"_blank\" class=\"icon button circle is-outline tooltip twitter\" title=\"Megosztom a Twitteren\" aria-label=\"Megosztom a Twitteren\" rel=\"noopener nofollow\"><i class=\"icon-twitter\" aria-hidden=\"true\"><\/i><\/a><a href=\"mailto:?subject=About%20ant%20keeping&body=Check%20this%20out%3A%20https%3A%2F%2Fantcube.shop%2Fhu%2Fhangyatartas%2F\" class=\"icon button circle is-outline tooltip email\" title=\"Elk\u00fcld\u00f6m email-ben a bar\u00e1tomnak.\" aria-label=\"Elk\u00fcld\u00f6m email-ben a bar\u00e1tomnak.\" rel=\"nofollow\"><i class=\"icon-envelop\" aria-hidden=\"true\"><\/i><\/a><a href=\"https:\/\/pinterest.com\/pin\/create\/button?url=https:\/\/antcube.shop\/hu\/hangyatartas\/&media&description=About%20ant%20keeping\" onclick=\"window.open(this.href,this.title,'width=500,height=500,top=300px,left=300px'); return false;\" target=\"_blank\" class=\"icon button circle is-outline tooltip pinterest\" title=\"Bejel\u00f6l\u00f6m (Pinelem) a Pinteresten\" aria-label=\"Bejel\u00f6l\u00f6m (Pinelem) a Pinteresten\" rel=\"noopener nofollow\"><i class=\"icon-pinterest\" aria-hidden=\"true\"><\/i><\/a><\/div><\/div>      <\/div>\n    <\/div>\n\n     \n<style>\n#page-header-492286787 .page-title-inner {\n  min-height: 500px;\n}\n#page-header-492286787 {\n  margin-bottom: 0px;\n}\n#page-header-492286787 .title-bg {\n  background-image: url(https:\/\/antcube.shop\/wp-content\/uploads\/2021\/08\/ant-5094995_1920.jpg);\n  background-position: 65% 56%;\n}\n#page-header-492286787 .title-overlay {\n  background-color: rgba(255, 255, 255, 0);\n}\n@media (min-width:550px) {\n  #page-header-492286787 .page-title-inner {\n    min-height: 500px;\n  }\n}\n<\/style>\n  <\/div>\n    <\/div>\n  \n\n\t<div id=\"gap-2087147210\" class=\"gap-element clearfix\" style=\"display:block; height:auto;\">\n\t\t\n<style>\n#gap-2087147210 {\n  padding-top: 15px;\n}\n<\/style>\n\t<\/div>\n\t\n\n<div class=\"row\"  id=\"row-2015245107\">\n\n\n\t<div id=\"col-685886667\" class=\"col medium-6 small-12 large-6\"  >\n\t\t\t\t<div class=\"col-inner\"  >\n\t\t\t\n\t\t\t\n\n<h3>Mi az a hangyatart\u00e1s?<\/h3>\n<p>A hangyatart\u00e1s a hangy\u00e1k \u00e9s hangyakol\u00f3ni\u00e1k gondoz\u00e1sa \u00e9s megfigyel\u00e9se. A hangyatart\u00e1s az ut\u00f3bbi \u00e9vekben nagyon n\u00e9pszer\u0171 hobbiv\u00e1 v\u00e1lt. B\u00e1r az els\u0151 ismert formik\u00e1riumot (hangyaterr\u00e1rium) m\u00e1r 1900 k\u00f6r\u00fcl bemutatt\u00e1k a p\u00e1rizsi vil\u00e1gki\u00e1ll\u00edt\u00e1son, az els\u0151 szabadon megv\u00e1s\u00e1rolhat\u00f3 formik\u00e1riumokat csak 1956 k\u00f6r\u00fcl, \"Milton b\u00e1csi hangyafarmja\" c\u00edm\u0171 m\u0171v\u00e9ben lehetett megv\u00e1s\u00e1rolni.<\/p>\n<p>N\u00e9h\u00e1ny \u00e9ve m\u00e1r sz\u00e1mos k\u00fcl\u00f6nb\u00f6z\u0151 sz\u00e1ll\u00edt\u00f3 k\u00edn\u00e1l formik\u00e1riumokat, amelyek t\u00f6bbs\u00e9ge m\u0171anyagb\u00f3l k\u00e9sz\u00fcl. A formik\u00e1rium \u00e1ltal\u00e1ban egy farmb\u00f3l \u00e1ll, amely az \u00e1llatok f\u00e9szkel\u0151hely\u00e9\u00fcl szolg\u00e1l, valamint egy ar\u00e9n\u00e1b\u00f3l, amelyet az \u00e1llatok etet\u00e9s\u00e9re \u00e9s mozg\u00e1sra haszn\u00e1lnak.<\/p>\n\n\t\t<\/div>\n\t\t\t\t\t<\/div>\n\n\t\n\n\t<div id=\"col-848728985\" class=\"col medium-6 small-12 large-6\"  >\n\t\t\t\t<div class=\"col-inner\"  >\n\t\t\t\n\t\t\t\n\n\t<div class=\"img has-hover x md-x lg-x y md-y lg-y\" id=\"image_539158081\">\n\t\t<a class=\"image-lightbox lightbox-gallery\" title=\"\" href=\"https:\/\/i0.wp.com\/antcube.shop\/wp-content\/uploads\/2021\/07\/Meranoplus-Bicolor-scaled.jpg?fit=900%2C600&#038;ssl=1\">\t\t\t\t\t\t<div class=\"img-inner image-zoom-long dark\" >\n\t\t\t<img data-recalc-dims=\"1\" loading=\"lazy\" decoding=\"async\" width=\"1020\" height=\"680\" src=\"https:\/\/i0.wp.com\/antcube.shop\/wp-content\/uploads\/2021\/07\/Meranoplus-Bicolor-scaled.jpg?resize=1020%2C680&#038;ssl=1\" class=\"attachment-original size-original\" alt=\"Meranoplus bicolor hangyafaj egy p\u00e1fr\u00e1nylev\u00e9len makr\u00f3 ANTSTORE ANTCUBE\" srcset=\"https:\/\/i0.wp.com\/antcube.shop\/wp-content\/uploads\/2021\/07\/Meranoplus-Bicolor-scaled.jpg?w=2560&amp;ssl=1 2560w, https:\/\/i0.wp.com\/antcube.shop\/wp-content\/uploads\/2021\/07\/Meranoplus-Bicolor-scaled.jpg?resize=510%2C340&amp;ssl=1 510w, https:\/\/i0.wp.com\/antcube.shop\/wp-content\/uploads\/2021\/07\/Meranoplus-Bicolor-scaled.jpg?resize=600%2C400&amp;ssl=1 600w, https:\/\/i0.wp.com\/antcube.shop\/wp-content\/uploads\/2021\/07\/Meranoplus-Bicolor-scaled.jpg?resize=1200%2C800&amp;ssl=1 1200w, https:\/\/i0.wp.com\/antcube.shop\/wp-content\/uploads\/2021\/07\/Meranoplus-Bicolor-scaled.jpg?resize=768%2C512&amp;ssl=1 768w, https:\/\/i0.wp.com\/antcube.shop\/wp-content\/uploads\/2021\/07\/Meranoplus-Bicolor-scaled.jpg?resize=1536%2C1024&amp;ssl=1 1536w, https:\/\/i0.wp.com\/antcube.shop\/wp-content\/uploads\/2021\/07\/Meranoplus-Bicolor-scaled.jpg?resize=2048%2C1365&amp;ssl=1 2048w\" sizes=\"auto, (max-width: 1020px) 100vw, 1020px\" \/>\t\t\t\t\t\t\n\t\t\t\t\t<\/div>\n\t\t\t\t\t\t<\/a>\t\t\n<style>\n#image_539158081 {\n  width: 100%;\n}\n<\/style>\n\t<\/div>\n\t\n\n\t<div id=\"text-557444931\" class=\"text\">\n\t\t\n\n<p>Meranoplus bicolor<\/p>\n\t\t\n<style>\n#text-557444931 {\n  text-align: center;\n}\n<\/style>\n\t<\/div>\n\t\n\n\t\t<\/div>\n\t\t\t\t\t<\/div>\n\n\t\n\n<\/div>\n<div class=\"row\"  id=\"row-1733970383\">\n\n\n\t<div id=\"col-434854836\" class=\"col medium-6 small-12 large-6\"  >\n\t\t\t\t<div class=\"col-inner\"  >\n\t\t\t\n\t\t\t\n\n<h3>Mi a hangyatart\u00e1s m\u00f6g\u00f6tt \u00e1ll\u00f3 faszin\u00e1ci\u00f3?<\/h3>\n<p>A hangy\u00e1k hihetetlen\u00fcl leny\u0171g\u00f6z\u0151ek. Egyed\u00fcl\u00e1ll\u00f3 \u00e9lm\u00e9ny v\u00e9gign\u00e9zni, ahogy egyetlen kir\u00e1lyn\u0151 \u00e9veken \u00e1t neveli az els\u0151 dolgoz\u00f3it, majd ahogy a kol\u00f3ni\u00e1ja az \u00e9vek sor\u00e1n t\u00f6bb ezer tag\u00fara n\u0151, t\u00f6k\u00e9letes egy\u00fcttm\u0171k\u00f6d\u00e9s \u00e9s az er\u0151forr\u00e1sok felhaszn\u00e1l\u00e1sa r\u00e9v\u00e9n. Rendk\u00edv\u00fcl t\u00e1rsas \u00e1llatok, \u00e9s egyes fajok k\u00fcl\u00f6nb\u00f6z\u0151 kasztokat alkotnak, mint p\u00e9ld\u00e1ul munk\u00e1sok, katon\u00e1k, f\u00f6ldm\u0171vesek vagy ak\u00e1r \u00e1pol\u00f3n\u0151k. \u00c9s k\u00e9pzeld, mind n\u0151st\u00e9nyek.<\/p>\n<p>A hangy\u00e1k hihetetlen\u00fcl fontosak a k\u00f6rnyezet\u00fcnk sz\u00e1m\u00e1ra. Nemcsak, hogy a vil\u00e1g minden lakhat\u00f3 \u00f6kosziszt\u00e9m\u00e1j\u00e1ban jelen vannak, de minden m\u00e1s fajn\u00e1l specializ\u00e1ltabbak \u00e9s sokoldal\u00fabbak. A hangy\u00e1k \u00e9letm\u00f3djukban is hasonl\u00edtanak hozz\u00e1nk. A munkamegoszt\u00e1s, a sz\u0171k helyen, nagy kol\u00f3ni\u00e1kban val\u00f3 egy\u00fctt\u00e9l\u00e9s, valamint a t\u00e1pl\u00e1l\u00e9kl\u00e1nc k\u00fcl\u00f6nb\u00f6z\u0151 szintjeinek haszn\u00e1lata minden \u00f6kosziszt\u00e9m\u00e1ban olyan sikeress\u00e9 teszi \u0151ket, ak\u00e1rcsak minket, embereket. Az egyetlen k\u00fcl\u00f6nbs\u00e9g az, hogy mi k\u00f6zel sem vagyunk olyan hat\u00e9konyak, \u00e9s a hangy\u00e1k m\u00e1r t\u00f6bb mint 130 milli\u00f3 \u00e9ve l\u00e9teznek, m\u00edg az emberek csak k\u00f6r\u00fclbel\u00fcl 300 000 \u00e9ve.<\/p>\n<p>\u00a0<\/p>\n<p>Annak eld\u00f6nt\u00e9s\u00e9hez, hogy melyik hangyafajokat szeretn\u00e9 megtartani, haszn\u00e1lhatja a <a href=\"https:\/\/antcube.shop\/ant-finder\/\">&#8220;<strong>Hangya keres\u0151<\/strong>&#8220;<\/a><\/p>\n\n\t\t<\/div>\n\t\t\t\t\t<\/div>\n\n\t\n\n\t<div id=\"col-881490932\" class=\"col medium-6 small-12 large-6\"  >\n\t\t\t\t<div class=\"col-inner\"  >\n\t\t\t\n\t\t\t\n\n\t<div class=\"img has-hover x md-x lg-x y md-y lg-y\" id=\"image_464219602\">\n\t\t<a class=\"image-lightbox lightbox-gallery\" title=\"\" href=\"https:\/\/i0.wp.com\/antcube.shop\/wp-content\/uploads\/2021\/07\/Camponotus-micans-Startbild.jpg?fit=800%2C600&#038;ssl=1\">\t\t\t\t\t\t<div class=\"img-inner image-zoom-long dark\" >\n\t\t\t<img data-recalc-dims=\"1\" loading=\"lazy\" decoding=\"async\" width=\"1020\" height=\"765\" src=\"https:\/\/i0.wp.com\/antcube.shop\/wp-content\/uploads\/2021\/07\/Camponotus-micans-Startbild.jpg?resize=1020%2C765&#038;ssl=1\" class=\"attachment-original size-original\" alt=\"Camponotus micans hangyakir\u00e1lyn\u0151 makr\u00f3val \u00e9s dolgoz\u00f3kkal feh\u00e9r h\u00e1tt\u00e9ren\" srcset=\"https:\/\/i0.wp.com\/antcube.shop\/wp-content\/uploads\/2021\/07\/Camponotus-micans-Startbild.jpg?w=2048&amp;ssl=1 2048w, https:\/\/i0.wp.com\/antcube.shop\/wp-content\/uploads\/2021\/07\/Camponotus-micans-Startbild.jpg?resize=510%2C383&amp;ssl=1 510w, https:\/\/i0.wp.com\/antcube.shop\/wp-content\/uploads\/2021\/07\/Camponotus-micans-Startbild.jpg?resize=533%2C400&amp;ssl=1 533w, https:\/\/i0.wp.com\/antcube.shop\/wp-content\/uploads\/2021\/07\/Camponotus-micans-Startbild.jpg?resize=1067%2C800&amp;ssl=1 1067w, https:\/\/i0.wp.com\/antcube.shop\/wp-content\/uploads\/2021\/07\/Camponotus-micans-Startbild.jpg?resize=768%2C576&amp;ssl=1 768w, https:\/\/i0.wp.com\/antcube.shop\/wp-content\/uploads\/2021\/07\/Camponotus-micans-Startbild.jpg?resize=1536%2C1152&amp;ssl=1 1536w\" sizes=\"auto, (max-width: 1020px) 100vw, 1020px\" \/>\t\t\t\t\t\t\n\t\t\t\t\t<\/div>\n\t\t\t\t\t\t<\/a>\t\t\n<style>\n#image_464219602 {\n  width: 100%;\n}\n<\/style>\n\t<\/div>\n\t\n\n\t<div id=\"text-2300974810\" class=\"text\">\n\t\t\n\n<p>Camponotus micans<\/p>\n\t\t\n<style>\n#text-2300974810 {\n  text-align: center;\n}\n<\/style>\n\t<\/div>\n\t\n\n\t\t<\/div>\n\t\t\t\t\t<\/div>\n\n\t\n\n<\/div>\n<div class=\"row\"  id=\"row-392524584\">\n\n\n\t<div id=\"col-1400555017\" class=\"col medium-6 small-12 large-6\"  >\n\t\t\t\t<div class=\"col-inner\"  >\n\t\t\t\n\t\t\t\n\n<h3>Milyen Formicariumra van sz\u00fcks\u00e9gem?<\/h3>\n<p>Mivel a hangy\u00e1k szinte mindenf\u00e9le \u00f6kosziszt\u00e9m\u00e1ban megtal\u00e1lhat\u00f3k, tart\u00e1si ig\u00e9nyeik is elt\u00e9r\u0151ek. Hangy\u00e1k \u00e9lnek v\u00e1rosainkban, erdeinkben, sivatagokban, hegyekben, tr\u00f3pusi r\u00e9gi\u00f3kban, s\u0151t m\u00e9g mangroveerd\u0151kben \u00e9s szubarktikus r\u00e9gi\u00f3kban is.<\/p>\n<p>Ahogy a lakott \u00e9l\u0151helyek, \u00fagy a f\u00e9szekt\u00edpusok is k\u00fcl\u00f6nb\u00f6z\u0151ek. A leggyakoribb f\u00e9szekforma a f\u00f6ldi f\u00e9szek. M\u00e1s fajok p\u00e9ld\u00e1ul holt f\u00e1ban, f\u00e1k \u00fcregeiben \u00e9s k\u00f6vek k\u00f6z\u00f6tti \u00fcregekben, halomf\u00e9szkekben vagy \u00fagynevezett hangyabolyokban \u00e9lnek. M\u00e1s, ritk\u00e1bban el\u0151fordul\u00f3 f\u00e9szekt\u00edpusok a gy\u0171jt\u00f6get\u0151 hangy\u00e1k bivakf\u00e9szkei, a sz\u00f6v\u0151hangy\u00e1k selyemf\u00e9szkei vagy a Lasisus fuliginosus kartonf\u00e9szkei.<\/p>\n<p>A hangy\u00e1k sikeres tart\u00e1sa \u00e9rdek\u00e9ben bebizonyosodott, hogy a lehet\u0151 legjobban ut\u00e1nozni kell a term\u00e9szetes k\u00f6r\u00fclm\u00e9nyeket. Ez\u00e9rt hossz\u00fa ideje k\u00eds\u00e9rletez\u00fcnk k\u00fcl\u00f6nb\u00f6z\u0151 anyagokkal \u00e9s a f\u00e9szek- \u00e9s ar\u00e9nater\u00fcletek kombin\u00e1ci\u00f3ival, \u00e9s kifejlesztett\u00fcnk egy kezd\u0151 k\u00e9szletet az \u00f6sszes kereskedelmi forgalomban kaphat\u00f3 hangyafaj sz\u00e1m\u00e1ra.<\/p>\n<p>\u00a0<\/p>\n<p>Az \u00d6n \u00e1ltal tartani k\u00edv\u00e1nt hangyafajhoz legjobban ill\u0151 Starter Set megtal\u00e1l\u00e1s\u00e1hoz haszn\u00e1lja p\u00e9ld\u00e1ul a \"<strong><a href=\"https:\/\/antcube.shop\/formicarium-finder\/\">Starter Set Finder<\/a><\/strong>&#8221;\u00a0<\/p>\n\n\t\t<\/div>\n\t\t\t\t\t<\/div>\n\n\t\n\n\t<div id=\"col-1978718135\" class=\"col medium-6 small-12 large-6\"  >\n\t\t\t\t<div class=\"col-inner\"  >\n\t\t\t\n\t\t\t\n\n\t<div class=\"img has-hover x md-x lg-x y md-y lg-y\" id=\"image_229685460\">\n\t\t\t\t\t\t<div data-animate=\"fadeInUp\">\t\t<div class=\"img-inner image-zoom-long dark\" >\n\t\t\t<img data-recalc-dims=\"1\" loading=\"lazy\" decoding=\"async\" width=\"1020\" height=\"1020\" src=\"https:\/\/i0.wp.com\/antcube.shop\/wp-content\/uploads\/2021\/07\/Starter-Set-Combi.jpg?resize=1020%2C1020&#038;ssl=1\" class=\"attachment-original size-original\" alt=\"ANTCUBE Starter Set Combi egy kedvez\u0151 \u00e1r\u00fa indul\u00f3 hangyatart\u00e1s. Ez a k\u00e9szlet tartalmaz egy ar\u00e9n\u00e1t integr\u00e1lt f\u00e9szkel\u0151hellyel a hangyakol\u00f3ni\u00e1nak.\" srcset=\"https:\/\/i0.wp.com\/antcube.shop\/wp-content\/uploads\/2021\/07\/Starter-Set-Combi.jpg?w=2000&amp;ssl=1 2000w, https:\/\/i0.wp.com\/antcube.shop\/wp-content\/uploads\/2021\/07\/Starter-Set-Combi.jpg?resize=247%2C247&amp;ssl=1 247w, https:\/\/i0.wp.com\/antcube.shop\/wp-content\/uploads\/2021\/07\/Starter-Set-Combi.jpg?resize=100%2C100&amp;ssl=1 100w, https:\/\/i0.wp.com\/antcube.shop\/wp-content\/uploads\/2021\/07\/Starter-Set-Combi.jpg?resize=510%2C510&amp;ssl=1 510w, https:\/\/i0.wp.com\/antcube.shop\/wp-content\/uploads\/2021\/07\/Starter-Set-Combi.jpg?resize=400%2C400&amp;ssl=1 400w, https:\/\/i0.wp.com\/antcube.shop\/wp-content\/uploads\/2021\/07\/Starter-Set-Combi.jpg?resize=800%2C800&amp;ssl=1 800w, https:\/\/i0.wp.com\/antcube.shop\/wp-content\/uploads\/2021\/07\/Starter-Set-Combi.jpg?resize=280%2C280&amp;ssl=1 280w, https:\/\/i0.wp.com\/antcube.shop\/wp-content\/uploads\/2021\/07\/Starter-Set-Combi.jpg?resize=768%2C768&amp;ssl=1 768w, https:\/\/i0.wp.com\/antcube.shop\/wp-content\/uploads\/2021\/07\/Starter-Set-Combi.jpg?resize=1536%2C1536&amp;ssl=1 1536w\" sizes=\"auto, (max-width: 1020px) 100vw, 1020px\" \/>\t\t\t\t\t\t\n\t\t\t\t\t<\/div>\n\t\t<\/div>\t\t\t\t\t\t\n<style>\n#image_229685460 {\n  width: 100%;\n}\n<\/style>\n\t<\/div>\n\t\n\n\n\t\t<\/div>\n\t\t\t\t\t<\/div>\n\n\t\n\n<\/div>","protected":false},"excerpt":{"rendered":"","protected":false},"author":1,"featured_media":0,"parent":0,"menu_order":0,"comment_status":"closed","ping_status":"closed","template":"","meta":{"_acf_changed":false,"content-type":"","_monsterinsights_skip_tracking":false,"_monsterinsights_sitenote_active":false,"_monsterinsights_sitenote_note":"","_monsterinsights_sitenote_category":0,"footnotes":""},"class_list":["post-700","page","type-page","status-publish","hentry"],"acf":[],"aioseo_notices":[],"jetpack_sharing_enabled":true,"_links":{"self":[{"href":"https:\/\/antcube.shop\/hu\/wp-json\/wp\/v2\/pages\/700","targetHints":{"allow":["GET"]}}],"collection":[{"href":"https:\/\/antcube.shop\/hu\/wp-json\/wp\/v2\/pages"}],"about":[{"href":"https:\/\/antcube.shop\/hu\/wp-json\/wp\/v2\/types\/page"}],"author":[{"embeddable":true,"href":"https:\/\/antcube.shop\/hu\/wp-json\/wp\/v2\/users\/1"}],"replies":[{"embeddable":true,"href":"https:\/\/antcube.shop\/hu\/wp-json\/wp\/v2\/comments?post=700"}],"version-history":[{"count":10,"href":"https:\/\/antcube.shop\/hu\/wp-json\/wp\/v2\/pages\/700\/revisions"}],"predecessor-version":[{"id":7096,"href":"https:\/\/antcube.shop\/hu\/wp-json\/wp\/v2\/pages\/700\/revisions\/7096"}],"wp:attachment":[{"href":"https:\/\/antcube.shop\/hu\/wp-json\/wp\/v2\/media?parent=700"}],"curies":[{"name":"wp","href":"https:\/\/api.w.org\/{rel}","templated":true}]}}