{"id":645,"date":"2021-07-30T13:36:43","date_gmt":"2021-07-30T11:36:43","guid":{"rendered":"https:\/\/antcube.shop\/?page_id=645"},"modified":"2024-11-29T15:29:21","modified_gmt":"2024-11-29T14:29:21","slug":"reach-szabalyozas","status":"publish","type":"page","link":"https:\/\/antcube.shop\/hu\/reach-szabalyozas\/","title":{"rendered":"REACH-rendelet"},"content":{"rendered":"<div id=\"gap-241502395\" class=\"gap-element clearfix\" style=\"display:block; height:auto;\">\n\t\t\n<style>\n#gap-241502395 {\n  padding-top: 198px;\n}\n@media (min-width:850px) {\n  #gap-241502395 {\n    padding-top: 190px;\n  }\n}\n<\/style>\n\t<\/div>\n\t\n\n<div class=\"row\"  id=\"row-398216726\">\n\n\n\t<div id=\"col-168839671\" class=\"col small-12 large-12\"  >\n\t\t\t\t<div class=\"col-inner\"  >\n\t\t\t\n\t\t\t\n\n<h3><b>Term\u00e9keink REACH-megfelel\u0151s\u00e9ge<\/b><\/h3>\n<ol>\n<li><b> term\u00e9keink st\u00e1tusza a REACH-rendelet szerint <\/b><b><br \/><\/b><span style=\"font-weight: 400;\">Az ANTSTORE term\u00e9kek a k\u00f6vetkez\u0151k <\/span><b>cikkek <\/b><span style=\"font-weight: 400;\">a REACH-rendeletnek megfelel\u0151en.<\/span><\/li>\n<\/ol>\n<ul>\n<li style=\"font-weight: 400;\" aria-level=\"1\"><span style=\"font-weight: 400;\">Funkci\u00f3jukat els\u0151sorban a k\u00f6vetkez\u0151k hat\u00e1rozz\u00e1k meg <\/span><b>alakjuk, form\u00e1juk \u00e9s fel\u00fclet\u00fck<\/b><span style=\"font-weight: 400;\">, nem pedig k\u00e9miai \u00f6sszet\u00e9tel\u00fck alapj\u00e1n.<\/span><\/li>\n<li style=\"font-weight: 400;\" aria-level=\"1\"><b>Nincs regisztr\u00e1ci\u00f3s k\u00f6telezetts\u00e9g <\/b><span style=\"font-weight: 400;\">ezeket a term\u00e9keket a REACH-rendelet \u00e9rtelm\u00e9ben.<\/span><\/li>\n<\/ul>\n<ol start=\"2\">\n<li><b> SVHC-anyagok (k\u00fcl\u00f6n\u00f6sen vesz\u00e9lyes anyagok)<\/b><\/li>\n<\/ol>\n<ul>\n<li style=\"font-weight: 400;\" aria-level=\"1\"><span style=\"font-weight: 400;\">Term\u00e9keink <\/span><b>nem tartalmaznak semmilyen anyagot <\/b><span style=\"font-weight: 400;\">0,1 t\u00f6megsz\u00e1zal\u00e9kot meghalad\u00f3 tartalommal, amelyeket a k\u00f6vetkez\u0151k\u00e9nt hat\u00e1roznak meg <\/span><b>SVHC <\/b><span style=\"font-weight: 400;\">(k\u00fcl\u00f6n\u00f6s aggodalomra okot ad\u00f3 anyagok) a REACH-rendelet 57. cikke szerint, \u00e9s a rendelet XIV. mell\u00e9klet\u00e9ben (az \u00fagynevezett \"jel\u00f6ltlist\u00e1n\") szerepelnek.<\/span><\/li>\n<\/ul>\n<p><b>3 A tov\u00e1bbfelhaszn\u00e1l\u00f3 szerepe <\/b><b><br \/><\/b><span style=\"font-weight: 400;\">A REACH-rendelet szerint v\u00e1llalatunk a k\u00f6vetkez\u0151k szerint min\u0151s\u00fcl <\/span><b>downstream felhaszn\u00e1l\u00f3<\/b><span style=\"font-weight: 400;\">.<\/span><\/p>\n<ul>\n<li style=\"font-weight: 400;\" aria-level=\"1\"><span style=\"font-weight: 400;\">A gy\u00e1rt\u00e1si folyamat sor\u00e1n haszn\u00e1lt valamennyi anyagra \u00e9s k\u00e9sz\u00edtm\u00e9nyre (pl. ragaszt\u00f3k, fest\u00e9kek, ken\u0151anyagok):<\/span>\n<ul>\n<li style=\"font-weight: 400;\" aria-level=\"2\"><span style=\"font-weight: 400;\">Kaptunk-e visszaigazol\u00e1sokat \u00e9s nyilatkozatokat besz\u00e1ll\u00edt\u00f3inkt\u00f3l a tervezett felhaszn\u00e1l\u00e1sra \u00e9s a (jelenlegi) <\/span><b>el\u0151zetes regisztr\u00e1ci\u00f3<\/b><span style=\"font-weight: 400;\">?<\/span><\/li>\n<li style=\"font-weight: 400;\" aria-level=\"2\"><span style=\"font-weight: 400;\">Szoros kapcsolatot tartunk fenn besz\u00e1ll\u00edt\u00f3inkkal a REACH-megfelel\u0151s\u00e9g biztos\u00edt\u00e1sa \u00e9rdek\u00e9ben.<\/span><\/li>\n<\/ul>\n<\/li>\n<li style=\"font-weight: 400;\" aria-level=\"1\"><span style=\"font-weight: 400;\">Nem haszn\u00e1lunk olyan anyagokat vagy k\u00e9sz\u00edtm\u00e9nyeket, amelyekhez c\u00e9g\u00fcnknek saj\u00e1t (el\u0151)regisztr\u00e1ci\u00f3ra lenne sz\u00fcks\u00e9ge.<\/span><\/li>\n<\/ul>\n<p><span style=\"font-weight: 400;\">Ha tov\u00e1bbi k\u00e9rd\u00e9sei vannak term\u00e9keink REACH-megfelel\u0151s\u00e9g\u00e9vel kapcsolatban, k\u00e9rj\u00fck, forduljon hozz\u00e1nk bizalommal.<\/span><\/p>\n<p>\u00a0<\/p>\n<p>\u00a0<\/p>\n<p><a href=\"https:\/\/www.antstore.net\/shop\/images\/documents\/ant%20escape%20protection%20lacquer%20EN.pdf\" target=\"_blank\" rel=\"noopener\"><span style=\"font-family: verdana,arial,helvetica,sans-serif;\"><img data-recalc-dims=\"1\" decoding=\"async\" src=\"https:\/\/i0.wp.com\/www.antstore.net\/shop\/images\/pdf_logo.gif?w=1020&#038;ssl=1\" alt=\"\" border=\"0\" \/>\u00a0Anyagbiztons\u00e1gi adatlap a hangyabolyg\u00f3k elleni v\u00e9d\u0151lakkhoz<\/span><\/a>\u00a0(angol) , (PDF 0,2 MB)<br \/><span style=\"color: #666666; font-family: arial,helvetica,sans-serif; font-size: xx-small;\">(tartalom: biztons\u00e1gi utas\u00edt\u00e1sok)<\/span><\/p>\n<p><a href=\"https:\/\/www.antstore.net\/shop\/images\/documents\/ant_escape_protection_oil_en.pdf\" target=\"_blank\" rel=\"noopener\"><span style=\"font-family: verdana,arial,helvetica,sans-serif;\"><img data-recalc-dims=\"1\" decoding=\"async\" src=\"https:\/\/i0.wp.com\/www.antstore.net\/shop\/images\/pdf_logo.gif?w=1020&#038;ssl=1\" alt=\"\" border=\"0\" \/>\u00a0Anyagbiztons\u00e1gi adatlap a hangya elleni v\u00e9d\u0151olajhoz<\/span><\/a>\u00a0(angol) , (PDF 0,1 MB)<br \/><span style=\"color: #666666; font-family: arial,helvetica,sans-serif; font-size: xx-small;\">(tartalom: biztons\u00e1gi utas\u00edt\u00e1sok)<\/span>\u00a0<\/p>\n\n\t\t<\/div>\n\t\t\t\t\t<\/div>\n\n\t\n\n<\/div>","protected":false},"excerpt":{"rendered":"","protected":false},"author":1,"featured_media":0,"parent":0,"menu_order":0,"comment_status":"closed","ping_status":"closed","template":"","meta":{"_acf_changed":false,"content-type":"","_monsterinsights_skip_tracking":false,"_monsterinsights_sitenote_active":false,"_monsterinsights_sitenote_note":"","_monsterinsights_sitenote_category":0,"footnotes":""},"class_list":["post-645","page","type-page","status-publish","hentry"],"acf":[],"aioseo_notices":[],"jetpack_sharing_enabled":true,"_links":{"self":[{"href":"https:\/\/antcube.shop\/hu\/wp-json\/wp\/v2\/pages\/645","targetHints":{"allow":["GET"]}}],"collection":[{"href":"https:\/\/antcube.shop\/hu\/wp-json\/wp\/v2\/pages"}],"about":[{"href":"https:\/\/antcube.shop\/hu\/wp-json\/wp\/v2\/types\/page"}],"author":[{"embeddable":true,"href":"https:\/\/antcube.shop\/hu\/wp-json\/wp\/v2\/users\/1"}],"replies":[{"embeddable":true,"href":"https:\/\/antcube.shop\/hu\/wp-json\/wp\/v2\/comments?post=645"}],"version-history":[{"count":10,"href":"https:\/\/antcube.shop\/hu\/wp-json\/wp\/v2\/pages\/645\/revisions"}],"predecessor-version":[{"id":10640,"href":"https:\/\/antcube.shop\/hu\/wp-json\/wp\/v2\/pages\/645\/revisions\/10640"}],"wp:attachment":[{"href":"https:\/\/antcube.shop\/hu\/wp-json\/wp\/v2\/media?parent=645"}],"curies":[{"name":"wp","href":"https:\/\/api.w.org\/{rel}","templated":true}]}}