{"id":643,"date":"2021-07-30T13:36:12","date_gmt":"2021-07-30T11:36:12","guid":{"rendered":"https:\/\/antcube.shop\/?page_id=643"},"modified":"2024-11-29T15:31:27","modified_gmt":"2024-11-29T14:31:27","slug":"elektromos-keszulekekrol-szolo-torveny","status":"publish","type":"page","link":"https:\/\/antcube.shop\/hu\/elektromos-keszulekekrol-szolo-torveny\/","title":{"rendered":"Elektromos k\u00e9sz\u00fcl\u00e9kekr\u0151l sz\u00f3l\u00f3 t\u00f6rv\u00e9ny"},"content":{"rendered":"<div id=\"gap-1713865362\" class=\"gap-element clearfix\" style=\"display:block; height:auto;\">\n\t\t\n<style>\n#gap-1713865362 {\n  padding-top: 190px;\n}\n<\/style>\n\t<\/div>\n\t\n\n<div class=\"row\"  id=\"row-1737411286\">\n\n\n\t<div id=\"col-299572197\" class=\"col small-12 large-12\"  >\n\t\t\t\t<div class=\"col-inner\"  >\n\t\t\t\n\t\t\t\n\n\t<div id=\"text-2616097748\" class=\"text\">\n\t\t\n\n<h3><b>A n\u00e9met elektromos \u00e9s elektronikus berendez\u00e9sekr\u0151l sz\u00f3l\u00f3 t\u00f6rv\u00e9ny (ElektroG) szerinti t\u00e1j\u00e9koztat\u00e1s<\/b><\/h3>\n<p><span style=\"font-weight: 400;\">WEEE regisztr\u00e1ci\u00f3s sz\u00e1munk: <\/span><b>DE 54590387<\/b><\/p>\n<p><b>1 Bevezet\u00e9s <\/b><b><br \/><\/b><span style=\"font-weight: 400;\">Az ElektroG szab\u00e1lyozza a <\/span><b>forgalomba hozatal<\/b><span style=\"font-weight: 400;\">, <\/span><b>visszav\u00e9tel <\/b><span style=\"font-weight: 400;\">\u00e9s <\/span><b>k\u00f6rnyezetk\u00edm\u00e9l\u0151 \u00e1rtalmatlan\u00edt\u00e1s <\/b><span style=\"font-weight: 400;\">elektromos \u00e9s elektronikus berendez\u00e9sek. A c\u00e9l a k\u00f6rnyezetv\u00e9delem el\u0151mozd\u00edt\u00e1sa \u00e9s az \u00e9rt\u00e9kes nyersanyagok \u00fajrahasznos\u00edt\u00e1s\u00e1nak biztos\u00edt\u00e1sa.<\/span><\/p>\n<ol start=\"2\">\n<li><b> a fogyaszt\u00f3k jogi k\u00f6telezetts\u00e9gei<\/b><\/li>\n<\/ol>\n<ul>\n<li style=\"font-weight: 400;\" aria-level=\"1\"><b>A marad\u00e9khullad\u00e9kban val\u00f3 \u00e1rtalmatlan\u00edt\u00e1s tilalma<\/b><span style=\"font-weight: 400;\">: A r\u00e9gi elektromos k\u00e9sz\u00fcl\u00e9keket nem szabad a marad\u00e9k hullad\u00e9kok k\u00f6z\u00e9 dobni.<\/span><\/li>\n<li style=\"font-weight: 400;\" aria-level=\"1\"><b>Visszat\u00e9r\u00e9si k\u00f6telezetts\u00e9g<\/b><span style=\"font-weight: 400;\">: A fogyaszt\u00f3k t\u00f6rv\u00e9nyileg k\u00f6telesek a haszn\u00e1lt elektromos \u00e9s elektronikus berendez\u00e9sek hullad\u00e9k\u00e1t a telep\u00fcl\u00e9si hullad\u00e9kgy\u0171jt\u0151 k\u00f6zpontokban (\u00d6RE - hullad\u00e9kkezel\u0151 k\u00f6zszolg\u00e1ltat\u00f3k) vagy a megfelel\u0151 visszav\u00e9teli rendszerekben elhelyezni.<\/span><\/li>\n<li style=\"font-weight: 400;\" aria-level=\"1\"><b>Szennyez\u0151anyagok \u00e9s \u00fajrahasznos\u00edt\u00e1s<\/b><span style=\"font-weight: 400;\">:<\/span>\n<ul>\n<li style=\"font-weight: 400;\" aria-level=\"2\"><span style=\"font-weight: 400;\">A r\u00e9gi elektromos k\u00e9sz\u00fcl\u00e9kek k\u00e1ros anyagokat tartalmazhatnak, amelyek k\u00e1ros\u00edthatj\u00e1k a k\u00f6rnyezetet \u00e9s az eg\u00e9szs\u00e9get, ha nem megfelel\u0151en t\u00e1rolj\u00e1k vagy \u00e1rtalmatlan\u00edtj\u00e1k \u0151ket.<\/span><\/li>\n<li style=\"font-weight: 400;\" aria-level=\"2\"><span style=\"font-weight: 400;\">Ugyanakkor \u00e9rt\u00e9kes nyersanyagokat, p\u00e9ld\u00e1ul vasat, m\u0171anyagot, ez\u00fcst\u00f6t vagy \u00fcveget tartalmaznak, amelyek \u00fajrahasznos\u00edthat\u00f3k.<\/span><\/li>\n<\/ul>\n<\/li>\n<\/ul>\n<p><b>3 Mely eszk\u00f6z\u00f6k \u00e9rintettek? <\/b><b><br \/><\/b><span style=\"font-weight: 400;\">Az ElektroG a legt\u00f6bb olyan elektromos \u00e9s elektronikus k\u00e9sz\u00fcl\u00e9kre vonatkozik, amely elektromos \u00e1rammal vagy elektrom\u00e1gneses mez\u0151kkel m\u0171k\u00f6dik. Ezek k\u00f6z\u00e9 tartoznak t\u00f6bbek k\u00f6z\u00f6tt a k\u00f6vetkez\u0151k:<\/span><\/p>\n<ul>\n<li style=\"font-weight: 400;\" aria-level=\"1\"><span style=\"font-weight: 400;\">Kl\u00edmasz\u00e1m\u00edt\u00f3g\u00e9p<\/span><\/li>\n<li style=\"font-weight: 400;\" aria-level=\"1\"><span style=\"font-weight: 400;\">F\u0171t\u0151sz\u0151nyegek \u00e9s k\u00e1belek<\/span><\/li>\n<li style=\"font-weight: 400;\" aria-level=\"1\"><span style=\"font-weight: 400;\">Digit\u00e1lis h\u0151m\u00e9r\u0151 \u00e9s higrom\u00e9ter<\/span><\/li>\n<li style=\"font-weight: 400;\" aria-level=\"1\"><span style=\"font-weight: 400;\">P\u00e1r\u00e1s\u00edt\u00f3k (k\u00f6dk\u00e9pz\u0151k)<\/span><\/li>\n<li style=\"font-weight: 400;\" aria-level=\"1\"><span style=\"font-weight: 400;\">Ventil\u00e1tor<\/span><\/li>\n<\/ul>\n<p><span style=\"font-weight: 400;\">Az \u00e9rintett kateg\u00f3ri\u00e1k teljes list\u00e1j\u00e1t a hat\u00e1lyos jogi ir\u00e1nyelv tartalmazza.<\/span><\/p>\n<p><b>4 Az \u00e9rintett eszk\u00f6z\u00f6k c\u00edmk\u00e9z\u00e9se <\/b><b><br \/><\/b><span style=\"font-weight: 400;\">Az ElektroG hat\u00e1lya al\u00e1 tartoz\u00f3 term\u00e9keket az ElektroG szimb\u00f3lummal jel\u00f6lik. <\/span><b>\u00e1th\u00fazott szemetes<\/b><span style=\"font-weight: 400;\">. Ez azt jelzi, hogy a k\u00e9sz\u00fcl\u00e9ket nem szabad a marad\u00e9k hullad\u00e9kkal egy\u00fctt \u00e1rtalmatlan\u00edtani, hanem gy\u0171jt\u0151k\u00f6zpontokon vagy visszav\u00e9teli rendszereken kereszt\u00fcl kell \u00e1rtalmatlan\u00edtani.<\/span><\/p>\n<p><b>5 Az ANTSTORE ElektroG szerinti k\u00f6telezetts\u00e9gei <\/b><b><br \/><\/b><span style=\"font-weight: 400;\">Az ANTSTORE az ElektroG szerinti \u00f6sszes k\u00f6telezetts\u00e9get teljes\u00edtette a k\u00f6rnyezetk\u00edm\u00e9l\u0151 \u00e1rtalmatlan\u00edt\u00e1s biztos\u00edt\u00e1sa \u00e9rdek\u00e9ben:<\/span><\/p>\n<ul>\n<li style=\"font-weight: 400;\" aria-level=\"1\"><b>Regisztr\u00e1ci\u00f3 az EAR-n\u00e1l<\/b><span style=\"font-weight: 400;\">:<\/span>\n<ul>\n<li style=\"font-weight: 400;\" aria-level=\"2\"><span style=\"font-weight: 400;\">Az ANTSTORE regisztr\u00e1lt az EAR (Elektromos \u00e9s Elektronikus Hullad\u00e9kok Nyilv\u00e1ntart\u00e1sa) alap\u00edtv\u00e1nyn\u00e1l.<\/span><\/li>\n<li style=\"font-weight: 400;\" aria-level=\"2\"><span style=\"font-weight: 400;\">WEEE regisztr\u00e1ci\u00f3s sz\u00e1munk: <\/span><b>DE <\/b><span style=\"font-weight: 400;\">54590387.<\/span><\/li>\n<\/ul>\n<\/li>\n<li style=\"font-weight: 400;\" aria-level=\"1\"><b>A besz\u00e1ll\u00edt\u00f3k ellen\u0151rz\u00e9se<\/b><span style=\"font-weight: 400;\">:<\/span>\n<ul>\n<li style=\"font-weight: 400;\" aria-level=\"2\"><span style=\"font-weight: 400;\">Minden besz\u00e1ll\u00edt\u00f3t folyamatosan ellen\u0151riztek \u00e9s ellen\u0151riznek a nyilv\u00e1ntart\u00e1si k\u00f6telezetts\u00e9geknek val\u00f3 megfelel\u00e9s tekintet\u00e9ben.<\/span><\/li>\n<\/ul>\n<\/li>\n<li style=\"font-weight: 400;\" aria-level=\"1\"><b>C\u00edmk\u00e9z\u00e9si k\u00f6telezetts\u00e9g<\/b><span style=\"font-weight: 400;\">:<\/span>\n<ul>\n<li style=\"font-weight: 400;\" aria-level=\"2\"><span style=\"font-weight: 400;\">Az EU-ban gy\u00e1rtott \u00e9s import\u00e1lt valamennyi term\u00e9k megfelel\u0151 c\u00edmk\u00e9z\u00e9ssel van ell\u00e1tva.<\/span><\/li>\n<\/ul>\n<\/li>\n<\/ul>\n<ol start=\"6\">\n<li><b> visszat\u00e9r\u00e9si lehet\u0151s\u00e9gek az ANTSTORE \u00e1gban <\/b><b><br \/><\/b><span style=\"font-weight: 400;\">Az \u00f6nkorm\u00e1nyzati gy\u0171jt\u0151pontokon k\u00edv\u00fcl az ANTSTORE az \u00fcgyfelei sz\u00e1m\u00e1ra a k\u00f6vetkez\u0151 szolg\u00e1ltat\u00e1sokat k\u00edn\u00e1lja <\/span><b>\u00f6nk\u00e9ntes visszat\u00e9r\u00e9s <\/b><span style=\"font-weight: 400;\">r\u00e9gi k\u00e9sz\u00fcl\u00e9kek:<\/span><\/li>\n<\/ol>\n<ul>\n<li style=\"font-weight: 400;\" aria-level=\"1\"><span style=\"font-weight: 400;\">Az \u00fcgyfelek visszavihetik r\u00e9gi k\u00e9sz\u00fcl\u00e9keiket <\/span><b>ingyenesen <\/b><span style=\"font-weight: 400;\">amikor \u00fczlet\u00fcnkben v\u00e1s\u00e1rol.<\/span><\/li>\n<li style=\"font-weight: 400;\" aria-level=\"1\"><span style=\"font-weight: 400;\">\u00cdgy t\u00e1mogatjuk a r\u00e9gi elektromos k\u00e9sz\u00fcl\u00e9kek k\u00e9nyelmes \u00e9s k\u00f6rnyezetbar\u00e1t \u00e1rtalmatlan\u00edt\u00e1s\u00e1t.<\/span><\/li>\n<\/ul>\n<p><b>\u00d6sszefoglal\u00f3 a fogyaszt\u00f3k sz\u00e1m\u00e1ra<\/b><\/p>\n<ul>\n<li style=\"font-weight: 400;\" aria-level=\"1\"><span style=\"font-weight: 400;\">Haszn\u00e1lja az \u00f6nkorm\u00e1nyzati gy\u0171jt\u0151k\u00f6zpontokat (\u00d6RE) vagy az \u00fczletben tal\u00e1lhat\u00f3 visszav\u00e9teli rendszereinket.<\/span><\/li>\n<li style=\"font-weight: 400;\" aria-level=\"1\"><span style=\"font-weight: 400;\">Soha ne dobja ki a r\u00e9gi elektromos k\u00e9sz\u00fcl\u00e9keket a marad\u00e9k hullad\u00e9kba.<\/span><\/li>\n<li style=\"font-weight: 400;\" aria-level=\"1\"><span style=\"font-weight: 400;\">Seg\u00edtsen a k\u00f6rnyezet \u00e9s az er\u0151forr\u00e1sok v\u00e9delm\u00e9ben a hullad\u00e9k megfelel\u0151 elhelyez\u00e9s\u00e9vel.<\/span><\/li>\n<\/ul>\n<p><span style=\"font-weight: 400;\">Ha tov\u00e1bbi k\u00e9rd\u00e9se van a visszav\u00e9teli \u00e9s \u00e1rtalmatlan\u00edt\u00e1si szolg\u00e1ltat\u00e1sainkkal kapcsolatban, k\u00e9rj\u00fck, forduljon hozz\u00e1nk bizalommal.<\/span><\/p>\n<p><b>Tov\u00e1bbi inform\u00e1ci\u00f3k:<\/b><\/p>\n<p><a href=\"https:\/\/www.stiftung-ear.de\/de\/home\"><span style=\"font-weight: 400;\">www.stiftung-ear.de<\/span><\/a><\/p>\n<p><a href=\"https:\/\/www.bmuv.de\/themen\/kreislaufwirtschaft\/abfallarten-und-abfallstroeme\/uebersicht-abfallarten-und-abfallstroeme\"><span style=\"font-weight: 400;\">www.bmu.de<\/span><\/a><\/p>\n\n\t\t\n<style>\n#text-2616097748 {\n  text-align: left;\n}\n<\/style>\n\t<\/div>\n\t\n\n\t\t<\/div>\n\t\t\t\t\t<\/div>\n\n\t\n\n<\/div>","protected":false},"excerpt":{"rendered":"","protected":false},"author":1,"featured_media":0,"parent":0,"menu_order":0,"comment_status":"closed","ping_status":"closed","template":"","meta":{"_acf_changed":false,"content-type":"","_monsterinsights_skip_tracking":false,"_monsterinsights_sitenote_active":false,"_monsterinsights_sitenote_note":"","_monsterinsights_sitenote_category":0,"footnotes":""},"class_list":["post-643","page","type-page","status-publish","hentry"],"acf":[],"aioseo_notices":[],"jetpack_sharing_enabled":true,"_links":{"self":[{"href":"https:\/\/antcube.shop\/hu\/wp-json\/wp\/v2\/pages\/643","targetHints":{"allow":["GET"]}}],"collection":[{"href":"https:\/\/antcube.shop\/hu\/wp-json\/wp\/v2\/pages"}],"about":[{"href":"https:\/\/antcube.shop\/hu\/wp-json\/wp\/v2\/types\/page"}],"author":[{"embeddable":true,"href":"https:\/\/antcube.shop\/hu\/wp-json\/wp\/v2\/users\/1"}],"replies":[{"embeddable":true,"href":"https:\/\/antcube.shop\/hu\/wp-json\/wp\/v2\/comments?post=643"}],"version-history":[{"count":6,"href":"https:\/\/antcube.shop\/hu\/wp-json\/wp\/v2\/pages\/643\/revisions"}],"predecessor-version":[{"id":10641,"href":"https:\/\/antcube.shop\/hu\/wp-json\/wp\/v2\/pages\/643\/revisions\/10641"}],"wp:attachment":[{"href":"https:\/\/antcube.shop\/hu\/wp-json\/wp\/v2\/media?parent=643"}],"curies":[{"name":"wp","href":"https:\/\/api.w.org\/{rel}","templated":true}]}}