{"id":641,"date":"2021-07-30T13:35:42","date_gmt":"2021-07-30T11:35:42","guid":{"rendered":"https:\/\/antcube.shop\/?page_id=641"},"modified":"2024-11-29T15:44:57","modified_gmt":"2024-11-29T14:44:57","slug":"torveny-az-akkumulatorokrol","status":"publish","type":"page","link":"https:\/\/antcube.shop\/hu\/torveny-az-akkumulatorokrol\/","title":{"rendered":"Akkumul\u00e1tort\u00f6rv\u00e9ny"},"content":{"rendered":"<div id=\"gap-904695297\" class=\"gap-element clearfix\" style=\"display:block; height:auto;\">\n\t\t\n<style>\n#gap-904695297 {\n  padding-top: 190px;\n}\n<\/style>\n\t<\/div>\n\t\n\n<div class=\"row\"  id=\"row-324955399\">\n\n\n\t<div id=\"col-982432563\" class=\"col small-12 large-12\"  >\n\t\t\t\t<div class=\"col-inner\"  >\n\t\t\t\n\t\t\t\n\n<h3><b>Megjegyz\u00e9sek az akkumul\u00e1tort\u00f6rv\u00e9nyhez (BattG)<\/b><\/h3>\n<ol>\n<li><b> az eszk\u00f6z\u00f6kben l\u00e9v\u0151 elemek \u00e9s \u00fajrat\u00f6lthet\u0151 elemek <\/b><b><br \/><\/b><span style=\"font-weight: 400;\">Sz\u00e1mos term\u00e9k\u00fcnk tartalmaz elemeket vagy \u00fajrat\u00f6lthet\u0151 elemeket, amelyeket p\u00e9ld\u00e1ul t\u00e1vir\u00e1ny\u00edt\u00f3k m\u0171k\u00f6dtet\u00e9s\u00e9re vagy eszk\u00f6z\u00f6kbe \u00e1lland\u00f3an be\u00e9p\u00edtett alkatr\u00e9szk\u00e9nt haszn\u00e1lnak. Ezen elemek vagy \u00fajrat\u00f6lthet\u0151 elemek \u00e9rt\u00e9kes\u00edt\u00e9s\u00e9vel kapcsolatban a k\u00f6vetkez\u0151kre szeretn\u00e9nk felh\u00edvni a figyelm\u00e9t:<\/span><\/li>\n<li><b> t\u00f6rv\u00e9nyes visszat\u00e9r\u00e9si k\u00f6telezetts\u00e9g<\/b><\/li>\n<\/ol>\n<ul>\n<li style=\"font-weight: 400;\" aria-level=\"1\"><b>A haszn\u00e1lt elemek \u00e1rtalmatlan\u00edt\u00e1sa<\/b><span style=\"font-weight: 400;\"><br \/><\/span><span style=\"font-weight: 400;\"> Az akkumul\u00e1tort\u00f6rv\u00e9ny \u00e9rtelm\u00e9ben a haszn\u00e1lt akkumul\u00e1torokat d\u00edjmentesen kell elhelyezni egy \u00f6nkorm\u00e1nyzati gy\u0171jt\u0151k\u00f6zpontban, speci\u00e1lis haszn\u00e1lt akkumul\u00e1toros kont\u00e9nerekben vagy egy helyi kiskeresked\u0151n\u00e9l.<\/span><\/li>\n<li style=\"font-weight: 400;\" aria-level=\"1\"><b>A h\u00e1ztart\u00e1si hullad\u00e9kban t\u00f6rt\u00e9n\u0151 \u00e1rtalmatlan\u00edt\u00e1s tilalma<\/b><span style=\"font-weight: 400;\"><br \/><\/span><span style=\"font-weight: 400;\">Az akkumul\u00e1torok h\u00e1ztart\u00e1si hullad\u00e9kba t\u00f6rt\u00e9n\u0151 elhelyez\u00e9se kifejezetten tilos.<\/span><\/li>\n<\/ul>\n<ol start=\"3\">\n<li><b> visszat\u00e9r\u00e9si lehet\u0151s\u00e9gek az ANTSTORE-n\u00e1l <\/b><b><br \/><\/b><span style=\"font-weight: 400;\">Ha nem k\u00edv\u00e1nja ig\u00e9nybe venni az \u00f6nkorm\u00e1nyzati gy\u0171jt\u0151helyet vagy a helyi kiskeresked\u0151t, az al\u00e1bbi lehet\u0151s\u00e9geket k\u00edn\u00e1ljuk az \u00e1ltalunk sz\u00e1ll\u00edtott akkumul\u00e1torok visszak\u00fcld\u00e9s\u00e9re:<\/span><\/li>\n<\/ol>\n<ul>\n<li style=\"font-weight: 400;\" aria-level=\"1\"><b>Ingyenes visszasz\u00e1ll\u00edt\u00e1s a helysz\u00ednen<\/b><span style=\"font-weight: 400;\"><br \/><\/span><span style=\"font-weight: 400;\">Az akkumul\u00e1torokat k\u00f6zvetlen\u00fcl \u00fczlet\u00fcnkbe k\u00fcldheti vissza.<\/span><\/li>\n<li style=\"font-weight: 400;\" aria-level=\"1\"><b>Postai \u00faton t\u00f6rt\u00e9n\u0151 visszak\u00fcld\u00e9s<\/b><span style=\"font-weight: 400;\"><br \/><\/span><span style=\"font-weight: 400;\">K\u00fcldje el az elemeket a k\u00f6vetkez\u0151 c\u00edmre:<\/span><span style=\"font-weight: 400;\"><br \/><\/span><b>ANTSTORE<\/b><b><br \/><\/b><b>Selerweg 41<\/b><b><br \/><\/b><b>D-12169 Berlin<\/b><\/li>\n<\/ul>\n<ol start=\"4\">\n<li><b> a k\u00e1ros anyagokat tartalmaz\u00f3 elemek c\u00edmk\u00e9z\u00e9se <\/b><b><br \/><\/b><span style=\"font-weight: 400;\">A k\u00e1ros anyagokat tartalmaz\u00f3 elemeket a k\u00f6vetkez\u0151 szimb\u00f3lummal jel\u00f6lj\u00fck <\/span><b>\u00e1th\u00fazott szemetes<\/b><span style=\"font-weight: 400;\">. E szimb\u00f3lum alatt a benne l\u00e9v\u0151 k\u00e1ros anyagok k\u00e9miai r\u00f6vid\u00edt\u00e9sei tal\u00e1lhat\u00f3k:<\/span><\/li>\n<\/ol>\n<ul>\n<li style=\"font-weight: 400;\" aria-level=\"1\"><b>Pb <\/b><span style=\"font-weight: 400;\">= az akkumul\u00e1tor \u00f3lmot tartalmaz<\/span><\/li>\n<li style=\"font-weight: 400;\" aria-level=\"1\"><b>Cd <\/b><span style=\"font-weight: 400;\">= az akkumul\u00e1tor kadmiumot tartalmaz<\/span><\/li>\n<li style=\"font-weight: 400;\" aria-level=\"1\"><b>Hg <\/b><span style=\"font-weight: 400;\">= az akkumul\u00e1tor higanyt tartalmaz<\/span><\/li>\n<\/ul>\n<ol start=\"5\">\n<li><b> tov\u00e1bbi inform\u00e1ci\u00f3k<\/b><\/li>\n<\/ol>\n<ul>\n<li style=\"font-weight: 400;\" aria-level=\"1\"><span style=\"font-weight: 400;\">R\u00e9szletes inform\u00e1ci\u00f3kat tal\u00e1l:<\/span>\n<ul>\n<li style=\"font-weight: 400;\" aria-level=\"2\"><span style=\"font-weight: 400;\">Az \u00e1rusz\u00e1ll\u00edt\u00e1st k\u00eds\u00e9r\u0151 dokumentumokban.<\/span><\/li>\n<li style=\"font-weight: 400;\" aria-level=\"2\"><span style=\"font-weight: 400;\">Az adott k\u00e9sz\u00fcl\u00e9k gy\u00e1rt\u00f3j\u00e1nak haszn\u00e1lati utas\u00edt\u00e1s\u00e1ban.<\/span><\/li>\n<\/ul>\n<\/li>\n<li style=\"font-weight: 400;\" aria-level=\"1\"><span style=\"font-weight: 400;\">Tov\u00e1bbi inform\u00e1ci\u00f3kat az akkumul\u00e1tort\u00f6rv\u00e9nyr\u0151l kaphat:<\/span>\n<ul>\n<li style=\"font-weight: 400;\" aria-level=\"2\"><span style=\"font-weight: 400;\">A Sz\u00f6vets\u00e9gi K\u00f6rnyezetv\u00e9delmi, Term\u00e9szetv\u00e9delmi \u00e9s Nukle\u00e1ris Biztons\u00e1gi Miniszt\u00e9riumban <\/span><a href=\"http:\/\/www.bmu.de\/abfallwirtschaft\"><span style=\"font-weight: 400;\">(<\/span><span style=\"font-weight: 400;\">www.bmu.de)<\/span><\/a><\/li>\n<li style=\"font-weight: 400;\" aria-level=\"2\"><span style=\"font-weight: 400;\">A Sz\u00f6vets\u00e9gi K\u00f6rnyezetv\u00e9delmi \u00dcgyn\u00f6ks\u00e9gn\u00e9l <\/span><a href=\"http:\/\/www.uba.de\"><span style=\"font-weight: 400;\">(<\/span><span style=\"font-weight: 400;\">www.uba.de)<\/span><\/a><\/li>\n<\/ul>\n<\/li>\n<\/ul>\n<p><b>\u00d6sszefoglal\u00f3<\/b><\/p>\n<ul>\n<li style=\"font-weight: 400;\" aria-level=\"1\"><span style=\"font-weight: 400;\">Az elemek nem tartoznak a h\u00e1ztart\u00e1si hullad\u00e9kba.<\/span><\/li>\n<li style=\"font-weight: 400;\" aria-level=\"1\"><span style=\"font-weight: 400;\">Haszn\u00e1lja az \u00f6nkorm\u00e1nyzati gy\u0171jt\u0151pontokat, a haszn\u00e1lt akkumul\u00e1torokat tartalmaz\u00f3 kont\u00e9nereket vagy az ANTSTORE-ban tal\u00e1lhat\u00f3 visszav\u00e9teli lehet\u0151s\u00e9geket.<\/span><\/li>\n<li style=\"font-weight: 400;\" aria-level=\"1\"><span style=\"font-weight: 400;\">Figyeljen az \u00e1th\u00fazott szemeteskukaszimb\u00f3lumra \u00e9s a szennyez\u0151anyag-c\u00edmk\u00e9re.<\/span><\/li>\n<\/ul>\n<p><span style=\"font-weight: 400;\">K\u00f6sz\u00f6nj\u00fck, hogy az elemek helyes elhelyez\u00e9s\u00e9vel akt\u00edvan hozz\u00e1j\u00e1rul a k\u00f6rnyezetv\u00e9delemhez!<\/span><\/p>\n<h3><br \/><br \/><br \/><br \/><br \/><br \/><\/h3>\n\n\t\t<\/div>\n\t\t\t\t\t<\/div>\n\n\t\n\n<\/div>","protected":false},"excerpt":{"rendered":"","protected":false},"author":1,"featured_media":0,"parent":0,"menu_order":0,"comment_status":"closed","ping_status":"closed","template":"","meta":{"_acf_changed":false,"content-type":"","_monsterinsights_skip_tracking":false,"_monsterinsights_sitenote_active":false,"_monsterinsights_sitenote_note":"","_monsterinsights_sitenote_category":0,"footnotes":""},"class_list":["post-641","page","type-page","status-publish","hentry"],"acf":[],"aioseo_notices":[],"jetpack_sharing_enabled":true,"_links":{"self":[{"href":"https:\/\/antcube.shop\/hu\/wp-json\/wp\/v2\/pages\/641","targetHints":{"allow":["GET"]}}],"collection":[{"href":"https:\/\/antcube.shop\/hu\/wp-json\/wp\/v2\/pages"}],"about":[{"href":"https:\/\/antcube.shop\/hu\/wp-json\/wp\/v2\/types\/page"}],"author":[{"embeddable":true,"href":"https:\/\/antcube.shop\/hu\/wp-json\/wp\/v2\/users\/1"}],"replies":[{"embeddable":true,"href":"https:\/\/antcube.shop\/hu\/wp-json\/wp\/v2\/comments?post=641"}],"version-history":[{"count":3,"href":"https:\/\/antcube.shop\/hu\/wp-json\/wp\/v2\/pages\/641\/revisions"}],"predecessor-version":[{"id":10643,"href":"https:\/\/antcube.shop\/hu\/wp-json\/wp\/v2\/pages\/641\/revisions\/10643"}],"wp:attachment":[{"href":"https:\/\/antcube.shop\/hu\/wp-json\/wp\/v2\/media?parent=641"}],"curies":[{"name":"wp","href":"https:\/\/api.w.org\/{rel}","templated":true}]}}