{"id":639,"date":"2021-07-30T13:35:18","date_gmt":"2021-07-30T11:35:18","guid":{"rendered":"https:\/\/antcube.shop\/?page_id=639"},"modified":"2025-10-16T12:04:23","modified_gmt":"2025-10-16T10:04:23","slug":"fizetesi-modok","status":"publish","type":"page","link":"https:\/\/antcube.shop\/hu\/fizetesi-modok\/","title":{"rendered":"Fizet\u00e9si m\u00f3dok"},"content":{"rendered":"<div id=\"gap-188152101\" class=\"gap-element clearfix\" style=\"display:block; height:auto;\">\n\t\t\n<style>\n#gap-188152101 {\n  padding-top: 202px;\n}\n@media (min-width:850px) {\n  #gap-188152101 {\n    padding-top: 172px;\n  }\n}\n<\/style>\n\t<\/div>\n\t\n\n<div class=\"row\"  id=\"row-92917865\">\n\n\n\t<div id=\"col-1899184564\" class=\"col small-12 large-12\"  >\n\t\t\t\t<div class=\"col-inner\"  >\n\t\t\t\n\t\t\t\n\n<h1>Fizet\u00e9si t\u00edpusok<\/h1>\n<h3><strong>1. Fizet\u00e9si t\u00edpusok<\/strong><\/h3>\n<h3><strong>- El\u0151refizet\u00e9s<\/strong><\/h3>\n<p><img data-recalc-dims=\"1\" loading=\"lazy\" decoding=\"async\" class=\"\" src=\"https:\/\/i0.wp.com\/www.antstore.net\/shop\/images\/icons\/vorkasse.jpg?resize=301%2C97&#038;ssl=1\" alt=\"\" width=\"301\" height=\"97\" \/><\/p>\n<h3><strong>- Sofort\u00fcberweisung \/ Klarna<\/strong><\/h3>\n<p><img data-recalc-dims=\"1\" loading=\"lazy\" decoding=\"async\" class=\"\" src=\"https:\/\/i0.wp.com\/www.antstore.net\/shop\/images\/icons\/sofort.jpg?resize=309%2C99&#038;ssl=1\" alt=\"\" width=\"309\" height=\"99\" \/><\/p>\n<h3><strong>- PayPal<\/strong><\/h3>\n<p><img data-recalc-dims=\"1\" loading=\"lazy\" decoding=\"async\" class=\"\" src=\"https:\/\/i0.wp.com\/www.antstore.net\/shop\/images\/icons\/paypal.jpg?resize=294%2C95&#038;ssl=1\" alt=\"\" width=\"294\" height=\"95\" \/><\/p>\n<p><strong>&#8211;\u00a0<\/strong>- V\u00e1laszthat\u00f3 hitelk\u00e1rtya (Visa vagy Mastercard) \u00e9s beszed\u00e9si megb\u00edz\u00e1s (PayPal szolg\u00e1ltat\u00e1s)<\/p>\n<p><img data-recalc-dims=\"1\" loading=\"lazy\" decoding=\"async\" class=\"\" src=\"https:\/\/i0.wp.com\/www.antstore.net\/shop\/images\/icons\/visa-master.JPG?resize=270%2C87&#038;ssl=1\" alt=\"\" width=\"270\" height=\"87\" \/><\/p>\n<p>- Hitelk\u00e1rtya (Visa, MasterCard) \u00e9s beszed\u00e9si megb\u00edz\u00e1s (PayPal szolg\u00e1ltat\u00e1s)<\/p>\n<h3><strong>2. Az adott fizet\u00e9si m\u00f3dra vonatkoz\u00f3 d\u00edjak:<\/strong><\/h3>\n<p>Az EU-n bel\u00fcl a felk\u00edn\u00e1lt fizet\u00e9si m\u00f3dok\u00e9rt nem kell fizetni.<\/p>\n<h3><strong>3. P\u00e9nznem<\/strong><\/h3>\n<p>A megrendel\u00e9seket csak eur\u00f3ban (standard p\u00e9nznemben) lehet leadni \u00e9s fizetni. Minden m\u00e1s, esetleg megjelen\u00edtett p\u00e9nznem csak a durva \u00e1ttekint\u00e9st szolg\u00e1lja.<br \/>Az \u00e1rfolyamadatok val\u00f3dis\u00e1g\u00e1ra nem v\u00e1llalunk garanci\u00e1t!<\/p>\n<h3><strong>4. \u00c1rak \u00e9s ad\u00f3k<\/strong><\/h3>\n<p>N\u00e9metorsz\u00e1g: Minden \u00e1r tartalmazza a mindenkori \u00c1FA-t.<br \/>Eur\u00f3pai Uni\u00f3 (nem N\u00e9metorsz\u00e1g). Minden \u00e1r tartalmazza a mindenkori \u00c1FA-t. Az \u00c1FA-azonos\u00edt\u00f3val rendelkez\u0151 kereskedelmi \u00fcgyfelek sz\u00e1m\u00e1ra a nett\u00f3 (\u00c1FA n\u00e9lk\u00fcli) \u00e1rak ker\u00fclnek felsz\u00e1m\u00edt\u00e1sra.<\/p>\n\n\t\t<\/div>\n\t\t\t\t\t<\/div>\n\n\t\n\n<\/div>","protected":false},"excerpt":{"rendered":"","protected":false},"author":1,"featured_media":0,"parent":0,"menu_order":0,"comment_status":"closed","ping_status":"closed","template":"","meta":{"_acf_changed":false,"content-type":"","_monsterinsights_skip_tracking":false,"_monsterinsights_sitenote_active":false,"_monsterinsights_sitenote_note":"","_monsterinsights_sitenote_category":0,"footnotes":""},"class_list":["post-639","page","type-page","status-publish","hentry"],"acf":[],"aioseo_notices":[],"jetpack_sharing_enabled":true,"_links":{"self":[{"href":"https:\/\/antcube.shop\/hu\/wp-json\/wp\/v2\/pages\/639","targetHints":{"allow":["GET"]}}],"collection":[{"href":"https:\/\/antcube.shop\/hu\/wp-json\/wp\/v2\/pages"}],"about":[{"href":"https:\/\/antcube.shop\/hu\/wp-json\/wp\/v2\/types\/page"}],"author":[{"embeddable":true,"href":"https:\/\/antcube.shop\/hu\/wp-json\/wp\/v2\/users\/1"}],"replies":[{"embeddable":true,"href":"https:\/\/antcube.shop\/hu\/wp-json\/wp\/v2\/comments?post=639"}],"version-history":[{"count":9,"href":"https:\/\/antcube.shop\/hu\/wp-json\/wp\/v2\/pages\/639\/revisions"}],"predecessor-version":[{"id":6880,"href":"https:\/\/antcube.shop\/hu\/wp-json\/wp\/v2\/pages\/639\/revisions\/6880"}],"wp:attachment":[{"href":"https:\/\/antcube.shop\/hu\/wp-json\/wp\/v2\/media?parent=639"}],"curies":[{"name":"wp","href":"https:\/\/api.w.org\/{rel}","templated":true}]}}