{"id":630,"date":"2021-07-30T13:32:17","date_gmt":"2021-07-30T11:32:17","guid":{"rendered":"https:\/\/antcube.shop\/?page_id=630"},"modified":"2025-07-23T17:23:54","modified_gmt":"2025-07-23T15:23:54","slug":"jogi-ertesites","status":"publish","type":"page","link":"https:\/\/antcube.shop\/hu\/jogi-ertesites\/","title":{"rendered":"Jogi k\u00f6zlem\u00e9ny"},"content":{"rendered":"<div id=\"gap-330643625\" class=\"gap-element clearfix\" style=\"display:block; height:auto;\">\n\t\t\n<style>\n#gap-330643625 {\n  padding-top: 199px;\n}\n@media (min-width:850px) {\n  #gap-330643625 {\n    padding-top: 190px;\n  }\n}\n<\/style>\n\t<\/div>\n\t\n\n<div class=\"row\"  id=\"row-74985112\">\n\n\n\t<div id=\"col-1147747266\" class=\"col small-12 large-12\"  >\n\t\t\t\t<div class=\"col-inner\"  >\n\t\t\t\n\t\t\t\n\n<h1>Jogi k\u00f6zlem\u00e9ny<\/h1>\n<p><strong>ANTCUBE \u00e1ltal <\/strong><b>ANTSTORE, Martin Sebesta<\/b><b><br \/><\/b><span style=\"font-weight: 400;\">Selerweg 41<\/span><span style=\"font-weight: 400;\"><br \/><\/span><span style=\"font-weight: 400;\">D-12169 Berlin<\/span><\/p>\n<p><b>Kapcsolat<\/b><b><br \/><\/b><span style=\"font-weight: 400;\">Telefon: +49 30 439703870<\/span><span style=\"font-weight: 400;\"><br \/><\/span><span style=\"font-weight: 400;\">E-mail:law@ants.de\u00a0<\/span><\/p>\n<p><b>Forgalmiad\u00f3-azonos\u00edt\u00f3sz\u00e1m: <\/b><span style=\"font-weight: 400;\">DE215167549 <\/span><span style=\"font-weight: 400;\"><br \/><\/span><b>WEEE reg. sz: <\/b><span style=\"font-weight: 400;\">DE54590387<\/span><\/p>\n<p><b>A tartalom\u00e9rt felel\u0151s a \u00a7 55 Abs. 2 RStV: <\/b><b><br \/><\/b><span style=\"font-weight: 400;\">Martin Sebesta (a fenti c\u00edm)<\/span><\/p>\n<p><b>A weboldal haszn\u00e1lat\u00e1val kapcsolatos inform\u00e1ci\u00f3k<\/b><b><br \/><\/b><span style=\"font-weight: 400;\">Weboldalunk egyes oldalainak vagy r\u00e9szeinek let\u00f6lt\u00e9se vagy kinyomtat\u00e1sa mag\u00e1nc\u00e9l\u00fa felhaszn\u00e1l\u00e1sra enged\u00e9lyezett.<\/span><span style=\"font-weight: 400;\"><br \/><\/span><span style=\"font-weight: 400;\"> A weboldal teljes vagy r\u00e9szleges reproduk\u00e1l\u00e1sa, terjeszt\u00e9se, tov\u00e1bb\u00edt\u00e1sa (elektronikusan vagy m\u00e1s m\u00f3don), m\u00f3dos\u00edt\u00e1sa vagy nyilv\u00e1nos vagy kereskedelmi c\u00e9l\u00fa felhaszn\u00e1l\u00e1sa el\u0151zetes \u00edr\u00e1sbeli hozz\u00e1j\u00e1rul\u00e1sunk n\u00e9lk\u00fcl tilos.<\/span><\/p>\n<p><b>Enged\u00e9lyezett felhaszn\u00e1l\u00e1s nem kereskedelmi c\u00e9lokra: <\/b><b><br \/><\/b><span style=\"font-weight: 400;\">Term\u00e9kk\u00e9peink haszn\u00e1lata helyi \u00fczletekben t\u00f6rt\u00e9n\u0151 rekl\u00e1moz\u00e1sra a k\u00f6vetkez\u0151 felt\u00e9telek mellett enged\u00e9lyezett:<\/span><\/p>\n<ul>\n<li style=\"font-weight: 400;\" aria-level=\"1\"><span style=\"font-weight: 400;\">Minden k\u00e9pen fel kell t\u00fcntetni a forr\u00e1st \u00e9s a log\u00f3nkat (ANTSTORE\/ ANTCUBE\/ PLANTCUBE). <\/span><span style=\"font-weight: 400;\"><br \/><\/span><b>Nyomtatott anyag: <\/b><span style=\"font-weight: 400;\">Forr\u00e1s: <\/span><a href=\"https:\/\/www.antstore.de\"><span style=\"font-weight: 400;\">www.antstore.de<\/span><span style=\"font-weight: 400;\"><br \/><\/span><\/a><b> Weboldalak: <\/b><span style=\"font-weight: 400;\">Forr\u00e1s: <\/span><a href=\"https:\/\/www.antstore.de\"><span style=\"font-weight: 400;\">www.antstore.de<\/span><\/a><span style=\"font-weight: 400;\"> (a www.antstore.net\/shop\/ c\u00edmre mutat\u00f3 hivatkoz\u00e1ssal) vagy <\/span><a href=\"https:\/\/www.antcube.shop\"><span style=\"font-weight: 400;\">www.antcube.shop<\/span><\/a><\/li>\n<\/ul>\n<p><span style=\"font-weight: 400;\">Ha b\u00e1rmilyen k\u00e9rd\u00e9se van a log\u00f3 helyes elhelyez\u00e9s\u00e9vel kapcsolatban, \u00e9s ha digit\u00e1lis f\u00e1jlk\u00e9nt szeretn\u00e9 megkapni, k\u00e9rj\u00fck, l\u00e9pjen kapcsolatba vel\u00fcnk a marketing@antcube.de c\u00edmen.<\/span><\/p>\n<p><b>Fontos megjegyz\u00e9s: <\/b><b><br \/><\/b><span style=\"font-weight: 400;\">K\u00e9peink haszn\u00e1lata online \u00fczletekben vagy m\u00e1s kereskedelmi c\u00e9lokra \u00edr\u00e1sbeli enged\u00e9ly n\u00e9lk\u00fcl tilos.<\/span><\/p>\n<p><b>Megjegyz\u00e9s a honlapon tal\u00e1lhat\u00f3 linkekr\u0151l <\/b><b><br \/><\/b><span style=\"font-weight: 400;\">Weboldalunk k\u00fcls\u0151 weboldalakra mutat\u00f3 linkeket tartalmaz. Nem v\u00e1llalunk felel\u0151ss\u00e9get ezen weboldalak tartalm\u00e1\u00e9rt, mivel nincs befoly\u00e1sunk azok kialak\u00edt\u00e1s\u00e1ra \u00e9s tartalm\u00e1ra.<\/span><\/p>\n<p><span style=\"font-weight: 400;\">Kifejezetten kijelentj\u00fck, hogy nem fogadjuk el a k\u00fcls\u0151 oldalak tartalm\u00e1t saj\u00e1tunknak.<\/span><span style=\"font-weight: 400;\"><br \/><\/span><span style=\"font-weight: 400;\"> A weboldalunkon tal\u00e1lhat\u00f3 linkek \"\u00e9l\u0151\" (dinamikus) hivatkoz\u00e1soknak tekintend\u0151k.<\/span><span style=\"font-weight: 400;\"><br \/><\/span><span style=\"font-weight: 400;\"> Ha meg\u00e1llap\u00edtjuk, hogy egy adott aj\u00e1nlat, amelyre linket adtunk, polg\u00e1ri vagy b\u00fcntet\u0151jogi felel\u0151ss\u00e9get von maga ut\u00e1n, elt\u00e1vol\u00edtjuk ezt a linket, ha ez technikailag lehets\u00e9ges \u00e9s \u00e9sszer\u0171.<\/span><\/p>\n<p>Tervez\u00e9s, tartalom \u00e9s technikai megval\u00f3s\u00edt\u00e1s: Janik Wiedemann<\/p>\n\n\t\t<\/div>\n\t\t\t\t\t<\/div>\n\n\t\n\n<\/div>","protected":false},"excerpt":{"rendered":"","protected":false},"author":1,"featured_media":0,"parent":0,"menu_order":0,"comment_status":"closed","ping_status":"closed","template":"","meta":{"_acf_changed":false,"content-type":"","_monsterinsights_skip_tracking":false,"_monsterinsights_sitenote_active":false,"_monsterinsights_sitenote_note":"","_monsterinsights_sitenote_category":0,"footnotes":""},"class_list":["post-630","page","type-page","status-publish","hentry"],"acf":[],"aioseo_notices":[],"jetpack_sharing_enabled":true,"_links":{"self":[{"href":"https:\/\/antcube.shop\/hu\/wp-json\/wp\/v2\/pages\/630","targetHints":{"allow":["GET"]}}],"collection":[{"href":"https:\/\/antcube.shop\/hu\/wp-json\/wp\/v2\/pages"}],"about":[{"href":"https:\/\/antcube.shop\/hu\/wp-json\/wp\/v2\/types\/page"}],"author":[{"embeddable":true,"href":"https:\/\/antcube.shop\/hu\/wp-json\/wp\/v2\/users\/1"}],"replies":[{"embeddable":true,"href":"https:\/\/antcube.shop\/hu\/wp-json\/wp\/v2\/comments?post=630"}],"version-history":[{"count":10,"href":"https:\/\/antcube.shop\/hu\/wp-json\/wp\/v2\/pages\/630\/revisions"}],"predecessor-version":[{"id":12006,"href":"https:\/\/antcube.shop\/hu\/wp-json\/wp\/v2\/pages\/630\/revisions\/12006"}],"wp:attachment":[{"href":"https:\/\/antcube.shop\/hu\/wp-json\/wp\/v2\/media?parent=630"}],"curies":[{"name":"wp","href":"https:\/\/api.w.org\/{rel}","templated":true}]}}