{"id":628,"date":"2021-07-30T13:29:33","date_gmt":"2021-07-30T11:29:33","guid":{"rendered":"https:\/\/antcube.shop\/?page_id=628"},"modified":"2025-11-17T11:20:38","modified_gmt":"2025-11-17T10:20:38","slug":"viszontelado","status":"publish","type":"page","link":"https:\/\/antcube.shop\/hu\/viszontelado\/","title":{"rendered":"Legyen viszontelad\u00f3"},"content":{"rendered":"<div id=\"gap-1969363523\" class=\"gap-element clearfix\" style=\"display:block; height:auto;\">\n\t\t\n<style>\n#gap-1969363523 {\n  padding-top: 181px;\n}\n@media (min-width:550px) {\n  #gap-1969363523 {\n    padding-top: 185px;\n  }\n}\n@media (min-width:850px) {\n  #gap-1969363523 {\n    padding-top: 137px;\n  }\n}\n<\/style>\n\t<\/div>\n\t\n\n\n  <div class=\"banner has-hover\" id=\"banner-661253960\">\n          <div class=\"banner-inner fill\">\n        <div class=\"banner-bg fill\" >\n            <img loading=\"lazy\" decoding=\"async\" width=\"900\" height=\"600\" src=\"https:\/\/i0.wp.com\/antcube.shop\/wp-content\/uploads\/2021\/09\/pexels-thirdman-5684382-scaled.jpg?fit=900%2C600&amp;ssl=1\" class=\"bg attachment-large size-large\" alt=\"\" \/>                        <div class=\"overlay\"><\/div>            \n                    <\/div>\n\t\t\n        <div class=\"banner-layers container\">\n            <div class=\"fill banner-link\"><\/div>            \n\n   <div id=\"text-box-1878328695\" class=\"text-box banner-layer x0 md-x50 lg-x50 y50 md-y85 lg-y35 res-text\">\n                                <div class=\"text-box-content text dark text-shadow-3\">\n              \n              <div class=\"text-inner text-center\">\n                  \n\n\t<div id=\"text-3201718018\" class=\"text\">\n\t\t\n\n<h1><strong>Viszontelad\u00f3kat keres\u00fcnk!<\/strong><\/h1>\n<p>Viszontelad\u00f3kat \u00e9s partnereket keres\u00fcnk ANTCUBE term\u00e9keink \u00e9rt\u00e9kes\u00edt\u00e9s\u00e9hez a hangyatart\u00f3knak szerte a vil\u00e1gon. Ha szeretne csatlakozni hozz\u00e1nk, \u00e9s r\u00e9szt venni a hangya- \u00e9s term\u00e9szetbar\u00e1tok vil\u00e1gm\u00e9ret\u0171 k\u00f6z\u00f6ss\u00e9g\u00e9nek l\u00e9trehoz\u00e1s\u00e1ban.<\/p>\n\t\t\n<style>\n#text-3201718018 {\n  font-size: 0.75rem;\n  line-height: 1;\n  text-align: center;\n}\n@media (min-width:550px) {\n  #text-3201718018 {\n    font-size: 0.95rem;\n  }\n}\n@media (min-width:850px) {\n  #text-3201718018 {\n    font-size: 1.25rem;\n  }\n}\n<\/style>\n\t<\/div>\n\t\n\t<div id=\"text-3318531294\" class=\"text\">\n\t\t\n\n<p>L\u00e9pjen vel\u00fcnk kapcsolatba a\u00a0<\/p>\n\t\t\n<style>\n#text-3318531294 {\n  font-size: 1.05rem;\n  line-height: 0.75;\n}\n@media (min-width:550px) {\n  #text-3318531294 {\n    font-size: 2.25rem;\n  }\n}\n<\/style>\n\t<\/div>\n\t\n\t<div id=\"text-1874941226\" class=\"text\">\n\t\t\n\n<p>sales@antcube.de<\/p>\n\t\t\n<style>\n#text-1874941226 {\n  font-size: 0.75rem;\n  line-height: 0.75;\n}\n@media (min-width:550px) {\n  #text-1874941226 {\n    font-size: 2.25rem;\n  }\n}\n<\/style>\n\t<\/div>\n\t\n\n              <\/div>\n           <\/div>\n                            \n<style>\n#text-box-1878328695 {\n  width: 100%;\n}\n#text-box-1878328695 .text-box-content {\n  font-size: 100%;\n}\n@media (min-width:550px) {\n  #text-box-1878328695 {\n    width: 87%;\n  }\n}\n<\/style>\n    <\/div>\n \n\n        <\/div>\n      <\/div>\n\n              <div class=\"height-fix is-invisible\"><img loading=\"lazy\" decoding=\"async\" width=\"900\" height=\"600\" src=\"https:\/\/i0.wp.com\/antcube.shop\/wp-content\/uploads\/2021\/09\/pexels-thirdman-5684382-scaled.jpg?fit=900%2C600&amp;ssl=1\" class=\"attachment-large size-large\" alt=\"\" srcset=\"https:\/\/i0.wp.com\/antcube.shop\/wp-content\/uploads\/2021\/09\/pexels-thirdman-5684382-scaled.jpg?w=2560&amp;ssl=1 2560w, https:\/\/i0.wp.com\/antcube.shop\/wp-content\/uploads\/2021\/09\/pexels-thirdman-5684382-scaled.jpg?resize=510%2C340&amp;ssl=1 510w, https:\/\/i0.wp.com\/antcube.shop\/wp-content\/uploads\/2021\/09\/pexels-thirdman-5684382-scaled.jpg?resize=600%2C400&amp;ssl=1 600w, https:\/\/i0.wp.com\/antcube.shop\/wp-content\/uploads\/2021\/09\/pexels-thirdman-5684382-scaled.jpg?resize=1200%2C800&amp;ssl=1 1200w, https:\/\/i0.wp.com\/antcube.shop\/wp-content\/uploads\/2021\/09\/pexels-thirdman-5684382-scaled.jpg?resize=768%2C512&amp;ssl=1 768w, https:\/\/i0.wp.com\/antcube.shop\/wp-content\/uploads\/2021\/09\/pexels-thirdman-5684382-scaled.jpg?resize=1536%2C1024&amp;ssl=1 1536w, https:\/\/i0.wp.com\/antcube.shop\/wp-content\/uploads\/2021\/09\/pexels-thirdman-5684382-scaled.jpg?resize=2048%2C1365&amp;ssl=1 2048w\" sizes=\"auto, (max-width: 900px) 100vw, 900px\" \/><\/div>\n            \n<style>\n#banner-661253960 .overlay {\n  background-color: rgba(0, 0, 0, 0.174);\n}\n#banner-661253960 .banner-bg img {\n  object-position: 50% 45%;\n}\n<\/style>\n  <\/div>\n\n\n\t<div id=\"gap-1794463972\" class=\"gap-element clearfix\" style=\"display:block; height:auto;\">\n\t\t\n<style>\n#gap-1794463972 {\n  padding-top: 30px;\n}\n<\/style>\n\t<\/div>\n\t\n\n<div class=\"row\"  id=\"row-1874468839\">\n\n\n\t<div id=\"col-651692168\" class=\"col small-12 large-12\"  >\n\t\t\t\t<div class=\"col-inner\"  >\n\t\t\t\n\t\t\t\n\n<div class=\"wp-block-cover alignfull has-nv-site-bg-background-color has-background-dim\">\n<div class=\"wp-block-cover__inner-container\">\n<h2 class=\"has-text-align-center has-neve-text-color-color has-text-color\">\u00c9rdekli a term\u00e9keink \u00e9rt\u00e9kes\u00edt\u00e9se?<\/h2>\n<\/div>\n<\/div>\n<h2 class=\"has-text-align-center has-medium-font-size\">C\u00e9lunk<\/h2>\n<p class=\"has-text-align-center\">Viszontelad\u00f3kat \u00e9s partnereket keres\u00fcnk ANTCUBE term\u00e9keink \u00e9rt\u00e9kes\u00edt\u00e9s\u00e9hez a hangyatart\u00f3knak szerte a vil\u00e1gon. Szeretn\u00e9nk egy nemzetk\u00f6zi k\u00f6z\u00f6ss\u00e9get \u00e9p\u00edteni a bolt tulajdonosokb\u00f3l \u00e9s hobbist\u00e1kb\u00f3l, hogy a hangyatart\u00e1s n\u00e9pszer\u0171bb\u00e9 \u00e9s professzion\u00e1lisabb\u00e1 v\u00e1ljon. Ha m\u00e1r van boltja, vagy \u00faj \u00fczleti lehet\u0151s\u00e9get keres, b\u00e1tran vegye fel vel\u00fcnk a kapcsolatot.<\/p>\n<h2 class=\"has-text-align-center has-medium-font-size\">A hangyatart\u00e1s n\u00f6vekv\u0151 \u00fczlet\u00e1g<\/h2>\n<p class=\"has-text-align-center\">A hangyatart\u00e1s az ut\u00f3bbi \u00e9vekben nagyon n\u00e9pszer\u0171v\u00e9 v\u00e1lt. A vil\u00e1g minden t\u00e1j\u00e1r\u00f3l sz\u00e1rmaz\u00f3 szenved\u00e9lyes hangyabar\u00e1tok egyre n\u00f6vekv\u0151 k\u00f6z\u00f6ss\u00e9g\u00e9nek lehet\u00fcnk tan\u00fai. Emellett egyre t\u00f6bb megkeres\u00e9st kapunk c\u00e9gekt\u0151l, \u00e1llatkertekt\u0151l, m\u00fazeumokt\u00f3l, egyetemekt\u0151l, tudom\u00e1nyos int\u00e9zm\u00e9nyekt\u0151l stb.<\/p>\n<h2 class=\"has-text-align-center has-medium-font-size\" style=\"font-size: 23.04px;\">\u00a0<\/h2>\n<p><img data-recalc-dims=\"1\" loading=\"lazy\" decoding=\"async\" class=\"size-medium wp-image-3944 aligncenter\" src=\"https:\/\/i0.wp.com\/antcube.shop\/wp-content\/uploads\/2021\/11\/Palette-Beispiel-mit-Export-600x400.jpg?resize=600%2C400&#038;ssl=1\" alt=\"\" width=\"600\" height=\"400\" srcset=\"https:\/\/i0.wp.com\/antcube.shop\/wp-content\/uploads\/2021\/11\/Palette-Beispiel-mit-Export-scaled.jpg?resize=600%2C400&amp;ssl=1 600w, https:\/\/i0.wp.com\/antcube.shop\/wp-content\/uploads\/2021\/11\/Palette-Beispiel-mit-Export-scaled.jpg?resize=1200%2C800&amp;ssl=1 1200w, https:\/\/i0.wp.com\/antcube.shop\/wp-content\/uploads\/2021\/11\/Palette-Beispiel-mit-Export-scaled.jpg?resize=768%2C512&amp;ssl=1 768w, https:\/\/i0.wp.com\/antcube.shop\/wp-content\/uploads\/2021\/11\/Palette-Beispiel-mit-Export-scaled.jpg?resize=1536%2C1024&amp;ssl=1 1536w, https:\/\/i0.wp.com\/antcube.shop\/wp-content\/uploads\/2021\/11\/Palette-Beispiel-mit-Export-scaled.jpg?resize=2048%2C1365&amp;ssl=1 2048w, https:\/\/i0.wp.com\/antcube.shop\/wp-content\/uploads\/2021\/11\/Palette-Beispiel-mit-Export-scaled.jpg?resize=18%2C12&amp;ssl=1 18w, https:\/\/i0.wp.com\/antcube.shop\/wp-content\/uploads\/2021\/11\/Palette-Beispiel-mit-Export-scaled.jpg?resize=510%2C340&amp;ssl=1 510w\" sizes=\"auto, (max-width: 600px) 100vw, 600px\" \/><\/p>\n<h2 class=\"has-text-align-center has-medium-font-size\">Mi\u00e9rt az ANTCUBE?<\/h2>\n<p class=\"has-text-align-center\">Mi vagyunk a vil\u00e1g egyik legnagyobb \u00e9s legr\u00e9gebben l\u00e9tez\u0151 hangyaboltja. T\u00f6bb mint 20 \u00e9ves hangyatart\u00e1si \u00e9s formik\u00e1rium\u00e9p\u00edt\u00e9si tapasztalatunk tett minket azz\u00e1, amik ma vagyunk. Meggy\u0151z\u0151d\u00e9s\u00fcnk, hogy a min\u0151s\u00e9g, a tart\u00f3ss\u00e1g \u00e9s a fenntarthat\u00f3s\u00e1g egyre fontosabb\u00e1 v\u00e1lik. Ez\u00e9rt formik\u00e1riumaink anyagak\u00e9nt az \u00fcvegre \u00f6sszpontos\u00edtunk. Az akrillal \u00e9s a m\u0171anyaggal ellent\u00e9tben az \u00fcveg sokkal kisebb \u00f6kol\u00f3giai l\u00e1bnyomot hagy maga ut\u00e1n. Emellett teljesen \u00fajrahasznos\u00edthat\u00f3 csomagol\u00e1son dolgozunk.<\/p>\n<p class=\"has-text-align-center\">Az \u00fcvegnek az az el\u0151nye is megvan, hogy semmilyen, hangyatart\u00e1sra alkalmas h\u0151m\u00e9rs\u00e9kleten vagy p\u00e1ratartalomban nem romlik. Az \u00fcveglapok nem karcol\u00f3dnak olyan gyorsan, nem deform\u00e1l\u00f3dnak \u00e9s nem sz\u00ednez\u0151dnek el. A tiszt\u00edt\u00e1s \u00e9s a m\u0171k\u00f6dtet\u00e9s egyszer\u0171, a megjelen\u00e9s nagyon term\u00e9szetes \u00e9s eleg\u00e1ns. Menek\u00fcl\u00e9s elleni v\u00e9delm\u00fcnk nagyon hat\u00e9kony, m\u00e9g a k\u00fcl\u00f6n\u00f6sen kicsi hangyafajok eset\u00e9ben is, \u00e9s v\u00e9gtelen lehet\u0151s\u00e9g van az alkalmazkod\u00e1sra \u00e9s a b\u0151v\u00edt\u00e9sre.<\/p>\n<h2 class=\"has-text-align-center has-medium-font-size\">Mi\u00e9rt hangyatart\u00e1s?<\/h2>\n<p class=\"has-text-align-center\">A hangy\u00e1kat fajt\u00f3l f\u00fcgg\u0151en nagyon k\u00f6nny\u0171 tartani. Kev\u00e9s helyre van sz\u00fcks\u00e9ged, \u00e9s nagyj\u00e1b\u00f3l b\u00e1rmivel etetheted \u0151ket. A hangy\u00e1k alig okoznak szagokat, nagyon tiszta \u00e1llatok, nem csapnak zajt, \u00e9s a kol\u00f3nia \u00e9s a formik\u00e1rium beszerz\u00e9se ut\u00e1n szinte semmilyen k\u00f6lts\u00e9get nem okoznak. Emellett soha nem kell \u00e1llatorvoshoz menni\u00fck.<\/p>\n<p class=\"has-text-align-center\">A hangy\u00e1k hihetetlen\u00fcl leny\u0171g\u00f6z\u0151ek. Egyed\u00fcl\u00e1ll\u00f3 \u00e9lm\u00e9ny megfigyelni, ahogy egyetlen kir\u00e1lyn\u0151 \u00e9vek alatt felneveli az els\u0151 dolgoz\u00f3it, majd a t\u00f6k\u00e9letes egy\u00fcttm\u0171k\u00f6d\u00e9s \u00e9s az er\u0151forr\u00e1sok felhaszn\u00e1l\u00e1sa r\u00e9v\u00e9n \u00e9vek alatt t\u00f6bb ezer tag\u00fav\u00e1 n\u00f6vi kol\u00f3ni\u00e1j\u00e1t. Rendk\u00edv\u00fcl t\u00e1rsas \u00e1llatok, \u00e9s egyes fajok k\u00fcl\u00f6nb\u00f6z\u0151 kasztokat alkotnak, mint p\u00e9ld\u00e1ul munk\u00e1sok, katon\u00e1k, f\u00f6ldm\u0171vesek vagy ak\u00e1r \u00e1pol\u00f3n\u0151k, \u00e9s k\u00e9pzelj\u00e9k, mind n\u0151st\u00e9nyek. A hangy\u00e1k hihetetlen\u00fcl fontosak a k\u00f6rnyezet\u00fcnk sz\u00e1m\u00e1ra is. Nemcsak, hogy a vil\u00e1g minden lakhat\u00f3 \u00f6kosziszt\u00e9m\u00e1j\u00e1ban jelen vannak, de minden m\u00e1s fajn\u00e1l specializ\u00e1ltabbak \u00e9s sokoldal\u00fabbak. A hangy\u00e1k \u00e9letm\u00f3djukban is hasonl\u00edtanak hozz\u00e1nk. A munkamegoszt\u00e1s, a sz\u0171k helyen, nagy kol\u00f3ni\u00e1kban val\u00f3 egy\u00fctt\u00e9l\u00e9s, valamint a t\u00e1pl\u00e1l\u00e9kl\u00e1nc k\u00fcl\u00f6nb\u00f6z\u0151 szintjeinek haszn\u00e1lata minden \u00f6kosziszt\u00e9m\u00e1ban olyan sikeress\u00e9 teszi \u0151ket, ak\u00e1rcsak minket, embereket. Az egyetlen k\u00fcl\u00f6nbs\u00e9g az, hogy mi k\u00f6zel sem vagyunk ilyen hat\u00e9konyak, \u00e9s a hangy\u00e1k m\u00e1r t\u00f6bb mint 130 milli\u00f3 \u00e9ve l\u00e9teznek, m\u00edg az emberek csak k\u00f6r\u00fclbel\u00fcl 300 000 \u00e9ve.<\/p>\n\n\t\t<\/div>\n\t\t\t\t\t<\/div>\n\n\t\n\n<\/div>\n<div class=\"row\"  id=\"row-856089059\">\n\n\n\t<div id=\"col-1187319892\" class=\"col medium-6 large-6\"  >\n\t\t\t\t<div class=\"col-inner\" style=\"background-color:#61ca9f;\" >\n\t\t\t\n\t\t\t\n\n<div class=\"container section-title-container\" ><h3 class=\"section-title section-title-normal\"><b aria-hidden=\"true\"><\/b><span class=\"section-title-main\" ><i class=\"icon-envelop\" aria-hidden=\"true\"><\/i>Kapcsolatfelv\u00e9tel<\/span><b aria-hidden=\"true\"><\/b><\/h3><\/div>\n\n\t<div id=\"text-3222195756\" class=\"text\">\n\t\t\n\n<\/p>\n<ul>\n<li><strong>E-mail<\/strong>: sales@antcube.de<\/li>\n<li><strong>Telefon<\/strong>: +49 30 439703870<\/li>\n<\/ul>\n<p><strong>Munkaid\u0151 <\/strong>(UTC\/GMT +1):<\/p>\n<ul>\n<li>Keddt\u0151l p\u00e9ntekig 10:00 - 18:00 \u00f3ra k\u00f6z\u00f6tt<\/li>\n<\/ul>\n\n\t\t\n<style>\n#text-3222195756 {\n  font-size: 0.75rem;\n}\n@media (min-width:550px) {\n  #text-3222195756 {\n    font-size: 1.5rem;\n  }\n}\n<\/style>\n\t<\/div>\n\t\n\t<div id=\"gap-135708520\" class=\"gap-element clearfix\" style=\"display:block; height:auto;\">\n\t\t\n<style>\n#gap-135708520 {\n  padding-top: 60px;\n}\n<\/style>\n\t<\/div>\n\t\n\n\t<div class=\"img has-hover x md-x lg-x y md-y lg-y\" id=\"image_1839971571\">\n\t\t\t\t\t\t\t\t<div class=\"img-inner dark\" >\n\t\t\t<img data-recalc-dims=\"1\" loading=\"lazy\" decoding=\"async\" width=\"900\" height=\"900\" src=\"https:\/\/i0.wp.com\/antcube.shop\/wp-content\/uploads\/2021\/09\/Firmeneingang.jpg?resize=900%2C900&#038;ssl=1\" class=\"attachment-original size-original\" alt=\"ANTSTORE bej\u00e1rat\" srcset=\"https:\/\/i0.wp.com\/antcube.shop\/wp-content\/uploads\/2021\/09\/Firmeneingang.jpg?w=900&amp;ssl=1 900w, https:\/\/i0.wp.com\/antcube.shop\/wp-content\/uploads\/2021\/09\/Firmeneingang.jpg?resize=247%2C247&amp;ssl=1 247w, https:\/\/i0.wp.com\/antcube.shop\/wp-content\/uploads\/2021\/09\/Firmeneingang.jpg?resize=100%2C100&amp;ssl=1 100w, https:\/\/i0.wp.com\/antcube.shop\/wp-content\/uploads\/2021\/09\/Firmeneingang.jpg?resize=510%2C510&amp;ssl=1 510w, https:\/\/i0.wp.com\/antcube.shop\/wp-content\/uploads\/2021\/09\/Firmeneingang.jpg?resize=400%2C400&amp;ssl=1 400w, https:\/\/i0.wp.com\/antcube.shop\/wp-content\/uploads\/2021\/09\/Firmeneingang.jpg?resize=800%2C800&amp;ssl=1 800w, https:\/\/i0.wp.com\/antcube.shop\/wp-content\/uploads\/2021\/09\/Firmeneingang.jpg?resize=280%2C280&amp;ssl=1 280w, https:\/\/i0.wp.com\/antcube.shop\/wp-content\/uploads\/2021\/09\/Firmeneingang.jpg?resize=768%2C768&amp;ssl=1 768w\" sizes=\"auto, (max-width: 900px) 100vw, 900px\" \/>\t\t\t\t\t\t\n\t\t\t\t\t<\/div>\n\t\t\t\t\t\t\t\t\n<style>\n#image_1839971571 {\n  width: 100%;\n}\n<\/style>\n\t<\/div>\n\t\n\n\n\t\t<\/div>\n\t\t\t\t\t<\/div>\n\n\t\n\n\t<div id=\"col-2106114261\" class=\"col medium-6 large-6\"  >\n\t\t\t\t<div class=\"col-inner\"  >\n\t\t\t\n\t\t\t\n\n<div class=\"container section-title-container\" ><h3 class=\"section-title section-title-normal\"><b aria-hidden=\"true\"><\/b><span class=\"section-title-main\" >L\u00e1togasson el \u00fczlet\u00fcnkbe<\/span><b aria-hidden=\"true\"><\/b><\/h3><\/div>\n\n\t<div id=\"text-2365475613\" class=\"text\">\n\t\t\n\n<p><strong>C\u00edm:<\/strong><\/p>\n<ul>\n<li>Utca: Selerweg 41<\/li>\n<li>Postai ir\u00e1ny\u00edt\u00f3sz\u00e1m: D - 12169<\/li>\n<li>V\u00e1ros: Berlin<\/li>\n<li>Orsz\u00e1g:<\/li>\n<li>Ker\u00fclet: Steglitz-Zehlendorf<\/li>\n<\/ul>\n<p><strong>Nyitva tart\u00e1s<\/strong> (UTC\/GMT +1)<\/p>\n<ul>\n<li>Keddt\u0151l p\u00e9ntekig 13:00 - 18:00<\/li>\n<\/ul>\n<p><strong>COVID-19 MEGJEGYZ\u00c9S:<\/strong> A kiskereskedelmi \u00fczlet\u00fcnk <strong>2020 m\u00e1rciusa \u00f3ta z\u00e1rva<\/strong> vagy a l\u00e1togat\u00f3k sz\u00e1m\u00e1ra m\u00e9g nem hozz\u00e1f\u00e9rhet\u0151. Azonban megrendelheti \u00e9s kifizetheti term\u00e9keinket online, majd vagy mindent \u00e1tvehet a bej\u00e1rati ajt\u00f3nk el\u0151tt, vagy csomagk\u00fcld\u0151 szolg\u00e1ltat\u00e1ssal h\u00e1zhoz k\u00fcldj\u00fck a term\u00e9keket. \u00dcgyf\u00e9lszolg\u00e1latunk tov\u00e1bbra is \u00e1ll rendelkez\u00e9s\u00e9re e-mailben vagy telefonon! Folyamatosan t\u00e1j\u00e9koztatni fogjuk \u00d6nt.<\/p>\n<p><iframe loading=\"lazy\" style=\"border: 0;\" src=\"https:\/\/www.google.com\/maps\/embed?pb=!1m18!1m12!1m3!1d2431.3708399886823!2d13.335121715997175!3d52.454311048847416!2m3!1f0!2f0!3f0!3m2!1i1024!2i768!4f13.1!3m3!1m2!1s0x47a85a9242e5bc07%3A0xc44ee1d5a0728440!2sANTSTORE!5e0!3m2!1sde!2sde!4v1632470583913!5m2!1sde!2sde\" width=\"600\" height=\"450\" allowfullscreen=\"allowfullscreen\"><\/iframe><\/p>\n\t\t\n<style>\n#text-2365475613 {\n  font-size: 0.75rem;\n}\n<\/style>\n\t<\/div>\n\t\n\n\t\t<\/div>\n\t\t\t\t\t<\/div>\n\n\t\n\n<\/div>","protected":false},"excerpt":{"rendered":"","protected":false},"author":1,"featured_media":0,"parent":0,"menu_order":0,"comment_status":"closed","ping_status":"closed","template":"","meta":{"_acf_changed":false,"content-type":"","_monsterinsights_skip_tracking":false,"_monsterinsights_sitenote_active":false,"_monsterinsights_sitenote_note":"","_monsterinsights_sitenote_category":0,"footnotes":""},"class_list":["post-628","page","type-page","status-publish","hentry"],"acf":[],"aioseo_notices":[],"jetpack_sharing_enabled":true,"_links":{"self":[{"href":"https:\/\/antcube.shop\/hu\/wp-json\/wp\/v2\/pages\/628","targetHints":{"allow":["GET"]}}],"collection":[{"href":"https:\/\/antcube.shop\/hu\/wp-json\/wp\/v2\/pages"}],"about":[{"href":"https:\/\/antcube.shop\/hu\/wp-json\/wp\/v2\/types\/page"}],"author":[{"embeddable":true,"href":"https:\/\/antcube.shop\/hu\/wp-json\/wp\/v2\/users\/1"}],"replies":[{"embeddable":true,"href":"https:\/\/antcube.shop\/hu\/wp-json\/wp\/v2\/comments?post=628"}],"version-history":[{"count":10,"href":"https:\/\/antcube.shop\/hu\/wp-json\/wp\/v2\/pages\/628\/revisions"}],"predecessor-version":[{"id":12738,"href":"https:\/\/antcube.shop\/hu\/wp-json\/wp\/v2\/pages\/628\/revisions\/12738"}],"wp:attachment":[{"href":"https:\/\/antcube.shop\/hu\/wp-json\/wp\/v2\/media?parent=628"}],"curies":[{"name":"wp","href":"https:\/\/api.w.org\/{rel}","templated":true}]}}