{"id":500,"date":"2021-07-21T10:22:03","date_gmt":"2021-07-21T08:22:03","guid":{"rendered":"https:\/\/antcube.shop\/?page_id=500"},"modified":"2024-12-03T12:41:56","modified_gmt":"2024-12-03T11:41:56","slug":"feltetelek-es-kikotesek","status":"publish","type":"page","link":"https:\/\/antcube.shop\/hu\/feltetelek-es-kikotesek\/","title":{"rendered":"Felt\u00e9telek \u00e9s kik\u00f6t\u00e9sek"},"content":{"rendered":"<div id=\"gap-959494798\" class=\"gap-element clearfix\" style=\"display:block; height:auto;\">\n\t\t\n<style>\n#gap-959494798 {\n  padding-top: 196px;\n}\n@media (min-width:850px) {\n  #gap-959494798 {\n    padding-top: 190px;\n  }\n}\n<\/style>\n\t<\/div>\n\t\n\n<div class=\"row\"  id=\"row-1321407742\">\n\n\n\t<div id=\"col-1479139868\" class=\"col small-12 large-12\"  >\n\t\t\t\t<div class=\"col-inner\"  >\n\t\t\t\n\t\t\t\n\n<h1><b>\u00c1ltal\u00e1nos Szerz\u0151d\u00e9si Felt\u00e9telek <\/b><\/h1>\n<p><b>a  oldalon. <\/b><a href=\"http:\/\/www.antcube.shop\"><b>www.antcube.shop<\/b><\/a><span style=\"font-weight: 400;\"> ANTSTORE, Martin Sebesta, Selerweg 41, 12169 Berlin, a tov\u00e1bbiakban \"Elad\u00f3\".<\/span><\/p>\n<h2><b>\u00a7 1 Alkalmaz\u00e1si k\u00f6r, \u00e1ltal\u00e1nos inform\u00e1ci\u00f3k, fogalommeghat\u00e1roz\u00e1sok<\/b><\/h2>\n<p><span style=\"font-weight: 400;\">(1) A jelen \u00c1ltal\u00e1nos Szerz\u0151d\u00e9si Felt\u00e9telek (\u00c1SZF) a weboldalon tal\u00e1lhat\u00f3 online \u00e1ruh\u00e1zon kereszt\u00fcl t\u00f6rt\u00e9n\u0151 minden term\u00e9k- \u00e9s szolg\u00e1ltat\u00e1srendel\u00e9sre vonatkoznak. <\/span><b>antcube.shop<\/b><span style=\"font-weight: 400;\">, \u00fczemeltet\u0151je: ANTSTORE, Martin Sebesta, Selerweg 41, 12169 Berlin. E-mail: <\/span><a href=\"mailto:verkauf@antstore.de\"><span style=\"font-weight: 400;\">verkauf@antstore.de<\/span><\/a><span style=\"font-weight: 400;\"> \/ law@ants.de\u00a0<\/span><\/p>\n<p><span style=\"font-weight: 400;\">(2) Az Elad\u00f3 k\u00fcl\u00f6n\u00f6sen hangyatart\u00e1shoz sz\u00fcks\u00e9ges term\u00e9keket \u00e9s tartoz\u00e9kokat k\u00edn\u00e1l az online \u00e1ruh\u00e1z\u00e1n kereszt\u00fcl. Az \u00c1SZF az elad\u00f3 \u00e9s a vev\u0151 k\u00f6z\u00f6tti \u00fczleti kapcsolatra a megrendel\u00e9s id\u0151pontj\u00e1ban \u00e9rv\u00e9nyes v\u00e1ltozatban \u00e9rv\u00e9nyes.<\/span><\/p>\n<p><span style=\"font-weight: 400;\">(3) A jelen \u00c1SZF \u00e9rtelm\u00e9ben fogyaszt\u00f3 minden olyan term\u00e9szetes szem\u00e9ly, aki t\u00falnyom\u00f3r\u00e9szt a kereskedelmi, \u00fczleti vagy szakmai tev\u00e9kenys\u00e9g\u00e9n k\u00edv\u00fcl es\u0151 c\u00e9lb\u00f3l k\u00f6t jog\u00fcgyletet. V\u00e1llalkoz\u00f3nak min\u0151s\u00fcl az a term\u00e9szetes vagy jogi szem\u00e9ly, illetve t\u00e1rsas v\u00e1llalkoz\u00e1s, aki a jog\u00fcgylet megk\u00f6t\u00e9sekor kereskedelmi vagy \u00f6n\u00e1ll\u00f3 v\u00e1llalkoz\u00e1si tev\u00e9kenys\u00e9g\u00e9nek gyakorl\u00e1sa sor\u00e1n j\u00e1r el.<\/span><\/p>\n<p><span style=\"font-weight: 400;\">(4) Az egyedi szerz\u0151d\u00e9ses meg\u00e1llapod\u00e1sok els\u0151bbs\u00e9get \u00e9lveznek a jelen \u00c1SZF-ekkel szemben. A vev\u0151 elt\u00e9r\u0151 felt\u00e9telei csak akkor ismerhet\u0151k el, ha az elad\u00f3 kifejezetten hozz\u00e1j\u00e1rult azokhoz.<\/span><\/p>\n<h2><b>\u00a7 2 Szerz\u0151d\u00e9sk\u00f6t\u00e9s<\/b><\/h2>\n<p><span style=\"font-weight: 400;\">(1) Hacsak az adott term\u00e9k oldal\u00e1n m\u00e1sk\u00e9pp nem szerepel, a sz\u00e1ll\u00edt\u00e1si ter\u00fclet az Eur\u00f3pai Uni\u00f3 ter\u00fclet\u00e9re terjed ki.<\/span><\/p>\n<p><span style=\"font-weight: 400;\">(2) Az \u00e1ruknak az elad\u00f3 weboldal\u00e1n t\u00f6rt\u00e9n\u0151 bemutat\u00e1sa k\u00f6telez\u0151 \u00e9rv\u00e9ny\u0171 aj\u00e1nlatnak min\u0151s\u00fcl. A megrendelt \u00e1ru a technikai megjelen\u00edt\u00e9si lehet\u0151s\u00e9gek miatt \u00e9sszer\u0171 hat\u00e1rokon bel\u00fcl n\u00e9mileg elt\u00e9rhet az interneten megjelen\u00edtett \u00e1rut\u00f3l, k\u00fcl\u00f6n\u00f6sen sz\u00ednelt\u00e9r\u00e9sek lehetnek, amennyiben ez \u00e9sszer\u0171.<\/span><\/p>\n<p><span style=\"font-weight: 400;\">(3) A k\u00e9k n\u00e9gyzet bejel\u00f6l\u00e9s\u00e9vel \"<\/span><span style=\"font-weight: 400;\">Megrendel\u00e9s\u00e9vel \u00d6n kijelenti, hogy elolvasta \u00e9s meg\u00e9rtette aj\u00e1nlatunkat.<\/span><b>&#8221; <\/b><span style=\"font-weight: 400;\">majd <\/span><span style=\"font-weight: 400;\">a \"V\u00e1s\u00e1rl\u00e1s most\" gombra kattintva vagy a \"Fizet\u00e9s PayPallal\" gombon kereszt\u00fcl a PayPal-hoz t\u00f6rt\u00e9n\u0151 \u00e1tir\u00e1ny\u00edt\u00e1ssal \u00e9s az ottani fizet\u00e9si folyamat befejez\u00e9s\u00e9vel a v\u00e1s\u00e1rl\u00f3 k\u00f6telez\u0151 \u00e9rv\u00e9ny\u0171 aj\u00e1nlatot tesz a kos\u00e1rban l\u00e9v\u0151 \u00e1ruk megv\u00e1s\u00e1rl\u00e1s\u00e1ra, \u00e9s elfogadja a jelen \u00c1SZF \u00e9rv\u00e9nyess\u00e9g\u00e9t.<\/span><\/p>\n<p><span style=\"font-weight: 400;\">(4) Az elad\u00f3 e-mailben visszaigazolja a megrendel\u00e9s k\u00e9zhezv\u00e9tel\u00e9t (megrendel\u00e9s visszaigazol\u00e1sa). Ez a rendel\u00e9s visszaigazol\u00e1sa azonban nem min\u0151s\u00fcl az aj\u00e1nlat elfogad\u00e1s\u00e1nak. A szerz\u0151d\u00e9s csak akkor j\u00f6n l\u00e9tre, ha a megrendel\u00e9s visszaigazol\u00e1s\u00e1t vagy a felad\u00e1s visszaigazol\u00e1s\u00e1t elk\u00fcldik.<\/span><\/p>\n<p><span style=\"font-weight: 400;\">(5) Az elad\u00f3 fenntartja a jogot, hogy \u00f6t munkanapon bel\u00fcl elfogadja vagy elutas\u00edtsa a megrendel\u00e9seket. Ha a megrendel\u00e9st nem fogadj\u00e1k el, a v\u00e1s\u00e1rl\u00f3t e-mailben \u00e9rtes\u00edtik.<\/span><\/p>\n<p><span style=\"font-weight: 400;\">(6) El\u0151re nem l\u00e1that\u00f3 sz\u00e1ll\u00edt\u00e1si probl\u00e9m\u00e1k vagy az \u00e1ru nem el\u00e9rhet\u0151s\u00e9ge eset\u00e9n, amely\u00e9rt az elad\u00f3 nem felel\u0151s, mind az elad\u00f3, mind a vev\u0151 el\u00e1llhat a szerz\u0151d\u00e9st\u0151l. A vev\u0151t err\u0151l halad\u00e9ktalanul \u00e9rtes\u00edtik, \u00e9s a befizetett \u00f6sszegeket halad\u00e9ktalanul visszat\u00e9r\u00edtik.<\/span><\/p>\n<p><span style=\"font-weight: 400;\">(7) Ha a vev\u0151 elektronikus \u00faton rendeli meg az \u00e1rut, a szerz\u0151d\u00e9s sz\u00f6veg\u00e9t az elad\u00f3 elmenti, \u00e9s a szerz\u0151d\u00e9s megk\u00f6t\u00e9s\u00e9t k\u00f6vet\u0151en a joghat\u00e1lyos \u00c1SZF-ekkel egy\u00fctt e-mailben megk\u00fcldi a vev\u0151nek.<\/span><\/p>\n<h2><b>\u00a7 3 \u00dcgyf\u00e9lsz\u00e1mla<\/b><\/h2>\n<p><span style=\"font-weight: 400;\">(1) A weboldalunkon kereszt\u00fcl t\u00f6rt\u00e9n\u0151 v\u00e1s\u00e1rl\u00e1s \u00e1ltal\u00e1ban csak regisztr\u00e1ci\u00f3val lehets\u00e9ges. Bizonyos funkci\u00f3k el\u00e9r\u00e9s\u00e9hez azonban sz\u00fcks\u00e9g lehet v\u00e1s\u00e1rl\u00f3i fi\u00f3k l\u00e9trehoz\u00e1s\u00e1ra.<\/span><\/p>\n<p><span style=\"font-weight: 400;\">(2) Az \u00fcgyf\u00e9lsz\u00e1ml\u00e1ra nincs jogosults\u00e1g. Csak nagykor\u00fa term\u00e9szetes szem\u00e9lyek regisztr\u00e1lhatnak, akik a sz\u00e1ml\u00e1t mag\u00e1nc\u00e9lra haszn\u00e1lj\u00e1k, illetve olyan v\u00e1llalkoz\u00f3k \u00e9s jogi szem\u00e9lyek vagy jogk\u00e9pes t\u00e1rsul\u00e1sok, akik a jog\u00fcgylet megk\u00f6t\u00e9sekor kereskedelmi vagy \u00f6n\u00e1ll\u00f3 szakmai tev\u00e9kenys\u00e9g\u00fck gyakorl\u00e1sa sor\u00e1n j\u00e1rnak el. A hozz\u00e1f\u00e9r\u00e9si adatokat bizalmasan kell kezelni, \u00e9s nem adhat\u00f3k \u00e1t harmadik f\u00e9lnek.<\/span><\/p>\n<p><span style=\"font-weight: 400;\">(3) T\u00f6bbsz\u00f6r\u00f6s regisztr\u00e1ci\u00f3 nem megengedett. Az \u00fcgyfelek b\u00e1rmikor t\u00f6r\u00f6lhetik fi\u00f3kjukat a fi\u00f3kkezel\u00e9sen kereszt\u00fcl.<\/span><\/p>\n<h2><b>\u00a7 4 A tulajdonjog fenntart\u00e1sa<\/b><\/h2>\n<p><span style=\"font-weight: 400;\">(1) Fogyaszt\u00f3k eset\u00e9ben az elad\u00f3 a v\u00e9tel\u00e1r teljes kifizet\u00e9s\u00e9ig fenntartja az \u00e1ru tulajdonjog\u00e1t. V\u00e1llalkoz\u00f3k eset\u00e9ben ez mindaddig \u00e9rv\u00e9nyes, am\u00edg a fenn\u00e1ll\u00f3 \u00fczleti kapcsolatb\u00f3l ered\u0151 valamennyi k\u00f6vetel\u00e9s nem ker\u00fcl kiegyenl\u00edt\u00e9sre.<\/span><\/p>\n<p><span style=\"font-weight: 400;\">(2) A vev\u0151 szerz\u0151d\u00e9sszeg\u00e9se eset\u00e9n, k\u00fcl\u00f6n\u00f6sen fizet\u00e9si k\u00e9sedelem, a vev\u0151 \u00e1ltal a hitelk\u00e9pess\u00e9g\u00e9r\u0151l adott hamis t\u00e1j\u00e9koztat\u00e1s vagy fizet\u00e9sk\u00e9ptelens\u00e9gi elj\u00e1r\u00e1s megind\u00edt\u00e1sa ir\u00e1nti k\u00e9relem beny\u00fajt\u00e1sa eset\u00e9n az elad\u00f3 jogosult - sz\u00fcks\u00e9g eset\u00e9n hat\u00e1rid\u0151 kit\u0171z\u00e9s\u00e9t k\u00f6vet\u0151en - a szerz\u0151d\u00e9st\u0151l el\u00e1llni \u00e9s az \u00e1ru visszaszolg\u00e1ltat\u00e1s\u00e1t k\u00f6vetelni, felt\u00e9ve, hogy a vev\u0151 az ellen\u00e9rt\u00e9ket m\u00e9g nem vagy nem teljes eg\u00e9sz\u00e9ben fizette meg.<\/span><\/p>\n<p><span style=\"font-weight: 400;\">(3) A v\u00e1llalkoz\u00f3 jogosult az \u00e1rukat a rendes \u00fczletmenet keret\u00e9ben tov\u00e1bb\u00e9rt\u00e9kes\u00edteni. Ez\u00faton engedm\u00e9nyezi az Elad\u00f3ra a sz\u00e1mla\u00f6sszeg erej\u00e9ig minden olyan k\u00f6vetel\u00e9s\u00e9t, amely a tov\u00e1bb\u00e9rt\u00e9kes\u00edt\u00e9s k\u00f6vetkezt\u00e9ben harmadik szem\u00e9llyel szemben keletkezik. Az elad\u00f3 az engedm\u00e9nyez\u00e9st elfogadja. Az engedm\u00e9nyez\u00e9st k\u00f6vet\u0151en a v\u00e1llalkoz\u00f3 jogosult a k\u00f6vetel\u00e9s behajt\u00e1s\u00e1ra. Az elad\u00f3 fenntartja mag\u00e1nak a jogot, hogy a k\u00f6vetel\u00e9st maga hajtsa be, amint a v\u00e1llalkoz\u00f3 nem megfelel\u0151en teljes\u00edti fizet\u00e9si k\u00f6telezetts\u00e9geit \u00e9s fizet\u00e9si k\u00e9sedelembe esik.<\/span><\/p>\n<p><span style=\"font-weight: 400;\">(4) Az Elad\u00f3 v\u00e1llalja, hogy a Vev\u0151 k\u00e9r\u00e9s\u00e9re az \u0151t megillet\u0151 biztos\u00edt\u00e9kokat olyan m\u00e9rt\u00e9kben adja fel, amennyivel az \u00e9rt\u00e9kpap\u00edrok realiz\u00e1lhat\u00f3 \u00e9rt\u00e9ke meghaladja a biztos\u00edtand\u00f3 k\u00f6vetel\u00e9s 10%-t meghalad\u00f3 r\u00e9sz\u00e9t. A felszabad\u00edtand\u00f3 biztos\u00edt\u00e9kok kiv\u00e1laszt\u00e1sa az Elad\u00f3t terheli.<\/span><\/p>\n<h2><b>\u00a7 5 \u00c1rak \u00e9s fizet\u00e9si felt\u00e9telek<\/b><\/h2>\n<p><span style=\"font-weight: 400;\">(1) A felt\u00fcntetett \u00e1rak brutt\u00f3 \u00e1rak, k\u00f6telez\u0151 \u00e9rv\u00e9ny\u0171ek \u00e9s tartalmazz\u00e1k a t\u00f6rv\u00e9nyes H\u00c9A-t, valamint nem tartalmaznak semmilyen <a href=\"https:\/\/antcube.shop\/en\/shipping-costs-delivery-restrictions\/\">sz\u00e1ll\u00edt\u00e1si k\u00f6lts\u00e9gek<\/a> felmer\u00fclt k\u00f6lts\u00e9gek, bele\u00e9rtve az \u00e1f\u00e1t is. A megrendel\u00e9skor felt\u00fcntetett \u00f6sszeg \u00e9rv\u00e9nyes. Az \u00c1FA-t \u00e9s a sz\u00e1ll\u00edt\u00e1si k\u00f6lts\u00e9get is tartalmaz\u00f3 \u00e1r a megrendel\u0151lapon jelenik meg, miel\u0151tt az \u00fcgyf\u00e9l elk\u00fcldi a megrendel\u00e9st. A sz\u00e1ll\u00edt\u00e1si k\u00f6lts\u00e9gek szint\u00e9n megtal\u00e1lhat\u00f3k a <\/span><a href=\"https:\/\/antcube.shop\/en\/shipping-costs-delivery-restrictions\/\"><b>sz\u00e1ll\u00edt\u00e1si k\u00f6lts\u00e9gek \u00e1ttekint\u00e9se.<\/b><\/a><\/p>\n<p><span style=\"font-weight: 400;\">(2) A megrendel\u0151 v\u00e1llalja, hogy a teljes \u00e1rat a megrendel\u00e9s e-mailben t\u00f6rt\u00e9n\u0151 visszaigazol\u00e1s\u00e1t\u00f3l vagy a sz\u00e1mla k\u00e9zhezv\u00e9tel\u00e9t\u0151l sz\u00e1m\u00edtott 14 napon bel\u00fcl kifizeti. Ezen hat\u00e1rid\u0151 lej\u00e1rta ut\u00e1n a megrendel\u0151 fizet\u00e9si k\u00e9sedelembe esik. A k\u00e9sedelem ideje alatt a fogyaszt\u00f3 a tartoz\u00e1s ut\u00e1n a jegybanki alapkamatot 5 sz\u00e1zal\u00e9kponttal meghalad\u00f3 m\u00e9rt\u00e9k\u0171 kamatot k\u00f6teles fizetni. A v\u00e1llalkoz\u00f3 a k\u00e9sedelmi id\u0151 alatt a tartoz\u00e1s ut\u00e1n a jegybanki alapkamatot 9 sz\u00e1zal\u00e9kponttal meghalad\u00f3 m\u00e9rt\u00e9k\u0171 kamatot k\u00f6teles fizetni. Fizet\u00e9si k\u00f6telezetts\u00e9g elmulaszt\u00e1sa eset\u00e9n a v\u00e1llalkoz\u00f3nak 40 eur\u00f3 \u00e1tal\u00e1nyfizet\u00e9si k\u00f6telezetts\u00e9ggel is tartozik. Ez akkor is \u00e9rv\u00e9nyes, ha a v\u00e1llalkoz\u00f3 el\u0151legfizet\u00e9si vagy egy\u00e9b r\u00e9szletfizet\u00e9si k\u00e9sedelembe esik. Az elad\u00f3 fenntartja a jogot, hogy a v\u00e1llalkoz\u00f3t\u00f3l magasabb k\u00e9sedelmi k\u00e1rt\u00e9r\u00edt\u00e9st k\u00f6veteljen. Az 5. mondat szerinti \u00e1tal\u00e1ny\u00f6sszeg besz\u00e1m\u00edtand\u00f3 a k\u00e1rt\u00e9r\u00edt\u00e9si k\u00f6vetel\u00e9sbe, amennyiben a k\u00e1r a jogi elj\u00e1r\u00e1s k\u00f6lts\u00e9gein alapul.<\/span><\/p>\n<p><span style=\"font-weight: 400;\">(3) A vev\u0151 csak akkor jogosult a besz\u00e1m\u00edt\u00e1sra, ha ellenk\u00f6vetel\u00e9seit az elad\u00f3 joger\u0151sen meg\u00e1llap\u00edtotta, elismerte vagy nem vitatja. A vev\u0151nek a szerz\u0151d\u00e9ses \u00e9s egy\u00e9b, a jelen szerz\u0151d\u00e9ses jogviszony kezdem\u00e9nyez\u00e9s\u00e9b\u0151l vagy teljes\u00edt\u00e9s\u00e9b\u0151l ered\u0151 k\u00f6vetel\u00e9sekkel szembeni besz\u00e1m\u00edt\u00e1si joga ett\u0151l f\u00fcggetlen\u00fcl fennmarad. A vev\u0151 csak akkor \u00e9lhet visszatart\u00e1si jog\u00e1val, ha ellenk\u00f6vetel\u00e9se ugyanazon a szerz\u0151d\u00e9ses jogviszonyon alapul.<\/span><\/p>\n<p><span style=\"font-weight: 400;\">(4) A szerz\u0151d\u00e9s megk\u00f6t\u00e9se ut\u00e1ni v\u00e1ltoz\u00e1sokat, b\u0151v\u00edt\u00e9seket \u00e9s korl\u00e1toz\u00e1sokat az elad\u00f3 a lehet\u0151s\u00e9gekhez m\u00e9rten figyelembe veszi. Ezek\u00e9rt az elad\u00f3 10,00 \u20ac (\u00c1FA-val egy\u00fctt) kezel\u00e9si k\u00f6lts\u00e9get sz\u00e1m\u00edt fel, kiv\u00e9ve, ha t\u00f6rl\u00e9si vagy garanci\u00e1lis ig\u00e9nyekr\u0151l van sz\u00f3. A manu\u00e1lisan feldolgozand\u00f3 megrendel\u00e9sek\u00e9rt, amelyeket nem az online \u00e1ruh\u00e1zon kereszt\u00fcl dolgoznak fel, 20,00 \u20ac feldolgoz\u00e1si d\u00edjat sz\u00e1m\u00edtunk fel. Ez al\u00f3l kiv\u00e9telt k\u00e9peznek az online \u00e1ruh\u00e1zon kereszt\u00fcl nem megrendelhet\u0151 \u00e1rukat tartalmaz\u00f3 megrendel\u00e9sek, pl. a szem\u00e9lyre szabott term\u00e9kek.<\/span><\/p>\n<p><span style=\"font-weight: 400;\">(5) Az olyan megrendelt \u00e1llatok, amelyeket a megrendel\u0151 k\u00e9r\u00e9s\u00e9re a szerz\u0151d\u00e9sben meghat\u00e1rozottn\u00e1l k\u00e9s\u0151bbi id\u0151pontban kell feladni, a megrendel\u00e9s napj\u00e1t\u00f3l a felad\u00e1s napj\u00e1ig 2,00 \u20ac \u00c1F\u00c1-val egy\u00fctt naponta &amp; gyne (gondoz\u00e1si er\u0151fesz\u00edt\u00e9s) ker\u00fcl felsz\u00e1m\u00edt\u00e1sra. Maximum 30 nap \u00e1ll rendelkez\u00e9sre.<\/span><\/p>\n<h2><b>\u00a7 6 <a href=\"https:\/\/antcube.shop\/en\/payment-methods-and-conditions\/\">Fizet\u00e9si m\u00f3dok<\/a><\/b><\/h2>\n<p><span style=\"font-weight: 400;\">(1) A v\u00e9tel\u00e1r el\u0151re, banki \u00e1tutal\u00e1ssal, hitelk\u00e1rty\u00e1val vagy PayPal seg\u00edts\u00e9g\u00e9vel fizethet\u0151. A PayPal seg\u00edts\u00e9g\u00e9vel t\u00f6rt\u00e9n\u0151 fizet\u00e9s eset\u00e9n a PayPal haszn\u00e1lati felt\u00e9telei \u00e9rv\u00e9nyesek. Tov\u00e1bbi inform\u00e1ci\u00f3k az adatv\u00e9delmi szab\u00e1lyzatunkban tal\u00e1lhat\u00f3k. <a href=\"https:\/\/antcube.shop\/en\/privacy-policy\/\">adatv\u00e9delmi politika<\/a>.<\/span><\/p>\n<h2><b>\u00a7 7 Sz\u00e1ll\u00edt\u00e1si \u00e9s sz\u00e1ll\u00edt\u00e1si felt\u00e9telek<\/b><\/h2>\n<p><span style=\"font-weight: 400;\">(1) Kiz\u00e1r\u00f3lag az Eur\u00f3pai Uni\u00f3 tag\u00e1llamaiba sz\u00e1ll\u00edtunk, kiv\u00e9ve az eur\u00f3pai tengerent\u00fali ter\u00fcleteket vagy exkl\u00e1v\u00e9kat \u00e9s az ad\u00f3\u00fcgyi auton\u00f3mi\u00e1val rendelkez\u0151 r\u00e9gi\u00f3kat (az Eur\u00f3pai Uni\u00f3 \u00e1ltal \"legk\u00fcls\u0151 r\u00e9gi\u00f3knak\" nevezett r\u00e9gi\u00f3k). A N\u00e9metorsz\u00e1gba \u00e9s m\u00e1s orsz\u00e1gokba t\u00f6rt\u00e9n\u0151 v\u00e1rhat\u00f3 sz\u00e1ll\u00edt\u00e1si id\u0151t a k\u00f6vetkez\u0151 oldalunkon t\u00fcntett\u00fck fel <\/span><a href=\"https:\/\/antcube.shop\/en\/shipping-costs-delivery-restrictions\/\"><b>sz\u00e1ll\u00edt\u00e1si k\u00f6lts\u00e9gek \u00e1ttekint\u00e9se.<\/b><\/a><\/p>\n<p><span style=\"font-weight: 400;\">(2) A sz\u00e1ll\u00edt\u00e1si hat\u00e1rid\u0151 az el\u0151legfizet\u00e9s\/banki \u00e1tutal\u00e1s vagy PayPal eset\u00e9n a fizet\u00e9s enged\u00e9lyez\u00e9s\u00e9t k\u00f6vet\u0151 egy nappal kezd\u0151dik. Egy\u00e9b fizet\u00e9si m\u00f3dok eset\u00e9n az id\u0151szak a megrendel\u00e9s lead\u00e1s\u00e1t k\u00f6vet\u0151 egy nappal kezd\u0151dik.<\/span><\/p>\n<p><span style=\"font-weight: 400;\">(3) Ha a hat\u00e1rid\u0151 kezdete vagy v\u00e9ge szombatra, vas\u00e1rnapra vagy munkasz\u00fcneti napra esik, a hat\u00e1rid\u0151 kezdet\u00e9t vagy v\u00e9g\u00e9t a k\u00f6vetkez\u0151 munkanapra kell halasztani.<\/span><\/p>\n<p><span style=\"font-weight: 400;\">(4) Az elad\u00f3 jogosult r\u00e9szsz\u00e1ll\u00edt\u00e1sokat v\u00e9gezni, ha ez a vev\u0151 sz\u00e1m\u00e1ra \u00e9sszer\u0171. Ez a vev\u0151 sz\u00e1m\u00e1ra nem okozhat t\u00f6bbletk\u00f6lts\u00e9get.<\/span><\/p>\n<p><span style=\"font-weight: 400;\">(5) Ha a v\u00e1s\u00e1rl\u00f3 \u00fagy d\u00f6nt, hogy \u00e1tveszi a megrendel\u00e9s\u00e9t az \u00fczlet\u00fcnkben, e-mailben \u00e9rtes\u00edtj\u00fck, hogy a megrendel\u00e9s k\u00e9szen \u00e1ll az \u00e1tv\u00e9telre.<\/span><\/p>\n<h2><b>\u00a7 8 Kock\u00e1zat\u00e1truh\u00e1z\u00e1s<\/b><\/h2>\n<p><span style=\"font-weight: 400;\">(1) Fogyaszt\u00f3k eset\u00e9ben az \u00e1ru v\u00e9letlen elveszt\u00e9s\u00e9nek \u00e9s megrong\u00e1l\u00f3d\u00e1s\u00e1nak vesz\u00e9lye az \u00e1tad\u00e1skor sz\u00e1ll \u00e1t a vev\u0151re.<\/span><\/p>\n<p><span style=\"font-weight: 400;\">(2) V\u00e1llalkoz\u00f3k eset\u00e9ben a kock\u00e1zat a fuvaroz\u00f3nak t\u00f6rt\u00e9n\u0151 \u00e1tad\u00e1skor sz\u00e1ll \u00e1t a megrendel\u0151re.<\/span><\/p>\n<p><span style=\"font-weight: 400;\">(3) Ha a megrendel\u0151 az \u00e1tv\u00e9tellel k\u00e9sedelembe esik, ez az \u00e1tad\u00e1ssal egyen\u00e9rt\u00e9k\u0171nek min\u0151s\u00fcl.<\/span><\/p>\n<h2><b>\u00a7 9 Garancia<\/b><\/h2>\n<p><span style=\"font-weight: 400;\">(1) A j\u00f3t\u00e1ll\u00e1sra a jogszab\u00e1lyi rendelkez\u00e9sek az ir\u00e1nyad\u00f3k. A j\u00f3t\u00e1ll\u00e1si id\u0151 a fogyaszt\u00f3k sz\u00e1m\u00e1ra az \u00e1ru \u00e1tad\u00e1s\u00e1t\u00f3l sz\u00e1m\u00edtott 2 \u00e9v. Ett\u0151l elt\u00e9r\u0151en a v\u00e1llalkoz\u00f3k r\u00e9sz\u00e9re a j\u00f3t\u00e1ll\u00e1si id\u0151 a lesz\u00e1ll\u00edt\u00e1st\u00f3l sz\u00e1m\u00edtott 1 \u00e9v. Haszn\u00e1lt \u00e1ruk eset\u00e9ben a j\u00f3t\u00e1ll\u00e1si id\u0151 szint\u00e9n 1 \u00e9v az \u00e1ru lesz\u00e1ll\u00edt\u00e1s\u00e1t\u00f3l sz\u00e1m\u00edtva. Az egy\u00e9ves j\u00f3t\u00e1ll\u00e1si id\u0151 nem \u00e9rv\u00e9nyes\u00fcl, ha az elad\u00f3nak s\u00falyos gondatlans\u00e1ggal v\u00e1dolhat\u00f3, tov\u00e1bb\u00e1 az elad\u00f3nak felr\u00f3hat\u00f3 testi \u00e9s eg\u00e9szs\u00e9gk\u00e1rosod\u00e1s, valamint a vev\u0151 \u00e9let\u00e9nek elveszt\u00e9se eset\u00e9n, j\u00f3t\u00e1ll\u00e1s \u00e9s a BGB 478., 479. \u00a7-ai szerinti sz\u00e1ll\u00edt\u00e1si visszkereseti jog eset\u00e9n. Az elad\u00f3nak a term\u00e9kfelel\u0151ss\u00e9gr\u0151l sz\u00f3l\u00f3 t\u00f6rv\u00e9ny szerinti felel\u0151ss\u00e9g\u00e9t ez nem \u00e9rinti.<\/span><\/p>\n<p><span style=\"font-weight: 400;\">(2) A (2) bekezd\u00e9s ellen\u00e9re. Az 1. pontban foglaltak ellen\u00e9re a rendes el\u00e9v\u00fcl\u00e9si id\u0151t kell alkalmazni, ha az elad\u00f3 a hib\u00e1t csal\u00e1rd m\u00f3don elhallgatta.<\/span><\/p>\n<p><span style=\"font-weight: 400;\">(3) A megrendelt \u00e1ruk \u00e9sszer\u0171 hat\u00e1rokon bel\u00fcl n\u00e9mileg elt\u00e9rhetnek az interneten felt\u00fcntetett \u00e1rukt\u00f3l. Hivatkozunk a jelen \u00c1SZF 2. \u00a7 (2) bekezd\u00e9s\u00e9re.<\/span><\/p>\n<p><span style=\"font-weight: 400;\">(4) A fogyaszt\u00f3k v\u00e1laszthatnak a jav\u00edt\u00e1s vagy a csere k\u00f6z\u00f6tt. Az elad\u00f3 megtagadhatja a v\u00e1lasztott ut\u00f3lagos teljes\u00edt\u00e9st, ha az csak ar\u00e1nytalan k\u00f6lts\u00e9ggel lehets\u00e9ges.<\/span><\/p>\n<p><span style=\"font-weight: 400;\">(5) A nyilv\u00e1nval\u00f3 hib\u00e1kat a v\u00e1llalkoz\u00f3knak az \u00e1ru \u00e1tv\u00e9tel\u00e9t\u0151l sz\u00e1m\u00edtott k\u00e9t h\u00e9ten bel\u00fcl kell bejelenteni\u00fck. Ellenkez\u0151 esetben a szavatoss\u00e1gi ig\u00e9ny \u00e9rv\u00e9nyes\u00edt\u00e9se kiz\u00e1rt. A hat\u00e1rid\u0151 betart\u00e1s\u00e1hoz elegend\u0151 az id\u0151ben t\u00f6rt\u00e9n\u0151 elk\u00fcld\u00e9s vagy \u00e9rtes\u00edt\u00e9s. Keresked\u0151k eset\u00e9ben a HGB 377. \u00a7-a alkalmazand\u00f3.<\/span><\/p>\n<p><span style=\"font-weight: 400;\">(6) A garancia nem terjed ki a nem megfelel\u0151 kezel\u00e9sb\u0151l ered\u0151 k\u00e1rokra. A gy\u00e1rt\u00f3i garanci\u00e1k \u00e9rintetlen\u00fcl maradnak.<\/span><\/p>\n<h2><b>\u00a7 10 A felel\u0151ss\u00e9g korl\u00e1toz\u00e1sa<\/b><\/h2>\n<p><span style=\"font-weight: 400;\">(1) Enyhe gondatlans\u00e1g eset\u00e9n az Elad\u00f3 csak a szerz\u0151d\u00e9sre jellemz\u0151, el\u0151re l\u00e1that\u00f3 k\u00e1rok\u00e9rt felel. Ez a korl\u00e1toz\u00e1s az Elad\u00f3 teljes\u00edt\u00e9si seg\u00e9deire is vonatkozik.<\/span><\/p>\n<p><span style=\"font-weight: 400;\">(2) A felel\u0151ss\u00e9g korl\u00e1toz\u00e1sa nem alkalmazhat\u00f3 csal\u00e1rd sz\u00e1nd\u00e9k, l\u00e9nyeges szerz\u0151d\u00e9ses k\u00f6telezetts\u00e9gek megszeg\u00e9se, valamint \u00e9let, testi \u00e9ps\u00e9g vagy eg\u00e9szs\u00e9gk\u00e1rosod\u00e1s eset\u00e9n.<\/span><\/p>\n<p><span style=\"font-weight: 400;\">(3) Az \u00fcgyf\u00e9l k\u00f6teles megfelel\u0151 int\u00e9zked\u00e9seket tenni a k\u00e1rok megel\u0151z\u00e9se \u00e9s minimaliz\u00e1l\u00e1sa \u00e9rdek\u00e9ben.<\/span><\/p>\n<p><span style=\"font-weight: 400;\">(4) Az elad\u00f3 csak a web\u00e1ruh\u00e1za weboldal\u00e1n tal\u00e1lhat\u00f3 saj\u00e1t tartalm\u00e1\u00e9rt felel. Amennyiben a linkek m\u00e1s weboldalakhoz biztos\u00edtanak hozz\u00e1f\u00e9r\u00e9st, az elad\u00f3 nem felel az ott tal\u00e1lhat\u00f3 harmadik f\u00e9lt\u0151l sz\u00e1rmaz\u00f3 tartalmak\u00e9rt. A harmadik f\u00e9l tartalm\u00e1t nem fogadja el saj\u00e1tjak\u00e9nt. Ha az elad\u00f3 tudom\u00e1st szerez k\u00fcls\u0151 weboldalakon tal\u00e1lhat\u00f3 illeg\u00e1lis tartalmakr\u00f3l, azonnal blokkolja az ilyen oldalakhoz val\u00f3 hozz\u00e1f\u00e9r\u00e9st.<\/span><\/p>\n<h2><b>\u00a7 11 Adatv\u00e9delem<\/b><\/h2>\n<p><span style=\"font-weight: 400;\">A megrendel\u00e9si folyamat sor\u00e1n gy\u0171jt\u00f6tt adatokat a szerz\u0151d\u00e9s teljes\u00edt\u00e9se \u00e9rdek\u00e9ben dolgozzuk fel. Tov\u00e1bbi inform\u00e1ci\u00f3k, k\u00fcl\u00f6n\u00f6sen az adatok harmadik f\u00e9lnek t\u00f6rt\u00e9n\u0151 tov\u00e1bb\u00edt\u00e1s\u00e1r\u00f3l, a k\u00f6vetkez\u0151 dokumentumban tal\u00e1lhat\u00f3k <a href=\"https:\/\/antcube.shop\/en\/privacy-policy\/\">adatv\u00e9delmi politika<\/a> a honlapunkon.<\/span><\/p>\n<h2><b>\u00a7 12 Z\u00e1r\u00f3 rendelkez\u00e9sek \u00e9s vitarendez\u00e9s<\/b><\/h2>\n<p><span style=\"font-weight: 400;\">(1) A N\u00e9metorsz\u00e1gi Sz\u00f6vets\u00e9gi K\u00f6zt\u00e1rsas\u00e1g jog\u00e1t kell alkalmazni. A fogyaszt\u00f3k eset\u00e9ben ez csak annyiban \u00e9rv\u00e9nyes, amennyiben a ny\u00fajtott v\u00e9delmet nem korl\u00e1tozz\u00e1k a fogyaszt\u00f3 szok\u00e1sos tart\u00f3zkod\u00e1si helye szerinti orsz\u00e1g k\u00f6telez\u0151 rendelkez\u00e9sei. Az \u00e1ruk nemzetk\u00f6zi ad\u00e1sv\u00e9teli szerz\u0151d\u00e9seir\u0151l sz\u00f3l\u00f3 ENSZ-egyezm\u00e9ny rendelkez\u00e9sei nem alkalmazand\u00f3k. \u00a7 16. \u00a7 (1) bek. 14. \u00a7 2. mondat\u00e1nak 6. pontja nem \u00e9rinti.<\/span><\/p>\n<p><span style=\"font-weight: 400;\">(2) Az Eur\u00f3pai Bizotts\u00e1g online vitarendez\u00e9si platformot (OS) biztos\u00edt, amely a https:\/\/ec.europa.eu\/consumers\/odr c\u00edmen \u00e9rhet\u0151 el. E-mail c\u00edm\u00fcnk a k\u00f6vetkez\u0151: law@ants.de\u00a0<\/span><\/p>\n<p><a href=\"https:\/\/antcube.shop\/en\/shipping-costs-delivery-restrictions\/\"><b>Sz\u00e1ll\u00edt\u00e1si k\u00f6lts\u00e9gek\/ sz\u00e1ll\u00edt\u00e1si felt\u00e9telek<\/b><\/a><\/p>\n<p><a href=\"https:\/\/antcube.shop\/en\/privacy-policy\/\"><b>Adatv\u00e9delmi szab\u00e1lyzat<\/b><\/a><\/p>\n<p><a href=\"https:\/\/antcube.shop\/en\/payment-methods-and-conditions\/\"><b>Fizet\u00e9si lehet\u0151s\u00e9gek<\/b><\/a><\/p>\n<p><a href=\"https:\/\/antcube.shop\/en\/refund-policy\/\"><b>El\u00e1ll\u00e1si jog<\/b><\/a><\/p>\n\n\t\t<\/div>\n\t\t\t\t\t<\/div>\n\n\t\n\n<\/div>","protected":false},"excerpt":{"rendered":"","protected":false},"author":1,"featured_media":0,"parent":0,"menu_order":0,"comment_status":"closed","ping_status":"closed","template":"","meta":{"_acf_changed":false,"content-type":"","_monsterinsights_skip_tracking":false,"_monsterinsights_sitenote_active":false,"_monsterinsights_sitenote_note":"","_monsterinsights_sitenote_category":0,"footnotes":""},"class_list":["post-500","page","type-page","status-publish","hentry"],"acf":[],"aioseo_notices":[],"jetpack_sharing_enabled":true,"_links":{"self":[{"href":"https:\/\/antcube.shop\/hu\/wp-json\/wp\/v2\/pages\/500","targetHints":{"allow":["GET"]}}],"collection":[{"href":"https:\/\/antcube.shop\/hu\/wp-json\/wp\/v2\/pages"}],"about":[{"href":"https:\/\/antcube.shop\/hu\/wp-json\/wp\/v2\/types\/page"}],"author":[{"embeddable":true,"href":"https:\/\/antcube.shop\/hu\/wp-json\/wp\/v2\/users\/1"}],"replies":[{"embeddable":true,"href":"https:\/\/antcube.shop\/hu\/wp-json\/wp\/v2\/comments?post=500"}],"version-history":[{"count":10,"href":"https:\/\/antcube.shop\/hu\/wp-json\/wp\/v2\/pages\/500\/revisions"}],"predecessor-version":[{"id":10710,"href":"https:\/\/antcube.shop\/hu\/wp-json\/wp\/v2\/pages\/500\/revisions\/10710"}],"wp:attachment":[{"href":"https:\/\/antcube.shop\/hu\/wp-json\/wp\/v2\/media?parent=500"}],"curies":[{"name":"wp","href":"https:\/\/api.w.org\/{rel}","templated":true}]}}