{"id":2479,"date":"2021-09-30T10:43:05","date_gmt":"2021-09-30T08:43:05","guid":{"rendered":"https:\/\/antcube.shop\/?page_id=2479"},"modified":"2023-12-14T13:31:40","modified_gmt":"2023-12-14T12:31:40","slug":"step-4","status":"publish","type":"page","link":"https:\/\/antcube.shop\/hu\/hangyakereso\/koztes\/step-4\/","title":{"rendered":"4. l\u00e9p\u00e9s"},"content":{"rendered":"<div id=\"gap-1574917677\" class=\"gap-element clearfix\" style=\"display:block; height:auto;\">\n\t\t\n<style>\n#gap-1574917677 {\n  padding-top: 200px;\n}\n@media (min-width:850px) {\n  #gap-1574917677 {\n    padding-top: 175px;\n  }\n}\n<\/style>\n\t<\/div>\n\t\n\n<div class=\"row\"  id=\"row-1019069218\">\n\n\n\t<div id=\"col-1954875552\" class=\"col small-12 large-12\"  >\n\t\t\t\t<div class=\"col-inner\"  >\n\t\t\t\n\t\t\t\n\n\t<div id=\"text-3894454806\" class=\"text\">\n\t\t\n\n<h3>Hangy\u00e1k tapasztalt hangyatart\u00f3knak<\/h3>\n<p>Mivel a hangy\u00e1k nagyon k\u00fcl\u00f6nb\u00f6z\u0151 \u00e9l\u0151helyeken, nagyon elt\u00e9r\u0151 \u00e9ghajlati viszonyok k\u00f6z\u00f6tt \u00e9lnek, gondoskodnia kell a megfelel\u0151 h\u0151m\u00e9rs\u00e9klet \u00e9s p\u00e1ratartalom biztos\u00edt\u00e1s\u00e1r\u00f3l.<\/p>\n<p>A megfelel\u0151 p\u00e1ratartalom fenntart\u00e1s\u00e1hoz egyszer\u0171en csak meg kell nedves\u00edtenie a hangyafarmot p\u00e9ld\u00e1ul egy sz\u00f3r\u00f3fejes palackkal. Amikor azonban a megfelel\u0151 h\u0151m\u00e9rs\u00e9kletet kell fenntartani, a dolog kicsit bonyolultabb\u00e1 v\u00e1lik. Vagy egy h\u0151l\u00e1mp\u00e1ra, egy f\u0171t\u0151sz\u0151nyegre vagy k\u00e1belre van sz\u00fcks\u00e9ged, vagy a szob\u00e1t, amelyben a hangy\u00e1kat tartod, kell\u0151 h\u0151m\u00e9rs\u00e9kletre kell f\u0171tened.<\/p>\n<p>Mindazon\u00e1ltal sok olyan faj van, amelyet szobah\u0151m\u00e9rs\u00e9kleten is tarthat. M\u00e9g ha 1-3 C\u00b0-kal az aj\u00e1nlott h\u0151m\u00e9rs\u00e9klet alatt van is, az \u00e1ltal\u00e1ban nem okoz gondot.\u00a0<\/p>\n\t\t\n<style>\n#text-3894454806 {\n  text-align: center;\n}\n<\/style>\n\t<\/div>\n\t\n\n\t\t<\/div>\n\t\t\t\t\t<\/div>\n\n\t\n\n<\/div>\n\t<div id=\"text-582312392\" class=\"text\">\n\t\t\n\n<p><strong>K\u00e9rd\u00e9s: Szobah\u0151m\u00e9rs\u00e9kleten tarthat\u00f3 hangyafajt keres?<\/strong><\/p>\n\t\t\n<style>\n#text-582312392 {\n  font-size: 1.8rem;\n  text-align: center;\n}\n<\/style>\n\t<\/div>\n\t\n<div class=\"row\"  id=\"row-1567531004\">\n\n\n\t<div id=\"col-1956724908\" class=\"col medium-6 small-12 large-6\"  >\n\t\t\t\t<div class=\"col-inner\"  >\n\t\t\t\n\t\t\t\n\n<a href=\"https:\/\/antcube.shop\/ant-finder\/intermediate\/step-4\/step-7\/\" class=\"button secondary expand\" >\n\t\t<span>Igen, szobah\u0151m\u00e9rs\u00e9kleten akarom tartani \u0151ket.<\/span>\n\t<\/a>\n\n\n\n\t\t<\/div>\n\t\t\t\t\t<\/div>\n\n\t\n\n\t<div id=\"col-1362874017\" class=\"col medium-6 small-12 large-6\"  >\n\t\t\t\t<div class=\"col-inner\"  >\n\t\t\t\n\t\t\t\n\n<a href=\"https:\/\/antcube.shop\/ant-finder\/intermediate\/step-4\/step-8\/\" class=\"button secondary expand\" >\n\t\t<span>Nem, biztos\u00edtom a sz\u00fcks\u00e9ges h\u0151m\u00e9rs\u00e9kletet<\/span>\n\t<\/a>\n\n\n\n\t\t<\/div>\n\t\t\t\t\t<\/div>\n\n\t\n\n<\/div>","protected":false},"excerpt":{"rendered":"","protected":false},"author":1,"featured_media":0,"parent":2468,"menu_order":0,"comment_status":"closed","ping_status":"closed","template":"","meta":{"_acf_changed":false,"content-type":"","_monsterinsights_skip_tracking":false,"_monsterinsights_sitenote_active":false,"_monsterinsights_sitenote_note":"","_monsterinsights_sitenote_category":0,"footnotes":""},"class_list":["post-2479","page","type-page","status-publish","hentry"],"acf":[],"aioseo_notices":[],"jetpack_sharing_enabled":true,"_links":{"self":[{"href":"https:\/\/antcube.shop\/hu\/wp-json\/wp\/v2\/pages\/2479","targetHints":{"allow":["GET"]}}],"collection":[{"href":"https:\/\/antcube.shop\/hu\/wp-json\/wp\/v2\/pages"}],"about":[{"href":"https:\/\/antcube.shop\/hu\/wp-json\/wp\/v2\/types\/page"}],"author":[{"embeddable":true,"href":"https:\/\/antcube.shop\/hu\/wp-json\/wp\/v2\/users\/1"}],"replies":[{"embeddable":true,"href":"https:\/\/antcube.shop\/hu\/wp-json\/wp\/v2\/comments?post=2479"}],"version-history":[{"count":10,"href":"https:\/\/antcube.shop\/hu\/wp-json\/wp\/v2\/pages\/2479\/revisions"}],"predecessor-version":[{"id":6793,"href":"https:\/\/antcube.shop\/hu\/wp-json\/wp\/v2\/pages\/2479\/revisions\/6793"}],"up":[{"embeddable":true,"href":"https:\/\/antcube.shop\/hu\/wp-json\/wp\/v2\/pages\/2468"}],"wp:attachment":[{"href":"https:\/\/antcube.shop\/hu\/wp-json\/wp\/v2\/media?parent=2479"}],"curies":[{"name":"wp","href":"https:\/\/api.w.org\/{rel}","templated":true}]}}