{"id":2468,"date":"2021-09-30T10:04:30","date_gmt":"2021-09-30T08:04:30","guid":{"rendered":"https:\/\/antcube.shop\/?page_id=2468"},"modified":"2023-12-15T12:50:52","modified_gmt":"2023-12-15T11:50:52","slug":"koztes","status":"publish","type":"page","link":"https:\/\/antcube.shop\/hu\/hangyakereso\/koztes\/","title":{"rendered":"k\u00f6ztes"},"content":{"rendered":"<div id=\"gap-149184093\" class=\"gap-element clearfix\" style=\"display:block; height:auto;\">\n\t\t\n<style>\n#gap-149184093 {\n  padding-top: 200px;\n}\n@media (min-width:850px) {\n  #gap-149184093 {\n    padding-top: 175px;\n  }\n}\n<\/style>\n\t<\/div>\n\t\n\n<div class=\"row\"  id=\"row-1200125869\">\n\n\n\t<div id=\"col-1762367099\" class=\"col small-12 large-12\"  >\n\t\t\t\t<div class=\"col-inner\"  >\n\t\t\t\n\t\t\t\n\n\t<div id=\"text-4142748466\" class=\"text\">\n\t\t\n\n<h3>Hangy\u00e1k tapasztalt hangyatart\u00f3knak<\/h3>\n<p>A hidegebb r\u00e9gi\u00f3kban \u00e9l\u0151 sok hangyafajnak sz\u00fcks\u00e9ge van a t\u00e9li \u00e1lomra. Ez a faj sz\u00e1rmaz\u00e1s\u00e1t\u00f3l f\u00fcgg\u0151en v\u00e1ltozik. A vadonban t\u00e9li \u00e1lmot alv\u00f3 hangy\u00e1knak ugyanezt kell tenni\u00fck az \u00d6n otthon\u00e1ban is. Ha nem adjuk meg az \u00e1llatoknak a term\u00e9szetes sz\u00fcnetet, akkor a kol\u00f3nia n\u00f6veked\u00e9se lelassulhat, vagy a kir\u00e1lyn\u0151 nagyon kor\u00e1n elpusztulhat.\u00a0<\/p>\n<p>Egyes hangy\u00e1k csak h\u00e1rom h\u00f3napig alszanak t\u00e9li \u00e1lmot, m\u00edg m\u00e1soknak n\u00e9gy-\u00f6t h\u00f3napra van sz\u00fcks\u00e9g\u00fck (\u00e1ltal\u00e1ban november \u00e9s m\u00e1rcius k\u00f6z\u00f6tt). Az egyes fajok sz\u00e1m\u00e1ra a t\u00e9li \u00e1lomhoz sz\u00fcks\u00e9ges h\u0151m\u00e9rs\u00e9klet is elt\u00e9r\u0151. Az \u00e9szak-eur\u00f3pai fajoknak p\u00e9ld\u00e1ul 5 \u00b0C \u00e9s 8 \u00b0C k\u00f6z\u00f6tti h\u0151m\u00e9rs\u00e9kletre van sz\u00fcks\u00e9g\u00fck, m\u00edg a d\u00e9l-eur\u00f3pai fajoknak 15 \u00b0C k\u00f6r\u00fcli h\u0151m\u00e9rs\u00e9kletre. Az \u00e9szak-eur\u00f3pai fajok a t\u00e9li \u00e1lom alatt teljesen le\u00e1llnak, a d\u00e9l-eur\u00f3pai fajok pedig m\u00e9g mindig kiss\u00e9 akt\u00edvak.<\/p>\n\t\t\n<style>\n#text-4142748466 {\n  text-align: center;\n}\n<\/style>\n\t<\/div>\n\t\n\n\t\t<\/div>\n\t\t\t\t\t<\/div>\n\n\t\n\n<\/div>\n\t<div id=\"text-17656813\" class=\"text\">\n\t\t\n\n<p><strong>K\u00e9rd\u00e9s: Hangyafajt keres, amelyik t\u00e9li \u00e1lmot alszik vagy nem?<\/strong><\/p>\n\t\t\n<style>\n#text-17656813 {\n  font-size: 1.8rem;\n  text-align: center;\n}\n<\/style>\n\t<\/div>\n\t\n<div class=\"row\" style=\"max-width:650px\" id=\"row-281108016\">\n\n\n\t<div id=\"col-1734822667\" class=\"col medium-6 small-12 large-6\"  >\n\t\t\t\t<div class=\"col-inner\"  >\n\t\t\t\n\t\t\t\n\n<a href=\"https:\/\/antcube.shop\/ant-finder\/intermediate\/step-3\/\" class=\"button secondary expand\" >\n\t\t<span>Hangy\u00e1k, amelyeknek t\u00e9li \u00e1lomra van sz\u00fcks\u00e9g\u00fck<\/span>\n\t<\/a>\n\n\n\n\t\t<\/div>\n\t\t\t\t\t<\/div>\n\n\t\n\n\t<div id=\"col-1590257439\" class=\"col medium-6 small-12 large-6\"  >\n\t\t\t\t<div class=\"col-inner\"  >\n\t\t\t\n\t\t\t\n\n<a href=\"https:\/\/antcube.shop\/ant-finder\/intermediate\/step-4\/\" class=\"button secondary expand\" >\n\t\t<span>nincs hibern\u00e1ci\u00f3<\/span>\n\t<\/a>\n\n\n\n\t\t<\/div>\n\t\t\t\t\t<\/div>\n\n\t\n\n<\/div>","protected":false},"excerpt":{"rendered":"","protected":false},"author":1,"featured_media":0,"parent":721,"menu_order":0,"comment_status":"closed","ping_status":"closed","template":"","meta":{"_acf_changed":false,"content-type":"","_monsterinsights_skip_tracking":false,"_monsterinsights_sitenote_active":false,"_monsterinsights_sitenote_note":"","_monsterinsights_sitenote_category":0,"footnotes":""},"class_list":["post-2468","page","type-page","status-publish","hentry"],"acf":[],"aioseo_notices":[],"jetpack_sharing_enabled":true,"_links":{"self":[{"href":"https:\/\/antcube.shop\/hu\/wp-json\/wp\/v2\/pages\/2468","targetHints":{"allow":["GET"]}}],"collection":[{"href":"https:\/\/antcube.shop\/hu\/wp-json\/wp\/v2\/pages"}],"about":[{"href":"https:\/\/antcube.shop\/hu\/wp-json\/wp\/v2\/types\/page"}],"author":[{"embeddable":true,"href":"https:\/\/antcube.shop\/hu\/wp-json\/wp\/v2\/users\/1"}],"replies":[{"embeddable":true,"href":"https:\/\/antcube.shop\/hu\/wp-json\/wp\/v2\/comments?post=2468"}],"version-history":[{"count":10,"href":"https:\/\/antcube.shop\/hu\/wp-json\/wp\/v2\/pages\/2468\/revisions"}],"predecessor-version":[{"id":6870,"href":"https:\/\/antcube.shop\/hu\/wp-json\/wp\/v2\/pages\/2468\/revisions\/6870"}],"up":[{"embeddable":true,"href":"https:\/\/antcube.shop\/hu\/wp-json\/wp\/v2\/pages\/721"}],"wp:attachment":[{"href":"https:\/\/antcube.shop\/hu\/wp-json\/wp\/v2\/media?parent=2468"}],"curies":[{"name":"wp","href":"https:\/\/api.w.org\/{rel}","templated":true}]}}