{"id":1260,"date":"2021-09-09T14:22:26","date_gmt":"2021-09-09T12:22:26","guid":{"rendered":"https:\/\/antcube.shop\/?page_id=1260"},"modified":"2023-12-14T17:02:05","modified_gmt":"2023-12-14T16:02:05","slug":"weaver-ant-formicarium","status":"publish","type":"page","link":"https:\/\/antcube.shop\/hu\/formicarium-kereso\/weaver-ant-formicarium\/","title":{"rendered":"H\u00e1l\u00f3hangya Formicarium"},"content":{"rendered":"<div id=\"gap-1360968915\" class=\"gap-element clearfix\" style=\"display:block; height:auto;\">\n\t\t\n<style>\n#gap-1360968915 {\n  padding-top: 197px;\n}\n@media (min-width:550px) {\n  #gap-1360968915 {\n    padding-top: 199px;\n  }\n}\n@media (min-width:850px) {\n  #gap-1360968915 {\n    padding-top: 172px;\n  }\n}\n<\/style>\n\t<\/div>\n\t\n\n\n  <div class=\"banner has-hover\" id=\"banner-1392571230\">\n          <div class=\"banner-inner fill\">\n        <div class=\"banner-bg fill\" >\n            <img data-recalc-dims=\"1\" loading=\"lazy\" decoding=\"async\" width=\"1020\" height=\"372\" src=\"https:\/\/i0.wp.com\/antcube.shop\/wp-content\/uploads\/2021\/09\/Unbenannt-1-1-scaled.jpg?resize=1020%2C372&#038;ssl=1\" class=\"bg attachment-original size-original\" alt=\"ANTCUBE Starter Set Weaver Hangy\u00e1knak\" \/>                        <div class=\"overlay\"><\/div>            \n                    <\/div>\n\t\t\n        <div class=\"banner-layers container\">\n            <a class=\"fill\" href=\"https:\/\/antcube.shop\/de\/produkt\/antcube-starter-set-fur-weberameisen\/\"><div class=\"fill banner-link\"><\/div><\/a>            \n\n   <div id=\"text-box-1683619925\" class=\"text-box banner-layer x95 md-x95 lg-x95 y20 md-y20 lg-y20 res-text\">\n                                <div class=\"text-box-content text dark\">\n              \n              <div class=\"text-inner text-center\">\n                  \n\n\t<div id=\"text-2375374019\" class=\"text\">\n\t\t\n\n<h3 class=\"uppercase\"><strong>Indul\u00f3 k\u00e9szlet sz\u00f6v\u0151hangy\u00e1k sz\u00e1m\u00e1ra<\/strong><\/h3>\n\t\t\n<style>\n#text-2375374019 {\n  color: rgb(0, 0, 0);\n}\n#text-2375374019 > * {\n  color: rgb(0, 0, 0);\n}\n<\/style>\n\t<\/div>\n\t\n\n              <\/div>\n           <\/div>\n                            \n<style>\n#text-box-1683619925 {\n  width: 60%;\n}\n#text-box-1683619925 .text-box-content {\n  font-size: 100%;\n}\n<\/style>\n    <\/div>\n \n\n        <\/div>\n      <\/div>\n\n            \n<style>\n#banner-1392571230 {\n  padding-top: 38%;\n}\n#banner-1392571230 .overlay {\n  background-color: rgba(0, 0, 0, 0);\n}\n#banner-1392571230 .banner-bg img {\n  object-position: 33% 58%;\n}\n<\/style>\n  <\/div>\n\n\n<div class=\"row\"  id=\"row-480937024\">\n\n\n\t<div id=\"col-425183730\" class=\"col medium-6 small-12 large-6\"  >\n\t\t\t\t<div class=\"col-inner\"  >\n\t\t\t\n\t\t\t\n\n<h3>Weaver Hangy\u00e1k \u00e9s hogyan kell tartani \u0151ket<\/h3>\n<p>El\u0151sz\u00f6r is tudnia kell, hogy milyen sz\u00f6v\u0151hangya nemzets\u00e9get tart. A sz\u00f6v\u0151hangy\u00e1knak nincs sz\u00fcks\u00e9g\u00fck klasszikus Formaicariumra, f\u00e9szkekkel \u00e9s ar\u00e9n\u00e1val. A term\u00e9szetben a f\u00e1k tetej\u00e9n vagy bokrokban f\u00e9szkelnek, de soha nem a f\u00f6ld\u00f6n vagy a f\u00f6ld alatt.<\/p>\n<p><strong>Oecophylla hangyafajok<\/strong><\/p>\n<p>Ha Oecophylla-t szeretn\u00e9l tartani, akkor val\u00f3di n\u00f6v\u00e9nyekre lesz sz\u00fcks\u00e9g\u00fck a telep\u00fck kialak\u00edt\u00e1s\u00e1hoz. Ez\u00e9rt egy legal\u00e1bb 40 cm magas Formicariumot aj\u00e1nlunk. Olyan n\u00f6v\u00e9nyt kell nekik aj\u00e1nlani, amelynek meglehet\u0151sen nagy levelei vannak, mivel a l\u00e1vaselyemmel az \u00e9l\u0151 n\u00f6v\u00e9ny leveleit gub\u00f3szer\u0171 f\u00e9szekbe sz\u00f6vik. A n\u00f6v\u00e9nynek mentesnek kell lennie mindenf\u00e9le n\u00f6v\u00e9nyv\u00e9d\u0151szert\u0151l \u00e9s m\u0171tr\u00e1gy\u00e1t\u00f3l. Sz\u00f3ba j\u00f6hetnek p\u00e9ld\u00e1ul biotermeszt\u00e9s\u0171 n\u00f6v\u00e9nykert\u00e9szetb\u0151l vagy terrarisztika szak\u00fczletekb\u0151l sz\u00e1rmaz\u00f3 n\u00f6v\u00e9nyek. Alternat\u00edvak\u00e9nt b\u00e1rmilyen olyan n\u00f6v\u00e9nyt haszn\u00e1lhat, amely legal\u00e1bb egy \u00e9vig otthon volt, \u00e9s nem kezelt\u00e9k n\u00f6v\u00e9nyv\u00e9d\u0151 szerekkel vagy m\u0171tr\u00e1gy\u00e1val.<\/p>\n\n\t\t<\/div>\n\t\t\t\t\t<\/div>\n\n\t\n\n\t<div id=\"col-1387678921\" class=\"col medium-6 small-12 large-6\"  >\n\t\t\t\t<div class=\"col-inner\"  >\n\t\t\t\n\t\t\t\n\n\t<div class=\"img has-hover x md-x lg-x y md-y lg-y\" id=\"image_684641993\">\n\t\t<a class=\"image-lightbox lightbox-gallery\" title=\"\" href=\"https:\/\/i0.wp.com\/antcube.shop\/wp-content\/uploads\/2021\/07\/Oecophylla-smaragdina.jpg?fit=600%2C600&#038;ssl=1\">\t\t\t\t\t\t<div class=\"img-inner dark\" >\n\t\t\t<img data-recalc-dims=\"1\" loading=\"lazy\" decoding=\"async\" width=\"720\" height=\"720\" src=\"https:\/\/i0.wp.com\/antcube.shop\/wp-content\/uploads\/2021\/07\/Oecophylla-smaragdina.jpg?resize=720%2C720&#038;ssl=1\" class=\"attachment-original size-original\" alt=\"Oecophylla smaragdina dolgoz\u00f3 hangy\u00e1k a f\u00e9szek level\u00e9n\" srcset=\"https:\/\/i0.wp.com\/antcube.shop\/wp-content\/uploads\/2021\/07\/Oecophylla-smaragdina.jpg?w=720&amp;ssl=1 720w, https:\/\/i0.wp.com\/antcube.shop\/wp-content\/uploads\/2021\/07\/Oecophylla-smaragdina.jpg?resize=247%2C247&amp;ssl=1 247w, https:\/\/i0.wp.com\/antcube.shop\/wp-content\/uploads\/2021\/07\/Oecophylla-smaragdina.jpg?resize=100%2C100&amp;ssl=1 100w, https:\/\/i0.wp.com\/antcube.shop\/wp-content\/uploads\/2021\/07\/Oecophylla-smaragdina.jpg?resize=510%2C510&amp;ssl=1 510w, https:\/\/i0.wp.com\/antcube.shop\/wp-content\/uploads\/2021\/07\/Oecophylla-smaragdina.jpg?resize=400%2C400&amp;ssl=1 400w, https:\/\/i0.wp.com\/antcube.shop\/wp-content\/uploads\/2021\/07\/Oecophylla-smaragdina.jpg?resize=280%2C280&amp;ssl=1 280w\" sizes=\"auto, (max-width: 720px) 100vw, 720px\" \/>\t\t\t\t\t\t\n\t\t\t\t\t<\/div>\n\t\t\t\t\t\t<\/a>\t\t\n<style>\n#image_684641993 {\n  width: 100%;\n}\n<\/style>\n\t<\/div>\n\t\n\n\n\t\t<\/div>\n\t\t\t\t\t<\/div>\n\n\t\n\n<\/div>\n\t<div id=\"gap-166877341\" class=\"gap-element clearfix\" style=\"display:block; height:auto;\">\n\t\t\n<style>\n#gap-166877341 {\n  padding-top: 30px;\n}\n<\/style>\n\t<\/div>\n\t\n\n<div class=\"row\"  id=\"row-825560254\">\n\n\n\t<div id=\"col-236844948\" class=\"col medium-6 small-12 large-6\"  >\n\t\t\t\t<div class=\"col-inner\"  >\n\t\t\t\n\t\t\t\n\n<h3>Polyrhachis hangyafajok<\/h3>\n<p>Ha Polyrhachis hangy\u00e1kat szeretne tartani, akkor lapos vagy magas Formicariumra lesz sz\u00fcks\u00e9g\u00fck. E hangyafajok n\u00e9melyike magasabban, n\u00e9melyik\u00fck pedig a talajhoz k\u00f6zelebb f\u00e9szkel.\u00a0<\/p>\n<p>Az Oecophylla-t\u00f3l abban k\u00fcl\u00f6nb\u00f6znek, hogy a f\u00e9szek\u00e9p\u00edt\u00e9shez nincs sz\u00fcks\u00e9g\u00fck \u00e9l\u0151 n\u00f6v\u00e9nyekre. Ehelyett b\u00e1rmit \u00f6sszegy\u0171jtenek, a lehullott levelekt\u0151l vagy t\u0171levelekt\u0151l kezdve az apr\u00f3 botokon \u00e9s k\u00f6veken \u00e1t, \u00e9s szil\u00e1rd, gub\u00f3szer\u0171 szerkezetet alkotnak bel\u0151l\u00fck. Javasoljuk a mi \"f\u00e9szekrak\u00f3 goly\u00f3ink\" haszn\u00e1lat\u00e1t, mivel ezek bizony\u00edtottan nagyon j\u00f3l elfogadottak a Polyrhachis hangyafajok f\u00e9szek\u00e9p\u00edt\u00e9s\u00e9hez.<\/p>\n\n\t\t<\/div>\n\t\t\t\t\t<\/div>\n\n\t\n\n\t<div id=\"col-61452770\" class=\"col medium-6 small-12 large-6\"  >\n\t\t\t\t<div class=\"col-inner text-center\"  >\n\t\t\t\n\t<div class=\"is-border\"\n\t\tstyle=\"border-width:0px 0px 0px 0px;\">\n\t<\/div>\n\t\t\t\n\n\t<div class=\"img has-hover x md-x lg-x y md-y lg-y\" id=\"image_1892860001\">\n\t\t<a class=\"image-lightbox lightbox-gallery\" title=\"\" href=\"https:\/\/i0.wp.com\/antcube.shop\/wp-content\/uploads\/2021\/09\/Stock-Polyrhachis-dives-Futter-8.jpg?ssl=1\">\t\t\t\t\t\t<div class=\"img-inner image-cover dark\" style=\"padding-top:100%;\">\n\t\t\t<img data-recalc-dims=\"1\" loading=\"lazy\" decoding=\"async\" width=\"960\" height=\"540\" src=\"https:\/\/i0.wp.com\/antcube.shop\/wp-content\/uploads\/2021\/09\/Stock-Polyrhachis-dives-Futter-8.jpg?resize=960%2C540&#038;ssl=1\" class=\"attachment-original size-original\" alt=\"A Polyrhachis a f\u00e9szk\u00fckre sz\u00e1ll\u00edtja a zs\u00e1km\u00e1nyt.\" srcset=\"https:\/\/i0.wp.com\/antcube.shop\/wp-content\/uploads\/2021\/09\/Stock-Polyrhachis-dives-Futter-8.jpg?w=960&amp;ssl=1 960w, https:\/\/i0.wp.com\/antcube.shop\/wp-content\/uploads\/2021\/09\/Stock-Polyrhachis-dives-Futter-8.jpg?resize=510%2C287&amp;ssl=1 510w, https:\/\/i0.wp.com\/antcube.shop\/wp-content\/uploads\/2021\/09\/Stock-Polyrhachis-dives-Futter-8.jpg?resize=711%2C400&amp;ssl=1 711w, https:\/\/i0.wp.com\/antcube.shop\/wp-content\/uploads\/2021\/09\/Stock-Polyrhachis-dives-Futter-8.jpg?resize=768%2C432&amp;ssl=1 768w\" sizes=\"auto, (max-width: 960px) 100vw, 960px\" \/>\t\t\t\t\t\t\n\t\t\t\t\t<\/div>\n\t\t\t\t\t\t<\/a>\t\t\n<style>\n#image_1892860001 {\n  width: 100%;\n}\n<\/style>\n\t<\/div>\n\t\n\n\n\t\t<\/div>\n\t\t\t\t\n<style>\n#col-61452770 > .col-inner {\n  max-width: 564px;\n}\n<\/style>\n\t<\/div>\n\n\t\n\n<\/div>\n\t<div id=\"gap-888665259\" class=\"gap-element clearfix\" style=\"display:block; height:auto;\">\n\t\t\n<style>\n#gap-888665259 {\n  padding-top: 30px;\n}\n<\/style>\n\t<\/div>\n\t\n\n<div class=\"row row-large align-equal align-center\"  id=\"row-517632470\">\n\n\n\t<div id=\"col-995696959\" class=\"col small-12 large-12\"  >\n\t\t\t\t<div class=\"col-inner text-center\"  >\n\t\t\t\n\t<div class=\"is-border\"\n\t\tstyle=\"border-width:0px 0px 1px 0px;margin:0px 0px 7px 0px;\">\n\t<\/div>\n\t\t\t\n\n<h3>Szerezze be a Weaver hangya Starter Set-et<\/h3>\n\n            <div class=\"row\"><div class=\"large-12 col\">\n          <div style=\"background-color:#FFF;\" class=\"slider flipContainer slider-nav-circle slide box-shadow-2\"\n            data-flickity-options='{              \"cellAlign\": \"center\",              \"wrapAround\": true,              \"percentPosition\": true,              \"imagesLoaded\": true,              \"pageDots\": true,              \"contain\": true          }'>\n                        <div class=\"slide\" style=\"background-color:#FFF;\">  <div class=\"row row-collapse align-middle flip-slide\" style=\"width:100%\">\n        <div class=\"large-6 col flip-page-one\">\n        <div class=\"featured-product col-inner\">\n          <a href=\"https:\/\/antcube.shop\/hu\/termek\/antcube-starter-set-fur-weberameisen\/\">\n                <div class=\"product-image relative\">\n                   <div class=\"front-image\">\n                    <img loading=\"lazy\" decoding=\"async\" width=\"510\" height=\"286\" src=\"https:\/\/i0.wp.com\/antcube.shop\/wp-content\/uploads\/2021\/09\/IMG_9046-scaled.jpg?fit=510%2C286&amp;ssl=1\" class=\"attachment-woocommerce_single size-woocommerce_single wp-post-image\" alt=\"ANTCUBE Starter Set Weaver Hangy\u00e1knak\" srcset=\"https:\/\/i0.wp.com\/antcube.shop\/wp-content\/uploads\/2021\/09\/IMG_9046-scaled.jpg?w=2560&amp;ssl=1 2560w, https:\/\/i0.wp.com\/antcube.shop\/wp-content\/uploads\/2021\/09\/IMG_9046-scaled.jpg?resize=510%2C286&amp;ssl=1 510w, https:\/\/i0.wp.com\/antcube.shop\/wp-content\/uploads\/2021\/09\/IMG_9046-scaled.jpg?resize=713%2C400&amp;ssl=1 713w, https:\/\/i0.wp.com\/antcube.shop\/wp-content\/uploads\/2021\/09\/IMG_9046-scaled.jpg?resize=1400%2C786&amp;ssl=1 1400w, https:\/\/i0.wp.com\/antcube.shop\/wp-content\/uploads\/2021\/09\/IMG_9046-scaled.jpg?resize=768%2C431&amp;ssl=1 768w, https:\/\/i0.wp.com\/antcube.shop\/wp-content\/uploads\/2021\/09\/IMG_9046-scaled.jpg?resize=1536%2C862&amp;ssl=1 1536w, https:\/\/i0.wp.com\/antcube.shop\/wp-content\/uploads\/2021\/09\/IMG_9046-scaled.jpg?resize=2048%2C1150&amp;ssl=1 2048w\" sizes=\"auto, (max-width: 510px) 100vw, 510px\" \/>                  <\/div>\n                  \n<div class=\"badge-container absolute left top z-1\">\n\n<\/div>\n                <\/div>\n          <\/a>\n        <\/div>\n        <\/div>\n       <div class=\"large-6 col flip-page-two\">\n        <div class=\"product-info col-inner inner-padding\">\n              <h1 class=\"entry-title\"><a href=\"https:\/\/antcube.shop\/hu\/termek\/antcube-starter-set-fur-weberameisen\/\">ANTCUBE - Starter szett sz\u00f6v\u0151hangy\u00e1knak - kicsi<\/a><\/h1>\n              <div class=\"is-divider medium\"><\/div>\n              <div class=\"price-wrapper\">\n\t<p class=\"price product-page-price\">\n  <span class=\"woocommerce-Price-amount amount\"><bdi>149,90&nbsp;<span class=\"woocommerce-Price-currencySymbol\">\u20ac<\/span><\/bdi><\/span><\/p>\n<\/div>\n<div class=\"product-short-description\">\n\t<p>The set consists of 20 parts.<br \/>\nM\u00e9ret: <span style=\"color: #ed1c24;\"><strong>XL<\/strong><\/span><\/p>\n<\/div>\n<div class=\"product_meta\">\n\n\t\n\n\t\n\t\t<span class=\"sku_wrapper\">Cikksz\u00e1m: <span class=\"sku\">1002849<\/span><\/span>\n\n\t\n\t<span class=\"posted_in\">Kateg\u00f3ri\u00e1k: <a href=\"https:\/\/antcube.shop\/hu\/termekkategoria\/starter-keszletek\/\" rel=\"tag\">Indul\u00f3 k\u00e9szletek<\/a>, <a href=\"https:\/\/antcube.shop\/hu\/termekkategoria\/starter-keszletek\/indulo-keszletek-szovohangyak-szamara\/\" rel=\"tag\">Starter k\u00e9szletek Weaver hangy\u00e1k sz\u00e1m\u00e1ra<\/a><\/span>\n\t\n\t\n<\/div>\n              <a href=\"https:\/\/antcube.shop\/hu\/termek\/antcube-starter-set-fur-weberameisen\/\" class=\"button\">Tov\u00e1bb olvasom<\/a>\n         <\/div>\n        <\/div>\n<\/div>\n<\/div>\n                        <div class=\"slide\" style=\"background-color:#FFF;\">  <div class=\"row row-collapse align-middle flip-slide\" style=\"width:100%\">\n        <div class=\"large-6 col flip-page-one\">\n        <div class=\"featured-product col-inner\">\n          <a href=\"https:\/\/antcube.shop\/hu\/termek\/indulo-keszlet-szovohangyakhoz-nagymeretu\/\">\n                <div class=\"product-image relative\">\n                   <div class=\"front-image\">\n                    <img loading=\"lazy\" decoding=\"async\" width=\"510\" height=\"510\" src=\"https:\/\/i0.wp.com\/antcube.shop\/wp-content\/uploads\/2023\/12\/1005649-ANTCUBE-Starter-Set-fur-Weberameisen-gros-Shop.jpg?fit=510%2C510&amp;ssl=1\" class=\"attachment-woocommerce_single size-woocommerce_single wp-post-image\" alt=\"ANTCUBE - Starter szett sz\u00f6v\u0151hangy\u00e1knak - nagy 1005649 \u00fcveg formik\u00e1rium tol\u00f3ajt\u00f3val \u00e9s raiforest fot\u00f3 h\u00e1tfallal\" srcset=\"https:\/\/i0.wp.com\/antcube.shop\/wp-content\/uploads\/2023\/12\/1005649-ANTCUBE-Starter-Set-fur-Weberameisen-gros-Shop.jpg?w=2048&amp;ssl=1 2048w, https:\/\/i0.wp.com\/antcube.shop\/wp-content\/uploads\/2023\/12\/1005649-ANTCUBE-Starter-Set-fur-Weberameisen-gros-Shop.jpg?resize=400%2C400&amp;ssl=1 400w, https:\/\/i0.wp.com\/antcube.shop\/wp-content\/uploads\/2023\/12\/1005649-ANTCUBE-Starter-Set-fur-Weberameisen-gros-Shop.jpg?resize=800%2C800&amp;ssl=1 800w, https:\/\/i0.wp.com\/antcube.shop\/wp-content\/uploads\/2023\/12\/1005649-ANTCUBE-Starter-Set-fur-Weberameisen-gros-Shop.jpg?resize=280%2C280&amp;ssl=1 280w, https:\/\/i0.wp.com\/antcube.shop\/wp-content\/uploads\/2023\/12\/1005649-ANTCUBE-Starter-Set-fur-Weberameisen-gros-Shop.jpg?resize=768%2C768&amp;ssl=1 768w, https:\/\/i0.wp.com\/antcube.shop\/wp-content\/uploads\/2023\/12\/1005649-ANTCUBE-Starter-Set-fur-Weberameisen-gros-Shop.jpg?resize=1536%2C1536&amp;ssl=1 1536w, https:\/\/i0.wp.com\/antcube.shop\/wp-content\/uploads\/2023\/12\/1005649-ANTCUBE-Starter-Set-fur-Weberameisen-gros-Shop.jpg?resize=12%2C12&amp;ssl=1 12w, https:\/\/i0.wp.com\/antcube.shop\/wp-content\/uploads\/2023\/12\/1005649-ANTCUBE-Starter-Set-fur-Weberameisen-gros-Shop.jpg?resize=247%2C247&amp;ssl=1 247w, https:\/\/i0.wp.com\/antcube.shop\/wp-content\/uploads\/2023\/12\/1005649-ANTCUBE-Starter-Set-fur-Weberameisen-gros-Shop.jpg?resize=510%2C510&amp;ssl=1 510w, https:\/\/i0.wp.com\/antcube.shop\/wp-content\/uploads\/2023\/12\/1005649-ANTCUBE-Starter-Set-fur-Weberameisen-gros-Shop.jpg?resize=100%2C100&amp;ssl=1 100w\" sizes=\"auto, (max-width: 510px) 100vw, 510px\" \/>                  <\/div>\n                  \n<div class=\"badge-container absolute left top z-1\">\n\n<\/div>\n                <\/div>\n          <\/a>\n        <\/div>\n        <\/div>\n       <div class=\"large-6 col flip-page-two\">\n        <div class=\"product-info col-inner inner-padding\">\n              <h1 class=\"entry-title\"><a href=\"https:\/\/antcube.shop\/hu\/termek\/indulo-keszlet-szovohangyakhoz-nagymeretu\/\">ANTCUBE - Starter szett sz\u00f6v\u0151hangy\u00e1knak - nagym\u00e9ret\u0171<\/a><\/h1>\n              <div class=\"is-divider medium\"><\/div>\n              <div class=\"price-wrapper\">\n\t<p class=\"price product-page-price\">\n  <span class=\"woocommerce-Price-amount amount\"><bdi>339,90&nbsp;<span class=\"woocommerce-Price-currencySymbol\">\u20ac<\/span><\/bdi><\/span><\/p>\n<\/div>\n<div class=\"product-short-description\">\n\t<p>The set consists of 22 parts.<br \/>\nM\u00e9ret: <span style=\"color: #ed1c24;\"><strong>XL<\/strong><\/span><\/p>\n<\/div>\n<div class=\"product_meta\">\n\n\t\n\n\t\n\t\t<span class=\"sku_wrapper\">Cikksz\u00e1m: <span class=\"sku\">1005649<\/span><\/span>\n\n\t\n\t<span class=\"posted_in\">Kateg\u00f3ri\u00e1k: <a href=\"https:\/\/antcube.shop\/hu\/termekkategoria\/starter-keszletek\/\" rel=\"tag\">Indul\u00f3 k\u00e9szletek<\/a>, <a href=\"https:\/\/antcube.shop\/hu\/termekkategoria\/starter-keszletek\/indulo-keszletek-szovohangyak-szamara\/\" rel=\"tag\">Starter k\u00e9szletek Weaver hangy\u00e1k sz\u00e1m\u00e1ra<\/a><\/span>\n\t\n\t\n<\/div>\n              <a href=\"https:\/\/antcube.shop\/hu\/termek\/indulo-keszlet-szovohangyakhoz-nagymeretu\/\" class=\"button\">Tov\u00e1bb olvasom<\/a>\n         <\/div>\n        <\/div>\n<\/div>\n<\/div>\n                    <\/div>\n          <\/div><\/div>\n          \n\n\n\t\t<\/div>\n\t\t\t\t\n<style>\n#col-995696959 > .col-inner {\n  padding: 0px 0px 5px 0px;\n  margin: 0px 0px 1px 0px;\n}\n<\/style>\n\t<\/div>\n\n\t\n\n\n<style>\n#row-517632470 > .col > .col-inner {\n  padding: 0px 0px 30px 0px;\n}\n<\/style>\n<\/div>\n<div class=\"row row-large align-equal align-center\"  id=\"row-476451255\">\n\n\n\t<div id=\"col-116517825\" class=\"col small-12 large-12\"  >\n\t\t\t\t<div class=\"col-inner text-center\"  >\n\t\t\t\n\t<div class=\"is-border\"\n\t\tstyle=\"border-width:0px 0px 1px 0px;margin:0px 0px 7px 0px;\">\n\t<\/div>\n\t\t\t\n\n<h3>Csomagaj\u00e1nlat Starter Set \u00e9s Weaver hangyakol\u00f3ni\u00e1val<\/h3>\n\n            <div class=\"row\"><div class=\"large-12 col\">\n          <div style=\"background-color:#FFF;\" class=\"slider flipContainer slider-nav-circle slide box-shadow-2\"\n            data-flickity-options='{              \"cellAlign\": \"center\",              \"wrapAround\": true,              \"percentPosition\": true,              \"imagesLoaded\": true,              \"pageDots\": true,              \"contain\": true          }'>\n                        <div class=\"slide\" style=\"background-color:#FFF;\">  <div class=\"row row-collapse align-middle flip-slide\" style=\"width:100%\">\n        <div class=\"large-6 col flip-page-one\">\n        <div class=\"featured-product col-inner\">\n          <a href=\"https:\/\/antcube.shop\/hu\/termek\/bundle-offer-polyrhachis-dives\/\">\n                <div class=\"product-image relative\">\n                   <div class=\"front-image\">\n                    <img loading=\"lazy\" decoding=\"async\" width=\"510\" height=\"510\" src=\"https:\/\/i0.wp.com\/antcube.shop\/wp-content\/uploads\/2023\/12\/Starter-Set-Bundle-Polayrhachis-dives.jpg?fit=510%2C510&amp;ssl=1\" class=\"attachment-woocommerce_single size-woocommerce_single wp-post-image\" alt=\"Csomagban antfarm formicarium starter k\u00e9szlettel \u00e9s Polyrhachis dives sz\u00f6v\u0151hangya kol\u00f3ni\u00e1val ANTCUBE ANTSTORE\" srcset=\"https:\/\/i0.wp.com\/antcube.shop\/wp-content\/uploads\/2023\/12\/Starter-Set-Bundle-Polayrhachis-dives.jpg?w=2160&amp;ssl=1 2160w, https:\/\/i0.wp.com\/antcube.shop\/wp-content\/uploads\/2023\/12\/Starter-Set-Bundle-Polayrhachis-dives.jpg?resize=400%2C400&amp;ssl=1 400w, https:\/\/i0.wp.com\/antcube.shop\/wp-content\/uploads\/2023\/12\/Starter-Set-Bundle-Polayrhachis-dives.jpg?resize=800%2C800&amp;ssl=1 800w, https:\/\/i0.wp.com\/antcube.shop\/wp-content\/uploads\/2023\/12\/Starter-Set-Bundle-Polayrhachis-dives.jpg?resize=280%2C280&amp;ssl=1 280w, https:\/\/i0.wp.com\/antcube.shop\/wp-content\/uploads\/2023\/12\/Starter-Set-Bundle-Polayrhachis-dives.jpg?resize=768%2C768&amp;ssl=1 768w, https:\/\/i0.wp.com\/antcube.shop\/wp-content\/uploads\/2023\/12\/Starter-Set-Bundle-Polayrhachis-dives.jpg?resize=1536%2C1536&amp;ssl=1 1536w, https:\/\/i0.wp.com\/antcube.shop\/wp-content\/uploads\/2023\/12\/Starter-Set-Bundle-Polayrhachis-dives.jpg?resize=2048%2C2048&amp;ssl=1 2048w, https:\/\/i0.wp.com\/antcube.shop\/wp-content\/uploads\/2023\/12\/Starter-Set-Bundle-Polayrhachis-dives.jpg?resize=12%2C12&amp;ssl=1 12w, https:\/\/i0.wp.com\/antcube.shop\/wp-content\/uploads\/2023\/12\/Starter-Set-Bundle-Polayrhachis-dives.jpg?resize=247%2C247&amp;ssl=1 247w, https:\/\/i0.wp.com\/antcube.shop\/wp-content\/uploads\/2023\/12\/Starter-Set-Bundle-Polayrhachis-dives.jpg?resize=510%2C510&amp;ssl=1 510w, https:\/\/i0.wp.com\/antcube.shop\/wp-content\/uploads\/2023\/12\/Starter-Set-Bundle-Polayrhachis-dives.jpg?resize=100%2C100&amp;ssl=1 100w\" sizes=\"auto, (max-width: 510px) 100vw, 510px\" \/>                  <\/div>\n                  \n<div class=\"badge-container absolute left top z-1\">\n\n<\/div>\n                <\/div>\n          <\/a>\n        <\/div>\n        <\/div>\n       <div class=\"large-6 col flip-page-two\">\n        <div class=\"product-info col-inner inner-padding\">\n              <h1 class=\"entry-title\"><a href=\"https:\/\/antcube.shop\/hu\/termek\/bundle-offer-polyrhachis-dives\/\">Aj\u00e1nlatcsomag - Polyrhachis mer\u00fcl\u00e9sek<\/a><\/h1>\n              <div class=\"is-divider medium\"><\/div>\n              <div class=\"price-wrapper\">\n\t<p class=\"price product-page-price\">\n  <span class=\"woocommerce-Price-amount amount\"><bdi>249,90&nbsp;<span class=\"woocommerce-Price-currencySymbol\">\u20ac<\/span><\/bdi><\/span><\/p>\n<\/div>\n<div class=\"product-short-description\">\n\t<p>A k\u00e9szlet 31 r\u00e9szb\u0151l \u00e1ll.<br \/>\nM\u00e9ret: <strong>XL<\/strong><\/p>\n<\/div>\n<div class=\"product_meta\">\n\n\t\n\n\t\n\t\t<span class=\"sku_wrapper\">Cikksz\u00e1m: <span class=\"sku\">1005664<\/span><\/span>\n\n\t\n\t<span class=\"posted_in\">Kateg\u00f3ri\u00e1k: <a href=\"https:\/\/antcube.shop\/hu\/termekkategoria\/starter-keszletek\/csomagajanlatok\/\" rel=\"tag\">Csomagaj\u00e1nlatok - Indul\u00f3 k\u00e9szletek hangy\u00e1kkal<\/a>, <a href=\"https:\/\/antcube.shop\/hu\/termekkategoria\/starter-keszletek\/\" rel=\"tag\">Indul\u00f3 k\u00e9szletek<\/a>, <a href=\"https:\/\/antcube.shop\/hu\/termekkategoria\/starter-keszletek\/indulo-keszletek-szovohangyak-szamara\/\" rel=\"tag\">Starter k\u00e9szletek Weaver hangy\u00e1k sz\u00e1m\u00e1ra<\/a><\/span>\n\t\n\t\n<\/div>\n              <a href=\"https:\/\/antcube.shop\/hu\/termek\/bundle-offer-polyrhachis-dives\/\" class=\"button\">Tov\u00e1bb olvasom<\/a>\n         <\/div>\n        <\/div>\n<\/div>\n<\/div>\n                    <\/div>\n          <\/div><\/div>\n          \n\n\n\t\t<\/div>\n\t\t\t\t\n<style>\n#col-116517825 > .col-inner {\n  padding: 0px 0px 5px 0px;\n  margin: 0px 0px 1px 0px;\n}\n<\/style>\n\t<\/div>\n\n\t\n\n\n<style>\n#row-476451255 > .col > .col-inner {\n  padding: 0px 0px 30px 0px;\n}\n<\/style>\n<\/div>\n\t<div id=\"gap-893300555\" class=\"gap-element clearfix\" style=\"display:block; height:auto;\">\n\t\t\n<style>\n#gap-893300555 {\n  padding-top: 30px;\n}\n<\/style>\n\t<\/div>","protected":false},"excerpt":{"rendered":"","protected":false},"author":1,"featured_media":0,"parent":727,"menu_order":0,"comment_status":"closed","ping_status":"closed","template":"","meta":{"_acf_changed":false,"content-type":"","_monsterinsights_skip_tracking":false,"_monsterinsights_sitenote_active":false,"_monsterinsights_sitenote_note":"","_monsterinsights_sitenote_category":0,"footnotes":""},"class_list":["post-1260","page","type-page","status-publish","hentry"],"acf":[],"aioseo_notices":[],"jetpack_sharing_enabled":true,"_links":{"self":[{"href":"https:\/\/antcube.shop\/hu\/wp-json\/wp\/v2\/pages\/1260","targetHints":{"allow":["GET"]}}],"collection":[{"href":"https:\/\/antcube.shop\/hu\/wp-json\/wp\/v2\/pages"}],"about":[{"href":"https:\/\/antcube.shop\/hu\/wp-json\/wp\/v2\/types\/page"}],"author":[{"embeddable":true,"href":"https:\/\/antcube.shop\/hu\/wp-json\/wp\/v2\/users\/1"}],"replies":[{"embeddable":true,"href":"https:\/\/antcube.shop\/hu\/wp-json\/wp\/v2\/comments?post=1260"}],"version-history":[{"count":10,"href":"https:\/\/antcube.shop\/hu\/wp-json\/wp\/v2\/pages\/1260\/revisions"}],"predecessor-version":[{"id":6822,"href":"https:\/\/antcube.shop\/hu\/wp-json\/wp\/v2\/pages\/1260\/revisions\/6822"}],"up":[{"embeddable":true,"href":"https:\/\/antcube.shop\/hu\/wp-json\/wp\/v2\/pages\/727"}],"wp:attachment":[{"href":"https:\/\/antcube.shop\/hu\/wp-json\/wp\/v2\/media?parent=1260"}],"curies":[{"name":"wp","href":"https:\/\/api.w.org\/{rel}","templated":true}]}}